{"id":2256,"date":"2025-12-12T17:57:04","date_gmt":"2025-12-12T09:57:04","guid":{"rendered":"https:\/\/www.gelgoogsort.com\/?post_type=product&#038;p=2256"},"modified":"2025-12-16T16:43:50","modified_gmt":"2025-12-16T08:43:50","slug":"mango-fruit-cleaning-washing-machine","status":"publish","type":"product","link":"https:\/\/www.gelgoogsort.com\/es\/product\/mango-fruit-cleaning-washing-machine\/","title":{"rendered":"M\u00e1quina Limpiadora y Lavadora de Mangos | Fabricante Industrial"},"content":{"rendered":"<p>Las lavadoras de mangos son equipos de limpieza automatizados dise\u00f1ados espec\u00edficamente para frutas grandes y medianas como los mangos. Eliminan eficazmente el polvo, las manchas, los residuos de pesticidas y la pectina de la superficie de los mangos, garantizando al mismo tiempo que la c\u00e1scara permanezca intacta, proporcionando materias primas limpias y de alta calidad para la clasificaci\u00f3n, el envasado o el procesamiento posterior.<\/p>\n<p><img fetchpriority=\"high\" decoding=\"async\" class=\"alignnone size-full wp-image-2257\" src=\"https:\/\/www.gelgoogsort.com\/wp-content\/uploads\/2025\/12\/automatic-mango-washing-line.jpg\" alt=\"m\u00e1quina lavadora de frutas de mango\" width=\"800\" height=\"500\" srcset=\"https:\/\/www.gelgoogsort.com\/wp-content\/uploads\/2025\/12\/automatic-mango-washing-line.jpg 800w, https:\/\/www.gelgoogsort.com\/wp-content\/uploads\/2025\/12\/automatic-mango-washing-line-300x188.jpg 300w, https:\/\/www.gelgoogsort.com\/wp-content\/uploads\/2025\/12\/automatic-mango-washing-line-768x480.jpg 768w, https:\/\/www.gelgoogsort.com\/wp-content\/uploads\/2025\/12\/automatic-mango-washing-line-600x375.jpg 600w, https:\/\/www.gelgoogsort.com\/wp-content\/uploads\/2025\/12\/automatic-mango-washing-line-64x40.jpg 64w\" sizes=\"(max-width: 800px) 100vw, 800px\" \/><\/p>\n<h2>Principio de funcionamiento de la l\u00ednea autom\u00e1tica de lavado de mangos:<\/h2>\n<ul>\n<li>Lavado preliminar con cepillos: La primera secci\u00f3n del equipo est\u00e1 equipada con rodillos de cepillos flexibles de grado alimenticio. Mediante un suave cepillado giratorio, elimina eficazmente el barro, el polvo y algunas impurezas del tallo de la superficie del mango sin da\u00f1ar la c\u00e1scara.<\/li>\n<li>Limpieza Profunda con Pulverizaci\u00f3n a Alta Presi\u00f3n: La secci\u00f3n central presenta un sistema de pulverizaci\u00f3n de niebla de agua a alta presi\u00f3n multi\u00e1ngulo, que utiliza agua circulante filtrada para enjuagar a fondo los mangos. Esto elimina la suciedad fina que queda despu\u00e9s del cepillado y diluye y elimina eficazmente algunos residuos de pesticidas solubles en agua.<\/li>\n<li>Lavado Final con Burbujas: La secci\u00f3n final utiliza un generador de burbujas microporosas, permitiendo que los mangos se sometan a una limpieza final a trav\u00e9s de la acci\u00f3n de volteo de las burbujas en una piscina que contiene detergente o agua limpia. Esto es particularmente adecuado para eliminar la pectina superficial y las impurezas pegajosas.<\/li>\n<\/ul>\n<p><img decoding=\"async\" class=\"alignnone size-full wp-image-2258\" src=\"https:\/\/www.gelgoogsort.com\/wp-content\/uploads\/2025\/12\/mango-cleaning-equipment.jpg\" alt=\"lavadora mango\" width=\"800\" height=\"500\" srcset=\"https:\/\/www.gelgoogsort.com\/wp-content\/uploads\/2025\/12\/mango-cleaning-equipment.jpg 800w, https:\/\/www.gelgoogsort.com\/wp-content\/uploads\/2025\/12\/mango-cleaning-equipment-300x188.jpg 300w, https:\/\/www.gelgoogsort.com\/wp-content\/uploads\/2025\/12\/mango-cleaning-equipment-768x480.jpg 768w, https:\/\/www.gelgoogsort.com\/wp-content\/uploads\/2025\/12\/mango-cleaning-equipment-600x375.jpg 600w, https:\/\/www.gelgoogsort.com\/wp-content\/uploads\/2025\/12\/mango-cleaning-equipment-64x40.jpg 64w\" sizes=\"(max-width: 800px) 100vw, 800px\" \/><\/p>\n<h2>Ventajas Principales de la M\u00e1quina Lavadora de Mangos<\/h2>\n<ol>\n<li>Capacidad de limpieza de alta eficiencia: un sistema de limpieza en tres fases garantiza una tasa de limpieza superior al 99,1 %, capaz de procesar mangos de todas las calidades, desde fruta comercial corriente hasta fruta de alta gama destinada a la exportaci\u00f3n.<\/li>\n<li>Dise\u00f1o de da\u00f1o m\u00ednimo: gracias a su dise\u00f1o de cinta transportadora flexible con zona de contacto y amortiguaci\u00f3n, y a sus rodillos de silicona aptos para uso alimentario, garantiza que el \u00edndice de da\u00f1os de los mangos durante todo el proceso de lavado sea inferior al 0,51 %, lo que maximiza la protecci\u00f3n del valor de la fruta.<\/li>\n<li>Sistema inteligente de circulaci\u00f3n de agua: el dispositivo de filtraci\u00f3n de tres etapas integrado (dep\u00f3sito de sedimentaci\u00f3n + filtro de tambor + filtro de precisi\u00f3n) permite reciclar m\u00e1s del 85 % del agua de lavado, lo que reduce considerablemente los costes de agua y cumple con los requisitos medioambientales de producci\u00f3n.<\/li>\n<li>Configuraci\u00f3n Flexible de Capacidad: Los modelos est\u00e1ndar ofrecen capacidades de 1 tonelada\/hora a 5 toneladas\/hora, admitiendo dise\u00f1os personalizados para satisfacer las necesidades de plantas de procesamiento de diferentes tama\u00f1os.<\/li>\n<li>Materiales aptos para uso alimentario: Todas las partes en contacto con los alimentos de la m\u00e1quina est\u00e1n hechas de acero inoxidable SUS304 y pl\u00e1sticos de ingenier\u00eda de grado alimentario, cumpliendo con los est\u00e1ndares internacionales de seguridad alimentaria como HACCP y FDA.<\/li>\n<\/ol>\n<p><img decoding=\"async\" class=\"alignnone size-full wp-image-2259\" src=\"https:\/\/www.gelgoogsort.com\/wp-content\/uploads\/2025\/12\/industrial-fruit-washing-machine.jpg\" alt=\"m\u00e1quina industrial para lavar frutas\" width=\"800\" height=\"500\" srcset=\"https:\/\/www.gelgoogsort.com\/wp-content\/uploads\/2025\/12\/industrial-fruit-washing-machine.jpg 800w, https:\/\/www.gelgoogsort.com\/wp-content\/uploads\/2025\/12\/industrial-fruit-washing-machine-300x188.jpg 300w, https:\/\/www.gelgoogsort.com\/wp-content\/uploads\/2025\/12\/industrial-fruit-washing-machine-768x480.jpg 768w, https:\/\/www.gelgoogsort.com\/wp-content\/uploads\/2025\/12\/industrial-fruit-washing-machine-600x375.jpg 600w, https:\/\/www.gelgoogsort.com\/wp-content\/uploads\/2025\/12\/industrial-fruit-washing-machine-64x40.jpg 64w\" sizes=\"(max-width: 800px) 100vw, 800px\" \/><\/p>\n<h2>Preguntas frecuentes sobre la lavadora Mango<\/h2>\n<p><strong>\u00bfEl proceso de lavado afectar\u00e1 la madurez de los mangos?<\/strong><\/p>\n<p>Al lavar con agua a temperatura ambiente y controlar el tiempo en 2-3 minutos, no se afectar\u00e1 el proceso de maduraci\u00f3n de los mangos. Se puede seleccionar un sistema de control de temperatura del agua seg\u00fan los requisitos.<\/p>\n<p><strong>\u00bfPuede limpiar mangos de diferentes tama\u00f1os?<\/strong><\/p>\n<p>El equipo utiliza un espaciado de cepillos ajustable y una cinta transportadora, lo que permite acomodar diversas variedades de mango de 80 g a 2000 g.<\/p>\n<p><strong>\u00bfCu\u00e1l es el precio del equipo?<\/strong><\/p>\n<p>A: El precio depende de la capacidad de producci\u00f3n, las opciones de configuraci\u00f3n y el nivel de automatizaci\u00f3n. Por favor, proporcione sus requisitos de producci\u00f3n y le ofreceremos una cotizaci\u00f3n detallada.<\/p>\n<p><strong>\u00bfCu\u00e1les son los requisitos de instalaci\u00f3n?<\/strong><\/p>\n<p>Se requiere un sitio nivelado, suministro de energ\u00eda industrial de 380V, suministro de agua y sistema de drenaje. Proporcionaremos un diagrama detallado de la distribuci\u00f3n del sitio y orientaci\u00f3n t\u00e9cnica.<\/p>\n<p><img loading=\"lazy\" decoding=\"async\" class=\"alignnone size-full wp-image-2260\" src=\"https:\/\/www.gelgoogsort.com\/wp-content\/uploads\/2025\/12\/mango-processing-machine-price.jpg\" alt=\"precio de m\u00e1quina procesadora de mangos\" width=\"800\" height=\"500\" srcset=\"https:\/\/www.gelgoogsort.com\/wp-content\/uploads\/2025\/12\/mango-processing-machine-price.jpg 800w, https:\/\/www.gelgoogsort.com\/wp-content\/uploads\/2025\/12\/mango-processing-machine-price-300x188.jpg 300w, https:\/\/www.gelgoogsort.com\/wp-content\/uploads\/2025\/12\/mango-processing-machine-price-768x480.jpg 768w, https:\/\/www.gelgoogsort.com\/wp-content\/uploads\/2025\/12\/mango-processing-machine-price-600x375.jpg 600w, https:\/\/www.gelgoogsort.com\/wp-content\/uploads\/2025\/12\/mango-processing-machine-price-64x40.jpg 64w\" sizes=\"(max-width: 800px) 100vw, 800px\" \/><\/p>\n<h2>Mango Soluciones de Limpieza Profesional<\/h2>\n<p>El equipo de limpieza de mangos proporciona una garant\u00eda de limpieza confiable para el procesamiento de su fruta.<\/p>\n<p>Obtener una soluci\u00f3n completa:<\/p>\n\n<div class=\"wpcf7 no-js\" id=\"wpcf7-f556-o1\" lang=\"zh-CN\" dir=\"ltr\" data-wpcf7-id=\"556\">\n<div class=\"screen-reader-response\"><p role=\"status\" aria-live=\"polite\" aria-atomic=\"true\"><\/p> <ul><\/ul><\/div>\n<form action=\"\/es\/wp-json\/wp\/v2\/product\/2256#wpcf7-f556-o1\" method=\"post\" class=\"wpcf7-form init\" aria-label=\"\u7559\u8a00\u8868\u5355\" novalidate=\"novalidate\" data-status=\"init\" data-trp-original-action=\"\/es\/wp-json\/wp\/v2\/product\/2256#wpcf7-f556-o1\">\n<fieldset class=\"hidden-fields-container\"><input type=\"hidden\" name=\"_wpcf7\" value=\"556\" \/><input type=\"hidden\" name=\"_wpcf7_version\" value=\"6.1.3\" \/><input type=\"hidden\" name=\"_wpcf7_locale\" value=\"zh_CN\" \/><input type=\"hidden\" name=\"_wpcf7_unit_tag\" value=\"wpcf7-f556-o1\" \/><input type=\"hidden\" name=\"_wpcf7_container_post\" value=\"0\" \/><input type=\"hidden\" name=\"_wpcf7_posted_data_hash\" value=\"\" \/>\n<\/fieldset>\n<p><label> Tu Nombre*<br \/>\n<span class=\"wpcf7-form-control-wrap\" data-name=\"your-name\"><input size=\"40\" maxlength=\"400\" class=\"wpcf7-form-control wpcf7-text wpcf7-validates-as-required\" aria-required=\"true\" aria-invalid=\"false\" value=\"\" type=\"text\" name=\"your-name\" \/><\/span> <\/label>\n<\/p>\n<p><label> Tu pa\u00eds<br \/>\n<span class=\"wpcf7-form-control-wrap\" data-name=\"your-country\"><input size=\"40\" maxlength=\"400\" class=\"wpcf7-form-control wpcf7-text\" aria-invalid=\"false\" value=\"\" type=\"text\" name=\"your-country\" \/><\/span><\/label>\n<\/p>\n<p><label> Tu correo electr\u00f3nico*<br \/>\n<span class=\"wpcf7-form-control-wrap\" data-name=\"your-email\"><input size=\"40\" maxlength=\"400\" class=\"wpcf7-form-control wpcf7-email wpcf7-validates-as-required wpcf7-text wpcf7-validates-as-email\" aria-required=\"true\" aria-invalid=\"false\" value=\"\" type=\"email\" name=\"your-email\" \/><\/span> <\/label>\n<\/p>\n<p><label> Tu tel\u00e9fono<br \/>\n<span class=\"wpcf7-form-control-wrap\" data-name=\"your-phone\"><input size=\"40\" maxlength=\"400\" class=\"wpcf7-form-control wpcf7-tel wpcf7-text wpcf7-validates-as-tel\" aria-invalid=\"false\" value=\"\" type=\"tel\" name=\"your-phone\" \/><\/span> <\/label>\n<\/p>\n<p><label> El Nombre de Tu Empresa<br \/>\n<span class=\"wpcf7-form-control-wrap\" data-name=\"text-457\"><input size=\"40\" maxlength=\"400\" class=\"wpcf7-form-control wpcf7-text\" aria-invalid=\"false\" value=\"\" type=\"text\" name=\"text-457\" \/><\/span> <\/label>\n<\/p>\n<p><label> El sitio web de tu empresa<br \/>\n<span class=\"wpcf7-form-control-wrap\" data-name=\"text-546\"><input size=\"40\" maxlength=\"400\" class=\"wpcf7-form-control wpcf7-text\" aria-invalid=\"false\" value=\"\" type=\"text\" name=\"text-546\" \/><\/span> <\/label>\n<\/p>\n<p><label> Tu requisito*<br \/>\n<span class=\"wpcf7-form-control-wrap\" data-name=\"your-message\"><textarea cols=\"40\" rows=\"10\" maxlength=\"2000\" class=\"wpcf7-form-control wpcf7-textarea wpcf7-validates-as-required\" aria-required=\"true\" aria-invalid=\"false\" name=\"your-message\"><\/textarea><\/span> <\/label>\n<\/p>\n<p><input class=\"wpcf7-form-control wpcf7-submit has-spinner\" type=\"submit\" value=\"Enviar\" \/>\n<\/p><p style=\"display: none !important;\" class=\"akismet-fields-container\" data-prefix=\"_wpcf7_ak_\"><label>Delta<textarea name=\"_wpcf7_ak_hp_textarea\" cols=\"45\" rows=\"8\" maxlength=\"100\"><\/textarea><\/label><input type=\"hidden\" id=\"ak_js_1\" name=\"_wpcf7_ak_js\" value=\"230\"\/><script>document.getElementById( \"ak_js_1\" ).setAttribute( \"value\", ( new Date() ).getTime() );<\/script><\/p><div class=\"wpcf7-response-output\" aria-hidden=\"true\"><\/div>\n<input type=\"hidden\" name=\"trp-form-language\" value=\"es\"\/><\/form>\n<\/div>","protected":false},"excerpt":{"rendered":"<p><strong>Tipos de Procesamiento Aplicables<\/strong><\/p>\n<ul>\n<li>L\u00ednea de procesamiento comercial de mango fresco<\/li>\n<li>Preprocesamiento de mango para su posterior procesamiento (rebanado, secado, triturado)<\/li>\n<li>Tratamiento de limpieza estandarizado para mangos de exportaci\u00f3n<\/li>\n<li>Limpieza y procesamiento de mangos org\u00e1nicos<\/li>\n<\/ul>","protected":false},"featured_media":2261,"comment_status":"open","ping_status":"closed","template":"","meta":{"site-sidebar-layout":"default","site-content-layout":"","ast-site-content-layout":"default","site-content-style":"default","site-sidebar-style":"default","ast-global-header-display":"","ast-banner-title-visibility":"","ast-main-header-display":"","ast-hfb-above-header-display":"","ast-hfb-below-header-display":"","ast-hfb-mobile-header-display":"","site-post-title":"","ast-breadcrumbs-content":"","ast-featured-img":"","footer-sml-layout":"","theme-transparent-header-meta":"default","adv-header-id-meta":"","stick-header-meta":"","header-above-stick-meta":"","header-main-stick-meta":"","header-below-stick-meta":"","astra-migrate-meta-layouts":"set","ast-page-background-enabled":"default","ast-page-background-meta":{"desktop":{"background-color":"var(--ast-global-color-4)","background-image":"","background-repeat":"repeat","background-position":"center center","background-size":"auto","background-attachment":"scroll","background-type":"","background-media":"","overlay-type":"","overlay-color":"","overlay-opacity":"","overlay-gradient":""},"tablet":{"background-color":"","background-image":"","background-repeat":"repeat","background-position":"center center","background-size":"auto","background-attachment":"scroll","background-type":"","background-media":"","overlay-type":"","overlay-color":"","overlay-opacity":"","overlay-gradient":""},"mobile":{"background-color":"","background-image":"","background-repeat":"repeat","background-position":"center center","background-size":"auto","background-attachment":"scroll","background-type":"","background-media":"","overlay-type":"","overlay-color":"","overlay-opacity":"","overlay-gradient":""}},"ast-content-background-meta":{"desktop":{"background-color":"var(--ast-global-color-5)","background-image":"","background-repeat":"repeat","background-position":"center center","background-size":"auto","background-attachment":"scroll","background-type":"","background-media":"","overlay-type":"","overlay-color":"","overlay-opacity":"","overlay-gradient":""},"tablet":{"background-color":"var(--ast-global-color-5)","background-image":"","background-repeat":"repeat","background-position":"center center","background-size":"auto","background-attachment":"scroll","background-type":"","background-media":"","overlay-type":"","overlay-color":"","overlay-opacity":"","overlay-gradient":""},"mobile":{"background-color":"var(--ast-global-color-5)","background-image":"","background-repeat":"repeat","background-position":"center center","background-size":"auto","background-attachment":"scroll","background-type":"","background-media":"","overlay-type":"","overlay-color":"","overlay-opacity":"","overlay-gradient":""}}},"product_brand":[],"product_cat":[19],"product_tag":[],"class_list":{"0":"post-2256","1":"product","2":"type-product","3":"status-publish","4":"has-post-thumbnail","6":"product_cat-product-washing","7":"desktop-align-left","8":"tablet-align-left","9":"mobile-align-left","11":"first","12":"instock","13":"shipping-taxable","14":"product-type-simple"},"yoast_head":"<!-- This site is optimized with the Yoast SEO plugin v26.2 - https:\/\/yoast.com\/wordpress\/plugins\/seo\/ -->\n<title>Mango Fruit Cleaning Washing Machine | Industrial Manufacturer - GELGOOG<\/title>\n<meta name=\"description\" content=\"Mango washing machine for fresh and processing use. 3-stage cleaning system, low damage rate, water recycling. Custom solutions available. Get quote.\" \/>\n<meta name=\"robots\" content=\"index, follow, max-snippet:-1, max-image-preview:large, max-video-preview:-1\" \/>\n<link rel=\"canonical\" href=\"https:\/\/www.gelgoogsort.com\/es\/product\/mango-fruit-cleaning-washing-machine\/\" \/>\n<meta property=\"og:locale\" content=\"es_ES\" \/>\n<meta property=\"og:type\" content=\"article\" \/>\n<meta property=\"og:title\" content=\"Mango Fruit Cleaning Washing Machine | Industrial Manufacturer - GELGOOG\" \/>\n<meta property=\"og:description\" content=\"Mango washing machine for fresh and processing use. 3-stage cleaning system, low damage rate, water recycling. Custom solutions available. Get quote.\" \/>\n<meta property=\"og:url\" content=\"https:\/\/www.gelgoogsort.com\/es\/product\/mango-fruit-cleaning-washing-machine\/\" \/>\n<meta property=\"og:site_name\" content=\"GELGOOG\" \/>\n<meta property=\"article:publisher\" content=\"https:\/\/www.facebook.com\/profile.php?id=100095205040823\" \/>\n<meta property=\"article:modified_time\" content=\"2025-12-16T08:43:50+00:00\" \/>\n<meta property=\"og:image\" content=\"https:\/\/www.gelgoogsort.com\/wp-content\/uploads\/2025\/12\/mango-fruit-cleaning-washing-machine.jpg\" \/>\n\t<meta property=\"og:image:width\" content=\"600\" \/>\n\t<meta property=\"og:image:height\" content=\"600\" \/>\n\t<meta property=\"og:image:type\" content=\"image\/jpeg\" \/>\n<meta name=\"twitter:card\" content=\"summary_large_image\" \/>\n<meta name=\"twitter:label1\" content=\"Tiempo de lectura\" \/>\n\t<meta name=\"twitter:data1\" content=\"4 minutos\" \/>\n<script type=\"application\/ld+json\" class=\"yoast-schema-graph\">{\"@context\":\"https:\/\/schema.org\",\"@graph\":[{\"@type\":\"WebPage\",\"@id\":\"https:\/\/www.gelgoogsort.com\/product\/mango-fruit-cleaning-washing-machine\/\",\"url\":\"https:\/\/www.gelgoogsort.com\/product\/mango-fruit-cleaning-washing-machine\/\",\"name\":\"Mango Fruit Cleaning Washing Machine | Industrial Manufacturer - GELGOOG\",\"isPartOf\":{\"@id\":\"https:\/\/www.gelgoogsort.com\/#website\"},\"primaryImageOfPage\":{\"@id\":\"https:\/\/www.gelgoogsort.com\/product\/mango-fruit-cleaning-washing-machine\/#primaryimage\"},\"image\":{\"@id\":\"https:\/\/www.gelgoogsort.com\/product\/mango-fruit-cleaning-washing-machine\/#primaryimage\"},\"thumbnailUrl\":\"https:\/\/www.gelgoogsort.com\/wp-content\/uploads\/2025\/12\/mango-fruit-cleaning-washing-machine.jpg\",\"datePublished\":\"2025-12-12T09:57:04+00:00\",\"dateModified\":\"2025-12-16T08:43:50+00:00\",\"description\":\"Mango washing machine for fresh and processing use. 3-stage cleaning system, low damage rate, water recycling. Custom solutions available. Get quote.\",\"breadcrumb\":{\"@id\":\"https:\/\/www.gelgoogsort.com\/product\/mango-fruit-cleaning-washing-machine\/#breadcrumb\"},\"inLanguage\":\"es\",\"potentialAction\":[{\"@type\":\"ReadAction\",\"target\":[\"https:\/\/www.gelgoogsort.com\/product\/mango-fruit-cleaning-washing-machine\/\"]}]},{\"@type\":\"ImageObject\",\"inLanguage\":\"es\",\"@id\":\"https:\/\/www.gelgoogsort.com\/product\/mango-fruit-cleaning-washing-machine\/#primaryimage\",\"url\":\"https:\/\/www.gelgoogsort.com\/wp-content\/uploads\/2025\/12\/mango-fruit-cleaning-washing-machine.jpg\",\"contentUrl\":\"https:\/\/www.gelgoogsort.com\/wp-content\/uploads\/2025\/12\/mango-fruit-cleaning-washing-machine.jpg\",\"width\":600,\"height\":600},{\"@type\":\"BreadcrumbList\",\"@id\":\"https:\/\/www.gelgoogsort.com\/product\/mango-fruit-cleaning-washing-machine\/#breadcrumb\",\"itemListElement\":[{\"@type\":\"ListItem\",\"position\":1,\"name\":\"Home\",\"item\":\"https:\/\/www.gelgoogsort.com\/\"},{\"@type\":\"ListItem\",\"position\":2,\"name\":\"Product\",\"item\":\"https:\/\/www.gelgoogsort.com\/product\/\"},{\"@type\":\"ListItem\",\"position\":3,\"name\":\"Mango Fruit Cleaning Washing Machine | Industrial Manufacturer\"}]},{\"@type\":\"WebSite\",\"@id\":\"https:\/\/www.gelgoogsort.com\/#website\",\"url\":\"https:\/\/www.gelgoogsort.com\/\",\"name\":\"gelgoogsort\",\"description\":\"\",\"publisher\":{\"@id\":\"https:\/\/www.gelgoogsort.com\/#organization\"},\"potentialAction\":[{\"@type\":\"SearchAction\",\"target\":{\"@type\":\"EntryPoint\",\"urlTemplate\":\"https:\/\/www.gelgoogsort.com\/?s={search_term_string}\"},\"query-input\":{\"@type\":\"PropertyValueSpecification\",\"valueRequired\":true,\"valueName\":\"search_term_string\"}}],\"inLanguage\":\"es\"},{\"@type\":\"Organization\",\"@id\":\"https:\/\/www.gelgoogsort.com\/#organization\",\"name\":\"gelgoogsort\",\"url\":\"https:\/\/www.gelgoogsort.com\/\",\"logo\":{\"@type\":\"ImageObject\",\"inLanguage\":\"es\",\"@id\":\"https:\/\/www.gelgoogsort.com\/#\/schema\/logo\/image\/\",\"url\":\"https:\/\/www.gelgoogsort.com\/wp-content\/uploads\/2025\/11\/cropped-ff1a81696eef4f4590a809e30a6985e4.png\",\"contentUrl\":\"https:\/\/www.gelgoogsort.com\/wp-content\/uploads\/2025\/11\/cropped-ff1a81696eef4f4590a809e30a6985e4.png\",\"width\":512,\"height\":512,\"caption\":\"gelgoogsort\"},\"image\":{\"@id\":\"https:\/\/www.gelgoogsort.com\/#\/schema\/logo\/image\/\"},\"sameAs\":[\"https:\/\/www.facebook.com\/profile.php?id=100095205040823\"]}]}<\/script>\n<!-- \/ Yoast SEO plugin. -->","yoast_head_json":{"title":"M\u00e1quina Lavadora de Limpieza de Fruta de Mango | Fabricante Industrial - GELGOOG","description":"Lavadora de mangos para uso en fresco y procesamiento. Sistema de limpieza de 3 etapas, baja tasa de da\u00f1os, reciclaje de agua. Soluciones personalizadas disponibles. Solicitar presupuesto.","robots":{"index":"index","follow":"follow","max-snippet":"max-snippet:-1","max-image-preview":"max-image-preview:large","max-video-preview":"max-video-preview:-1"},"canonical":"https:\/\/www.gelgoogsort.com\/es\/product\/mango-fruit-cleaning-washing-machine\/","og_locale":"es_ES","og_type":"article","og_title":"Mango Fruit Cleaning Washing Machine | Industrial Manufacturer - GELGOOG","og_description":"Mango washing machine for fresh and processing use. 3-stage cleaning system, low damage rate, water recycling. Custom solutions available. Get quote.","og_url":"https:\/\/www.gelgoogsort.com\/es\/product\/mango-fruit-cleaning-washing-machine\/","og_site_name":"GELGOOG","article_publisher":"https:\/\/www.facebook.com\/profile.php?id=100095205040823","article_modified_time":"2025-12-16T08:43:50+00:00","og_image":[{"width":600,"height":600,"url":"https:\/\/www.gelgoogsort.com\/wp-content\/uploads\/2025\/12\/mango-fruit-cleaning-washing-machine.jpg","type":"image\/jpeg"}],"twitter_card":"summary_large_image","twitter_misc":{"Tiempo de lectura":"4 minutos"},"schema":{"@context":"https:\/\/schema.org","@graph":[{"@type":"WebPage","@id":"https:\/\/www.gelgoogsort.com\/product\/mango-fruit-cleaning-washing-machine\/","url":"https:\/\/www.gelgoogsort.com\/product\/mango-fruit-cleaning-washing-machine\/","name":"M\u00e1quina Lavadora de Limpieza de Fruta de Mango | Fabricante Industrial - GELGOOG","isPartOf":{"@id":"https:\/\/www.gelgoogsort.com\/#website"},"primaryImageOfPage":{"@id":"https:\/\/www.gelgoogsort.com\/product\/mango-fruit-cleaning-washing-machine\/#primaryimage"},"image":{"@id":"https:\/\/www.gelgoogsort.com\/product\/mango-fruit-cleaning-washing-machine\/#primaryimage"},"thumbnailUrl":"https:\/\/www.gelgoogsort.com\/wp-content\/uploads\/2025\/12\/mango-fruit-cleaning-washing-machine.jpg","datePublished":"2025-12-12T09:57:04+00:00","dateModified":"2025-12-16T08:43:50+00:00","description":"Lavadora de mangos para uso en fresco y procesamiento. Sistema de limpieza de 3 etapas, baja tasa de da\u00f1os, reciclaje de agua. Soluciones personalizadas disponibles. Solicitar presupuesto.","breadcrumb":{"@id":"https:\/\/www.gelgoogsort.com\/product\/mango-fruit-cleaning-washing-machine\/#breadcrumb"},"inLanguage":"es","potentialAction":[{"@type":"ReadAction","target":["https:\/\/www.gelgoogsort.com\/product\/mango-fruit-cleaning-washing-machine\/"]}]},{"@type":"ImageObject","inLanguage":"es","@id":"https:\/\/www.gelgoogsort.com\/product\/mango-fruit-cleaning-washing-machine\/#primaryimage","url":"https:\/\/www.gelgoogsort.com\/wp-content\/uploads\/2025\/12\/mango-fruit-cleaning-washing-machine.jpg","contentUrl":"https:\/\/www.gelgoogsort.com\/wp-content\/uploads\/2025\/12\/mango-fruit-cleaning-washing-machine.jpg","width":600,"height":600},{"@type":"BreadcrumbList","@id":"https:\/\/www.gelgoogsort.com\/product\/mango-fruit-cleaning-washing-machine\/#breadcrumb","itemListElement":[{"@type":"ListItem","position":1,"name":"Home","item":"https:\/\/www.gelgoogsort.com\/"},{"@type":"ListItem","position":2,"name":"Product","item":"https:\/\/www.gelgoogsort.com\/product\/"},{"@type":"ListItem","position":3,"name":"Mango Fruit Cleaning Washing Machine | Industrial Manufacturer"}]},{"@type":"WebSite","@id":"https:\/\/www.gelgoogsort.com\/#website","url":"https:\/\/www.gelgoogsort.com\/","name":"gelgoogsort","description":"","publisher":{"@id":"https:\/\/www.gelgoogsort.com\/#organization"},"potentialAction":[{"@type":"SearchAction","target":{"@type":"EntryPoint","urlTemplate":"https:\/\/www.gelgoogsort.com\/?s={search_term_string}"},"query-input":{"@type":"PropertyValueSpecification","valueRequired":true,"valueName":"search_term_string"}}],"inLanguage":"es"},{"@type":"Organization","@id":"https:\/\/www.gelgoogsort.com\/#organization","name":"gelgoogsort","url":"https:\/\/www.gelgoogsort.com\/","logo":{"@type":"ImageObject","inLanguage":"es","@id":"https:\/\/www.gelgoogsort.com\/#\/schema\/logo\/image\/","url":"https:\/\/www.gelgoogsort.com\/wp-content\/uploads\/2025\/11\/cropped-ff1a81696eef4f4590a809e30a6985e4.png","contentUrl":"https:\/\/www.gelgoogsort.com\/wp-content\/uploads\/2025\/11\/cropped-ff1a81696eef4f4590a809e30a6985e4.png","width":512,"height":512,"caption":"gelgoogsort"},"image":{"@id":"https:\/\/www.gelgoogsort.com\/#\/schema\/logo\/image\/"},"sameAs":["https:\/\/www.facebook.com\/profile.php?id=100095205040823"]}]}},"_links":{"self":[{"href":"https:\/\/www.gelgoogsort.com\/es\/wp-json\/wp\/v2\/product\/2256","targetHints":{"allow":["GET"]}}],"collection":[{"href":"https:\/\/www.gelgoogsort.com\/es\/wp-json\/wp\/v2\/product"}],"about":[{"href":"https:\/\/www.gelgoogsort.com\/es\/wp-json\/wp\/v2\/types\/product"}],"replies":[{"embeddable":true,"href":"https:\/\/www.gelgoogsort.com\/es\/wp-json\/wp\/v2\/comments?post=2256"}],"wp:featuredmedia":[{"embeddable":true,"href":"https:\/\/www.gelgoogsort.com\/es\/wp-json\/wp\/v2\/media\/2261"}],"wp:attachment":[{"href":"https:\/\/www.gelgoogsort.com\/es\/wp-json\/wp\/v2\/media?parent=2256"}],"wp:term":[{"taxonomy":"product_brand","embeddable":true,"href":"https:\/\/www.gelgoogsort.com\/es\/wp-json\/wp\/v2\/product_brand?post=2256"},{"taxonomy":"product_cat","embeddable":true,"href":"https:\/\/www.gelgoogsort.com\/es\/wp-json\/wp\/v2\/product_cat?post=2256"},{"taxonomy":"product_tag","embeddable":true,"href":"https:\/\/www.gelgoogsort.com\/es\/wp-json\/wp\/v2\/product_tag?post=2256"}],"curies":[{"name":"wp","href":"https:\/\/api.w.org\/{rel}","templated":true}]}}