{"id":2281,"date":"2025-12-19T17:05:20","date_gmt":"2025-12-19T09:05:20","guid":{"rendered":"https:\/\/www.gelgoogsort.com\/?post_type=product&#038;p=2281"},"modified":"2025-12-19T17:05:20","modified_gmt":"2025-12-19T09:05:20","slug":"palm-date-sorting-and-grading-machine","status":"publish","type":"product","link":"https:\/\/www.gelgoogsort.com\/es\/product\/palm-date-sorting-and-grading-machine\/","title":{"rendered":"Clasificadora autom\u00e1tica de d\u00e1tiles | Calibrado por tama\u00f1o"},"content":{"rendered":"<p>La m\u00e1quina profesional de clasificaci\u00f3n y calificaci\u00f3n de d\u00e1tiles es un equipo automatizado de alta precisi\u00f3n dise\u00f1ado espec\u00edficamente para d\u00e1tiles (d\u00e1tiles, azufaifos), ciruelas, jujubes y otras frutas de hueso peque\u00f1as y medianas.<br \/>\nUtiliza tecnolog\u00eda de ajuste preciso del espacio entre rodillos para lograr una clasificaci\u00f3n autom\u00e1tica y precisa por tama\u00f1o.<\/p>\n<p>Esta m\u00e1quina utiliza un m\u00e9todo de clasificaci\u00f3n f\u00edsica puramente mec\u00e1nico, lo que garantiza un funcionamiento eficiente y, al mismo tiempo, protege perfectamente la apariencia de la fruta. Es un equipo de clasificaci\u00f3n fundamental para la industria de procesamiento y envasado de d\u00e1tiles.<\/p>\n<p><img fetchpriority=\"high\" decoding=\"async\" class=\"alignnone size-full wp-image-2282\" src=\"https:\/\/www.gelgoogsort.com\/wp-content\/uploads\/2025\/12\/dates-sorting-machine.jpg\" alt=\"m\u00e1quina-para-ordenar-fechas\" width=\"800\" height=\"500\" srcset=\"https:\/\/www.gelgoogsort.com\/wp-content\/uploads\/2025\/12\/dates-sorting-machine.jpg 800w, https:\/\/www.gelgoogsort.com\/wp-content\/uploads\/2025\/12\/dates-sorting-machine-300x188.jpg 300w, https:\/\/www.gelgoogsort.com\/wp-content\/uploads\/2025\/12\/dates-sorting-machine-768x480.jpg 768w, https:\/\/www.gelgoogsort.com\/wp-content\/uploads\/2025\/12\/dates-sorting-machine-600x375.jpg 600w, https:\/\/www.gelgoogsort.com\/wp-content\/uploads\/2025\/12\/dates-sorting-machine-64x40.jpg 64w\" sizes=\"(max-width: 800px) 100vw, 800px\" \/><\/p>\n<h2>Principio de funcionamiento de la m\u00e1quina clasificadora y selectora de d\u00e1tiles palmera<\/h2>\n<ul>\n<li>Sistema de transportador de rodillos flexible: Utiliza rodillos recubiertos de silicona de grado alimenticio con una superficie suave y fricci\u00f3n moderada, asegurando que los d\u00e1tiles rueden suavemente durante el transporte sin da\u00f1ar la piel.<\/li>\n<li>Holgura de clasificaci\u00f3n ajustable: El \u00e1rea de clasificaci\u00f3n adopta un dise\u00f1o de ensanchamiento progresivo, con la distancia entre rodillos adyacentes aumentando gradualmente desde la entrada hasta la salida. Los d\u00e1tiles m\u00e1s peque\u00f1os que la holgura actual caen naturalmente en la bandeja de recogida de grado correspondiente.<\/li>\n<li>Clasificaci\u00f3n y recolecci\u00f3n multietapa: la configuraci\u00f3n est\u00e1ndar puede lograr la clasificaci\u00f3n simult\u00e1nea de 3-6 grados de tama\u00f1o, cada grado con un canal de descarga independiente que se puede conectar directamente a la l\u00ednea de envasado o a cajas de volcado.<\/li>\n<li>Garant\u00eda de cribado secundario: Se proporciona una gran \u00e1rea de recolecci\u00f3n de frutas al final para garantizar que todas las fechas de todos los tama\u00f1os se clasifiquen con precisi\u00f3n en los grados correspondientes, con una precisi\u00f3n de clasificaci\u00f3n de \u00b1 1,5 mm.<\/li>\n<\/ul>\n<p><img decoding=\"async\" class=\"alignnone size-full wp-image-2283\" src=\"https:\/\/www.gelgoogsort.com\/wp-content\/uploads\/2025\/12\/dates-sorting-and-grading-machine.jpg\" alt=\"m\u00e1quina de clasificaci\u00f3n y calificaci\u00f3n de d\u00e1tiles\" width=\"800\" height=\"500\" srcset=\"https:\/\/www.gelgoogsort.com\/wp-content\/uploads\/2025\/12\/dates-sorting-and-grading-machine.jpg 800w, https:\/\/www.gelgoogsort.com\/wp-content\/uploads\/2025\/12\/dates-sorting-and-grading-machine-300x188.jpg 300w, https:\/\/www.gelgoogsort.com\/wp-content\/uploads\/2025\/12\/dates-sorting-and-grading-machine-768x480.jpg 768w, https:\/\/www.gelgoogsort.com\/wp-content\/uploads\/2025\/12\/dates-sorting-and-grading-machine-600x375.jpg 600w, https:\/\/www.gelgoogsort.com\/wp-content\/uploads\/2025\/12\/dates-sorting-and-grading-machine-64x40.jpg 64w\" sizes=\"(max-width: 800px) 100vw, 800px\" \/><\/p>\n<h2>Ventajas principales de la m\u00e1quina clasificadora y calibradora de d\u00e1tiles Palm Date<\/h2>\n<ul>\n<li>Excelente precisi\u00f3n de clasificaci\u00f3n: gracias al uso de rodamientos de alta precisi\u00f3n y mecanismos de bloqueo de holgura, la uniformidad de la clasificaci\u00f3n supera el 98,1 %, lo que cumple con los estrictos requisitos de tama\u00f1o de mercados de alto nivel, como Oriente Medio y Europa.<\/li>\n<li>M\u00e1xima protecci\u00f3n de la fruta: clasificaci\u00f3n flexible sin golpes ni aplastamientos a lo largo de todo el proceso, con un \u00edndice de da\u00f1os en la piel inferior al 0,31 %, lo que maximiza el valor comercial de los d\u00e1tiles.<\/li>\n<li>Alta capacidad de procesamiento: Capacidad de procesamiento de una sola m\u00e1quina de 500-2000 kg\/hora, operaci\u00f3n continua estable y confiable de 24 horas, cubriendo perfectamente las necesidades de procesamiento concentrado de la temporada de cosecha de d\u00e1tiles.<\/li>\n<li>Dise\u00f1o Altamente Adaptable: Al ajustar los par\u00e1metros del rodillo, la m\u00e1quina es compatible con las variedades de d\u00e1tiles m\u00e1s comunes como Deglet Noor, Medjool y Barhi, as\u00ed como con d\u00e1tiles con y sin hueso.<\/li>\n<\/ul>\n<p><img decoding=\"async\" class=\"alignnone size-full wp-image-2284\" src=\"https:\/\/www.gelgoogsort.com\/wp-content\/uploads\/2025\/12\/palm-date-sorting-and-grading-machine.jpg\" alt=\"m\u00e1quina clasificadora y de calidad de d\u00e1tiles de palma\" width=\"800\" height=\"500\" srcset=\"https:\/\/www.gelgoogsort.com\/wp-content\/uploads\/2025\/12\/palm-date-sorting-and-grading-machine.jpg 800w, https:\/\/www.gelgoogsort.com\/wp-content\/uploads\/2025\/12\/palm-date-sorting-and-grading-machine-300x188.jpg 300w, https:\/\/www.gelgoogsort.com\/wp-content\/uploads\/2025\/12\/palm-date-sorting-and-grading-machine-768x480.jpg 768w, https:\/\/www.gelgoogsort.com\/wp-content\/uploads\/2025\/12\/palm-date-sorting-and-grading-machine-600x375.jpg 600w, https:\/\/www.gelgoogsort.com\/wp-content\/uploads\/2025\/12\/palm-date-sorting-and-grading-machine-64x40.jpg 64w\" sizes=\"(max-width: 800px) 100vw, 800px\" \/><\/p>\n<h2>Preguntas Frecuentes<\/h2>\n<ul>\n<li>\u00bfPuede la m\u00e1quina manejar fechas con diferente contenido de humedad?<br \/>\nS\u00ed. El equipo est\u00e1 optimizado para las caracter\u00edsticas de los d\u00e1tiles, y puede clasificar de manera estable tanto d\u00e1tiles blandos (alta humedad) como semi-secos. La velocidad del rodillo se puede ajustar para adaptarse a diferentes condiciones.<\/li>\n<li>\u00bfAfectar\u00e1n los hoyos la precisi\u00f3n de la clasificaci\u00f3n?<br \/>\nFundamentalmente, no. El sistema de clasificaci\u00f3n por rodillos clasifica seg\u00fan el di\u00e1metro exterior m\u00e1ximo; la estructura interna de la fruta no afecta los resultados de la clasificaci\u00f3n. El efecto de clasificaci\u00f3n es incluso mejor para los d\u00e1tiles deshuesados.<\/li>\n<li>\u00bfC\u00f3mo maneja las fechas que est\u00e1n juntas?<br \/>\nA: El equipo puede equiparse opcionalmente con un dispositivo de aflojamiento flexible en el extremo delantero, que separa suavemente los frutos agrupados durante el proceso de transporte, evitando da\u00f1os causados por la separaci\u00f3n manual.<\/li>\n<li>\u00bfSe puede adaptar a nuestra l\u00ednea de producci\u00f3n existente?<br \/>\nAbsolutamente. Las alturas de entrada y salida del equipo son personalizables y se pueden integrar sin problemas con lavadoras, secadoras y m\u00e1quinas de envasado. Ofrecemos servicios gratuitos de consultor\u00eda de dise\u00f1o de l\u00edneas de producci\u00f3n.<\/li>\n<\/ul>\n<h2>\u00a1Obtenga su soluci\u00f3n de clasificaci\u00f3n personalizada ahora!<\/h2>\n\n<div class=\"wpcf7 no-js\" id=\"wpcf7-f556-o1\" lang=\"zh-CN\" dir=\"ltr\" data-wpcf7-id=\"556\">\n<div class=\"screen-reader-response\"><p role=\"status\" aria-live=\"polite\" aria-atomic=\"true\"><\/p> <ul><\/ul><\/div>\n<form action=\"\/es\/wp-json\/wp\/v2\/product\/2281#wpcf7-f556-o1\" method=\"post\" class=\"wpcf7-form init\" aria-label=\"\u7559\u8a00\u8868\u5355\" novalidate=\"novalidate\" data-status=\"init\" data-trp-original-action=\"\/es\/wp-json\/wp\/v2\/product\/2281#wpcf7-f556-o1\">\n<fieldset class=\"hidden-fields-container\"><input type=\"hidden\" name=\"_wpcf7\" value=\"556\" \/><input type=\"hidden\" name=\"_wpcf7_version\" value=\"6.1.3\" \/><input type=\"hidden\" name=\"_wpcf7_locale\" value=\"zh_CN\" \/><input type=\"hidden\" name=\"_wpcf7_unit_tag\" value=\"wpcf7-f556-o1\" \/><input type=\"hidden\" name=\"_wpcf7_container_post\" value=\"0\" \/><input type=\"hidden\" name=\"_wpcf7_posted_data_hash\" value=\"\" \/>\n<\/fieldset>\n<p><label> Tu Nombre*<br \/>\n<span class=\"wpcf7-form-control-wrap\" data-name=\"your-name\"><input size=\"40\" maxlength=\"400\" class=\"wpcf7-form-control wpcf7-text wpcf7-validates-as-required\" aria-required=\"true\" aria-invalid=\"false\" value=\"\" type=\"text\" name=\"your-name\" \/><\/span> <\/label>\n<\/p>\n<p><label> Tu pa\u00eds<br \/>\n<span class=\"wpcf7-form-control-wrap\" data-name=\"your-country\"><input size=\"40\" maxlength=\"400\" class=\"wpcf7-form-control wpcf7-text\" aria-invalid=\"false\" value=\"\" type=\"text\" name=\"your-country\" \/><\/span><\/label>\n<\/p>\n<p><label> Tu correo electr\u00f3nico*<br \/>\n<span class=\"wpcf7-form-control-wrap\" data-name=\"your-email\"><input size=\"40\" maxlength=\"400\" class=\"wpcf7-form-control wpcf7-email wpcf7-validates-as-required wpcf7-text wpcf7-validates-as-email\" aria-required=\"true\" aria-invalid=\"false\" value=\"\" type=\"email\" name=\"your-email\" \/><\/span> <\/label>\n<\/p>\n<p><label> Tu tel\u00e9fono<br \/>\n<span class=\"wpcf7-form-control-wrap\" data-name=\"your-phone\"><input size=\"40\" maxlength=\"400\" class=\"wpcf7-form-control wpcf7-tel wpcf7-text wpcf7-validates-as-tel\" aria-invalid=\"false\" value=\"\" type=\"tel\" name=\"your-phone\" \/><\/span> <\/label>\n<\/p>\n<p><label> El Nombre de Tu Empresa<br \/>\n<span class=\"wpcf7-form-control-wrap\" data-name=\"text-457\"><input size=\"40\" maxlength=\"400\" class=\"wpcf7-form-control wpcf7-text\" aria-invalid=\"false\" value=\"\" type=\"text\" name=\"text-457\" \/><\/span> <\/label>\n<\/p>\n<p><label> El sitio web de tu empresa<br \/>\n<span class=\"wpcf7-form-control-wrap\" data-name=\"text-546\"><input size=\"40\" maxlength=\"400\" class=\"wpcf7-form-control wpcf7-text\" aria-invalid=\"false\" value=\"\" type=\"text\" name=\"text-546\" \/><\/span> <\/label>\n<\/p>\n<p><label> Tu requisito*<br \/>\n<span class=\"wpcf7-form-control-wrap\" data-name=\"your-message\"><textarea cols=\"40\" rows=\"10\" maxlength=\"2000\" class=\"wpcf7-form-control wpcf7-textarea wpcf7-validates-as-required\" aria-required=\"true\" aria-invalid=\"false\" name=\"your-message\"><\/textarea><\/span> <\/label>\n<\/p>\n<p><input class=\"wpcf7-form-control wpcf7-submit has-spinner\" type=\"submit\" value=\"Enviar\" \/>\n<\/p><p style=\"display: none !important;\" class=\"akismet-fields-container\" data-prefix=\"_wpcf7_ak_\"><label>Delta<textarea name=\"_wpcf7_ak_hp_textarea\" cols=\"45\" rows=\"8\" maxlength=\"100\"><\/textarea><\/label><input type=\"hidden\" id=\"ak_js_1\" name=\"_wpcf7_ak_js\" value=\"210\"\/><script>document.getElementById( \"ak_js_1\" ).setAttribute( \"value\", ( new Date() ).getTime() );<\/script><\/p><div class=\"wpcf7-response-output\" aria-hidden=\"true\"><\/div>\n<input type=\"hidden\" name=\"trp-form-language\" value=\"es\"\/><\/form>\n<\/div>","protected":false},"excerpt":{"rendered":"<p><strong>\u00bfPor qu\u00e9 elegir nuestra m\u00e1quina clasificadora y grader de d\u00e1tiles?<\/strong><\/p>\n<ul>\n<li>D\u00e9cadas de enfoque en maquinaria de clasificaci\u00f3n de frutas<\/li>\n<li>Sirviendo a clientes en m\u00e1s de 20 pa\u00edses productores de d\u00e1tiles importantes en todo el mundo<\/li>\n<li>Cada m\u00e1quina se somete a 72 horas de prueba continua antes de salir de f\u00e1brica<\/li>\n<li>Proporcionando soluciones completas desde m\u00e1quinas individuales hasta l\u00edneas de producci\u00f3n completas<\/li>\n<\/ul>","protected":false},"featured_media":2285,"comment_status":"open","ping_status":"closed","template":"","meta":{"site-sidebar-layout":"default","site-content-layout":"","ast-site-content-layout":"default","site-content-style":"default","site-sidebar-style":"default","ast-global-header-display":"","ast-banner-title-visibility":"","ast-main-header-display":"","ast-hfb-above-header-display":"","ast-hfb-below-header-display":"","ast-hfb-mobile-header-display":"","site-post-title":"","ast-breadcrumbs-content":"","ast-featured-img":"","footer-sml-layout":"","theme-transparent-header-meta":"default","adv-header-id-meta":"","stick-header-meta":"","header-above-stick-meta":"","header-main-stick-meta":"","header-below-stick-meta":"","astra-migrate-meta-layouts":"set","ast-page-background-enabled":"default","ast-page-background-meta":{"desktop":{"background-color":"var(--ast-global-color-4)","background-image":"","background-repeat":"repeat","background-position":"center center","background-size":"auto","background-attachment":"scroll","background-type":"","background-media":"","overlay-type":"","overlay-color":"","overlay-opacity":"","overlay-gradient":""},"tablet":{"background-color":"","background-image":"","background-repeat":"repeat","background-position":"center center","background-size":"auto","background-attachment":"scroll","background-type":"","background-media":"","overlay-type":"","overlay-color":"","overlay-opacity":"","overlay-gradient":""},"mobile":{"background-color":"","background-image":"","background-repeat":"repeat","background-position":"center center","background-size":"auto","background-attachment":"scroll","background-type":"","background-media":"","overlay-type":"","overlay-color":"","overlay-opacity":"","overlay-gradient":""}},"ast-content-background-meta":{"desktop":{"background-color":"var(--ast-global-color-5)","background-image":"","background-repeat":"repeat","background-position":"center center","background-size":"auto","background-attachment":"scroll","background-type":"","background-media":"","overlay-type":"","overlay-color":"","overlay-opacity":"","overlay-gradient":""},"tablet":{"background-color":"var(--ast-global-color-5)","background-image":"","background-repeat":"repeat","background-position":"center center","background-size":"auto","background-attachment":"scroll","background-type":"","background-media":"","overlay-type":"","overlay-color":"","overlay-opacity":"","overlay-gradient":""},"mobile":{"background-color":"var(--ast-global-color-5)","background-image":"","background-repeat":"repeat","background-position":"center center","background-size":"auto","background-attachment":"scroll","background-type":"","background-media":"","overlay-type":"","overlay-color":"","overlay-opacity":"","overlay-gradient":""}}},"product_brand":[],"product_cat":[15],"product_tag":[],"class_list":{"0":"post-2281","1":"product","2":"type-product","3":"status-publish","4":"has-post-thumbnail","6":"product_cat-product-sorting","7":"desktop-align-left","8":"tablet-align-left","9":"mobile-align-left","11":"first","12":"instock","13":"shipping-taxable","14":"product-type-simple"},"yoast_head":"<!-- This site is optimized with the Yoast SEO plugin v26.2 - https:\/\/yoast.com\/wordpress\/plugins\/seo\/ -->\n<title>Automatic Palm Date Size Sorting And Grading Machine - GELGOOG<\/title>\n<meta name=\"description\" content=\"Professional roller type date sorting machine for Medjool,Deglet Noor. Gentle handling,high accuracy grading.3-6 sizes,500-2000kg\/h capacity.\" \/>\n<meta name=\"robots\" content=\"index, follow, max-snippet:-1, max-image-preview:large, max-video-preview:-1\" \/>\n<link rel=\"canonical\" href=\"https:\/\/www.gelgoogsort.com\/es\/product\/palm-date-sorting-and-grading-machine\/\" \/>\n<meta property=\"og:locale\" content=\"es_ES\" \/>\n<meta property=\"og:type\" content=\"article\" \/>\n<meta property=\"og:title\" content=\"Automatic Palm Date Size Sorting And Grading Machine - GELGOOG\" \/>\n<meta property=\"og:description\" content=\"Professional roller type date sorting machine for Medjool,Deglet Noor. Gentle handling,high accuracy grading.3-6 sizes,500-2000kg\/h capacity.\" \/>\n<meta property=\"og:url\" content=\"https:\/\/www.gelgoogsort.com\/es\/product\/palm-date-sorting-and-grading-machine\/\" \/>\n<meta property=\"og:site_name\" content=\"GELGOOG\" \/>\n<meta property=\"article:publisher\" content=\"https:\/\/www.facebook.com\/profile.php?id=100095205040823\" \/>\n<meta property=\"og:image\" content=\"https:\/\/www.gelgoogsort.com\/wp-content\/uploads\/2025\/12\/automated-palm-date-sorting-and-grading-machine.jpg\" \/>\n\t<meta property=\"og:image:width\" content=\"600\" \/>\n\t<meta property=\"og:image:height\" content=\"600\" \/>\n\t<meta property=\"og:image:type\" content=\"image\/jpeg\" \/>\n<meta name=\"twitter:card\" content=\"summary_large_image\" \/>\n<meta name=\"twitter:label1\" content=\"Tiempo de lectura\" \/>\n\t<meta name=\"twitter:data1\" content=\"4 minutos\" \/>\n<script type=\"application\/ld+json\" class=\"yoast-schema-graph\">{\"@context\":\"https:\/\/schema.org\",\"@graph\":[{\"@type\":\"WebPage\",\"@id\":\"https:\/\/www.gelgoogsort.com\/product\/palm-date-sorting-and-grading-machine\/\",\"url\":\"https:\/\/www.gelgoogsort.com\/product\/palm-date-sorting-and-grading-machine\/\",\"name\":\"Automatic Palm Date Size Sorting And Grading Machine - GELGOOG\",\"isPartOf\":{\"@id\":\"https:\/\/www.gelgoogsort.com\/#website\"},\"primaryImageOfPage\":{\"@id\":\"https:\/\/www.gelgoogsort.com\/product\/palm-date-sorting-and-grading-machine\/#primaryimage\"},\"image\":{\"@id\":\"https:\/\/www.gelgoogsort.com\/product\/palm-date-sorting-and-grading-machine\/#primaryimage\"},\"thumbnailUrl\":\"https:\/\/www.gelgoogsort.com\/wp-content\/uploads\/2025\/12\/automated-palm-date-sorting-and-grading-machine.jpg\",\"datePublished\":\"2025-12-19T09:05:20+00:00\",\"description\":\"Professional roller type date sorting machine for Medjool,Deglet Noor. Gentle handling,high accuracy grading.3-6 sizes,500-2000kg\/h capacity.\",\"breadcrumb\":{\"@id\":\"https:\/\/www.gelgoogsort.com\/product\/palm-date-sorting-and-grading-machine\/#breadcrumb\"},\"inLanguage\":\"es\",\"potentialAction\":[{\"@type\":\"ReadAction\",\"target\":[\"https:\/\/www.gelgoogsort.com\/product\/palm-date-sorting-and-grading-machine\/\"]}]},{\"@type\":\"ImageObject\",\"inLanguage\":\"es\",\"@id\":\"https:\/\/www.gelgoogsort.com\/product\/palm-date-sorting-and-grading-machine\/#primaryimage\",\"url\":\"https:\/\/www.gelgoogsort.com\/wp-content\/uploads\/2025\/12\/automated-palm-date-sorting-and-grading-machine.jpg\",\"contentUrl\":\"https:\/\/www.gelgoogsort.com\/wp-content\/uploads\/2025\/12\/automated-palm-date-sorting-and-grading-machine.jpg\",\"width\":600,\"height\":600},{\"@type\":\"BreadcrumbList\",\"@id\":\"https:\/\/www.gelgoogsort.com\/product\/palm-date-sorting-and-grading-machine\/#breadcrumb\",\"itemListElement\":[{\"@type\":\"ListItem\",\"position\":1,\"name\":\"Home\",\"item\":\"https:\/\/www.gelgoogsort.com\/\"},{\"@type\":\"ListItem\",\"position\":2,\"name\":\"Product\",\"item\":\"https:\/\/www.gelgoogsort.com\/product\/\"},{\"@type\":\"ListItem\",\"position\":3,\"name\":\"Automatic Palm Date Size Sorting And Grading Machine\"}]},{\"@type\":\"WebSite\",\"@id\":\"https:\/\/www.gelgoogsort.com\/#website\",\"url\":\"https:\/\/www.gelgoogsort.com\/\",\"name\":\"gelgoogsort\",\"description\":\"\",\"publisher\":{\"@id\":\"https:\/\/www.gelgoogsort.com\/#organization\"},\"potentialAction\":[{\"@type\":\"SearchAction\",\"target\":{\"@type\":\"EntryPoint\",\"urlTemplate\":\"https:\/\/www.gelgoogsort.com\/?s={search_term_string}\"},\"query-input\":{\"@type\":\"PropertyValueSpecification\",\"valueRequired\":true,\"valueName\":\"search_term_string\"}}],\"inLanguage\":\"es\"},{\"@type\":\"Organization\",\"@id\":\"https:\/\/www.gelgoogsort.com\/#organization\",\"name\":\"gelgoogsort\",\"url\":\"https:\/\/www.gelgoogsort.com\/\",\"logo\":{\"@type\":\"ImageObject\",\"inLanguage\":\"es\",\"@id\":\"https:\/\/www.gelgoogsort.com\/#\/schema\/logo\/image\/\",\"url\":\"https:\/\/www.gelgoogsort.com\/wp-content\/uploads\/2025\/11\/cropped-ff1a81696eef4f4590a809e30a6985e4.png\",\"contentUrl\":\"https:\/\/www.gelgoogsort.com\/wp-content\/uploads\/2025\/11\/cropped-ff1a81696eef4f4590a809e30a6985e4.png\",\"width\":512,\"height\":512,\"caption\":\"gelgoogsort\"},\"image\":{\"@id\":\"https:\/\/www.gelgoogsort.com\/#\/schema\/logo\/image\/\"},\"sameAs\":[\"https:\/\/www.facebook.com\/profile.php?id=100095205040823\"]}]}<\/script>\n<!-- \/ Yoast SEO plugin. -->","yoast_head_json":{"title":"M\u00e1quina autom\u00e1tica de clasificaci\u00f3n y calibrado de d\u00e1tiles por tama\u00f1o - GELGOOG","description":"M\u00e1quina clasificadora de fechas tipo rodillo profesional para Medjool, Deglet Noor. Manejo delicado, alta precisi\u00f3n en la clasificaci\u00f3n. 3-6 tama\u00f1os, capacidad de 500-2000 kg\/h.","robots":{"index":"index","follow":"follow","max-snippet":"max-snippet:-1","max-image-preview":"max-image-preview:large","max-video-preview":"max-video-preview:-1"},"canonical":"https:\/\/www.gelgoogsort.com\/es\/product\/palm-date-sorting-and-grading-machine\/","og_locale":"es_ES","og_type":"article","og_title":"Automatic Palm Date Size Sorting And Grading Machine - GELGOOG","og_description":"Professional roller type date sorting machine for Medjool,Deglet Noor. Gentle handling,high accuracy grading.3-6 sizes,500-2000kg\/h capacity.","og_url":"https:\/\/www.gelgoogsort.com\/es\/product\/palm-date-sorting-and-grading-machine\/","og_site_name":"GELGOOG","article_publisher":"https:\/\/www.facebook.com\/profile.php?id=100095205040823","og_image":[{"width":600,"height":600,"url":"https:\/\/www.gelgoogsort.com\/wp-content\/uploads\/2025\/12\/automated-palm-date-sorting-and-grading-machine.jpg","type":"image\/jpeg"}],"twitter_card":"summary_large_image","twitter_misc":{"Tiempo de lectura":"4 minutos"},"schema":{"@context":"https:\/\/schema.org","@graph":[{"@type":"WebPage","@id":"https:\/\/www.gelgoogsort.com\/product\/palm-date-sorting-and-grading-machine\/","url":"https:\/\/www.gelgoogsort.com\/product\/palm-date-sorting-and-grading-machine\/","name":"M\u00e1quina autom\u00e1tica de clasificaci\u00f3n y calibrado de d\u00e1tiles por tama\u00f1o - GELGOOG","isPartOf":{"@id":"https:\/\/www.gelgoogsort.com\/#website"},"primaryImageOfPage":{"@id":"https:\/\/www.gelgoogsort.com\/product\/palm-date-sorting-and-grading-machine\/#primaryimage"},"image":{"@id":"https:\/\/www.gelgoogsort.com\/product\/palm-date-sorting-and-grading-machine\/#primaryimage"},"thumbnailUrl":"https:\/\/www.gelgoogsort.com\/wp-content\/uploads\/2025\/12\/automated-palm-date-sorting-and-grading-machine.jpg","datePublished":"2025-12-19T09:05:20+00:00","description":"M\u00e1quina clasificadora de fechas tipo rodillo profesional para Medjool, Deglet Noor. Manejo delicado, alta precisi\u00f3n en la clasificaci\u00f3n. 3-6 tama\u00f1os, capacidad de 500-2000 kg\/h.","breadcrumb":{"@id":"https:\/\/www.gelgoogsort.com\/product\/palm-date-sorting-and-grading-machine\/#breadcrumb"},"inLanguage":"es","potentialAction":[{"@type":"ReadAction","target":["https:\/\/www.gelgoogsort.com\/product\/palm-date-sorting-and-grading-machine\/"]}]},{"@type":"ImageObject","inLanguage":"es","@id":"https:\/\/www.gelgoogsort.com\/product\/palm-date-sorting-and-grading-machine\/#primaryimage","url":"https:\/\/www.gelgoogsort.com\/wp-content\/uploads\/2025\/12\/automated-palm-date-sorting-and-grading-machine.jpg","contentUrl":"https:\/\/www.gelgoogsort.com\/wp-content\/uploads\/2025\/12\/automated-palm-date-sorting-and-grading-machine.jpg","width":600,"height":600},{"@type":"BreadcrumbList","@id":"https:\/\/www.gelgoogsort.com\/product\/palm-date-sorting-and-grading-machine\/#breadcrumb","itemListElement":[{"@type":"ListItem","position":1,"name":"Home","item":"https:\/\/www.gelgoogsort.com\/"},{"@type":"ListItem","position":2,"name":"Product","item":"https:\/\/www.gelgoogsort.com\/product\/"},{"@type":"ListItem","position":3,"name":"Automatic Palm Date Size Sorting And Grading Machine"}]},{"@type":"WebSite","@id":"https:\/\/www.gelgoogsort.com\/#website","url":"https:\/\/www.gelgoogsort.com\/","name":"gelgoogsort","description":"","publisher":{"@id":"https:\/\/www.gelgoogsort.com\/#organization"},"potentialAction":[{"@type":"SearchAction","target":{"@type":"EntryPoint","urlTemplate":"https:\/\/www.gelgoogsort.com\/?s={search_term_string}"},"query-input":{"@type":"PropertyValueSpecification","valueRequired":true,"valueName":"search_term_string"}}],"inLanguage":"es"},{"@type":"Organization","@id":"https:\/\/www.gelgoogsort.com\/#organization","name":"gelgoogsort","url":"https:\/\/www.gelgoogsort.com\/","logo":{"@type":"ImageObject","inLanguage":"es","@id":"https:\/\/www.gelgoogsort.com\/#\/schema\/logo\/image\/","url":"https:\/\/www.gelgoogsort.com\/wp-content\/uploads\/2025\/11\/cropped-ff1a81696eef4f4590a809e30a6985e4.png","contentUrl":"https:\/\/www.gelgoogsort.com\/wp-content\/uploads\/2025\/11\/cropped-ff1a81696eef4f4590a809e30a6985e4.png","width":512,"height":512,"caption":"gelgoogsort"},"image":{"@id":"https:\/\/www.gelgoogsort.com\/#\/schema\/logo\/image\/"},"sameAs":["https:\/\/www.facebook.com\/profile.php?id=100095205040823"]}]}},"_links":{"self":[{"href":"https:\/\/www.gelgoogsort.com\/es\/wp-json\/wp\/v2\/product\/2281","targetHints":{"allow":["GET"]}}],"collection":[{"href":"https:\/\/www.gelgoogsort.com\/es\/wp-json\/wp\/v2\/product"}],"about":[{"href":"https:\/\/www.gelgoogsort.com\/es\/wp-json\/wp\/v2\/types\/product"}],"replies":[{"embeddable":true,"href":"https:\/\/www.gelgoogsort.com\/es\/wp-json\/wp\/v2\/comments?post=2281"}],"wp:featuredmedia":[{"embeddable":true,"href":"https:\/\/www.gelgoogsort.com\/es\/wp-json\/wp\/v2\/media\/2285"}],"wp:attachment":[{"href":"https:\/\/www.gelgoogsort.com\/es\/wp-json\/wp\/v2\/media?parent=2281"}],"wp:term":[{"taxonomy":"product_brand","embeddable":true,"href":"https:\/\/www.gelgoogsort.com\/es\/wp-json\/wp\/v2\/product_brand?post=2281"},{"taxonomy":"product_cat","embeddable":true,"href":"https:\/\/www.gelgoogsort.com\/es\/wp-json\/wp\/v2\/product_cat?post=2281"},{"taxonomy":"product_tag","embeddable":true,"href":"https:\/\/www.gelgoogsort.com\/es\/wp-json\/wp\/v2\/product_tag?post=2281"}],"curies":[{"name":"wp","href":"https:\/\/api.w.org\/{rel}","templated":true}]}}