{"id":2286,"date":"2025-12-22T17:43:19","date_gmt":"2025-12-22T09:43:19","guid":{"rendered":"https:\/\/www.gelgoogsort.com\/?post_type=product&#038;p=2286"},"modified":"2025-12-22T17:43:20","modified_gmt":"2025-12-22T09:43:20","slug":"citrus-fruit-grading-machine","status":"publish","type":"product","link":"https:\/\/www.gelgoogsort.com\/es\/product\/citrus-fruit-grading-machine\/","title":{"rendered":"Clasificadora De C\u00edtricos \/ Clasificadora De C\u00edtricos De Rodillos"},"content":{"rendered":"<p>Nuestro<strong> m\u00e1quina clasificadora de c\u00edtricos<\/strong> utiliza tecnolog\u00eda avanzada de ajuste de espacio entre rodillos, dise\u00f1ada espec\u00edficamente para la clasificaci\u00f3n autom\u00e1tica por tama\u00f1o de diversos c\u00edtricos como naranjas, limones, mandarinas y pomelos. Esta m\u00e1quina logra una clasificaci\u00f3n precisa y sin da\u00f1os a trav\u00e9s de un principio de espacio f\u00edsico, lo que la convierte en un equipo de clasificaci\u00f3n esencial para las industrias de envasado, exportaci\u00f3n y procesamiento de c\u00edtricos.<\/p>\n<p><img fetchpriority=\"high\" decoding=\"async\" class=\"alignnone size-full wp-image-2287\" src=\"https:\/\/www.gelgoogsort.com\/wp-content\/uploads\/2025\/12\/citrus-grading-and-sorting-machines.jpg\" alt=\"m\u00e1quinas clasificadoras y seleccionadoras de c\u00edtricos\" width=\"800\" height=\"500\" srcset=\"https:\/\/www.gelgoogsort.com\/wp-content\/uploads\/2025\/12\/citrus-grading-and-sorting-machines.jpg 800w, https:\/\/www.gelgoogsort.com\/wp-content\/uploads\/2025\/12\/citrus-grading-and-sorting-machines-300x188.jpg 300w, https:\/\/www.gelgoogsort.com\/wp-content\/uploads\/2025\/12\/citrus-grading-and-sorting-machines-768x480.jpg 768w, https:\/\/www.gelgoogsort.com\/wp-content\/uploads\/2025\/12\/citrus-grading-and-sorting-machines-600x375.jpg 600w, https:\/\/www.gelgoogsort.com\/wp-content\/uploads\/2025\/12\/citrus-grading-and-sorting-machines-64x40.jpg 64w\" sizes=\"(max-width: 800px) 100vw, 800px\" \/><\/p>\n<h2>Principio de funcionamiento de equipos de clasificaci\u00f3n de c\u00edtricos<\/h2>\n<p>1. Sistema de Transporte con Rodillos<br \/>\nUsando rodillos de grado alimentario dispuestos en paralelo, los c\u00edtricos se mueven suavemente y rotan de forma natural sobre los rodillos, asegurando que todos los lados de cada fruta entren en contacto con la abertura de clasificaci\u00f3n.<\/p>\n<p>2. Zona de calibraci\u00f3n de brecha ajustable<br \/>\nEl \u00e1rea de calibraci\u00f3n est\u00e1 dise\u00f1ada con una separaci\u00f3n progresivamente m\u00e1s ancha; el espacio entre rodillos adyacentes aumenta gradualmente desde la entrada hasta la salida. Los c\u00edtricos m\u00e1s peque\u00f1os que la separaci\u00f3n actual caen de forma natural en la canaleta de recolecci\u00f3n correspondiente.<\/p>\n<p>3. Clasificaci\u00f3n y Recolecci\u00f3n en M\u00faltiples Etapas<br \/>\nLa configuraci\u00f3n est\u00e1ndar permite la clasificaci\u00f3n simult\u00e1nea de 4 a 7 calibres de tama\u00f1o, cada calibre con un canal de descarga independiente que puede conectarse directamente a una l\u00ednea de envasado o a contenedores de transferencia.<\/p>\n<p>4. Garant\u00eda de Colecci\u00f3n de Frutas Extra Grande<br \/>\nSe proporciona un \u00e1rea de recolecci\u00f3n de frutas extragrande al final para garantizar que todos los tama\u00f1os de c\u00edtricos se clasifiquen con precisi\u00f3n en sus grados correspondientes, con una precisi\u00f3n de clasificaci\u00f3n de \u00b12 mm.<\/p>\n<p><img decoding=\"async\" class=\"alignnone size-full wp-image-2288\" src=\"https:\/\/www.gelgoogsort.com\/wp-content\/uploads\/2025\/12\/citrus-grading-machine.jpg\" alt=\"m\u00e1quina clasificadora de c\u00edtricos\" width=\"800\" height=\"500\" srcset=\"https:\/\/www.gelgoogsort.com\/wp-content\/uploads\/2025\/12\/citrus-grading-machine.jpg 800w, https:\/\/www.gelgoogsort.com\/wp-content\/uploads\/2025\/12\/citrus-grading-machine-300x188.jpg 300w, https:\/\/www.gelgoogsort.com\/wp-content\/uploads\/2025\/12\/citrus-grading-machine-768x480.jpg 768w, https:\/\/www.gelgoogsort.com\/wp-content\/uploads\/2025\/12\/citrus-grading-machine-600x375.jpg 600w, https:\/\/www.gelgoogsort.com\/wp-content\/uploads\/2025\/12\/citrus-grading-machine-64x40.jpg 64w\" sizes=\"(max-width: 800px) 100vw, 800px\" \/><\/p>\n<h2>Ventajas principales de la m\u00e1quina clasificadora de c\u00edtricos<\/h2>\n<ul>\n<li>Efecto de clasificaci\u00f3n preciso: gracias a un ajuste mec\u00e1nico preciso, la uniformidad de la clasificaci\u00f3n supera el 98%, lo que cumple con los estrictos requisitos de las especificaciones para c\u00edtricos en los mercados nacionales e internacionales, siendo especialmente adecuado para los est\u00e1ndares de exportaci\u00f3n.<\/li>\n<li>Clasificaci\u00f3n f\u00edsica sin da\u00f1os: se basa en el principio de clasificaci\u00f3n mec\u00e1nica por separaci\u00f3n, sin que se produzcan da\u00f1os por impacto o compresi\u00f3n durante todo el proceso, con una tasa de da\u00f1os por pelado inferior al 0,51 %; de este modo, se conserva perfectamente el valor comercial de los c\u00edtricos.<\/li>\n<li>Alta capacidad de procesamiento: Capacidad de procesamiento de una sola m\u00e1quina de 2-8 toneladas\/hora, operaci\u00f3n continua estable y confiable de 24 horas, perfectamente adaptada a las necesidades de procesamiento concentrado de la temporada de cosecha de c\u00edtricos.<\/li>\n<li>Dise\u00f1o de Fuerte Adaptabilidad: Al ajustar los par\u00e1metros del rodillo, es compatible con varias frutas c\u00edtricas como naranjas navel, mandarinas, limones y pomelos, adapt\u00e1ndose a frutas con di\u00e1metros de 60-120 mm.<\/li>\n<\/ul>\n<p><img decoding=\"async\" class=\"alignnone size-full wp-image-2289\" src=\"https:\/\/www.gelgoogsort.com\/wp-content\/uploads\/2025\/12\/citrus-sorting-machine.jpg\" alt=\"m\u00e1quina clasificadora de c\u00edtricos\" width=\"800\" height=\"500\" srcset=\"https:\/\/www.gelgoogsort.com\/wp-content\/uploads\/2025\/12\/citrus-sorting-machine.jpg 800w, https:\/\/www.gelgoogsort.com\/wp-content\/uploads\/2025\/12\/citrus-sorting-machine-300x188.jpg 300w, https:\/\/www.gelgoogsort.com\/wp-content\/uploads\/2025\/12\/citrus-sorting-machine-768x480.jpg 768w, https:\/\/www.gelgoogsort.com\/wp-content\/uploads\/2025\/12\/citrus-sorting-machine-600x375.jpg 600w, https:\/\/www.gelgoogsort.com\/wp-content\/uploads\/2025\/12\/citrus-sorting-machine-64x40.jpg 64w\" sizes=\"(max-width: 800px) 100vw, 800px\" \/><\/p>\n<h2>Preguntas Frecuentes sobre la M\u00e1quina Clasificadora de C\u00edtricos<\/h2>\n<ul>\n<li>\u00bfPuede la m\u00e1quina clasificar diferentes variedades de c\u00edtricos?<br \/>\nR: Absolutamente. Ajustando el espacio del rodillo y la velocidad de rotaci\u00f3n, puede acomodar varias variedades de c\u00edtricos como naranjas navel, mandarinas, limones y pomelos. Puede clasificar incluso c\u00edtricos peque\u00f1os con un di\u00e1metro m\u00ednimo de 50 mm.<\/li>\n<li>\u00bfC\u00f3mo maneja las ramas, las hojas y otras impurezas?<br \/>\nA: El equipo puede equiparse opcionalmente con un dispositivo autom\u00e1tico de eliminaci\u00f3n de impurezas en el extremo delantero para eliminar ramas, terrones de tierra y otras impurezas antes de la clasificaci\u00f3n, garantizando un proceso de clasificaci\u00f3n limpio y eficiente.<\/li>\n<li>\u00bfSe puede integrar con l\u00edneas de lavado y encerado existentes?<br \/>\nAbsolutamente. Las alturas de entrada y salida del equipo son personalizables, lo que permite una integraci\u00f3n perfecta con lavadoras, enceradoras, secadoras y m\u00e1quinas de empaquetado. Ofrecemos servicios gratuitos de dise\u00f1o de integraci\u00f3n de l\u00edneas de producci\u00f3n.<\/li>\n<li>\u00bfQu\u00e9 servicios postventa ofrecen?<br \/>\nOfrecemos: 12-18 meses de garant\u00eda para toda la m\u00e1quina, consulta t\u00e9cnica gratuita de por vida, respuesta remota de 72 horas, red de suministro global de repuestos y servicios opcionales de capacitaci\u00f3n en sitio.<\/li>\n<\/ul>\n<p><iframe title=\"L\u00ednea industrial de limpieza, encerado y clasificaci\u00f3n de c\u00edtricos\" width=\"500\" height=\"281\" src=\"https:\/\/www.youtube.com\/embed\/ooWkb44D-i4?feature=oembed\" frameborder=\"0\" allow=\"accelerometer; autoplay; clipboard-write; encrypted-media; gyroscope; picture-in-picture; web-share\" referrerpolicy=\"strict-origin-when-cross-origin\" allowfullscreen><\/iframe><\/p>\n<h2>\u00a1Consigue tu soluci\u00f3n de calificaci\u00f3n exclusiva ahora!<\/h2>\n\n<div class=\"wpcf7 no-js\" id=\"wpcf7-f556-o1\" lang=\"zh-CN\" dir=\"ltr\" data-wpcf7-id=\"556\">\n<div class=\"screen-reader-response\"><p role=\"status\" aria-live=\"polite\" aria-atomic=\"true\"><\/p> <ul><\/ul><\/div>\n<form action=\"\/es\/wp-json\/wp\/v2\/product\/2286#wpcf7-f556-o1\" method=\"post\" class=\"wpcf7-form init\" aria-label=\"\u7559\u8a00\u8868\u5355\" novalidate=\"novalidate\" data-status=\"init\" data-trp-original-action=\"\/es\/wp-json\/wp\/v2\/product\/2286#wpcf7-f556-o1\">\n<fieldset class=\"hidden-fields-container\"><input type=\"hidden\" name=\"_wpcf7\" value=\"556\" \/><input type=\"hidden\" name=\"_wpcf7_version\" value=\"6.1.3\" \/><input type=\"hidden\" name=\"_wpcf7_locale\" value=\"zh_CN\" \/><input type=\"hidden\" name=\"_wpcf7_unit_tag\" value=\"wpcf7-f556-o1\" \/><input type=\"hidden\" name=\"_wpcf7_container_post\" value=\"0\" \/><input type=\"hidden\" name=\"_wpcf7_posted_data_hash\" value=\"\" \/>\n<\/fieldset>\n<p><label> Tu Nombre*<br \/>\n<span class=\"wpcf7-form-control-wrap\" data-name=\"your-name\"><input size=\"40\" maxlength=\"400\" class=\"wpcf7-form-control wpcf7-text wpcf7-validates-as-required\" aria-required=\"true\" aria-invalid=\"false\" value=\"\" type=\"text\" name=\"your-name\" \/><\/span> <\/label>\n<\/p>\n<p><label> Tu pa\u00eds<br \/>\n<span class=\"wpcf7-form-control-wrap\" data-name=\"your-country\"><input size=\"40\" maxlength=\"400\" class=\"wpcf7-form-control wpcf7-text\" aria-invalid=\"false\" value=\"\" type=\"text\" name=\"your-country\" \/><\/span><\/label>\n<\/p>\n<p><label> Tu correo electr\u00f3nico*<br \/>\n<span class=\"wpcf7-form-control-wrap\" data-name=\"your-email\"><input size=\"40\" maxlength=\"400\" class=\"wpcf7-form-control wpcf7-email wpcf7-validates-as-required wpcf7-text wpcf7-validates-as-email\" aria-required=\"true\" aria-invalid=\"false\" value=\"\" type=\"email\" name=\"your-email\" \/><\/span> <\/label>\n<\/p>\n<p><label> Tu tel\u00e9fono<br \/>\n<span class=\"wpcf7-form-control-wrap\" data-name=\"your-phone\"><input size=\"40\" maxlength=\"400\" class=\"wpcf7-form-control wpcf7-tel wpcf7-text wpcf7-validates-as-tel\" aria-invalid=\"false\" value=\"\" type=\"tel\" name=\"your-phone\" \/><\/span> <\/label>\n<\/p>\n<p><label> El Nombre de Tu Empresa<br \/>\n<span class=\"wpcf7-form-control-wrap\" data-name=\"text-457\"><input size=\"40\" maxlength=\"400\" class=\"wpcf7-form-control wpcf7-text\" aria-invalid=\"false\" value=\"\" type=\"text\" name=\"text-457\" \/><\/span> <\/label>\n<\/p>\n<p><label> El sitio web de tu empresa<br \/>\n<span class=\"wpcf7-form-control-wrap\" data-name=\"text-546\"><input size=\"40\" maxlength=\"400\" class=\"wpcf7-form-control wpcf7-text\" aria-invalid=\"false\" value=\"\" type=\"text\" name=\"text-546\" \/><\/span> <\/label>\n<\/p>\n<p><label> Tu requisito*<br \/>\n<span class=\"wpcf7-form-control-wrap\" data-name=\"your-message\"><textarea cols=\"40\" rows=\"10\" maxlength=\"2000\" class=\"wpcf7-form-control wpcf7-textarea wpcf7-validates-as-required\" aria-required=\"true\" aria-invalid=\"false\" name=\"your-message\"><\/textarea><\/span> <\/label>\n<\/p>\n<p><input class=\"wpcf7-form-control wpcf7-submit has-spinner\" type=\"submit\" value=\"Enviar\" \/>\n<\/p><p style=\"display: none !important;\" class=\"akismet-fields-container\" data-prefix=\"_wpcf7_ak_\"><label>Delta<textarea name=\"_wpcf7_ak_hp_textarea\" cols=\"45\" rows=\"8\" maxlength=\"100\"><\/textarea><\/label><input type=\"hidden\" id=\"ak_js_1\" name=\"_wpcf7_ak_js\" value=\"218\"\/><script>document.getElementById( \"ak_js_1\" ).setAttribute( \"value\", ( new Date() ).getTime() );<\/script><\/p><div class=\"wpcf7-response-output\" aria-hidden=\"true\"><\/div>\n<input type=\"hidden\" name=\"trp-form-language\" value=\"es\"\/><\/form>\n<\/div>","protected":false},"excerpt":{"rendered":"<p>\u00bfPor qu\u00e9 elegir nuestra m\u00e1quina clasificadora de rodillos para c\u00edtricos?<\/p>\n<ul>\n<li>D\u00e9cadas de experiencia t\u00e9cnica enfocadas en maquinaria de clasificaci\u00f3n de frutas y verduras<\/li>\n<li>Sirviendo a clientes en m\u00e1s de 50 pa\u00edses importantes productores de c\u00edtricos en todo el mundo<\/li>\n<li>Cada m\u00e1quina se somete a 96 horas de pruebas continuas antes de salir de f\u00e1brica.<\/li>\n<li>Proporcionando soluciones llave en mano desde m\u00e1quinas individuales hasta l\u00edneas de producci\u00f3n completas<\/li>\n<\/ul>","protected":false},"featured_media":2290,"comment_status":"open","ping_status":"closed","template":"","meta":{"site-sidebar-layout":"default","site-content-layout":"","ast-site-content-layout":"default","site-content-style":"default","site-sidebar-style":"default","ast-global-header-display":"","ast-banner-title-visibility":"","ast-main-header-display":"","ast-hfb-above-header-display":"","ast-hfb-below-header-display":"","ast-hfb-mobile-header-display":"","site-post-title":"","ast-breadcrumbs-content":"","ast-featured-img":"","footer-sml-layout":"","theme-transparent-header-meta":"default","adv-header-id-meta":"","stick-header-meta":"","header-above-stick-meta":"","header-main-stick-meta":"","header-below-stick-meta":"","astra-migrate-meta-layouts":"set","ast-page-background-enabled":"default","ast-page-background-meta":{"desktop":{"background-color":"var(--ast-global-color-4)","background-image":"","background-repeat":"repeat","background-position":"center center","background-size":"auto","background-attachment":"scroll","background-type":"","background-media":"","overlay-type":"","overlay-color":"","overlay-opacity":"","overlay-gradient":""},"tablet":{"background-color":"","background-image":"","background-repeat":"repeat","background-position":"center center","background-size":"auto","background-attachment":"scroll","background-type":"","background-media":"","overlay-type":"","overlay-color":"","overlay-opacity":"","overlay-gradient":""},"mobile":{"background-color":"","background-image":"","background-repeat":"repeat","background-position":"center center","background-size":"auto","background-attachment":"scroll","background-type":"","background-media":"","overlay-type":"","overlay-color":"","overlay-opacity":"","overlay-gradient":""}},"ast-content-background-meta":{"desktop":{"background-color":"var(--ast-global-color-5)","background-image":"","background-repeat":"repeat","background-position":"center center","background-size":"auto","background-attachment":"scroll","background-type":"","background-media":"","overlay-type":"","overlay-color":"","overlay-opacity":"","overlay-gradient":""},"tablet":{"background-color":"var(--ast-global-color-5)","background-image":"","background-repeat":"repeat","background-position":"center center","background-size":"auto","background-attachment":"scroll","background-type":"","background-media":"","overlay-type":"","overlay-color":"","overlay-opacity":"","overlay-gradient":""},"mobile":{"background-color":"var(--ast-global-color-5)","background-image":"","background-repeat":"repeat","background-position":"center center","background-size":"auto","background-attachment":"scroll","background-type":"","background-media":"","overlay-type":"","overlay-color":"","overlay-opacity":"","overlay-gradient":""}}},"product_brand":[],"product_cat":[15],"product_tag":[],"class_list":{"0":"post-2286","1":"product","2":"type-product","3":"status-publish","4":"has-post-thumbnail","6":"product_cat-product-sorting","7":"desktop-align-left","8":"tablet-align-left","9":"mobile-align-left","11":"first","12":"instock","13":"shipping-taxable","14":"product-type-simple"},"yoast_head":"<!-- This site is optimized with the Yoast SEO plugin v26.2 - https:\/\/yoast.com\/wordpress\/plugins\/seo\/ -->\n<title>Citrus Fruit Grading Machine Roller Type Citrus Sorter - GELGOOG<\/title>\n<meta name=\"description\" content=\"Professional roller type citrus grading machine for oranges,lemons,grapefruits. Gentle handling,high accuracy grading.4-7 sizes,2-8 tons\/hour capacity.\" \/>\n<meta name=\"robots\" content=\"index, follow, max-snippet:-1, max-image-preview:large, max-video-preview:-1\" \/>\n<link rel=\"canonical\" href=\"https:\/\/www.gelgoogsort.com\/es\/product\/citrus-fruit-grading-machine\/\" \/>\n<meta property=\"og:locale\" content=\"es_ES\" \/>\n<meta property=\"og:type\" content=\"article\" \/>\n<meta property=\"og:title\" content=\"Citrus Fruit Grading Machine Roller Type Citrus Sorter - GELGOOG\" \/>\n<meta property=\"og:description\" content=\"Professional roller type citrus grading machine for oranges,lemons,grapefruits. Gentle handling,high accuracy grading.4-7 sizes,2-8 tons\/hour capacity.\" \/>\n<meta property=\"og:url\" content=\"https:\/\/www.gelgoogsort.com\/es\/product\/citrus-fruit-grading-machine\/\" \/>\n<meta property=\"og:site_name\" content=\"GELGOOG\" \/>\n<meta property=\"article:publisher\" content=\"https:\/\/www.facebook.com\/profile.php?id=100095205040823\" \/>\n<meta property=\"article:modified_time\" content=\"2025-12-22T09:43:20+00:00\" \/>\n<meta property=\"og:image\" content=\"https:\/\/www.gelgoogsort.com\/wp-content\/uploads\/2025\/12\/citrus-fruit-grading-machine.jpg\" \/>\n\t<meta property=\"og:image:width\" content=\"600\" \/>\n\t<meta property=\"og:image:height\" content=\"600\" \/>\n\t<meta property=\"og:image:type\" content=\"image\/jpeg\" \/>\n<meta name=\"twitter:card\" content=\"summary_large_image\" \/>\n<meta name=\"twitter:label1\" content=\"Tiempo de lectura\" \/>\n\t<meta name=\"twitter:data1\" content=\"4 minutos\" \/>\n<script type=\"application\/ld+json\" class=\"yoast-schema-graph\">{\"@context\":\"https:\/\/schema.org\",\"@graph\":[{\"@type\":\"WebPage\",\"@id\":\"https:\/\/www.gelgoogsort.com\/product\/citrus-fruit-grading-machine\/\",\"url\":\"https:\/\/www.gelgoogsort.com\/product\/citrus-fruit-grading-machine\/\",\"name\":\"Citrus Fruit Grading Machine Roller Type Citrus Sorter - GELGOOG\",\"isPartOf\":{\"@id\":\"https:\/\/www.gelgoogsort.com\/#website\"},\"primaryImageOfPage\":{\"@id\":\"https:\/\/www.gelgoogsort.com\/product\/citrus-fruit-grading-machine\/#primaryimage\"},\"image\":{\"@id\":\"https:\/\/www.gelgoogsort.com\/product\/citrus-fruit-grading-machine\/#primaryimage\"},\"thumbnailUrl\":\"https:\/\/www.gelgoogsort.com\/wp-content\/uploads\/2025\/12\/citrus-fruit-grading-machine.jpg\",\"datePublished\":\"2025-12-22T09:43:19+00:00\",\"dateModified\":\"2025-12-22T09:43:20+00:00\",\"description\":\"Professional roller type citrus grading machine for oranges,lemons,grapefruits. Gentle handling,high accuracy grading.4-7 sizes,2-8 tons\/hour capacity.\",\"breadcrumb\":{\"@id\":\"https:\/\/www.gelgoogsort.com\/product\/citrus-fruit-grading-machine\/#breadcrumb\"},\"inLanguage\":\"es\",\"potentialAction\":[{\"@type\":\"ReadAction\",\"target\":[\"https:\/\/www.gelgoogsort.com\/product\/citrus-fruit-grading-machine\/\"]}]},{\"@type\":\"ImageObject\",\"inLanguage\":\"es\",\"@id\":\"https:\/\/www.gelgoogsort.com\/product\/citrus-fruit-grading-machine\/#primaryimage\",\"url\":\"https:\/\/www.gelgoogsort.com\/wp-content\/uploads\/2025\/12\/citrus-fruit-grading-machine.jpg\",\"contentUrl\":\"https:\/\/www.gelgoogsort.com\/wp-content\/uploads\/2025\/12\/citrus-fruit-grading-machine.jpg\",\"width\":600,\"height\":600,\"caption\":\"citrus-fruit-grading-machine\"},{\"@type\":\"BreadcrumbList\",\"@id\":\"https:\/\/www.gelgoogsort.com\/product\/citrus-fruit-grading-machine\/#breadcrumb\",\"itemListElement\":[{\"@type\":\"ListItem\",\"position\":1,\"name\":\"Home\",\"item\":\"https:\/\/www.gelgoogsort.com\/\"},{\"@type\":\"ListItem\",\"position\":2,\"name\":\"Product\",\"item\":\"https:\/\/www.gelgoogsort.com\/product\/\"},{\"@type\":\"ListItem\",\"position\":3,\"name\":\"Citrus Fruit Grading Machine Roller Type Citrus Sorter\"}]},{\"@type\":\"WebSite\",\"@id\":\"https:\/\/www.gelgoogsort.com\/#website\",\"url\":\"https:\/\/www.gelgoogsort.com\/\",\"name\":\"gelgoogsort\",\"description\":\"\",\"publisher\":{\"@id\":\"https:\/\/www.gelgoogsort.com\/#organization\"},\"potentialAction\":[{\"@type\":\"SearchAction\",\"target\":{\"@type\":\"EntryPoint\",\"urlTemplate\":\"https:\/\/www.gelgoogsort.com\/?s={search_term_string}\"},\"query-input\":{\"@type\":\"PropertyValueSpecification\",\"valueRequired\":true,\"valueName\":\"search_term_string\"}}],\"inLanguage\":\"es\"},{\"@type\":\"Organization\",\"@id\":\"https:\/\/www.gelgoogsort.com\/#organization\",\"name\":\"gelgoogsort\",\"url\":\"https:\/\/www.gelgoogsort.com\/\",\"logo\":{\"@type\":\"ImageObject\",\"inLanguage\":\"es\",\"@id\":\"https:\/\/www.gelgoogsort.com\/#\/schema\/logo\/image\/\",\"url\":\"https:\/\/www.gelgoogsort.com\/wp-content\/uploads\/2025\/11\/cropped-ff1a81696eef4f4590a809e30a6985e4.png\",\"contentUrl\":\"https:\/\/www.gelgoogsort.com\/wp-content\/uploads\/2025\/11\/cropped-ff1a81696eef4f4590a809e30a6985e4.png\",\"width\":512,\"height\":512,\"caption\":\"gelgoogsort\"},\"image\":{\"@id\":\"https:\/\/www.gelgoogsort.com\/#\/schema\/logo\/image\/\"},\"sameAs\":[\"https:\/\/www.facebook.com\/profile.php?id=100095205040823\"]}]}<\/script>\n<!-- \/ Yoast SEO plugin. -->","yoast_head_json":{"title":"Clasificadora de C\u00edtricos Tipo Rodillo - GELGOOG","description":"M\u00e1quina clasificadora profesional de c\u00edtricos tipo rodillo para naranjas, limones y pomelos. Manejo suave, clasificaci\u00f3n de alta precisi\u00f3n. 4-7 tama\u00f1os, capacidad de 2-8 toneladas\/hora.","robots":{"index":"index","follow":"follow","max-snippet":"max-snippet:-1","max-image-preview":"max-image-preview:large","max-video-preview":"max-video-preview:-1"},"canonical":"https:\/\/www.gelgoogsort.com\/es\/product\/citrus-fruit-grading-machine\/","og_locale":"es_ES","og_type":"article","og_title":"Citrus Fruit Grading Machine Roller Type Citrus Sorter - GELGOOG","og_description":"Professional roller type citrus grading machine for oranges,lemons,grapefruits. Gentle handling,high accuracy grading.4-7 sizes,2-8 tons\/hour capacity.","og_url":"https:\/\/www.gelgoogsort.com\/es\/product\/citrus-fruit-grading-machine\/","og_site_name":"GELGOOG","article_publisher":"https:\/\/www.facebook.com\/profile.php?id=100095205040823","article_modified_time":"2025-12-22T09:43:20+00:00","og_image":[{"width":600,"height":600,"url":"https:\/\/www.gelgoogsort.com\/wp-content\/uploads\/2025\/12\/citrus-fruit-grading-machine.jpg","type":"image\/jpeg"}],"twitter_card":"summary_large_image","twitter_misc":{"Tiempo de lectura":"4 minutos"},"schema":{"@context":"https:\/\/schema.org","@graph":[{"@type":"WebPage","@id":"https:\/\/www.gelgoogsort.com\/product\/citrus-fruit-grading-machine\/","url":"https:\/\/www.gelgoogsort.com\/product\/citrus-fruit-grading-machine\/","name":"Clasificadora de C\u00edtricos Tipo Rodillo - GELGOOG","isPartOf":{"@id":"https:\/\/www.gelgoogsort.com\/#website"},"primaryImageOfPage":{"@id":"https:\/\/www.gelgoogsort.com\/product\/citrus-fruit-grading-machine\/#primaryimage"},"image":{"@id":"https:\/\/www.gelgoogsort.com\/product\/citrus-fruit-grading-machine\/#primaryimage"},"thumbnailUrl":"https:\/\/www.gelgoogsort.com\/wp-content\/uploads\/2025\/12\/citrus-fruit-grading-machine.jpg","datePublished":"2025-12-22T09:43:19+00:00","dateModified":"2025-12-22T09:43:20+00:00","description":"M\u00e1quina clasificadora profesional de c\u00edtricos tipo rodillo para naranjas, limones y pomelos. Manejo suave, clasificaci\u00f3n de alta precisi\u00f3n. 4-7 tama\u00f1os, capacidad de 2-8 toneladas\/hora.","breadcrumb":{"@id":"https:\/\/www.gelgoogsort.com\/product\/citrus-fruit-grading-machine\/#breadcrumb"},"inLanguage":"es","potentialAction":[{"@type":"ReadAction","target":["https:\/\/www.gelgoogsort.com\/product\/citrus-fruit-grading-machine\/"]}]},{"@type":"ImageObject","inLanguage":"es","@id":"https:\/\/www.gelgoogsort.com\/product\/citrus-fruit-grading-machine\/#primaryimage","url":"https:\/\/www.gelgoogsort.com\/wp-content\/uploads\/2025\/12\/citrus-fruit-grading-machine.jpg","contentUrl":"https:\/\/www.gelgoogsort.com\/wp-content\/uploads\/2025\/12\/citrus-fruit-grading-machine.jpg","width":600,"height":600,"caption":"citrus-fruit-grading-machine"},{"@type":"BreadcrumbList","@id":"https:\/\/www.gelgoogsort.com\/product\/citrus-fruit-grading-machine\/#breadcrumb","itemListElement":[{"@type":"ListItem","position":1,"name":"Home","item":"https:\/\/www.gelgoogsort.com\/"},{"@type":"ListItem","position":2,"name":"Product","item":"https:\/\/www.gelgoogsort.com\/product\/"},{"@type":"ListItem","position":3,"name":"Citrus Fruit Grading Machine Roller Type Citrus Sorter"}]},{"@type":"WebSite","@id":"https:\/\/www.gelgoogsort.com\/#website","url":"https:\/\/www.gelgoogsort.com\/","name":"gelgoogsort","description":"","publisher":{"@id":"https:\/\/www.gelgoogsort.com\/#organization"},"potentialAction":[{"@type":"SearchAction","target":{"@type":"EntryPoint","urlTemplate":"https:\/\/www.gelgoogsort.com\/?s={search_term_string}"},"query-input":{"@type":"PropertyValueSpecification","valueRequired":true,"valueName":"search_term_string"}}],"inLanguage":"es"},{"@type":"Organization","@id":"https:\/\/www.gelgoogsort.com\/#organization","name":"gelgoogsort","url":"https:\/\/www.gelgoogsort.com\/","logo":{"@type":"ImageObject","inLanguage":"es","@id":"https:\/\/www.gelgoogsort.com\/#\/schema\/logo\/image\/","url":"https:\/\/www.gelgoogsort.com\/wp-content\/uploads\/2025\/11\/cropped-ff1a81696eef4f4590a809e30a6985e4.png","contentUrl":"https:\/\/www.gelgoogsort.com\/wp-content\/uploads\/2025\/11\/cropped-ff1a81696eef4f4590a809e30a6985e4.png","width":512,"height":512,"caption":"gelgoogsort"},"image":{"@id":"https:\/\/www.gelgoogsort.com\/#\/schema\/logo\/image\/"},"sameAs":["https:\/\/www.facebook.com\/profile.php?id=100095205040823"]}]}},"_links":{"self":[{"href":"https:\/\/www.gelgoogsort.com\/es\/wp-json\/wp\/v2\/product\/2286","targetHints":{"allow":["GET"]}}],"collection":[{"href":"https:\/\/www.gelgoogsort.com\/es\/wp-json\/wp\/v2\/product"}],"about":[{"href":"https:\/\/www.gelgoogsort.com\/es\/wp-json\/wp\/v2\/types\/product"}],"replies":[{"embeddable":true,"href":"https:\/\/www.gelgoogsort.com\/es\/wp-json\/wp\/v2\/comments?post=2286"}],"wp:featuredmedia":[{"embeddable":true,"href":"https:\/\/www.gelgoogsort.com\/es\/wp-json\/wp\/v2\/media\/2290"}],"wp:attachment":[{"href":"https:\/\/www.gelgoogsort.com\/es\/wp-json\/wp\/v2\/media?parent=2286"}],"wp:term":[{"taxonomy":"product_brand","embeddable":true,"href":"https:\/\/www.gelgoogsort.com\/es\/wp-json\/wp\/v2\/product_brand?post=2286"},{"taxonomy":"product_cat","embeddable":true,"href":"https:\/\/www.gelgoogsort.com\/es\/wp-json\/wp\/v2\/product_cat?post=2286"},{"taxonomy":"product_tag","embeddable":true,"href":"https:\/\/www.gelgoogsort.com\/es\/wp-json\/wp\/v2\/product_tag?post=2286"}],"curies":[{"name":"wp","href":"https:\/\/api.w.org\/{rel}","templated":true}]}}