{"id":2291,"date":"2025-12-22T17:48:18","date_gmt":"2025-12-22T09:48:18","guid":{"rendered":"https:\/\/www.gelgoogsort.com\/?post_type=product&#038;p=2291"},"modified":"2025-12-22T17:48:19","modified_gmt":"2025-12-22T09:48:19","slug":"automatic-onion-grading-machine","status":"publish","type":"product","link":"https:\/\/www.gelgoogsort.com\/es\/product\/automatic-onion-grading-machine\/","title":{"rendered":"M\u00e1quina autom\u00e1tica de clasificaci\u00f3n de cebollas para f\u00e1bricas"},"content":{"rendered":"<p>La clasificadora de rodillos para cebollas utiliza tecnolog\u00eda avanzada de clasificaci\u00f3n por espacio entre rodillos, dise\u00f1ada espec\u00edficamente para la clasificaci\u00f3n automatizada por tama\u00f1o de hortalizas de ra\u00edz esf\u00e9ricas como cebollas, patatas y remolachas. Esta m\u00e1quina logra una clasificaci\u00f3n eficiente y sin da\u00f1os a trav\u00e9s de un principio de espacio f\u00edsico, lo que la convierte en un equipo de clasificaci\u00f3n fundamental para las industrias de procesamiento, envasado y exportaci\u00f3n de cebollas.<\/p>\n<p><img fetchpriority=\"high\" decoding=\"async\" class=\"alignnone size-full wp-image-2292\" src=\"https:\/\/www.gelgoogsort.com\/wp-content\/uploads\/2025\/12\/onion-grading-machines.jpg\" alt=\"m\u00e1quinas clasificadoras de cebolla\" width=\"800\" height=\"500\" srcset=\"https:\/\/www.gelgoogsort.com\/wp-content\/uploads\/2025\/12\/onion-grading-machines.jpg 800w, https:\/\/www.gelgoogsort.com\/wp-content\/uploads\/2025\/12\/onion-grading-machines-300x188.jpg 300w, https:\/\/www.gelgoogsort.com\/wp-content\/uploads\/2025\/12\/onion-grading-machines-768x480.jpg 768w, https:\/\/www.gelgoogsort.com\/wp-content\/uploads\/2025\/12\/onion-grading-machines-600x375.jpg 600w, https:\/\/www.gelgoogsort.com\/wp-content\/uploads\/2025\/12\/onion-grading-machines-64x40.jpg 64w\" sizes=\"(max-width: 800px) 100vw, 800px\" \/><\/p>\n<h2>Principio de funcionamiento de la clasificadora de cebollas:<\/h2>\n<p>1. Rodillos transportadores y rotaci\u00f3n: El equipo est\u00e1 equipado con rodillos de acero inoxidable de grado alimenticio. Las cebollas avanzan a velocidad constante sobre los rodillos y giran naturalmente, asegurando que cada \u00e1ngulo entre en contacto con la abertura de clasificaci\u00f3n.<br \/>\n2. Dise\u00f1o de Calibraci\u00f3n Progresiva: El \u00e1rea de clasificaci\u00f3n adopta una estructura de ensanchamiento progresivo de brechas, con el espaciado de los rodillos aumentando gradualmente desde el extremo de alimentaci\u00f3n hasta el extremo de descarga, logrando una clasificaci\u00f3n s\u00edncrona multietapa.<br \/>\n3. Ca\u00edda y Clasificaci\u00f3n Precisa: Cuando el di\u00e1metro de la cebolla es menor que el espacio actual del rodillo, esta cae naturalmente en la canaleta de recolecci\u00f3n del calibre correspondiente, completando la clasificaci\u00f3n autom\u00e1tica.<br \/>\n4. Configuraci\u00f3n de salidas de clasificaci\u00f3n: El modelo est\u00e1ndar est\u00e1 configurado con 4-8 salidas de clasificaci\u00f3n, y los est\u00e1ndares de clasificaci\u00f3n se pueden personalizar seg\u00fan la demanda del mercado, conect\u00e1ndose directamente a la l\u00ednea de envasado.<\/p>\n<p><img decoding=\"async\" class=\"alignnone size-full wp-image-2293\" src=\"https:\/\/www.gelgoogsort.com\/wp-content\/uploads\/2025\/12\/onion-sorting-machines.jpg\" alt=\"m\u00e1quinas peladoras de cebollas\" width=\"800\" height=\"500\" srcset=\"https:\/\/www.gelgoogsort.com\/wp-content\/uploads\/2025\/12\/onion-sorting-machines.jpg 800w, https:\/\/www.gelgoogsort.com\/wp-content\/uploads\/2025\/12\/onion-sorting-machines-300x188.jpg 300w, https:\/\/www.gelgoogsort.com\/wp-content\/uploads\/2025\/12\/onion-sorting-machines-768x480.jpg 768w, https:\/\/www.gelgoogsort.com\/wp-content\/uploads\/2025\/12\/onion-sorting-machines-600x375.jpg 600w, https:\/\/www.gelgoogsort.com\/wp-content\/uploads\/2025\/12\/onion-sorting-machines-64x40.jpg 64w\" sizes=\"(max-width: 800px) 100vw, 800px\" \/><\/p>\n<h2>Ventajas Clave de la M\u00e1quina Clasificadora de Cebolla:<\/h2>\n<ul>\n<li>Clasificaci\u00f3n de alta precisi\u00f3n: la precisi\u00f3n de la clasificaci\u00f3n puede alcanzar los \u00b12-3 mm, lo que permite una clasificaci\u00f3n precisa en 5-8 categor\u00edas de tama\u00f1o, cumpliendo con los est\u00e1ndares de los mercados nacionales e internacionales. Funcionamiento sin da\u00f1os: principio de clasificaci\u00f3n puramente mec\u00e1nico, sin impactos ni compresi\u00f3n, con una tasa de da\u00f1os en la piel inferior al 0,31 %, lo que maximiza la integridad de las cebollas.<\/li>\n<li>Procesamiento de Alta Eficiencia: Capacidad de procesamiento de 2 a 10 toneladas\/hora, capaz de operar de forma continua las 24 horas del d\u00eda, ideal para las necesidades de procesamiento concentrado de la temporada de cosecha de cebolla.<\/li>\n<li>Fuerte adaptabilidad: espaciado de rodillos y velocidad de transporte ajustables, se adapta a varias variedades como cebollas amarillas, rojas y blancas, con un di\u00e1metro de 40-120 mm.<\/li>\n<\/ul>\n<p><img decoding=\"async\" class=\"alignnone size-full wp-image-2294\" src=\"https:\/\/www.gelgoogsort.com\/wp-content\/uploads\/2025\/12\/onion-sorting-machine-1.jpg\" alt=\"m\u00e1quina de clasificar cebollas\" width=\"800\" height=\"500\" srcset=\"https:\/\/www.gelgoogsort.com\/wp-content\/uploads\/2025\/12\/onion-sorting-machine-1.jpg 800w, https:\/\/www.gelgoogsort.com\/wp-content\/uploads\/2025\/12\/onion-sorting-machine-1-300x188.jpg 300w, https:\/\/www.gelgoogsort.com\/wp-content\/uploads\/2025\/12\/onion-sorting-machine-1-768x480.jpg 768w, https:\/\/www.gelgoogsort.com\/wp-content\/uploads\/2025\/12\/onion-sorting-machine-1-600x375.jpg 600w, https:\/\/www.gelgoogsort.com\/wp-content\/uploads\/2025\/12\/onion-sorting-machine-1-64x40.jpg 64w\" sizes=\"(max-width: 800px) 100vw, 800px\" \/><\/p>\n<h2>Preguntas Frecuentes sobre la M\u00e1quina Clasificadora de Cebolla<\/h2>\n<p><strong>\u00bfPuede la m\u00e1quina procesar cebollas con tierra adherida?<\/strong><br \/>\nS\u00ed, puede. El movimiento giratorio de los rodillos sacude eficazmente la tierra superficial, pero para las cebollas con mucha tierra, se recomienda a\u00f1adir un proceso de limpieza sencillo al principio.<\/p>\n<p><strong>R: \u00bfC\u00f3mo se establecen y ajustan los est\u00e1ndares de calificaci\u00f3n?<\/strong><br \/>\nA: M\u00faltiples esquemas de clasificaci\u00f3n se pueden preconfigurar a trav\u00e9s de la pantalla t\u00e1ctil, lo que permite un cambio r\u00e1pido seg\u00fan la variedad y la demanda del mercado. El tiempo de ajuste es inferior a 5 minutos.<\/p>\n<p><strong>\u00bfLas diferentes formas de cebolla afectar\u00e1n la precisi\u00f3n de la clasificaci\u00f3n?<\/strong><br \/>\nA: El impacto es m\u00ednimo. La clasificaci\u00f3n por rodillos clasifica seg\u00fan el di\u00e1metro m\u00e1ximo, logrando los mejores resultados de clasificaci\u00f3n para cebollas casi esf\u00e9ricas. Incluso las variedades m\u00e1s planas pueden cumplir con los requisitos comerciales de clasificaci\u00f3n.<\/p>\n<p><strong>\u00bfCu\u00e1l es el precio del equipo?<\/strong><br \/>\nA: El precio se determina por las especificaciones de capacidad, el nivel de configuraci\u00f3n y el grado de automatizaci\u00f3n. Por favor, proporcione sus requisitos de producci\u00f3n y le ofreceremos la soluci\u00f3n personalizada m\u00e1s rentable.<\/p>\n<p>&nbsp;<\/p>\n<h2>Obtenga una soluci\u00f3n de clasificaci\u00f3n profesional<\/h2>\n\n<div class=\"wpcf7 no-js\" id=\"wpcf7-f556-o1\" lang=\"zh-CN\" dir=\"ltr\" data-wpcf7-id=\"556\">\n<div class=\"screen-reader-response\"><p role=\"status\" aria-live=\"polite\" aria-atomic=\"true\"><\/p> <ul><\/ul><\/div>\n<form action=\"\/es\/wp-json\/wp\/v2\/product\/2291#wpcf7-f556-o1\" method=\"post\" class=\"wpcf7-form init\" aria-label=\"\u7559\u8a00\u8868\u5355\" novalidate=\"novalidate\" data-status=\"init\" data-trp-original-action=\"\/es\/wp-json\/wp\/v2\/product\/2291#wpcf7-f556-o1\">\n<fieldset class=\"hidden-fields-container\"><input type=\"hidden\" name=\"_wpcf7\" value=\"556\" \/><input type=\"hidden\" name=\"_wpcf7_version\" value=\"6.1.3\" \/><input type=\"hidden\" name=\"_wpcf7_locale\" value=\"zh_CN\" \/><input type=\"hidden\" name=\"_wpcf7_unit_tag\" value=\"wpcf7-f556-o1\" \/><input type=\"hidden\" name=\"_wpcf7_container_post\" value=\"0\" \/><input type=\"hidden\" name=\"_wpcf7_posted_data_hash\" value=\"\" \/>\n<\/fieldset>\n<p><label> Tu Nombre*<br \/>\n<span class=\"wpcf7-form-control-wrap\" data-name=\"your-name\"><input size=\"40\" maxlength=\"400\" class=\"wpcf7-form-control wpcf7-text wpcf7-validates-as-required\" aria-required=\"true\" aria-invalid=\"false\" value=\"\" type=\"text\" name=\"your-name\" \/><\/span> <\/label>\n<\/p>\n<p><label> Tu pa\u00eds<br \/>\n<span class=\"wpcf7-form-control-wrap\" data-name=\"your-country\"><input size=\"40\" maxlength=\"400\" class=\"wpcf7-form-control wpcf7-text\" aria-invalid=\"false\" value=\"\" type=\"text\" name=\"your-country\" \/><\/span><\/label>\n<\/p>\n<p><label> Tu correo electr\u00f3nico*<br \/>\n<span class=\"wpcf7-form-control-wrap\" data-name=\"your-email\"><input size=\"40\" maxlength=\"400\" class=\"wpcf7-form-control wpcf7-email wpcf7-validates-as-required wpcf7-text wpcf7-validates-as-email\" aria-required=\"true\" aria-invalid=\"false\" value=\"\" type=\"email\" name=\"your-email\" \/><\/span> <\/label>\n<\/p>\n<p><label> Tu tel\u00e9fono<br \/>\n<span class=\"wpcf7-form-control-wrap\" data-name=\"your-phone\"><input size=\"40\" maxlength=\"400\" class=\"wpcf7-form-control wpcf7-tel wpcf7-text wpcf7-validates-as-tel\" aria-invalid=\"false\" value=\"\" type=\"tel\" name=\"your-phone\" \/><\/span> <\/label>\n<\/p>\n<p><label> El Nombre de Tu Empresa<br \/>\n<span class=\"wpcf7-form-control-wrap\" data-name=\"text-457\"><input size=\"40\" maxlength=\"400\" class=\"wpcf7-form-control wpcf7-text\" aria-invalid=\"false\" value=\"\" type=\"text\" name=\"text-457\" \/><\/span> <\/label>\n<\/p>\n<p><label> El sitio web de tu empresa<br \/>\n<span class=\"wpcf7-form-control-wrap\" data-name=\"text-546\"><input size=\"40\" maxlength=\"400\" class=\"wpcf7-form-control wpcf7-text\" aria-invalid=\"false\" value=\"\" type=\"text\" name=\"text-546\" \/><\/span> <\/label>\n<\/p>\n<p><label> Tu requisito*<br \/>\n<span class=\"wpcf7-form-control-wrap\" data-name=\"your-message\"><textarea cols=\"40\" rows=\"10\" maxlength=\"2000\" class=\"wpcf7-form-control wpcf7-textarea wpcf7-validates-as-required\" aria-required=\"true\" aria-invalid=\"false\" name=\"your-message\"><\/textarea><\/span> <\/label>\n<\/p>\n<p><input class=\"wpcf7-form-control wpcf7-submit has-spinner\" type=\"submit\" value=\"Enviar\" \/>\n<\/p><p style=\"display: none !important;\" class=\"akismet-fields-container\" data-prefix=\"_wpcf7_ak_\"><label>Delta<textarea name=\"_wpcf7_ak_hp_textarea\" cols=\"45\" rows=\"8\" maxlength=\"100\"><\/textarea><\/label><input type=\"hidden\" id=\"ak_js_1\" name=\"_wpcf7_ak_js\" value=\"17\"\/><script>document.getElementById( \"ak_js_1\" ).setAttribute( \"value\", ( new Date() ).getTime() );<\/script><\/p><div class=\"wpcf7-response-output\" aria-hidden=\"true\"><\/div>\n<input type=\"hidden\" name=\"trp-form-language\" value=\"es\"\/><\/form>\n<\/div>","protected":false},"excerpt":{"rendered":"<p><strong>Grupos de Clientes Aplicables:<\/strong><\/p>\n<ul>\n<li>Cooperativas de plantaci\u00f3n de cebollas y grandes explotaciones agr\u00edcolas<\/li>\n<li>Empresas exportadoras y comercializadoras de vegetales<\/li>\n<li>Plantas de procesamiento de alimentos y empresas de envasado<\/li>\n<li>Grandes centros log\u00edsticos de productos agr\u00edcolas<\/li>\n<li>An\u00e1lisis de Retorno de la Inversi\u00f3n<\/li>\n<\/ul>","protected":false},"featured_media":2295,"comment_status":"open","ping_status":"closed","template":"","meta":{"site-sidebar-layout":"default","site-content-layout":"","ast-site-content-layout":"default","site-content-style":"default","site-sidebar-style":"default","ast-global-header-display":"","ast-banner-title-visibility":"","ast-main-header-display":"","ast-hfb-above-header-display":"","ast-hfb-below-header-display":"","ast-hfb-mobile-header-display":"","site-post-title":"","ast-breadcrumbs-content":"","ast-featured-img":"","footer-sml-layout":"","theme-transparent-header-meta":"default","adv-header-id-meta":"","stick-header-meta":"","header-above-stick-meta":"","header-main-stick-meta":"","header-below-stick-meta":"","astra-migrate-meta-layouts":"set","ast-page-background-enabled":"default","ast-page-background-meta":{"desktop":{"background-color":"var(--ast-global-color-4)","background-image":"","background-repeat":"repeat","background-position":"center center","background-size":"auto","background-attachment":"scroll","background-type":"","background-media":"","overlay-type":"","overlay-color":"","overlay-opacity":"","overlay-gradient":""},"tablet":{"background-color":"","background-image":"","background-repeat":"repeat","background-position":"center center","background-size":"auto","background-attachment":"scroll","background-type":"","background-media":"","overlay-type":"","overlay-color":"","overlay-opacity":"","overlay-gradient":""},"mobile":{"background-color":"","background-image":"","background-repeat":"repeat","background-position":"center center","background-size":"auto","background-attachment":"scroll","background-type":"","background-media":"","overlay-type":"","overlay-color":"","overlay-opacity":"","overlay-gradient":""}},"ast-content-background-meta":{"desktop":{"background-color":"var(--ast-global-color-5)","background-image":"","background-repeat":"repeat","background-position":"center center","background-size":"auto","background-attachment":"scroll","background-type":"","background-media":"","overlay-type":"","overlay-color":"","overlay-opacity":"","overlay-gradient":""},"tablet":{"background-color":"var(--ast-global-color-5)","background-image":"","background-repeat":"repeat","background-position":"center center","background-size":"auto","background-attachment":"scroll","background-type":"","background-media":"","overlay-type":"","overlay-color":"","overlay-opacity":"","overlay-gradient":""},"mobile":{"background-color":"var(--ast-global-color-5)","background-image":"","background-repeat":"repeat","background-position":"center center","background-size":"auto","background-attachment":"scroll","background-type":"","background-media":"","overlay-type":"","overlay-color":"","overlay-opacity":"","overlay-gradient":""}}},"product_brand":[],"product_cat":[15],"product_tag":[],"class_list":{"0":"post-2291","1":"product","2":"type-product","3":"status-publish","4":"has-post-thumbnail","6":"product_cat-product-sorting","7":"desktop-align-left","8":"tablet-align-left","9":"mobile-align-left","11":"first","12":"instock","13":"shipping-taxable","14":"product-type-simple"},"yoast_head":"<!-- This site is optimized with the Yoast SEO plugin v26.2 - https:\/\/yoast.com\/wordpress\/plugins\/seo\/ -->\n<title>Automatic Onion Grading Machine For Factory - GELGOOG<\/title>\n<meta name=\"description\" content=\"Professional roller onion grading machine for size sorting. High accuracy, gentle handling, 4-8 grades, 2-10 tons\/hour capacity.\" \/>\n<meta name=\"robots\" content=\"index, follow, max-snippet:-1, max-image-preview:large, max-video-preview:-1\" \/>\n<link rel=\"canonical\" href=\"https:\/\/www.gelgoogsort.com\/es\/product\/automatic-onion-grading-machine\/\" \/>\n<meta property=\"og:locale\" content=\"es_ES\" \/>\n<meta property=\"og:type\" content=\"article\" \/>\n<meta property=\"og:title\" content=\"Automatic Onion Grading Machine For Factory - GELGOOG\" \/>\n<meta property=\"og:description\" content=\"Professional roller onion grading machine for size sorting. High accuracy, gentle handling, 4-8 grades, 2-10 tons\/hour capacity.\" \/>\n<meta property=\"og:url\" content=\"https:\/\/www.gelgoogsort.com\/es\/product\/automatic-onion-grading-machine\/\" \/>\n<meta property=\"og:site_name\" content=\"GELGOOG\" \/>\n<meta property=\"article:publisher\" content=\"https:\/\/www.facebook.com\/profile.php?id=100095205040823\" \/>\n<meta property=\"article:modified_time\" content=\"2025-12-22T09:48:19+00:00\" \/>\n<meta property=\"og:image\" content=\"https:\/\/www.gelgoogsort.com\/wp-content\/uploads\/2025\/12\/onion-grading-and-sorting-machine.jpg\" \/>\n\t<meta property=\"og:image:width\" content=\"600\" \/>\n\t<meta property=\"og:image:height\" content=\"600\" \/>\n\t<meta property=\"og:image:type\" content=\"image\/jpeg\" \/>\n<meta name=\"twitter:card\" content=\"summary_large_image\" \/>\n<meta name=\"twitter:label1\" content=\"Tiempo de lectura\" \/>\n\t<meta name=\"twitter:data1\" content=\"3 minutos\" \/>\n<script type=\"application\/ld+json\" class=\"yoast-schema-graph\">{\"@context\":\"https:\/\/schema.org\",\"@graph\":[{\"@type\":\"WebPage\",\"@id\":\"https:\/\/www.gelgoogsort.com\/product\/automatic-onion-grading-machine\/\",\"url\":\"https:\/\/www.gelgoogsort.com\/product\/automatic-onion-grading-machine\/\",\"name\":\"Automatic Onion Grading Machine For Factory - GELGOOG\",\"isPartOf\":{\"@id\":\"https:\/\/www.gelgoogsort.com\/#website\"},\"primaryImageOfPage\":{\"@id\":\"https:\/\/www.gelgoogsort.com\/product\/automatic-onion-grading-machine\/#primaryimage\"},\"image\":{\"@id\":\"https:\/\/www.gelgoogsort.com\/product\/automatic-onion-grading-machine\/#primaryimage\"},\"thumbnailUrl\":\"https:\/\/www.gelgoogsort.com\/wp-content\/uploads\/2025\/12\/onion-grading-and-sorting-machine.jpg\",\"datePublished\":\"2025-12-22T09:48:18+00:00\",\"dateModified\":\"2025-12-22T09:48:19+00:00\",\"description\":\"Professional roller onion grading machine for size sorting. High accuracy, gentle handling, 4-8 grades, 2-10 tons\/hour capacity.\",\"breadcrumb\":{\"@id\":\"https:\/\/www.gelgoogsort.com\/product\/automatic-onion-grading-machine\/#breadcrumb\"},\"inLanguage\":\"es\",\"potentialAction\":[{\"@type\":\"ReadAction\",\"target\":[\"https:\/\/www.gelgoogsort.com\/product\/automatic-onion-grading-machine\/\"]}]},{\"@type\":\"ImageObject\",\"inLanguage\":\"es\",\"@id\":\"https:\/\/www.gelgoogsort.com\/product\/automatic-onion-grading-machine\/#primaryimage\",\"url\":\"https:\/\/www.gelgoogsort.com\/wp-content\/uploads\/2025\/12\/onion-grading-and-sorting-machine.jpg\",\"contentUrl\":\"https:\/\/www.gelgoogsort.com\/wp-content\/uploads\/2025\/12\/onion-grading-and-sorting-machine.jpg\",\"width\":600,\"height\":600},{\"@type\":\"BreadcrumbList\",\"@id\":\"https:\/\/www.gelgoogsort.com\/product\/automatic-onion-grading-machine\/#breadcrumb\",\"itemListElement\":[{\"@type\":\"ListItem\",\"position\":1,\"name\":\"Home\",\"item\":\"https:\/\/www.gelgoogsort.com\/\"},{\"@type\":\"ListItem\",\"position\":2,\"name\":\"Product\",\"item\":\"https:\/\/www.gelgoogsort.com\/product\/\"},{\"@type\":\"ListItem\",\"position\":3,\"name\":\"Automatic Onion Grading Machine For Factory\"}]},{\"@type\":\"WebSite\",\"@id\":\"https:\/\/www.gelgoogsort.com\/#website\",\"url\":\"https:\/\/www.gelgoogsort.com\/\",\"name\":\"gelgoogsort\",\"description\":\"\",\"publisher\":{\"@id\":\"https:\/\/www.gelgoogsort.com\/#organization\"},\"potentialAction\":[{\"@type\":\"SearchAction\",\"target\":{\"@type\":\"EntryPoint\",\"urlTemplate\":\"https:\/\/www.gelgoogsort.com\/?s={search_term_string}\"},\"query-input\":{\"@type\":\"PropertyValueSpecification\",\"valueRequired\":true,\"valueName\":\"search_term_string\"}}],\"inLanguage\":\"es\"},{\"@type\":\"Organization\",\"@id\":\"https:\/\/www.gelgoogsort.com\/#organization\",\"name\":\"gelgoogsort\",\"url\":\"https:\/\/www.gelgoogsort.com\/\",\"logo\":{\"@type\":\"ImageObject\",\"inLanguage\":\"es\",\"@id\":\"https:\/\/www.gelgoogsort.com\/#\/schema\/logo\/image\/\",\"url\":\"https:\/\/www.gelgoogsort.com\/wp-content\/uploads\/2025\/11\/cropped-ff1a81696eef4f4590a809e30a6985e4.png\",\"contentUrl\":\"https:\/\/www.gelgoogsort.com\/wp-content\/uploads\/2025\/11\/cropped-ff1a81696eef4f4590a809e30a6985e4.png\",\"width\":512,\"height\":512,\"caption\":\"gelgoogsort\"},\"image\":{\"@id\":\"https:\/\/www.gelgoogsort.com\/#\/schema\/logo\/image\/\"},\"sameAs\":[\"https:\/\/www.facebook.com\/profile.php?id=100095205040823\"]}]}<\/script>\n<!-- \/ Yoast SEO plugin. -->","yoast_head_json":{"title":"M\u00e1quina autom\u00e1tica de clasificaci\u00f3n de cebollas para f\u00e1brica - GELGOOG","description":"M\u00e1quina profesional para clasificar cebollas por tama\u00f1o. Alta precisi\u00f3n, manejo delicado, 4-8 grados, capacidad de 2-10 toneladas\/hora.","robots":{"index":"index","follow":"follow","max-snippet":"max-snippet:-1","max-image-preview":"max-image-preview:large","max-video-preview":"max-video-preview:-1"},"canonical":"https:\/\/www.gelgoogsort.com\/es\/product\/automatic-onion-grading-machine\/","og_locale":"es_ES","og_type":"article","og_title":"Automatic Onion Grading Machine For Factory - GELGOOG","og_description":"Professional roller onion grading machine for size sorting. High accuracy, gentle handling, 4-8 grades, 2-10 tons\/hour capacity.","og_url":"https:\/\/www.gelgoogsort.com\/es\/product\/automatic-onion-grading-machine\/","og_site_name":"GELGOOG","article_publisher":"https:\/\/www.facebook.com\/profile.php?id=100095205040823","article_modified_time":"2025-12-22T09:48:19+00:00","og_image":[{"width":600,"height":600,"url":"https:\/\/www.gelgoogsort.com\/wp-content\/uploads\/2025\/12\/onion-grading-and-sorting-machine.jpg","type":"image\/jpeg"}],"twitter_card":"summary_large_image","twitter_misc":{"Tiempo de lectura":"3 minutos"},"schema":{"@context":"https:\/\/schema.org","@graph":[{"@type":"WebPage","@id":"https:\/\/www.gelgoogsort.com\/product\/automatic-onion-grading-machine\/","url":"https:\/\/www.gelgoogsort.com\/product\/automatic-onion-grading-machine\/","name":"M\u00e1quina autom\u00e1tica de clasificaci\u00f3n de cebollas para f\u00e1brica - GELGOOG","isPartOf":{"@id":"https:\/\/www.gelgoogsort.com\/#website"},"primaryImageOfPage":{"@id":"https:\/\/www.gelgoogsort.com\/product\/automatic-onion-grading-machine\/#primaryimage"},"image":{"@id":"https:\/\/www.gelgoogsort.com\/product\/automatic-onion-grading-machine\/#primaryimage"},"thumbnailUrl":"https:\/\/www.gelgoogsort.com\/wp-content\/uploads\/2025\/12\/onion-grading-and-sorting-machine.jpg","datePublished":"2025-12-22T09:48:18+00:00","dateModified":"2025-12-22T09:48:19+00:00","description":"M\u00e1quina profesional para clasificar cebollas por tama\u00f1o. Alta precisi\u00f3n, manejo delicado, 4-8 grados, capacidad de 2-10 toneladas\/hora.","breadcrumb":{"@id":"https:\/\/www.gelgoogsort.com\/product\/automatic-onion-grading-machine\/#breadcrumb"},"inLanguage":"es","potentialAction":[{"@type":"ReadAction","target":["https:\/\/www.gelgoogsort.com\/product\/automatic-onion-grading-machine\/"]}]},{"@type":"ImageObject","inLanguage":"es","@id":"https:\/\/www.gelgoogsort.com\/product\/automatic-onion-grading-machine\/#primaryimage","url":"https:\/\/www.gelgoogsort.com\/wp-content\/uploads\/2025\/12\/onion-grading-and-sorting-machine.jpg","contentUrl":"https:\/\/www.gelgoogsort.com\/wp-content\/uploads\/2025\/12\/onion-grading-and-sorting-machine.jpg","width":600,"height":600},{"@type":"BreadcrumbList","@id":"https:\/\/www.gelgoogsort.com\/product\/automatic-onion-grading-machine\/#breadcrumb","itemListElement":[{"@type":"ListItem","position":1,"name":"Home","item":"https:\/\/www.gelgoogsort.com\/"},{"@type":"ListItem","position":2,"name":"Product","item":"https:\/\/www.gelgoogsort.com\/product\/"},{"@type":"ListItem","position":3,"name":"Automatic Onion Grading Machine For Factory"}]},{"@type":"WebSite","@id":"https:\/\/www.gelgoogsort.com\/#website","url":"https:\/\/www.gelgoogsort.com\/","name":"gelgoogsort","description":"","publisher":{"@id":"https:\/\/www.gelgoogsort.com\/#organization"},"potentialAction":[{"@type":"SearchAction","target":{"@type":"EntryPoint","urlTemplate":"https:\/\/www.gelgoogsort.com\/?s={search_term_string}"},"query-input":{"@type":"PropertyValueSpecification","valueRequired":true,"valueName":"search_term_string"}}],"inLanguage":"es"},{"@type":"Organization","@id":"https:\/\/www.gelgoogsort.com\/#organization","name":"gelgoogsort","url":"https:\/\/www.gelgoogsort.com\/","logo":{"@type":"ImageObject","inLanguage":"es","@id":"https:\/\/www.gelgoogsort.com\/#\/schema\/logo\/image\/","url":"https:\/\/www.gelgoogsort.com\/wp-content\/uploads\/2025\/11\/cropped-ff1a81696eef4f4590a809e30a6985e4.png","contentUrl":"https:\/\/www.gelgoogsort.com\/wp-content\/uploads\/2025\/11\/cropped-ff1a81696eef4f4590a809e30a6985e4.png","width":512,"height":512,"caption":"gelgoogsort"},"image":{"@id":"https:\/\/www.gelgoogsort.com\/#\/schema\/logo\/image\/"},"sameAs":["https:\/\/www.facebook.com\/profile.php?id=100095205040823"]}]}},"_links":{"self":[{"href":"https:\/\/www.gelgoogsort.com\/es\/wp-json\/wp\/v2\/product\/2291","targetHints":{"allow":["GET"]}}],"collection":[{"href":"https:\/\/www.gelgoogsort.com\/es\/wp-json\/wp\/v2\/product"}],"about":[{"href":"https:\/\/www.gelgoogsort.com\/es\/wp-json\/wp\/v2\/types\/product"}],"replies":[{"embeddable":true,"href":"https:\/\/www.gelgoogsort.com\/es\/wp-json\/wp\/v2\/comments?post=2291"}],"wp:featuredmedia":[{"embeddable":true,"href":"https:\/\/www.gelgoogsort.com\/es\/wp-json\/wp\/v2\/media\/2295"}],"wp:attachment":[{"href":"https:\/\/www.gelgoogsort.com\/es\/wp-json\/wp\/v2\/media?parent=2291"}],"wp:term":[{"taxonomy":"product_brand","embeddable":true,"href":"https:\/\/www.gelgoogsort.com\/es\/wp-json\/wp\/v2\/product_brand?post=2291"},{"taxonomy":"product_cat","embeddable":true,"href":"https:\/\/www.gelgoogsort.com\/es\/wp-json\/wp\/v2\/product_cat?post=2291"},{"taxonomy":"product_tag","embeddable":true,"href":"https:\/\/www.gelgoogsort.com\/es\/wp-json\/wp\/v2\/product_tag?post=2291"}],"curies":[{"name":"wp","href":"https:\/\/api.w.org\/{rel}","templated":true}]}}