{"id":2304,"date":"2025-12-25T17:58:58","date_gmt":"2025-12-25T09:58:58","guid":{"rendered":"https:\/\/www.gelgoogsort.com\/?post_type=product&#038;p=2304"},"modified":"2025-12-25T17:58:58","modified_gmt":"2025-12-25T09:58:58","slug":"citrus-cleaning-and-washing-machine","status":"publish","type":"product","link":"https:\/\/www.gelgoogsort.com\/es\/product\/citrus-cleaning-and-washing-machine\/","title":{"rendered":"M\u00e1quina de lavado y limpieza de c\u00edtricos | Lavadora de cepillos"},"content":{"rendered":"<p>La m\u00e1quina de limpieza y lavado de c\u00edtricos est\u00e1 dise\u00f1ada espec\u00edficamente para la limpieza industrial de c\u00edtricos como naranjas, limones, mandarinas y pomelos. Esta m\u00e1quina utiliza una combinaci\u00f3n de cepillos de grado alimenticio y tecnolog\u00eda de pulverizaci\u00f3n de alta presi\u00f3n para eliminar eficazmente la suciedad, el polvo, la cera, los residuos de pesticidas y los microorganismos de la superficie de la fruta, manteniendo la integridad de la c\u00e1scara. Es un equipo clave de preprocesamiento para el envasado, la exportaci\u00f3n y el procesamiento profundo de c\u00edtricos.<\/p>\n<p><img fetchpriority=\"high\" decoding=\"async\" class=\"alignnone size-full wp-image-2305\" src=\"https:\/\/www.gelgoogsort.com\/wp-content\/uploads\/2025\/12\/citrus-cleaning-machines.jpg\" alt=\"m\u00e1quinas de limpieza de c\u00edtricos\" width=\"800\" height=\"500\" srcset=\"https:\/\/www.gelgoogsort.com\/wp-content\/uploads\/2025\/12\/citrus-cleaning-machines.jpg 800w, https:\/\/www.gelgoogsort.com\/wp-content\/uploads\/2025\/12\/citrus-cleaning-machines-300x188.jpg 300w, https:\/\/www.gelgoogsort.com\/wp-content\/uploads\/2025\/12\/citrus-cleaning-machines-768x480.jpg 768w, https:\/\/www.gelgoogsort.com\/wp-content\/uploads\/2025\/12\/citrus-cleaning-machines-600x375.jpg 600w, https:\/\/www.gelgoogsort.com\/wp-content\/uploads\/2025\/12\/citrus-cleaning-machines-64x40.jpg 64w\" sizes=\"(max-width: 800px) 100vw, 800px\" \/><\/p>\n<h2>Principio de funcionamiento de la m\u00e1quina de limpieza y lavado de c\u00edtricos<\/h2>\n<p>1. Secci\u00f3n de Limpieza de Cepillo Flexible<br \/>\nUtiliza rodillos de cepillo de nailon de grado alimenticio con doble rotaci\u00f3n para una limpieza suave pero eficaz, eliminando la suciedad persistente y la cera natural de la superficie de los c\u00edtricos, al tiempo que previene da\u00f1os en la c\u00e1scara.<\/p>\n<p>2. Secci\u00f3n de Enjuague a Alta Presi\u00f3n<br \/>\nM\u00faltiples boquillas en forma de abanico de alta presi\u00f3n se disponen por encima y a los lados del \u00e1rea de limpieza, utilizando agua filtrada en circulaci\u00f3n para enjuagar a fondo los c\u00edtricos durante el cepillado, eliminando por completo las impurezas desprendidas.<\/p>\n<p>3. Enjuague y drenaje con agua limpia<br \/>\nDespu\u00e9s del cepillado y la limpieza a alta presi\u00f3n, los c\u00edtricos entran en el \u00e1rea de enjuague con agua limpia para un enjuague final. Luego se transportan hacia afuera por una cinta transportadora elevadora, permitiendo que el exceso de agua escurra naturalmente durante el proceso de elevaci\u00f3n.<\/p>\n<p><img decoding=\"async\" class=\"alignnone size-full wp-image-2306\" src=\"https:\/\/www.gelgoogsort.com\/wp-content\/uploads\/2025\/12\/citru-cleaning-machine.jpg\" alt=\"m\u00e1quina de limpieza c\u00edtrica\" width=\"800\" height=\"500\" srcset=\"https:\/\/www.gelgoogsort.com\/wp-content\/uploads\/2025\/12\/citru-cleaning-machine.jpg 800w, https:\/\/www.gelgoogsort.com\/wp-content\/uploads\/2025\/12\/citru-cleaning-machine-300x188.jpg 300w, https:\/\/www.gelgoogsort.com\/wp-content\/uploads\/2025\/12\/citru-cleaning-machine-768x480.jpg 768w, https:\/\/www.gelgoogsort.com\/wp-content\/uploads\/2025\/12\/citru-cleaning-machine-600x375.jpg 600w, https:\/\/www.gelgoogsort.com\/wp-content\/uploads\/2025\/12\/citru-cleaning-machine-64x40.jpg 64w\" sizes=\"(max-width: 800px) 100vw, 800px\" \/><\/p>\n<h2>Ventajas principales de la lavadora de limpieza de c\u00edtricos<\/h2>\n<ul>\n<li>Excelente efecto de limpieza: El efecto sin\u00e9rgico de los cepillos y el agua a alta presi\u00f3n elimina m\u00e1s del 98% de los contaminantes de la superficie, incluidas las manchas dif\u00edciles de eliminar en el tallo y algunos residuos de pesticidas, lo que mejora significativamente el aspecto de la fruta.<\/li>\n<li>\u00cdndice de da\u00f1os en la fruta extremadamente bajo: la dureza de las cerdas y la velocidad de rotaci\u00f3n se ajustan cuidadosamente para garantizar la eficacia de la limpieza, al tiempo que se mantiene el \u00edndice de da\u00f1os en la piel por debajo del 0,51 %, lo que protege perfectamente el valor del producto.<\/li>\n<li>Ahorro eficiente de agua y protecci\u00f3n del medio ambiente: gracias a su sistema de filtraci\u00f3n por circulaci\u00f3n de agua de tres etapas (sedimentaci\u00f3n, filtraci\u00f3n y desinfecci\u00f3n), el agua de limpieza se puede reciclar, lo que permite alcanzar un ahorro de agua del 70-80 %, de acuerdo con los principios de la producci\u00f3n ecol\u00f3gica.<\/li>\n<li>Capacidad de procesamiento potente: la capacidad de procesamiento de una sola m\u00e1quina puede alcanzar entre 2 y 10 toneladas por hora, lo que admite operaciones continuas las 24 horas del d\u00eda, satisfaciendo f\u00e1cilmente las necesidades de procesamiento concentrado de la temporada de cosecha de c\u00edtricos.<\/li>\n<li>Dise\u00f1o de seguridad de grado alimentario: Todas las partes de contacto de la m\u00e1quina est\u00e1n hechas de acero inoxidable SUS304 y materiales de grado alimentario, cumpliendo con est\u00e1ndares internacionales como HACCP, FDA y GLOBAL G.A.P., y apoyando la limpieza y el mantenimiento r\u00e1pidos.<\/li>\n<\/ul>\n<p><img decoding=\"async\" class=\"alignnone size-full wp-image-2307\" src=\"https:\/\/www.gelgoogsort.com\/wp-content\/uploads\/2025\/12\/citrus-cleaning-machine.jpg\" alt=\"m\u00e1quina de limpieza de c\u00edtricos\" width=\"800\" height=\"500\" srcset=\"https:\/\/www.gelgoogsort.com\/wp-content\/uploads\/2025\/12\/citrus-cleaning-machine.jpg 800w, https:\/\/www.gelgoogsort.com\/wp-content\/uploads\/2025\/12\/citrus-cleaning-machine-300x188.jpg 300w, https:\/\/www.gelgoogsort.com\/wp-content\/uploads\/2025\/12\/citrus-cleaning-machine-768x480.jpg 768w, https:\/\/www.gelgoogsort.com\/wp-content\/uploads\/2025\/12\/citrus-cleaning-machine-600x375.jpg 600w, https:\/\/www.gelgoogsort.com\/wp-content\/uploads\/2025\/12\/citrus-cleaning-machine-64x40.jpg 64w\" sizes=\"(max-width: 800px) 100vw, 800px\" \/><\/p>\n<h2>Preguntas frecuentes sobre m\u00e1quinas de limpieza y lavado c\u00edtrico<\/h2>\n<p><strong>\u00bfLimpiar con cepillo da\u00f1ar\u00e1 la c\u00e1scara de c\u00edtricos?<\/strong><br \/>\nR: No. Utilizamos cepillos flexibles especialmente dise\u00f1ados, cuya dureza y velocidad de rotaci\u00f3n se calculan cient\u00edficamente para eliminar la suciedad de manera efectiva y, al mismo tiempo, proporcionar un contacto suave y \u201csimilar a un masaje\u201d. La distribuci\u00f3n del rodillo de cepillo dise\u00f1ado profesionalmente garantiza una presi\u00f3n uniforme sobre los c\u00edtricos, lo que resulta en tasas de da\u00f1o extremadamente bajas.<\/p>\n<p><strong>\u00bfPuede eliminar la cera comestible de la superficie de los c\u00edtricos?<\/strong><br \/>\nS\u00ed. La limpieza con cepillo puede eliminar eficazmente la mayor parte de la cera comestible natural o aplicada artificialmente, lo cual es necesario para muchos pasos de procesamiento (como antes de encerar fruta fresca). Si necesita retener la capa de cera, puede optar por reducir la intensidad del cepillado o elegir una soluci\u00f3n de limpieza con burbujas.<\/p>\n<p><strong>\u00bfSe ver\u00e1 afectada la vida \u00fatil de los c\u00edtricos despu\u00e9s de limpiarlos?<\/strong><br \/>\nR: Al contrario, la limpieza prolongar\u00e1 su vida \u00fatil. Al eliminar microorganismos e impurezas que aceleran el deterioro de la superficie, y combinado con un procesamiento posterior adecuado (como tratamiento antis\u00e9ptico y envasado graduado), la vida comercial de los c\u00edtricos puede extenderse eficazmente.<\/p>\n<p><strong>\u00bfOfrecen servicios de instalaci\u00f3n internacionales?<\/strong><br \/>\nA: S\u00ed. Tenemos una amplia experiencia en proyectos internacionales y podemos proporcionar log\u00edstica puerta a puerta, asistencia en el despacho de aduanas y servicios profesionales de instalaci\u00f3n y puesta en marcha en el extranjero. Nuestros ingenieros pueden viajar a su f\u00e1brica para guiar la instalaci\u00f3n y la capacitaci\u00f3n operativa hasta que la l\u00ednea de producci\u00f3n funcione sin problemas.<\/p>\n<h2>Obtenga su soluci\u00f3n profesional de limpieza de c\u00edtricos<\/h2>\n\n<div class=\"wpcf7 no-js\" id=\"wpcf7-f556-o1\" lang=\"zh-CN\" dir=\"ltr\" data-wpcf7-id=\"556\">\n<div class=\"screen-reader-response\"><p role=\"status\" aria-live=\"polite\" aria-atomic=\"true\"><\/p> <ul><\/ul><\/div>\n<form action=\"\/es\/wp-json\/wp\/v2\/product\/2304#wpcf7-f556-o1\" method=\"post\" class=\"wpcf7-form init\" aria-label=\"\u7559\u8a00\u8868\u5355\" novalidate=\"novalidate\" data-status=\"init\" data-trp-original-action=\"\/es\/wp-json\/wp\/v2\/product\/2304#wpcf7-f556-o1\">\n<fieldset class=\"hidden-fields-container\"><input type=\"hidden\" name=\"_wpcf7\" value=\"556\" \/><input type=\"hidden\" name=\"_wpcf7_version\" value=\"6.1.3\" \/><input type=\"hidden\" name=\"_wpcf7_locale\" value=\"zh_CN\" \/><input type=\"hidden\" name=\"_wpcf7_unit_tag\" value=\"wpcf7-f556-o1\" \/><input type=\"hidden\" name=\"_wpcf7_container_post\" value=\"0\" \/><input type=\"hidden\" name=\"_wpcf7_posted_data_hash\" value=\"\" \/>\n<\/fieldset>\n<p><label> Tu Nombre*<br \/>\n<span class=\"wpcf7-form-control-wrap\" data-name=\"your-name\"><input size=\"40\" maxlength=\"400\" class=\"wpcf7-form-control wpcf7-text wpcf7-validates-as-required\" aria-required=\"true\" aria-invalid=\"false\" value=\"\" type=\"text\" name=\"your-name\" \/><\/span> <\/label>\n<\/p>\n<p><label> Tu pa\u00eds<br \/>\n<span class=\"wpcf7-form-control-wrap\" data-name=\"your-country\"><input size=\"40\" maxlength=\"400\" class=\"wpcf7-form-control wpcf7-text\" aria-invalid=\"false\" value=\"\" type=\"text\" name=\"your-country\" \/><\/span><\/label>\n<\/p>\n<p><label> Tu correo electr\u00f3nico*<br \/>\n<span class=\"wpcf7-form-control-wrap\" data-name=\"your-email\"><input size=\"40\" maxlength=\"400\" class=\"wpcf7-form-control wpcf7-email wpcf7-validates-as-required wpcf7-text wpcf7-validates-as-email\" aria-required=\"true\" aria-invalid=\"false\" value=\"\" type=\"email\" name=\"your-email\" \/><\/span> <\/label>\n<\/p>\n<p><label> Tu tel\u00e9fono<br \/>\n<span class=\"wpcf7-form-control-wrap\" data-name=\"your-phone\"><input size=\"40\" maxlength=\"400\" class=\"wpcf7-form-control wpcf7-tel wpcf7-text wpcf7-validates-as-tel\" aria-invalid=\"false\" value=\"\" type=\"tel\" name=\"your-phone\" \/><\/span> <\/label>\n<\/p>\n<p><label> El Nombre de Tu Empresa<br \/>\n<span class=\"wpcf7-form-control-wrap\" data-name=\"text-457\"><input size=\"40\" maxlength=\"400\" class=\"wpcf7-form-control wpcf7-text\" aria-invalid=\"false\" value=\"\" type=\"text\" name=\"text-457\" \/><\/span> <\/label>\n<\/p>\n<p><label> El sitio web de tu empresa<br \/>\n<span class=\"wpcf7-form-control-wrap\" data-name=\"text-546\"><input size=\"40\" maxlength=\"400\" class=\"wpcf7-form-control wpcf7-text\" aria-invalid=\"false\" value=\"\" type=\"text\" name=\"text-546\" \/><\/span> <\/label>\n<\/p>\n<p><label> Tu requisito*<br \/>\n<span class=\"wpcf7-form-control-wrap\" data-name=\"your-message\"><textarea cols=\"40\" rows=\"10\" maxlength=\"2000\" class=\"wpcf7-form-control wpcf7-textarea wpcf7-validates-as-required\" aria-required=\"true\" aria-invalid=\"false\" name=\"your-message\"><\/textarea><\/span> <\/label>\n<\/p>\n<p><input class=\"wpcf7-form-control wpcf7-submit has-spinner\" type=\"submit\" value=\"Enviar\" \/>\n<\/p><p style=\"display: none !important;\" class=\"akismet-fields-container\" data-prefix=\"_wpcf7_ak_\"><label>Delta<textarea name=\"_wpcf7_ak_hp_textarea\" cols=\"45\" rows=\"8\" maxlength=\"100\"><\/textarea><\/label><input type=\"hidden\" id=\"ak_js_1\" name=\"_wpcf7_ak_js\" value=\"151\"\/><script>document.getElementById( \"ak_js_1\" ).setAttribute( \"value\", ( new Date() ).getTime() );<\/script><\/p><div class=\"wpcf7-response-output\" aria-hidden=\"true\"><\/div>\n<input type=\"hidden\" name=\"trp-form-language\" value=\"es\"\/><\/form>\n<\/div>","protected":false},"excerpt":{"rendered":"<p>Par\u00e1metros B\u00e1sicos de Configuraci\u00f3n de la M\u00e1quina de Limpieza y Lavado de C\u00edtricos<\/p>\n<ul>\n<li>Capacidad de procesamiento: 2-10 toneladas\/hora (personalizable)<\/li>\n<li>Material del cepillo: Nailon\/PP de grado alimenticio<\/li>\n<li>Potencia: 7.5-22kW<\/li>\n<li>Consumo de agua: 1-3 toneladas\/hora (en modo de recirculaci\u00f3n)<\/li>\n<li>Material del cuerpo: Cuerpo principal fabricado en acero inoxidable SUS304<\/li>\n<\/ul>","protected":false},"featured_media":2308,"comment_status":"open","ping_status":"closed","template":"","meta":{"site-sidebar-layout":"default","site-content-layout":"","ast-site-content-layout":"default","site-content-style":"default","site-sidebar-style":"default","ast-global-header-display":"","ast-banner-title-visibility":"","ast-main-header-display":"","ast-hfb-above-header-display":"","ast-hfb-below-header-display":"","ast-hfb-mobile-header-display":"","site-post-title":"","ast-breadcrumbs-content":"","ast-featured-img":"","footer-sml-layout":"","theme-transparent-header-meta":"default","adv-header-id-meta":"","stick-header-meta":"","header-above-stick-meta":"","header-main-stick-meta":"","header-below-stick-meta":"","astra-migrate-meta-layouts":"set","ast-page-background-enabled":"default","ast-page-background-meta":{"desktop":{"background-color":"var(--ast-global-color-4)","background-image":"","background-repeat":"repeat","background-position":"center center","background-size":"auto","background-attachment":"scroll","background-type":"","background-media":"","overlay-type":"","overlay-color":"","overlay-opacity":"","overlay-gradient":""},"tablet":{"background-color":"","background-image":"","background-repeat":"repeat","background-position":"center center","background-size":"auto","background-attachment":"scroll","background-type":"","background-media":"","overlay-type":"","overlay-color":"","overlay-opacity":"","overlay-gradient":""},"mobile":{"background-color":"","background-image":"","background-repeat":"repeat","background-position":"center center","background-size":"auto","background-attachment":"scroll","background-type":"","background-media":"","overlay-type":"","overlay-color":"","overlay-opacity":"","overlay-gradient":""}},"ast-content-background-meta":{"desktop":{"background-color":"var(--ast-global-color-5)","background-image":"","background-repeat":"repeat","background-position":"center center","background-size":"auto","background-attachment":"scroll","background-type":"","background-media":"","overlay-type":"","overlay-color":"","overlay-opacity":"","overlay-gradient":""},"tablet":{"background-color":"var(--ast-global-color-5)","background-image":"","background-repeat":"repeat","background-position":"center center","background-size":"auto","background-attachment":"scroll","background-type":"","background-media":"","overlay-type":"","overlay-color":"","overlay-opacity":"","overlay-gradient":""},"mobile":{"background-color":"var(--ast-global-color-5)","background-image":"","background-repeat":"repeat","background-position":"center center","background-size":"auto","background-attachment":"scroll","background-type":"","background-media":"","overlay-type":"","overlay-color":"","overlay-opacity":"","overlay-gradient":""}}},"product_brand":[],"product_cat":[19],"product_tag":[],"class_list":{"0":"post-2304","1":"product","2":"type-product","3":"status-publish","4":"has-post-thumbnail","6":"product_cat-product-washing","7":"desktop-align-left","8":"tablet-align-left","9":"mobile-align-left","11":"first","12":"instock","13":"shipping-taxable","14":"product-type-simple"},"yoast_head":"<!-- This site is optimized with the Yoast SEO plugin v26.2 - https:\/\/yoast.com\/wordpress\/plugins\/seo\/ -->\n<title>Citrus Cleaning and Washing Machine | Brush Washer - GELGOOG<\/title>\n<meta name=\"description\" content=\"Professional citrus brush washing machine removes dirt, wax &amp; residues from oranges, lemons, grapefruits. High capacity, low damage, water recycling.\" \/>\n<meta name=\"robots\" content=\"index, follow, max-snippet:-1, max-image-preview:large, max-video-preview:-1\" \/>\n<link rel=\"canonical\" href=\"https:\/\/www.gelgoogsort.com\/es\/product\/citrus-cleaning-and-washing-machine\/\" \/>\n<meta property=\"og:locale\" content=\"es_ES\" \/>\n<meta property=\"og:type\" content=\"article\" \/>\n<meta property=\"og:title\" content=\"Citrus Cleaning and Washing Machine | Brush Washer - GELGOOG\" \/>\n<meta property=\"og:description\" content=\"Professional citrus brush washing machine removes dirt, wax &amp; residues from oranges, lemons, grapefruits. High capacity, low damage, water recycling.\" \/>\n<meta property=\"og:url\" content=\"https:\/\/www.gelgoogsort.com\/es\/product\/citrus-cleaning-and-washing-machine\/\" \/>\n<meta property=\"og:site_name\" content=\"GELGOOG\" \/>\n<meta property=\"article:publisher\" content=\"https:\/\/www.facebook.com\/profile.php?id=100095205040823\" \/>\n<meta property=\"og:image\" content=\"https:\/\/www.gelgoogsort.com\/wp-content\/uploads\/2025\/12\/citrus-cleaning-and-washing-machine.jpg\" \/>\n\t<meta property=\"og:image:width\" content=\"600\" \/>\n\t<meta property=\"og:image:height\" content=\"600\" \/>\n\t<meta property=\"og:image:type\" content=\"image\/jpeg\" \/>\n<meta name=\"twitter:card\" content=\"summary_large_image\" \/>\n<meta name=\"twitter:label1\" content=\"Tiempo de lectura\" \/>\n\t<meta name=\"twitter:data1\" content=\"4 minutos\" \/>\n<script type=\"application\/ld+json\" class=\"yoast-schema-graph\">{\"@context\":\"https:\/\/schema.org\",\"@graph\":[{\"@type\":\"WebPage\",\"@id\":\"https:\/\/www.gelgoogsort.com\/product\/citrus-cleaning-and-washing-machine\/\",\"url\":\"https:\/\/www.gelgoogsort.com\/product\/citrus-cleaning-and-washing-machine\/\",\"name\":\"Citrus Cleaning and Washing Machine | Brush Washer - GELGOOG\",\"isPartOf\":{\"@id\":\"https:\/\/www.gelgoogsort.com\/#website\"},\"primaryImageOfPage\":{\"@id\":\"https:\/\/www.gelgoogsort.com\/product\/citrus-cleaning-and-washing-machine\/#primaryimage\"},\"image\":{\"@id\":\"https:\/\/www.gelgoogsort.com\/product\/citrus-cleaning-and-washing-machine\/#primaryimage\"},\"thumbnailUrl\":\"https:\/\/www.gelgoogsort.com\/wp-content\/uploads\/2025\/12\/citrus-cleaning-and-washing-machine.jpg\",\"datePublished\":\"2025-12-25T09:58:58+00:00\",\"description\":\"Professional citrus brush washing machine removes dirt, wax & residues from oranges, lemons, grapefruits. High capacity, low damage, water recycling.\",\"breadcrumb\":{\"@id\":\"https:\/\/www.gelgoogsort.com\/product\/citrus-cleaning-and-washing-machine\/#breadcrumb\"},\"inLanguage\":\"es\",\"potentialAction\":[{\"@type\":\"ReadAction\",\"target\":[\"https:\/\/www.gelgoogsort.com\/product\/citrus-cleaning-and-washing-machine\/\"]}]},{\"@type\":\"ImageObject\",\"inLanguage\":\"es\",\"@id\":\"https:\/\/www.gelgoogsort.com\/product\/citrus-cleaning-and-washing-machine\/#primaryimage\",\"url\":\"https:\/\/www.gelgoogsort.com\/wp-content\/uploads\/2025\/12\/citrus-cleaning-and-washing-machine.jpg\",\"contentUrl\":\"https:\/\/www.gelgoogsort.com\/wp-content\/uploads\/2025\/12\/citrus-cleaning-and-washing-machine.jpg\",\"width\":600,\"height\":600,\"caption\":\"citrus-cleaning-and-washing-machine\"},{\"@type\":\"BreadcrumbList\",\"@id\":\"https:\/\/www.gelgoogsort.com\/product\/citrus-cleaning-and-washing-machine\/#breadcrumb\",\"itemListElement\":[{\"@type\":\"ListItem\",\"position\":1,\"name\":\"Home\",\"item\":\"https:\/\/www.gelgoogsort.com\/\"},{\"@type\":\"ListItem\",\"position\":2,\"name\":\"Product\",\"item\":\"https:\/\/www.gelgoogsort.com\/product\/\"},{\"@type\":\"ListItem\",\"position\":3,\"name\":\"Citrus Cleaning and Washing Machine | Brush Washer\"}]},{\"@type\":\"WebSite\",\"@id\":\"https:\/\/www.gelgoogsort.com\/#website\",\"url\":\"https:\/\/www.gelgoogsort.com\/\",\"name\":\"gelgoogsort\",\"description\":\"\",\"publisher\":{\"@id\":\"https:\/\/www.gelgoogsort.com\/#organization\"},\"potentialAction\":[{\"@type\":\"SearchAction\",\"target\":{\"@type\":\"EntryPoint\",\"urlTemplate\":\"https:\/\/www.gelgoogsort.com\/?s={search_term_string}\"},\"query-input\":{\"@type\":\"PropertyValueSpecification\",\"valueRequired\":true,\"valueName\":\"search_term_string\"}}],\"inLanguage\":\"es\"},{\"@type\":\"Organization\",\"@id\":\"https:\/\/www.gelgoogsort.com\/#organization\",\"name\":\"gelgoogsort\",\"url\":\"https:\/\/www.gelgoogsort.com\/\",\"logo\":{\"@type\":\"ImageObject\",\"inLanguage\":\"es\",\"@id\":\"https:\/\/www.gelgoogsort.com\/#\/schema\/logo\/image\/\",\"url\":\"https:\/\/www.gelgoogsort.com\/wp-content\/uploads\/2025\/11\/cropped-ff1a81696eef4f4590a809e30a6985e4.png\",\"contentUrl\":\"https:\/\/www.gelgoogsort.com\/wp-content\/uploads\/2025\/11\/cropped-ff1a81696eef4f4590a809e30a6985e4.png\",\"width\":512,\"height\":512,\"caption\":\"gelgoogsort\"},\"image\":{\"@id\":\"https:\/\/www.gelgoogsort.com\/#\/schema\/logo\/image\/\"},\"sameAs\":[\"https:\/\/www.facebook.com\/profile.php?id=100095205040823\"]}]}<\/script>\n<!-- \/ Yoast SEO plugin. -->","yoast_head_json":{"title":"Limpieza de c\u00edtricos y lavadora | Lavadora de cepillos - GELGOOG","description":"M\u00e1quina lavadora profesional de cepillos para c\u00edtricos elimina suciedad, cera y residuos de naranjas, limones y pomelos. Alta capacidad, bajo da\u00f1o, reciclaje de agua.","robots":{"index":"index","follow":"follow","max-snippet":"max-snippet:-1","max-image-preview":"max-image-preview:large","max-video-preview":"max-video-preview:-1"},"canonical":"https:\/\/www.gelgoogsort.com\/es\/product\/citrus-cleaning-and-washing-machine\/","og_locale":"es_ES","og_type":"article","og_title":"Citrus Cleaning and Washing Machine | Brush Washer - GELGOOG","og_description":"Professional citrus brush washing machine removes dirt, wax & residues from oranges, lemons, grapefruits. High capacity, low damage, water recycling.","og_url":"https:\/\/www.gelgoogsort.com\/es\/product\/citrus-cleaning-and-washing-machine\/","og_site_name":"GELGOOG","article_publisher":"https:\/\/www.facebook.com\/profile.php?id=100095205040823","og_image":[{"width":600,"height":600,"url":"https:\/\/www.gelgoogsort.com\/wp-content\/uploads\/2025\/12\/citrus-cleaning-and-washing-machine.jpg","type":"image\/jpeg"}],"twitter_card":"summary_large_image","twitter_misc":{"Tiempo de lectura":"4 minutos"},"schema":{"@context":"https:\/\/schema.org","@graph":[{"@type":"WebPage","@id":"https:\/\/www.gelgoogsort.com\/product\/citrus-cleaning-and-washing-machine\/","url":"https:\/\/www.gelgoogsort.com\/product\/citrus-cleaning-and-washing-machine\/","name":"Limpieza de c\u00edtricos y lavadora | Lavadora de cepillos - GELGOOG","isPartOf":{"@id":"https:\/\/www.gelgoogsort.com\/#website"},"primaryImageOfPage":{"@id":"https:\/\/www.gelgoogsort.com\/product\/citrus-cleaning-and-washing-machine\/#primaryimage"},"image":{"@id":"https:\/\/www.gelgoogsort.com\/product\/citrus-cleaning-and-washing-machine\/#primaryimage"},"thumbnailUrl":"https:\/\/www.gelgoogsort.com\/wp-content\/uploads\/2025\/12\/citrus-cleaning-and-washing-machine.jpg","datePublished":"2025-12-25T09:58:58+00:00","description":"M\u00e1quina lavadora profesional de cepillos para c\u00edtricos elimina suciedad, cera y residuos de naranjas, limones y pomelos. Alta capacidad, bajo da\u00f1o, reciclaje de agua.","breadcrumb":{"@id":"https:\/\/www.gelgoogsort.com\/product\/citrus-cleaning-and-washing-machine\/#breadcrumb"},"inLanguage":"es","potentialAction":[{"@type":"ReadAction","target":["https:\/\/www.gelgoogsort.com\/product\/citrus-cleaning-and-washing-machine\/"]}]},{"@type":"ImageObject","inLanguage":"es","@id":"https:\/\/www.gelgoogsort.com\/product\/citrus-cleaning-and-washing-machine\/#primaryimage","url":"https:\/\/www.gelgoogsort.com\/wp-content\/uploads\/2025\/12\/citrus-cleaning-and-washing-machine.jpg","contentUrl":"https:\/\/www.gelgoogsort.com\/wp-content\/uploads\/2025\/12\/citrus-cleaning-and-washing-machine.jpg","width":600,"height":600,"caption":"citrus-cleaning-and-washing-machine"},{"@type":"BreadcrumbList","@id":"https:\/\/www.gelgoogsort.com\/product\/citrus-cleaning-and-washing-machine\/#breadcrumb","itemListElement":[{"@type":"ListItem","position":1,"name":"Home","item":"https:\/\/www.gelgoogsort.com\/"},{"@type":"ListItem","position":2,"name":"Product","item":"https:\/\/www.gelgoogsort.com\/product\/"},{"@type":"ListItem","position":3,"name":"Citrus Cleaning and Washing Machine | Brush Washer"}]},{"@type":"WebSite","@id":"https:\/\/www.gelgoogsort.com\/#website","url":"https:\/\/www.gelgoogsort.com\/","name":"gelgoogsort","description":"","publisher":{"@id":"https:\/\/www.gelgoogsort.com\/#organization"},"potentialAction":[{"@type":"SearchAction","target":{"@type":"EntryPoint","urlTemplate":"https:\/\/www.gelgoogsort.com\/?s={search_term_string}"},"query-input":{"@type":"PropertyValueSpecification","valueRequired":true,"valueName":"search_term_string"}}],"inLanguage":"es"},{"@type":"Organization","@id":"https:\/\/www.gelgoogsort.com\/#organization","name":"gelgoogsort","url":"https:\/\/www.gelgoogsort.com\/","logo":{"@type":"ImageObject","inLanguage":"es","@id":"https:\/\/www.gelgoogsort.com\/#\/schema\/logo\/image\/","url":"https:\/\/www.gelgoogsort.com\/wp-content\/uploads\/2025\/11\/cropped-ff1a81696eef4f4590a809e30a6985e4.png","contentUrl":"https:\/\/www.gelgoogsort.com\/wp-content\/uploads\/2025\/11\/cropped-ff1a81696eef4f4590a809e30a6985e4.png","width":512,"height":512,"caption":"gelgoogsort"},"image":{"@id":"https:\/\/www.gelgoogsort.com\/#\/schema\/logo\/image\/"},"sameAs":["https:\/\/www.facebook.com\/profile.php?id=100095205040823"]}]}},"_links":{"self":[{"href":"https:\/\/www.gelgoogsort.com\/es\/wp-json\/wp\/v2\/product\/2304","targetHints":{"allow":["GET"]}}],"collection":[{"href":"https:\/\/www.gelgoogsort.com\/es\/wp-json\/wp\/v2\/product"}],"about":[{"href":"https:\/\/www.gelgoogsort.com\/es\/wp-json\/wp\/v2\/types\/product"}],"replies":[{"embeddable":true,"href":"https:\/\/www.gelgoogsort.com\/es\/wp-json\/wp\/v2\/comments?post=2304"}],"wp:featuredmedia":[{"embeddable":true,"href":"https:\/\/www.gelgoogsort.com\/es\/wp-json\/wp\/v2\/media\/2308"}],"wp:attachment":[{"href":"https:\/\/www.gelgoogsort.com\/es\/wp-json\/wp\/v2\/media?parent=2304"}],"wp:term":[{"taxonomy":"product_brand","embeddable":true,"href":"https:\/\/www.gelgoogsort.com\/es\/wp-json\/wp\/v2\/product_brand?post=2304"},{"taxonomy":"product_cat","embeddable":true,"href":"https:\/\/www.gelgoogsort.com\/es\/wp-json\/wp\/v2\/product_cat?post=2304"},{"taxonomy":"product_tag","embeddable":true,"href":"https:\/\/www.gelgoogsort.com\/es\/wp-json\/wp\/v2\/product_tag?post=2304"}],"curies":[{"name":"wp","href":"https:\/\/api.w.org\/{rel}","templated":true}]}}