{"id":2318,"date":"2025-12-31T16:11:59","date_gmt":"2025-12-31T08:11:59","guid":{"rendered":"https:\/\/www.gelgoogsort.com\/?post_type=product&#038;p=2318"},"modified":"2025-12-31T16:11:59","modified_gmt":"2025-12-31T08:11:59","slug":"pandan-leaves-washing-and-cutting-machine","status":"publish","type":"product","link":"https:\/\/www.gelgoogsort.com\/es\/product\/pandan-leaves-washing-and-cutting-machine\/","title":{"rendered":"M\u00e1quina lavadora y cortadora de hojas de pandan | GELGOOG"},"content":{"rendered":"<p>Nuestra avanzada M\u00e1quina Lavadora y Cortadora de Hojas de Pandan es una soluci\u00f3n integrada revolucionaria dise\u00f1ada espec\u00edficamente para procesar hojas de pandan y otras verduras de hoja.<\/p>\n<p>Este equipo multifuncional combina un sistema de lavado con burbujas de alta eficiencia y tecnolog\u00eda de corte de precisi\u00f3n, lo que lo convierte en una herramienta esencial para f\u00e1bricas de procesamiento de alimentos, fabricantes de bebidas y procesadores de productos agr\u00edcolas.<\/p>\n<p><img fetchpriority=\"high\" decoding=\"async\" class=\"alignnone size-full wp-image-2320\" src=\"https:\/\/www.gelgoogsort.com\/wp-content\/uploads\/2025\/12\/pandan-leaves-washing-and-cutting-machine.jpg\" alt=\"m\u00e1quina para lavar y cortar hojas de pandan\" width=\"800\" height=\"500\" srcset=\"https:\/\/www.gelgoogsort.com\/wp-content\/uploads\/2025\/12\/pandan-leaves-washing-and-cutting-machine.jpg 800w, https:\/\/www.gelgoogsort.com\/wp-content\/uploads\/2025\/12\/pandan-leaves-washing-and-cutting-machine-300x188.jpg 300w, https:\/\/www.gelgoogsort.com\/wp-content\/uploads\/2025\/12\/pandan-leaves-washing-and-cutting-machine-768x480.jpg 768w, https:\/\/www.gelgoogsort.com\/wp-content\/uploads\/2025\/12\/pandan-leaves-washing-and-cutting-machine-600x375.jpg 600w, https:\/\/www.gelgoogsort.com\/wp-content\/uploads\/2025\/12\/pandan-leaves-washing-and-cutting-machine-64x40.jpg 64w\" sizes=\"(max-width: 800px) 100vw, 800px\" \/><\/p>\n<h2>Funciones Principales del Equipo de la M\u00e1quina Lavadora y Cortadora de Hojas de Pandan:<\/h2>\n<ol>\n<li>\n<h3>Sistema de Limpieza Automatizado<\/h3>\n<\/li>\n<\/ol>\n<ul>\n<li>Tanque de pre-limpieza: Remueve el polvo y las impurezas superficiales<\/li>\n<li>Dispositivo de limpieza de burbujas: Limpia profundamente los pliegues de las hojas mediante la oscilaci\u00f3n de burbujas<\/li>\n<li>Sistema de pulverizaci\u00f3n a alta presi\u00f3n: Enjuaga a fondo la suciedad residual<\/li>\n<li>Equipo de deshidrataci\u00f3n: Elimina el exceso de agua mediante una pantalla vibratoria y deshidrataci\u00f3n centr\u00edfuga<\/li>\n<\/ul>\n<p><iframe title=\"L\u00ednea de Producci\u00f3n para Lavado de Verduras de Hoja | GELGOOG\" width=\"500\" height=\"281\" src=\"https:\/\/www.youtube.com\/embed\/HeVqAeuafuo?feature=oembed\" frameborder=\"0\" allow=\"accelerometer; autoplay; clipboard-write; encrypted-media; gyroscope; picture-in-picture; web-share\" referrerpolicy=\"strict-origin-when-cross-origin\" allowfullscreen><\/iframe><\/p>\n<ol start=\"2\">\n<li>\n<h3>Sistema de Corte Inteligente<\/h3>\n<\/li>\n<\/ol>\n<ul>\n<li>Dispositivo de alimentaci\u00f3n autom\u00e1tica: Transporta suavemente las hojas de pandan limpias<\/li>\n<li>Dise\u00f1o multicuchilla: Se pueden reemplazar diferentes cuchillas seg\u00fan sea necesario<\/li>\n<li>Especificaciones de corte ajustables: Rebanadas (0.2-2 cm), tiras o juliana<\/li>\n<li>Dise\u00f1o anti-enredos: La estructura especial del eje de la cuchilla evita el enredo de las hojas<\/li>\n<\/ul>\n<p><img decoding=\"async\" class=\"alignnone size-full wp-image-2321\" src=\"https:\/\/www.gelgoogsort.com\/wp-content\/uploads\/2025\/12\/pandan-leaves-washing-machine.jpg\" alt=\"lavadora de hojas de pandan\" width=\"800\" height=\"500\" srcset=\"https:\/\/www.gelgoogsort.com\/wp-content\/uploads\/2025\/12\/pandan-leaves-washing-machine.jpg 800w, https:\/\/www.gelgoogsort.com\/wp-content\/uploads\/2025\/12\/pandan-leaves-washing-machine-300x188.jpg 300w, https:\/\/www.gelgoogsort.com\/wp-content\/uploads\/2025\/12\/pandan-leaves-washing-machine-768x480.jpg 768w, https:\/\/www.gelgoogsort.com\/wp-content\/uploads\/2025\/12\/pandan-leaves-washing-machine-600x375.jpg 600w, https:\/\/www.gelgoogsort.com\/wp-content\/uploads\/2025\/12\/pandan-leaves-washing-machine-64x40.jpg 64w\" sizes=\"(max-width: 800px) 100vw, 800px\" \/><\/p>\n<h2>Nuestra m\u00e1quina procesadora de hojas de pandan<\/h2>\n<p>\u2705 Materiales de grado alimenticio: todas las partes de contacto est\u00e1n hechas de acero inoxidable SUS304<br \/>\n\u2705 Protecci\u00f3n de Seguridad \u2013 Dispositivos de parada de emergencia y protecci\u00f3n contra apagado<br \/>\n\u2705 Operaci\u00f3n Sencilla \u2013 Panel de control intuitivo con ajuste de velocidad<br \/>\n\u2705 Bajo mantenimiento \u2013 Dise\u00f1o de acceso r\u00e1pido para limpieza y mantenimiento<br \/>\n\u2705 Personalizable: Soluciones a medida para necesidades de producci\u00f3n espec\u00edficas<\/p>\n<p><img decoding=\"async\" class=\"alignnone size-full wp-image-2322\" src=\"https:\/\/www.gelgoogsort.com\/wp-content\/uploads\/2025\/12\/pandan-leaves-washing-machines.jpg\" alt=\"m\u00e1quinas de lavado de hojas de pandan\" width=\"800\" height=\"500\" srcset=\"https:\/\/www.gelgoogsort.com\/wp-content\/uploads\/2025\/12\/pandan-leaves-washing-machines.jpg 800w, https:\/\/www.gelgoogsort.com\/wp-content\/uploads\/2025\/12\/pandan-leaves-washing-machines-300x188.jpg 300w, https:\/\/www.gelgoogsort.com\/wp-content\/uploads\/2025\/12\/pandan-leaves-washing-machines-768x480.jpg 768w, https:\/\/www.gelgoogsort.com\/wp-content\/uploads\/2025\/12\/pandan-leaves-washing-machines-600x375.jpg 600w, https:\/\/www.gelgoogsort.com\/wp-content\/uploads\/2025\/12\/pandan-leaves-washing-machines-64x40.jpg 64w\" sizes=\"(max-width: 800px) 100vw, 800px\" \/><\/p>\n<h2>\u00bfPor qu\u00e9 elegir la m\u00e1quina lavadora y cortadora de hojas de pandan de GELGOOG?<\/h2>\n<p>En la competitiva industria del procesamiento de alimentos, la eficiencia, la calidad y el cumplimiento son innegociables. Nuestra m\u00e1quina cumple en todos los frentes:<\/p>\n<p>Maximizar el ROI: Al reducir los costos de mano de obra, minimizar el desperdicio y aumentar la producci\u00f3n, la m\u00e1quina le ayuda a lograr una mayor rentabilidad y a escalar su negocio.<\/p>\n<p>Cumplimiento de la Seguridad Alimentaria: Al cumplir con las normas internacionales de seguridad alimentaria, el dise\u00f1o higi\u00e9nico de la m\u00e1quina y sus componentes de f\u00e1cil limpieza garantizan que sus productos de pandan sean seguros para el consumo y cumplan con las regulaciones del mercado.<\/p>\n<p>Soluciones a Medida: El equipo de expertos de GELGOOG ofrece un an\u00e1lisis en profundidad de sus necesidades de producci\u00f3n, proporcionando ajustes personalizados a la m\u00e1quina para abordar desaf\u00edos \u00fanicos, ya sea que est\u00e9 procesando hojas frescas de pandan, productos congelados o variantes org\u00e1nicas.<\/p>\n<p>Elija la M\u00e1quina Lavadora y Cortadora de Hojas de Pandan de GELGOOG para transformar su l\u00ednea de producci\u00f3n y ofrecer productos de primera calidad a sus clientes.<\/p>\n<p>&nbsp;<\/p>\n<h2>Cont\u00e1ctenos para obtener informaci\u00f3n relevante.<\/h2>\n\n<div class=\"wpcf7 no-js\" id=\"wpcf7-f556-o1\" lang=\"zh-CN\" dir=\"ltr\" data-wpcf7-id=\"556\">\n<div class=\"screen-reader-response\"><p role=\"status\" aria-live=\"polite\" aria-atomic=\"true\"><\/p> <ul><\/ul><\/div>\n<form action=\"\/es\/wp-json\/wp\/v2\/product\/2318#wpcf7-f556-o1\" method=\"post\" class=\"wpcf7-form init\" aria-label=\"\u7559\u8a00\u8868\u5355\" novalidate=\"novalidate\" data-status=\"init\" data-trp-original-action=\"\/es\/wp-json\/wp\/v2\/product\/2318#wpcf7-f556-o1\">\n<fieldset class=\"hidden-fields-container\"><input type=\"hidden\" name=\"_wpcf7\" value=\"556\" \/><input type=\"hidden\" name=\"_wpcf7_version\" value=\"6.1.3\" \/><input type=\"hidden\" name=\"_wpcf7_locale\" value=\"zh_CN\" \/><input type=\"hidden\" name=\"_wpcf7_unit_tag\" value=\"wpcf7-f556-o1\" \/><input type=\"hidden\" name=\"_wpcf7_container_post\" value=\"0\" \/><input type=\"hidden\" name=\"_wpcf7_posted_data_hash\" value=\"\" \/>\n<\/fieldset>\n<p><label> Tu Nombre*<br \/>\n<span class=\"wpcf7-form-control-wrap\" data-name=\"your-name\"><input size=\"40\" maxlength=\"400\" class=\"wpcf7-form-control wpcf7-text wpcf7-validates-as-required\" aria-required=\"true\" aria-invalid=\"false\" value=\"\" type=\"text\" name=\"your-name\" \/><\/span> <\/label>\n<\/p>\n<p><label> Tu pa\u00eds<br \/>\n<span class=\"wpcf7-form-control-wrap\" data-name=\"your-country\"><input size=\"40\" maxlength=\"400\" class=\"wpcf7-form-control wpcf7-text\" aria-invalid=\"false\" value=\"\" type=\"text\" name=\"your-country\" \/><\/span><\/label>\n<\/p>\n<p><label> Tu correo electr\u00f3nico*<br \/>\n<span class=\"wpcf7-form-control-wrap\" data-name=\"your-email\"><input size=\"40\" maxlength=\"400\" class=\"wpcf7-form-control wpcf7-email wpcf7-validates-as-required wpcf7-text wpcf7-validates-as-email\" aria-required=\"true\" aria-invalid=\"false\" value=\"\" type=\"email\" name=\"your-email\" \/><\/span> <\/label>\n<\/p>\n<p><label> Tu tel\u00e9fono<br \/>\n<span class=\"wpcf7-form-control-wrap\" data-name=\"your-phone\"><input size=\"40\" maxlength=\"400\" class=\"wpcf7-form-control wpcf7-tel wpcf7-text wpcf7-validates-as-tel\" aria-invalid=\"false\" value=\"\" type=\"tel\" name=\"your-phone\" \/><\/span> <\/label>\n<\/p>\n<p><label> El Nombre de Tu Empresa<br \/>\n<span class=\"wpcf7-form-control-wrap\" data-name=\"text-457\"><input size=\"40\" maxlength=\"400\" class=\"wpcf7-form-control wpcf7-text\" aria-invalid=\"false\" value=\"\" type=\"text\" name=\"text-457\" \/><\/span> <\/label>\n<\/p>\n<p><label> El sitio web de tu empresa<br \/>\n<span class=\"wpcf7-form-control-wrap\" data-name=\"text-546\"><input size=\"40\" maxlength=\"400\" class=\"wpcf7-form-control wpcf7-text\" aria-invalid=\"false\" value=\"\" type=\"text\" name=\"text-546\" \/><\/span> <\/label>\n<\/p>\n<p><label> Tu requisito*<br \/>\n<span class=\"wpcf7-form-control-wrap\" data-name=\"your-message\"><textarea cols=\"40\" rows=\"10\" maxlength=\"2000\" class=\"wpcf7-form-control wpcf7-textarea wpcf7-validates-as-required\" aria-required=\"true\" aria-invalid=\"false\" name=\"your-message\"><\/textarea><\/span> <\/label>\n<\/p>\n<p><input class=\"wpcf7-form-control wpcf7-submit has-spinner\" type=\"submit\" value=\"Enviar\" \/>\n<\/p><p style=\"display: none !important;\" class=\"akismet-fields-container\" data-prefix=\"_wpcf7_ak_\"><label>Delta<textarea name=\"_wpcf7_ak_hp_textarea\" cols=\"45\" rows=\"8\" maxlength=\"100\"><\/textarea><\/label><input type=\"hidden\" id=\"ak_js_1\" name=\"_wpcf7_ak_js\" value=\"63\"\/><script>document.getElementById( \"ak_js_1\" ).setAttribute( \"value\", ( new Date() ).getTime() );<\/script><\/p><div class=\"wpcf7-response-output\" aria-hidden=\"true\"><\/div>\n<input type=\"hidden\" name=\"trp-form-language\" value=\"es\"\/><\/form>\n<\/div>","protected":false},"excerpt":{"rendered":"<p><strong>Aplicaciones<\/strong><\/p>\n<ul>\n<li>Industria de bebidas: Preparaci\u00f3n de extracto de hoja de pandan<\/li>\n<li>Procesamiento de alimentos: Preprocesamiento de hortalizas de hoja<\/li>\n<li>Alimentos Congelados: Pretratamiento antes de la congelaci\u00f3n<\/li>\n<li>Servicios de catering: preparaci\u00f3n de vegetales en cocina central<\/li>\n<li>Productos Agr\u00edcolas: Procesamiento post-cosecha<\/li>\n<\/ul>","protected":false},"featured_media":2319,"comment_status":"open","ping_status":"closed","template":"","meta":{"site-sidebar-layout":"default","site-content-layout":"","ast-site-content-layout":"default","site-content-style":"default","site-sidebar-style":"default","ast-global-header-display":"","ast-banner-title-visibility":"","ast-main-header-display":"","ast-hfb-above-header-display":"","ast-hfb-below-header-display":"","ast-hfb-mobile-header-display":"","site-post-title":"","ast-breadcrumbs-content":"","ast-featured-img":"","footer-sml-layout":"","theme-transparent-header-meta":"default","adv-header-id-meta":"","stick-header-meta":"","header-above-stick-meta":"","header-main-stick-meta":"","header-below-stick-meta":"","astra-migrate-meta-layouts":"set","ast-page-background-enabled":"default","ast-page-background-meta":{"desktop":{"background-color":"var(--ast-global-color-4)","background-image":"","background-repeat":"repeat","background-position":"center center","background-size":"auto","background-attachment":"scroll","background-type":"","background-media":"","overlay-type":"","overlay-color":"","overlay-opacity":"","overlay-gradient":""},"tablet":{"background-color":"","background-image":"","background-repeat":"repeat","background-position":"center center","background-size":"auto","background-attachment":"scroll","background-type":"","background-media":"","overlay-type":"","overlay-color":"","overlay-opacity":"","overlay-gradient":""},"mobile":{"background-color":"","background-image":"","background-repeat":"repeat","background-position":"center center","background-size":"auto","background-attachment":"scroll","background-type":"","background-media":"","overlay-type":"","overlay-color":"","overlay-opacity":"","overlay-gradient":""}},"ast-content-background-meta":{"desktop":{"background-color":"var(--ast-global-color-5)","background-image":"","background-repeat":"repeat","background-position":"center center","background-size":"auto","background-attachment":"scroll","background-type":"","background-media":"","overlay-type":"","overlay-color":"","overlay-opacity":"","overlay-gradient":""},"tablet":{"background-color":"var(--ast-global-color-5)","background-image":"","background-repeat":"repeat","background-position":"center center","background-size":"auto","background-attachment":"scroll","background-type":"","background-media":"","overlay-type":"","overlay-color":"","overlay-opacity":"","overlay-gradient":""},"mobile":{"background-color":"var(--ast-global-color-5)","background-image":"","background-repeat":"repeat","background-position":"center center","background-size":"auto","background-attachment":"scroll","background-type":"","background-media":"","overlay-type":"","overlay-color":"","overlay-opacity":"","overlay-gradient":""}}},"product_brand":[],"product_cat":[19],"product_tag":[],"class_list":{"0":"post-2318","1":"product","2":"type-product","3":"status-publish","4":"has-post-thumbnail","6":"product_cat-product-washing","7":"desktop-align-left","8":"tablet-align-left","9":"mobile-align-left","11":"first","12":"instock","13":"shipping-taxable","14":"product-type-simple"},"yoast_head":"<!-- This site is optimized with the Yoast SEO plugin v26.2 - https:\/\/yoast.com\/wordpress\/plugins\/seo\/ -->\n<title>Pandan Leaves Washing and Cutting Machine | GELGOOG<\/title>\n<meta name=\"description\" content=\"GELGOOG Pandan Leaves Washing and Cutting Machine: High-efficiency cleaning, precise cutting &amp; IoT integration. Boost yield for food processing plants.\" \/>\n<meta name=\"robots\" content=\"index, follow, max-snippet:-1, max-image-preview:large, max-video-preview:-1\" \/>\n<link rel=\"canonical\" href=\"https:\/\/www.gelgoogsort.com\/es\/product\/pandan-leaves-washing-and-cutting-machine\/\" \/>\n<meta property=\"og:locale\" content=\"es_ES\" \/>\n<meta property=\"og:type\" content=\"article\" \/>\n<meta property=\"og:title\" content=\"Pandan Leaves Washing and Cutting Machine | GELGOOG\" \/>\n<meta property=\"og:description\" content=\"GELGOOG Pandan Leaves Washing and Cutting Machine: High-efficiency cleaning, precise cutting &amp; IoT integration. Boost yield for food processing plants.\" \/>\n<meta property=\"og:url\" content=\"https:\/\/www.gelgoogsort.com\/es\/product\/pandan-leaves-washing-and-cutting-machine\/\" \/>\n<meta property=\"og:site_name\" content=\"GELGOOG\" \/>\n<meta property=\"article:publisher\" content=\"https:\/\/www.facebook.com\/profile.php?id=100095205040823\" \/>\n<meta property=\"og:image\" content=\"https:\/\/www.gelgoogsort.com\/wp-content\/uploads\/2025\/12\/pandan-leaves-washing-and-cutting-machines.jpg\" \/>\n\t<meta property=\"og:image:width\" content=\"600\" \/>\n\t<meta property=\"og:image:height\" content=\"600\" \/>\n\t<meta property=\"og:image:type\" content=\"image\/jpeg\" \/>\n<meta name=\"twitter:card\" content=\"summary_large_image\" \/>\n<meta name=\"twitter:label1\" content=\"Tiempo de lectura\" \/>\n\t<meta name=\"twitter:data1\" content=\"3 minutos\" \/>\n<script type=\"application\/ld+json\" class=\"yoast-schema-graph\">{\"@context\":\"https:\/\/schema.org\",\"@graph\":[{\"@type\":\"WebPage\",\"@id\":\"https:\/\/www.gelgoogsort.com\/product\/pandan-leaves-washing-and-cutting-machine\/\",\"url\":\"https:\/\/www.gelgoogsort.com\/product\/pandan-leaves-washing-and-cutting-machine\/\",\"name\":\"Pandan Leaves Washing and Cutting Machine | GELGOOG\",\"isPartOf\":{\"@id\":\"https:\/\/www.gelgoogsort.com\/#website\"},\"primaryImageOfPage\":{\"@id\":\"https:\/\/www.gelgoogsort.com\/product\/pandan-leaves-washing-and-cutting-machine\/#primaryimage\"},\"image\":{\"@id\":\"https:\/\/www.gelgoogsort.com\/product\/pandan-leaves-washing-and-cutting-machine\/#primaryimage\"},\"thumbnailUrl\":\"https:\/\/www.gelgoogsort.com\/wp-content\/uploads\/2025\/12\/pandan-leaves-washing-and-cutting-machines.jpg\",\"datePublished\":\"2025-12-31T08:11:59+00:00\",\"description\":\"GELGOOG Pandan Leaves Washing and Cutting Machine: High-efficiency cleaning, precise cutting & IoT integration. Boost yield for food processing plants.\",\"breadcrumb\":{\"@id\":\"https:\/\/www.gelgoogsort.com\/product\/pandan-leaves-washing-and-cutting-machine\/#breadcrumb\"},\"inLanguage\":\"es\",\"potentialAction\":[{\"@type\":\"ReadAction\",\"target\":[\"https:\/\/www.gelgoogsort.com\/product\/pandan-leaves-washing-and-cutting-machine\/\"]}]},{\"@type\":\"ImageObject\",\"inLanguage\":\"es\",\"@id\":\"https:\/\/www.gelgoogsort.com\/product\/pandan-leaves-washing-and-cutting-machine\/#primaryimage\",\"url\":\"https:\/\/www.gelgoogsort.com\/wp-content\/uploads\/2025\/12\/pandan-leaves-washing-and-cutting-machines.jpg\",\"contentUrl\":\"https:\/\/www.gelgoogsort.com\/wp-content\/uploads\/2025\/12\/pandan-leaves-washing-and-cutting-machines.jpg\",\"width\":600,\"height\":600,\"caption\":\"pandan-leaves-washing-and-cutting-machines\"},{\"@type\":\"BreadcrumbList\",\"@id\":\"https:\/\/www.gelgoogsort.com\/product\/pandan-leaves-washing-and-cutting-machine\/#breadcrumb\",\"itemListElement\":[{\"@type\":\"ListItem\",\"position\":1,\"name\":\"Home\",\"item\":\"https:\/\/www.gelgoogsort.com\/\"},{\"@type\":\"ListItem\",\"position\":2,\"name\":\"Product\",\"item\":\"https:\/\/www.gelgoogsort.com\/product\/\"},{\"@type\":\"ListItem\",\"position\":3,\"name\":\"Pandan Leaves Washing and Cutting Machine | GELGOOG\"}]},{\"@type\":\"WebSite\",\"@id\":\"https:\/\/www.gelgoogsort.com\/#website\",\"url\":\"https:\/\/www.gelgoogsort.com\/\",\"name\":\"gelgoogsort\",\"description\":\"\",\"publisher\":{\"@id\":\"https:\/\/www.gelgoogsort.com\/#organization\"},\"potentialAction\":[{\"@type\":\"SearchAction\",\"target\":{\"@type\":\"EntryPoint\",\"urlTemplate\":\"https:\/\/www.gelgoogsort.com\/?s={search_term_string}\"},\"query-input\":{\"@type\":\"PropertyValueSpecification\",\"valueRequired\":true,\"valueName\":\"search_term_string\"}}],\"inLanguage\":\"es\"},{\"@type\":\"Organization\",\"@id\":\"https:\/\/www.gelgoogsort.com\/#organization\",\"name\":\"gelgoogsort\",\"url\":\"https:\/\/www.gelgoogsort.com\/\",\"logo\":{\"@type\":\"ImageObject\",\"inLanguage\":\"es\",\"@id\":\"https:\/\/www.gelgoogsort.com\/#\/schema\/logo\/image\/\",\"url\":\"https:\/\/www.gelgoogsort.com\/wp-content\/uploads\/2025\/11\/cropped-ff1a81696eef4f4590a809e30a6985e4.png\",\"contentUrl\":\"https:\/\/www.gelgoogsort.com\/wp-content\/uploads\/2025\/11\/cropped-ff1a81696eef4f4590a809e30a6985e4.png\",\"width\":512,\"height\":512,\"caption\":\"gelgoogsort\"},\"image\":{\"@id\":\"https:\/\/www.gelgoogsort.com\/#\/schema\/logo\/image\/\"},\"sameAs\":[\"https:\/\/www.facebook.com\/profile.php?id=100095205040823\"]}]}<\/script>\n<!-- \/ Yoast SEO plugin. -->","yoast_head_json":{"title":"M\u00e1quina lavadora y cortadora de hojas de pandan | GELGOOG","description":"M\u00e1quina de Lavado y Corte de Hojas de Pandan GELGOOG: Limpieza de alta eficiencia, corte preciso e integraci\u00f3n IoT. Aumente el rendimiento para plantas de procesamiento de alimentos.","robots":{"index":"index","follow":"follow","max-snippet":"max-snippet:-1","max-image-preview":"max-image-preview:large","max-video-preview":"max-video-preview:-1"},"canonical":"https:\/\/www.gelgoogsort.com\/es\/product\/pandan-leaves-washing-and-cutting-machine\/","og_locale":"es_ES","og_type":"article","og_title":"Pandan Leaves Washing and Cutting Machine | GELGOOG","og_description":"GELGOOG Pandan Leaves Washing and Cutting Machine: High-efficiency cleaning, precise cutting & IoT integration. Boost yield for food processing plants.","og_url":"https:\/\/www.gelgoogsort.com\/es\/product\/pandan-leaves-washing-and-cutting-machine\/","og_site_name":"GELGOOG","article_publisher":"https:\/\/www.facebook.com\/profile.php?id=100095205040823","og_image":[{"width":600,"height":600,"url":"https:\/\/www.gelgoogsort.com\/wp-content\/uploads\/2025\/12\/pandan-leaves-washing-and-cutting-machines.jpg","type":"image\/jpeg"}],"twitter_card":"summary_large_image","twitter_misc":{"Tiempo de lectura":"3 minutos"},"schema":{"@context":"https:\/\/schema.org","@graph":[{"@type":"WebPage","@id":"https:\/\/www.gelgoogsort.com\/product\/pandan-leaves-washing-and-cutting-machine\/","url":"https:\/\/www.gelgoogsort.com\/product\/pandan-leaves-washing-and-cutting-machine\/","name":"M\u00e1quina lavadora y cortadora de hojas de pandan | GELGOOG","isPartOf":{"@id":"https:\/\/www.gelgoogsort.com\/#website"},"primaryImageOfPage":{"@id":"https:\/\/www.gelgoogsort.com\/product\/pandan-leaves-washing-and-cutting-machine\/#primaryimage"},"image":{"@id":"https:\/\/www.gelgoogsort.com\/product\/pandan-leaves-washing-and-cutting-machine\/#primaryimage"},"thumbnailUrl":"https:\/\/www.gelgoogsort.com\/wp-content\/uploads\/2025\/12\/pandan-leaves-washing-and-cutting-machines.jpg","datePublished":"2025-12-31T08:11:59+00:00","description":"M\u00e1quina de Lavado y Corte de Hojas de Pandan GELGOOG: Limpieza de alta eficiencia, corte preciso e integraci\u00f3n IoT. Aumente el rendimiento para plantas de procesamiento de alimentos.","breadcrumb":{"@id":"https:\/\/www.gelgoogsort.com\/product\/pandan-leaves-washing-and-cutting-machine\/#breadcrumb"},"inLanguage":"es","potentialAction":[{"@type":"ReadAction","target":["https:\/\/www.gelgoogsort.com\/product\/pandan-leaves-washing-and-cutting-machine\/"]}]},{"@type":"ImageObject","inLanguage":"es","@id":"https:\/\/www.gelgoogsort.com\/product\/pandan-leaves-washing-and-cutting-machine\/#primaryimage","url":"https:\/\/www.gelgoogsort.com\/wp-content\/uploads\/2025\/12\/pandan-leaves-washing-and-cutting-machines.jpg","contentUrl":"https:\/\/www.gelgoogsort.com\/wp-content\/uploads\/2025\/12\/pandan-leaves-washing-and-cutting-machines.jpg","width":600,"height":600,"caption":"pandan-leaves-washing-and-cutting-machines"},{"@type":"BreadcrumbList","@id":"https:\/\/www.gelgoogsort.com\/product\/pandan-leaves-washing-and-cutting-machine\/#breadcrumb","itemListElement":[{"@type":"ListItem","position":1,"name":"Home","item":"https:\/\/www.gelgoogsort.com\/"},{"@type":"ListItem","position":2,"name":"Product","item":"https:\/\/www.gelgoogsort.com\/product\/"},{"@type":"ListItem","position":3,"name":"Pandan Leaves Washing and Cutting Machine | GELGOOG"}]},{"@type":"WebSite","@id":"https:\/\/www.gelgoogsort.com\/#website","url":"https:\/\/www.gelgoogsort.com\/","name":"gelgoogsort","description":"","publisher":{"@id":"https:\/\/www.gelgoogsort.com\/#organization"},"potentialAction":[{"@type":"SearchAction","target":{"@type":"EntryPoint","urlTemplate":"https:\/\/www.gelgoogsort.com\/?s={search_term_string}"},"query-input":{"@type":"PropertyValueSpecification","valueRequired":true,"valueName":"search_term_string"}}],"inLanguage":"es"},{"@type":"Organization","@id":"https:\/\/www.gelgoogsort.com\/#organization","name":"gelgoogsort","url":"https:\/\/www.gelgoogsort.com\/","logo":{"@type":"ImageObject","inLanguage":"es","@id":"https:\/\/www.gelgoogsort.com\/#\/schema\/logo\/image\/","url":"https:\/\/www.gelgoogsort.com\/wp-content\/uploads\/2025\/11\/cropped-ff1a81696eef4f4590a809e30a6985e4.png","contentUrl":"https:\/\/www.gelgoogsort.com\/wp-content\/uploads\/2025\/11\/cropped-ff1a81696eef4f4590a809e30a6985e4.png","width":512,"height":512,"caption":"gelgoogsort"},"image":{"@id":"https:\/\/www.gelgoogsort.com\/#\/schema\/logo\/image\/"},"sameAs":["https:\/\/www.facebook.com\/profile.php?id=100095205040823"]}]}},"_links":{"self":[{"href":"https:\/\/www.gelgoogsort.com\/es\/wp-json\/wp\/v2\/product\/2318","targetHints":{"allow":["GET"]}}],"collection":[{"href":"https:\/\/www.gelgoogsort.com\/es\/wp-json\/wp\/v2\/product"}],"about":[{"href":"https:\/\/www.gelgoogsort.com\/es\/wp-json\/wp\/v2\/types\/product"}],"replies":[{"embeddable":true,"href":"https:\/\/www.gelgoogsort.com\/es\/wp-json\/wp\/v2\/comments?post=2318"}],"wp:featuredmedia":[{"embeddable":true,"href":"https:\/\/www.gelgoogsort.com\/es\/wp-json\/wp\/v2\/media\/2319"}],"wp:attachment":[{"href":"https:\/\/www.gelgoogsort.com\/es\/wp-json\/wp\/v2\/media?parent=2318"}],"wp:term":[{"taxonomy":"product_brand","embeddable":true,"href":"https:\/\/www.gelgoogsort.com\/es\/wp-json\/wp\/v2\/product_brand?post=2318"},{"taxonomy":"product_cat","embeddable":true,"href":"https:\/\/www.gelgoogsort.com\/es\/wp-json\/wp\/v2\/product_cat?post=2318"},{"taxonomy":"product_tag","embeddable":true,"href":"https:\/\/www.gelgoogsort.com\/es\/wp-json\/wp\/v2\/product_tag?post=2318"}],"curies":[{"name":"wp","href":"https:\/\/api.w.org\/{rel}","templated":true}]}}