{"id":2411,"date":"2026-02-12T15:42:48","date_gmt":"2026-02-12T07:42:48","guid":{"rendered":"https:\/\/www.gelgoogsort.com\/?post_type=product&#038;p=2411"},"modified":"2026-02-12T15:42:48","modified_gmt":"2026-02-12T07:42:48","slug":"apple-grading-machine","status":"publish","type":"product","link":"https:\/\/www.gelgoogsort.com\/es\/product\/apple-grading-machine\/","title":{"rendered":"Clasificadora De Manzanas | Equipo De Calibrado Por Tama\u00f1o"},"content":{"rendered":"<p><strong>M\u00e1quinas clasificadoras de manzanas<\/strong> Clasifica manzanas y otras frutas redondas de forma r\u00e1pida y precisa. Utilizando tecnolog\u00eda madura de clasificaci\u00f3n con tambor giratorio, esta m\u00e1quina clasifica las manzanas seg\u00fan su di\u00e1metro a trav\u00e9s de diferentes secciones de tamiz en el tambor.<\/p>\n<p>Robusto, f\u00e1cil de operar y construido para durar, es la soluci\u00f3n perfecta para huertos y centros de procesamiento de frutas que desean superar la clasificaci\u00f3n manual y mejorar el valor poscosecha.<\/p>\n<p><img fetchpriority=\"high\" decoding=\"async\" class=\"alignnone size-full wp-image-2413\" src=\"https:\/\/www.gelgoogsort.com\/wp-content\/uploads\/2026\/02\/fruit-sorting-machine.jpg\" alt=\"m\u00e1quina clasificadora de frutas\" width=\"800\" height=\"500\" srcset=\"https:\/\/www.gelgoogsort.com\/wp-content\/uploads\/2026\/02\/fruit-sorting-machine.jpg 800w, https:\/\/www.gelgoogsort.com\/wp-content\/uploads\/2026\/02\/fruit-sorting-machine-300x188.jpg 300w, https:\/\/www.gelgoogsort.com\/wp-content\/uploads\/2026\/02\/fruit-sorting-machine-768x480.jpg 768w, https:\/\/www.gelgoogsort.com\/wp-content\/uploads\/2026\/02\/fruit-sorting-machine-600x375.jpg 600w, https:\/\/www.gelgoogsort.com\/wp-content\/uploads\/2026\/02\/fruit-sorting-machine-64x40.jpg 64w\" sizes=\"(max-width: 800px) 100vw, 800px\" \/><\/p>\n<h2>Principio de funcionamiento de la m\u00e1quina clasificadora de manzanas<\/h2>\n<p>La m\u00e1quina presenta un tambor cil\u00edndrico inclinado fabricado en acero inoxidable perforado.<\/p>\n<ul>\n<li>Alimentaci\u00f3n Autom\u00e1tica: Las manzanas se alimentan uniformemente en el tambor a trav\u00e9s de una cinta transportadora o un elevador.<\/li>\n<li>Clasificaci\u00f3n Rotatoria: El tambor gira a baja velocidad. Las manzanas ruedan y avanzan; aquellas m\u00e1s peque\u00f1as que el tama\u00f1o de la abertura actual caen de forma natural a la canaleta de descarga.<\/li>\n<li>Descarga segmentada: El tambor est\u00e1 dividido en 2 a 5 zonas con diferentes tama\u00f1os de orificios (por ejemplo, \u03a660, 70, 80, 90 mm). Cada zona produce una calidad espec\u00edfica, como Premium, Clase I y Clase II.<\/li>\n<li>Manipulaci\u00f3n Suave: Las frutas clasificadas caen sobre bandejas acolchadas o cintas transportadoras, minimizando los golpes.<\/li>\n<\/ul>\n<p><img decoding=\"async\" class=\"alignnone size-full wp-image-2414\" src=\"https:\/\/www.gelgoogsort.com\/wp-content\/uploads\/2026\/02\/apple-diameter-grader.jpg\" alt=\"clasificador de di\u00e1metro de manzana\" width=\"800\" height=\"500\" srcset=\"https:\/\/www.gelgoogsort.com\/wp-content\/uploads\/2026\/02\/apple-diameter-grader.jpg 800w, https:\/\/www.gelgoogsort.com\/wp-content\/uploads\/2026\/02\/apple-diameter-grader-300x188.jpg 300w, https:\/\/www.gelgoogsort.com\/wp-content\/uploads\/2026\/02\/apple-diameter-grader-768x480.jpg 768w, https:\/\/www.gelgoogsort.com\/wp-content\/uploads\/2026\/02\/apple-diameter-grader-600x375.jpg 600w, https:\/\/www.gelgoogsort.com\/wp-content\/uploads\/2026\/02\/apple-diameter-grader-64x40.jpg 64w\" sizes=\"(max-width: 800px) 100vw, 800px\" \/><\/p>\n<h2>Ventajas clave<\/h2>\n<p>\u2705 Alta precisi\u00f3n: las aperturas perforadas con precisi\u00f3n garantizan un tama\u00f1o uniforme y evitan la clasificaci\u00f3n err\u00f3nea.<br \/>\n\u2705 Cero Da\u00f1os: La baja velocidad de rotaci\u00f3n y la ausencia de un expulsor espiral interno permiten que las manzanas se separen de forma natural al rodar, conservando la cera y la pulpa de la fruta.<br \/>\n\u2705 Amplia aplicabilidad: Adecuado no solo para manzanas, sino tambi\u00e9n para patatas, c\u00edtricos, nueces, cebollas, azufaifas y otros productos redondos u ovalados.<br \/>\n\u2705 Construcci\u00f3n duradera: fabricado con acero inoxidable SUS304 de grado alimenticio, resistente a la corrosi\u00f3n y al impacto, ideal para ambientes h\u00famedos y hostiles.<\/p>\n<p><img decoding=\"async\" class=\"alignnone size-full wp-image-2415\" src=\"https:\/\/www.gelgoogsort.com\/wp-content\/uploads\/2026\/02\/fruit-sorting-machine-1.jpg\" alt=\"m\u00e1quina clasificadora de frutas\" width=\"800\" height=\"500\" srcset=\"https:\/\/www.gelgoogsort.com\/wp-content\/uploads\/2026\/02\/fruit-sorting-machine-1.jpg 800w, https:\/\/www.gelgoogsort.com\/wp-content\/uploads\/2026\/02\/fruit-sorting-machine-1-300x188.jpg 300w, https:\/\/www.gelgoogsort.com\/wp-content\/uploads\/2026\/02\/fruit-sorting-machine-1-768x480.jpg 768w, https:\/\/www.gelgoogsort.com\/wp-content\/uploads\/2026\/02\/fruit-sorting-machine-1-600x375.jpg 600w, https:\/\/www.gelgoogsort.com\/wp-content\/uploads\/2026\/02\/fruit-sorting-machine-1-64x40.jpg 64w\" sizes=\"(max-width: 800px) 100vw, 800px\" \/><\/p>\n<h2>\u00bfPor qu\u00e9 elegir nuestra m\u00e1quina clasificadora de manzanas tipo rodillo?<\/h2>\n<p>Nuestra m\u00e1quina clasificadora de manzanas tipo rodillo combina tecnolog\u00eda avanzada con un dise\u00f1o f\u00e1cil de usar, resolviendo muchos de los problemas de la clasificaci\u00f3n manual: baja eficiencia, calidad inconsistente, altos costos laborales y el riesgo de da\u00f1ar la fruta.<\/p>\n<p>Ya sea que usted sea el propietario de una peque\u00f1a huerta que busca optimizar su proceso de poscosecha o una gran planta empacadora que requiere clasificaci\u00f3n de alto volumen, nuestra m\u00e1quina puede satisfacer sus necesidades.<\/p>\n<p>No solo mejora tu eficiencia operativa, sino que tambi\u00e9n te ayuda a producir productos de manzana estandarizados y de alta calidad, d\u00e1ndote una ventaja competitiva en el mercado y, en \u00faltima instancia, aumentando tus m\u00e1rgenes de beneficio y la reputaci\u00f3n de tu marca.<\/p>\n<p><img loading=\"lazy\" decoding=\"async\" class=\"alignnone size-full wp-image-2416\" src=\"https:\/\/www.gelgoogsort.com\/wp-content\/uploads\/2026\/02\/roller-type-apple-grader.jpg\" alt=\"clasificadora de manzanas de rodillos\" width=\"800\" height=\"500\" srcset=\"https:\/\/www.gelgoogsort.com\/wp-content\/uploads\/2026\/02\/roller-type-apple-grader.jpg 800w, https:\/\/www.gelgoogsort.com\/wp-content\/uploads\/2026\/02\/roller-type-apple-grader-300x188.jpg 300w, https:\/\/www.gelgoogsort.com\/wp-content\/uploads\/2026\/02\/roller-type-apple-grader-768x480.jpg 768w, https:\/\/www.gelgoogsort.com\/wp-content\/uploads\/2026\/02\/roller-type-apple-grader-600x375.jpg 600w, https:\/\/www.gelgoogsort.com\/wp-content\/uploads\/2026\/02\/roller-type-apple-grader-64x40.jpg 64w\" sizes=\"(max-width: 800px) 100vw, 800px\" \/><\/p>\n<h2>Soporte Postventa<\/h2>\n<p>Respaldamos nuestro equipo. Cada m\u00e1quina viene con:<\/p>\n<ul>\n<li>Garant\u00eda de calidad de 1 a\u00f1o<\/li>\n<li>Recambios gratuitos para piezas de desgaste<\/li>\n<li>Soporte t\u00e9cnico en l\u00ednea<\/li>\n<li>Mantenimiento en el sitio (disponible bajo petici\u00f3n)<\/li>\n<\/ul>\n<p>Nuestro equipo est\u00e1 listo para ayudarle a mantener su l\u00ednea en funcionamiento y obtener el m\u00e1ximo provecho de su inversi\u00f3n.<\/p>\n<p>Actualice su l\u00ednea de poscosecha con nuestra Clasificadora de Manzanas Tipo Rodillo. Experimente una clasificaci\u00f3n eficiente, precisa y delicada, siempre.<\/p>\n<p><iframe title=\"M\u00e1quina para lavar, encerar y clasificar manzanas GELGOOG\" width=\"500\" height=\"281\" src=\"https:\/\/www.youtube.com\/embed\/_jGmYvEM7i4?feature=oembed\" frameborder=\"0\" allow=\"accelerometer; autoplay; clipboard-write; encrypted-media; gyroscope; picture-in-picture; web-share\" referrerpolicy=\"strict-origin-when-cross-origin\" allowfullscreen><\/iframe><\/p>\n<p><strong>\u00a1Cont\u00e1ctenos hoy para una cotizaci\u00f3n personalizada y vea c\u00f3mo podemos optimizar su flujo de trabajo!<\/strong><\/p>\n<h2>Deja un mensaje para obtener un presupuesto<\/h2>\n\n<div class=\"wpcf7 no-js\" id=\"wpcf7-f556-o1\" lang=\"zh-CN\" dir=\"ltr\" data-wpcf7-id=\"556\">\n<div class=\"screen-reader-response\"><p role=\"status\" aria-live=\"polite\" aria-atomic=\"true\"><\/p> <ul><\/ul><\/div>\n<form action=\"\/es\/wp-json\/wp\/v2\/product\/2411#wpcf7-f556-o1\" method=\"post\" class=\"wpcf7-form init\" aria-label=\"\u7559\u8a00\u8868\u5355\" novalidate=\"novalidate\" data-status=\"init\" data-trp-original-action=\"\/es\/wp-json\/wp\/v2\/product\/2411#wpcf7-f556-o1\">\n<fieldset class=\"hidden-fields-container\"><input type=\"hidden\" name=\"_wpcf7\" value=\"556\" \/><input type=\"hidden\" name=\"_wpcf7_version\" value=\"6.1.3\" \/><input type=\"hidden\" name=\"_wpcf7_locale\" value=\"zh_CN\" \/><input type=\"hidden\" name=\"_wpcf7_unit_tag\" value=\"wpcf7-f556-o1\" \/><input type=\"hidden\" name=\"_wpcf7_container_post\" value=\"0\" \/><input type=\"hidden\" name=\"_wpcf7_posted_data_hash\" value=\"\" \/>\n<\/fieldset>\n<p><label> Tu Nombre*<br \/>\n<span class=\"wpcf7-form-control-wrap\" data-name=\"your-name\"><input size=\"40\" maxlength=\"400\" class=\"wpcf7-form-control wpcf7-text wpcf7-validates-as-required\" aria-required=\"true\" aria-invalid=\"false\" value=\"\" type=\"text\" name=\"your-name\" \/><\/span> <\/label>\n<\/p>\n<p><label> Tu pa\u00eds<br \/>\n<span class=\"wpcf7-form-control-wrap\" data-name=\"your-country\"><input size=\"40\" maxlength=\"400\" class=\"wpcf7-form-control wpcf7-text\" aria-invalid=\"false\" value=\"\" type=\"text\" name=\"your-country\" \/><\/span><\/label>\n<\/p>\n<p><label> Tu correo electr\u00f3nico*<br \/>\n<span class=\"wpcf7-form-control-wrap\" data-name=\"your-email\"><input size=\"40\" maxlength=\"400\" class=\"wpcf7-form-control wpcf7-email wpcf7-validates-as-required wpcf7-text wpcf7-validates-as-email\" aria-required=\"true\" aria-invalid=\"false\" value=\"\" type=\"email\" name=\"your-email\" \/><\/span> <\/label>\n<\/p>\n<p><label> Tu tel\u00e9fono<br \/>\n<span class=\"wpcf7-form-control-wrap\" data-name=\"your-phone\"><input size=\"40\" maxlength=\"400\" class=\"wpcf7-form-control wpcf7-tel wpcf7-text wpcf7-validates-as-tel\" aria-invalid=\"false\" value=\"\" type=\"tel\" name=\"your-phone\" \/><\/span> <\/label>\n<\/p>\n<p><label> El Nombre de Tu Empresa<br \/>\n<span class=\"wpcf7-form-control-wrap\" data-name=\"text-457\"><input size=\"40\" maxlength=\"400\" class=\"wpcf7-form-control wpcf7-text\" aria-invalid=\"false\" value=\"\" type=\"text\" name=\"text-457\" \/><\/span> <\/label>\n<\/p>\n<p><label> El sitio web de tu empresa<br \/>\n<span class=\"wpcf7-form-control-wrap\" data-name=\"text-546\"><input size=\"40\" maxlength=\"400\" class=\"wpcf7-form-control wpcf7-text\" aria-invalid=\"false\" value=\"\" type=\"text\" name=\"text-546\" \/><\/span> <\/label>\n<\/p>\n<p><label> Tu requisito*<br \/>\n<span class=\"wpcf7-form-control-wrap\" data-name=\"your-message\"><textarea cols=\"40\" rows=\"10\" maxlength=\"2000\" class=\"wpcf7-form-control wpcf7-textarea wpcf7-validates-as-required\" aria-required=\"true\" aria-invalid=\"false\" name=\"your-message\"><\/textarea><\/span> <\/label>\n<\/p>\n<p><input class=\"wpcf7-form-control wpcf7-submit has-spinner\" type=\"submit\" value=\"Enviar\" \/>\n<\/p><p style=\"display: none !important;\" class=\"akismet-fields-container\" data-prefix=\"_wpcf7_ak_\"><label>Delta<textarea name=\"_wpcf7_ak_hp_textarea\" cols=\"45\" rows=\"8\" maxlength=\"100\"><\/textarea><\/label><input type=\"hidden\" id=\"ak_js_1\" name=\"_wpcf7_ak_js\" value=\"183\"\/><script>document.getElementById( \"ak_js_1\" ).setAttribute( \"value\", ( new Date() ).getTime() );<\/script><\/p><div class=\"wpcf7-response-output\" aria-hidden=\"true\"><\/div>\n<input type=\"hidden\" name=\"trp-form-language\" value=\"es\"\/><\/form>\n<\/div>","protected":false},"excerpt":{"rendered":"<p><strong>Casos de uso<\/strong><\/p>\n<p>Ideal para una amplia gama de escenarios de procesamiento de manzanas, incluyendo:<\/p>\n<ul>\n<li>\u2013 Huertos de manzanos (clasificaci\u00f3n post-cosecha)<\/li>\n<li>\u2013 Centros de empaque y distribuci\u00f3n de frutas<\/li>\n<li>\u2013 Plantas de procesamiento de jugos de frutas, conservas y frutas secas<\/li>\n<li>\u2013 Empresas de exportaci\u00f3n\/importaci\u00f3n de frutas frescas<\/li>\n<li>\u2013 Cooperativas agr\u00edcolas y mercados mayoristas de frutas<\/li>\n<\/ul>","protected":false},"featured_media":2412,"comment_status":"open","ping_status":"closed","template":"","meta":{"site-sidebar-layout":"default","site-content-layout":"","ast-site-content-layout":"default","site-content-style":"default","site-sidebar-style":"default","ast-global-header-display":"","ast-banner-title-visibility":"","ast-main-header-display":"","ast-hfb-above-header-display":"","ast-hfb-below-header-display":"","ast-hfb-mobile-header-display":"","site-post-title":"","ast-breadcrumbs-content":"","ast-featured-img":"","footer-sml-layout":"","theme-transparent-header-meta":"default","adv-header-id-meta":"","stick-header-meta":"","header-above-stick-meta":"","header-main-stick-meta":"","header-below-stick-meta":"","astra-migrate-meta-layouts":"set","ast-page-background-enabled":"default","ast-page-background-meta":{"desktop":{"background-color":"var(--ast-global-color-4)","background-image":"","background-repeat":"repeat","background-position":"center center","background-size":"auto","background-attachment":"scroll","background-type":"","background-media":"","overlay-type":"","overlay-color":"","overlay-opacity":"","overlay-gradient":""},"tablet":{"background-color":"","background-image":"","background-repeat":"repeat","background-position":"center center","background-size":"auto","background-attachment":"scroll","background-type":"","background-media":"","overlay-type":"","overlay-color":"","overlay-opacity":"","overlay-gradient":""},"mobile":{"background-color":"","background-image":"","background-repeat":"repeat","background-position":"center center","background-size":"auto","background-attachment":"scroll","background-type":"","background-media":"","overlay-type":"","overlay-color":"","overlay-opacity":"","overlay-gradient":""}},"ast-content-background-meta":{"desktop":{"background-color":"var(--ast-global-color-5)","background-image":"","background-repeat":"repeat","background-position":"center center","background-size":"auto","background-attachment":"scroll","background-type":"","background-media":"","overlay-type":"","overlay-color":"","overlay-opacity":"","overlay-gradient":""},"tablet":{"background-color":"var(--ast-global-color-5)","background-image":"","background-repeat":"repeat","background-position":"center center","background-size":"auto","background-attachment":"scroll","background-type":"","background-media":"","overlay-type":"","overlay-color":"","overlay-opacity":"","overlay-gradient":""},"mobile":{"background-color":"var(--ast-global-color-5)","background-image":"","background-repeat":"repeat","background-position":"center center","background-size":"auto","background-attachment":"scroll","background-type":"","background-media":"","overlay-type":"","overlay-color":"","overlay-opacity":"","overlay-gradient":""}}},"product_brand":[],"product_cat":[15],"product_tag":[],"class_list":{"0":"post-2411","1":"product","2":"type-product","3":"status-publish","4":"has-post-thumbnail","6":"product_cat-product-sorting","7":"desktop-align-left","8":"tablet-align-left","9":"mobile-align-left","11":"first","12":"instock","13":"shipping-taxable","14":"product-type-simple"},"yoast_head":"<!-- This site is optimized with the Yoast SEO plugin v26.2 - https:\/\/yoast.com\/wordpress\/plugins\/seo\/ -->\n<title>Apple Grading Machine High-Efficiency Rotary Drum - GELGOOG<\/title>\n<meta name=\"description\" content=\"Our Apple Grading Machine adopts advanced roller gap technology to sort apples by diameter with 95% precision, minimizing fruit damage and labor costs.\" \/>\n<meta name=\"robots\" content=\"index, follow, max-snippet:-1, max-image-preview:large, max-video-preview:-1\" \/>\n<link rel=\"canonical\" href=\"https:\/\/www.gelgoogsort.com\/es\/product\/apple-grading-machine\/\" \/>\n<meta property=\"og:locale\" content=\"es_ES\" \/>\n<meta property=\"og:type\" content=\"article\" \/>\n<meta property=\"og:title\" content=\"Apple Grading Machine High-Efficiency Rotary Drum - GELGOOG\" \/>\n<meta property=\"og:description\" content=\"Our Apple Grading Machine adopts advanced roller gap technology to sort apples by diameter with 95% precision, minimizing fruit damage and labor costs.\" \/>\n<meta property=\"og:url\" content=\"https:\/\/www.gelgoogsort.com\/es\/product\/apple-grading-machine\/\" \/>\n<meta property=\"og:site_name\" content=\"GELGOOG\" \/>\n<meta property=\"article:publisher\" content=\"https:\/\/www.facebook.com\/profile.php?id=100095205040823\" \/>\n<meta property=\"og:image\" content=\"https:\/\/www.gelgoogsort.com\/wp-content\/uploads\/2026\/02\/apple-grading-machine.jpg\" \/>\n\t<meta property=\"og:image:width\" content=\"600\" \/>\n\t<meta property=\"og:image:height\" content=\"600\" \/>\n\t<meta property=\"og:image:type\" content=\"image\/jpeg\" \/>\n<meta name=\"twitter:card\" content=\"summary_large_image\" \/>\n<meta name=\"twitter:label1\" content=\"Tiempo de lectura\" \/>\n\t<meta name=\"twitter:data1\" content=\"3 minutos\" \/>\n<script type=\"application\/ld+json\" class=\"yoast-schema-graph\">{\"@context\":\"https:\/\/schema.org\",\"@graph\":[{\"@type\":\"WebPage\",\"@id\":\"https:\/\/www.gelgoogsort.com\/product\/apple-grading-machine\/\",\"url\":\"https:\/\/www.gelgoogsort.com\/product\/apple-grading-machine\/\",\"name\":\"Apple Grading Machine High-Efficiency Rotary Drum - GELGOOG\",\"isPartOf\":{\"@id\":\"https:\/\/www.gelgoogsort.com\/#website\"},\"primaryImageOfPage\":{\"@id\":\"https:\/\/www.gelgoogsort.com\/product\/apple-grading-machine\/#primaryimage\"},\"image\":{\"@id\":\"https:\/\/www.gelgoogsort.com\/product\/apple-grading-machine\/#primaryimage\"},\"thumbnailUrl\":\"https:\/\/www.gelgoogsort.com\/wp-content\/uploads\/2026\/02\/apple-grading-machine.jpg\",\"datePublished\":\"2026-02-12T07:42:48+00:00\",\"description\":\"Our Apple Grading Machine adopts advanced roller gap technology to sort apples by diameter with 95% precision, minimizing fruit damage and labor costs.\",\"breadcrumb\":{\"@id\":\"https:\/\/www.gelgoogsort.com\/product\/apple-grading-machine\/#breadcrumb\"},\"inLanguage\":\"es\",\"potentialAction\":[{\"@type\":\"ReadAction\",\"target\":[\"https:\/\/www.gelgoogsort.com\/product\/apple-grading-machine\/\"]}]},{\"@type\":\"ImageObject\",\"inLanguage\":\"es\",\"@id\":\"https:\/\/www.gelgoogsort.com\/product\/apple-grading-machine\/#primaryimage\",\"url\":\"https:\/\/www.gelgoogsort.com\/wp-content\/uploads\/2026\/02\/apple-grading-machine.jpg\",\"contentUrl\":\"https:\/\/www.gelgoogsort.com\/wp-content\/uploads\/2026\/02\/apple-grading-machine.jpg\",\"width\":600,\"height\":600,\"caption\":\"apple grading machine\"},{\"@type\":\"BreadcrumbList\",\"@id\":\"https:\/\/www.gelgoogsort.com\/product\/apple-grading-machine\/#breadcrumb\",\"itemListElement\":[{\"@type\":\"ListItem\",\"position\":1,\"name\":\"Home\",\"item\":\"https:\/\/www.gelgoogsort.com\/\"},{\"@type\":\"ListItem\",\"position\":2,\"name\":\"Product\",\"item\":\"https:\/\/www.gelgoogsort.com\/product\/\"},{\"@type\":\"ListItem\",\"position\":3,\"name\":\"Apple Grading Machine High-Efficiency Rotary Drum\"}]},{\"@type\":\"WebSite\",\"@id\":\"https:\/\/www.gelgoogsort.com\/#website\",\"url\":\"https:\/\/www.gelgoogsort.com\/\",\"name\":\"gelgoogsort\",\"description\":\"\",\"publisher\":{\"@id\":\"https:\/\/www.gelgoogsort.com\/#organization\"},\"potentialAction\":[{\"@type\":\"SearchAction\",\"target\":{\"@type\":\"EntryPoint\",\"urlTemplate\":\"https:\/\/www.gelgoogsort.com\/?s={search_term_string}\"},\"query-input\":{\"@type\":\"PropertyValueSpecification\",\"valueRequired\":true,\"valueName\":\"search_term_string\"}}],\"inLanguage\":\"es\"},{\"@type\":\"Organization\",\"@id\":\"https:\/\/www.gelgoogsort.com\/#organization\",\"name\":\"gelgoogsort\",\"url\":\"https:\/\/www.gelgoogsort.com\/\",\"logo\":{\"@type\":\"ImageObject\",\"inLanguage\":\"es\",\"@id\":\"https:\/\/www.gelgoogsort.com\/#\/schema\/logo\/image\/\",\"url\":\"https:\/\/www.gelgoogsort.com\/wp-content\/uploads\/2025\/11\/cropped-ff1a81696eef4f4590a809e30a6985e4.png\",\"contentUrl\":\"https:\/\/www.gelgoogsort.com\/wp-content\/uploads\/2025\/11\/cropped-ff1a81696eef4f4590a809e30a6985e4.png\",\"width\":512,\"height\":512,\"caption\":\"gelgoogsort\"},\"image\":{\"@id\":\"https:\/\/www.gelgoogsort.com\/#\/schema\/logo\/image\/\"},\"sameAs\":[\"https:\/\/www.facebook.com\/profile.php?id=100095205040823\"]}]}<\/script>\n<!-- \/ Yoast SEO plugin. -->","yoast_head_json":{"title":"M\u00e1quina clasificadora de manzanas Tambor giratorio de alta eficiencia - GELGOOG","description":"Nuestra m\u00e1quina clasificadora de manzanas utiliza una avanzada tecnolog\u00eda de separaci\u00f3n por rodillos para clasificar las manzanas seg\u00fan su di\u00e1metro con una precisi\u00f3n del 95,1 %, lo que reduce al m\u00ednimo los da\u00f1os en la fruta y los costes de mano de obra.","robots":{"index":"index","follow":"follow","max-snippet":"max-snippet:-1","max-image-preview":"max-image-preview:large","max-video-preview":"max-video-preview:-1"},"canonical":"https:\/\/www.gelgoogsort.com\/es\/product\/apple-grading-machine\/","og_locale":"es_ES","og_type":"article","og_title":"Apple Grading Machine High-Efficiency Rotary Drum - GELGOOG","og_description":"Our Apple Grading Machine adopts advanced roller gap technology to sort apples by diameter with 95% precision, minimizing fruit damage and labor costs.","og_url":"https:\/\/www.gelgoogsort.com\/es\/product\/apple-grading-machine\/","og_site_name":"GELGOOG","article_publisher":"https:\/\/www.facebook.com\/profile.php?id=100095205040823","og_image":[{"width":600,"height":600,"url":"https:\/\/www.gelgoogsort.com\/wp-content\/uploads\/2026\/02\/apple-grading-machine.jpg","type":"image\/jpeg"}],"twitter_card":"summary_large_image","twitter_misc":{"Tiempo de lectura":"3 minutos"},"schema":{"@context":"https:\/\/schema.org","@graph":[{"@type":"WebPage","@id":"https:\/\/www.gelgoogsort.com\/product\/apple-grading-machine\/","url":"https:\/\/www.gelgoogsort.com\/product\/apple-grading-machine\/","name":"M\u00e1quina clasificadora de manzanas Tambor giratorio de alta eficiencia - GELGOOG","isPartOf":{"@id":"https:\/\/www.gelgoogsort.com\/#website"},"primaryImageOfPage":{"@id":"https:\/\/www.gelgoogsort.com\/product\/apple-grading-machine\/#primaryimage"},"image":{"@id":"https:\/\/www.gelgoogsort.com\/product\/apple-grading-machine\/#primaryimage"},"thumbnailUrl":"https:\/\/www.gelgoogsort.com\/wp-content\/uploads\/2026\/02\/apple-grading-machine.jpg","datePublished":"2026-02-12T07:42:48+00:00","description":"Nuestra m\u00e1quina clasificadora de manzanas utiliza una avanzada tecnolog\u00eda de separaci\u00f3n por rodillos para clasificar las manzanas seg\u00fan su di\u00e1metro con una precisi\u00f3n del 95,1 %, lo que reduce al m\u00ednimo los da\u00f1os en la fruta y los costes de mano de obra.","breadcrumb":{"@id":"https:\/\/www.gelgoogsort.com\/product\/apple-grading-machine\/#breadcrumb"},"inLanguage":"es","potentialAction":[{"@type":"ReadAction","target":["https:\/\/www.gelgoogsort.com\/product\/apple-grading-machine\/"]}]},{"@type":"ImageObject","inLanguage":"es","@id":"https:\/\/www.gelgoogsort.com\/product\/apple-grading-machine\/#primaryimage","url":"https:\/\/www.gelgoogsort.com\/wp-content\/uploads\/2026\/02\/apple-grading-machine.jpg","contentUrl":"https:\/\/www.gelgoogsort.com\/wp-content\/uploads\/2026\/02\/apple-grading-machine.jpg","width":600,"height":600,"caption":"apple grading machine"},{"@type":"BreadcrumbList","@id":"https:\/\/www.gelgoogsort.com\/product\/apple-grading-machine\/#breadcrumb","itemListElement":[{"@type":"ListItem","position":1,"name":"Home","item":"https:\/\/www.gelgoogsort.com\/"},{"@type":"ListItem","position":2,"name":"Product","item":"https:\/\/www.gelgoogsort.com\/product\/"},{"@type":"ListItem","position":3,"name":"Apple Grading Machine High-Efficiency Rotary Drum"}]},{"@type":"WebSite","@id":"https:\/\/www.gelgoogsort.com\/#website","url":"https:\/\/www.gelgoogsort.com\/","name":"gelgoogsort","description":"","publisher":{"@id":"https:\/\/www.gelgoogsort.com\/#organization"},"potentialAction":[{"@type":"SearchAction","target":{"@type":"EntryPoint","urlTemplate":"https:\/\/www.gelgoogsort.com\/?s={search_term_string}"},"query-input":{"@type":"PropertyValueSpecification","valueRequired":true,"valueName":"search_term_string"}}],"inLanguage":"es"},{"@type":"Organization","@id":"https:\/\/www.gelgoogsort.com\/#organization","name":"gelgoogsort","url":"https:\/\/www.gelgoogsort.com\/","logo":{"@type":"ImageObject","inLanguage":"es","@id":"https:\/\/www.gelgoogsort.com\/#\/schema\/logo\/image\/","url":"https:\/\/www.gelgoogsort.com\/wp-content\/uploads\/2025\/11\/cropped-ff1a81696eef4f4590a809e30a6985e4.png","contentUrl":"https:\/\/www.gelgoogsort.com\/wp-content\/uploads\/2025\/11\/cropped-ff1a81696eef4f4590a809e30a6985e4.png","width":512,"height":512,"caption":"gelgoogsort"},"image":{"@id":"https:\/\/www.gelgoogsort.com\/#\/schema\/logo\/image\/"},"sameAs":["https:\/\/www.facebook.com\/profile.php?id=100095205040823"]}]}},"_links":{"self":[{"href":"https:\/\/www.gelgoogsort.com\/es\/wp-json\/wp\/v2\/product\/2411","targetHints":{"allow":["GET"]}}],"collection":[{"href":"https:\/\/www.gelgoogsort.com\/es\/wp-json\/wp\/v2\/product"}],"about":[{"href":"https:\/\/www.gelgoogsort.com\/es\/wp-json\/wp\/v2\/types\/product"}],"replies":[{"embeddable":true,"href":"https:\/\/www.gelgoogsort.com\/es\/wp-json\/wp\/v2\/comments?post=2411"}],"wp:featuredmedia":[{"embeddable":true,"href":"https:\/\/www.gelgoogsort.com\/es\/wp-json\/wp\/v2\/media\/2412"}],"wp:attachment":[{"href":"https:\/\/www.gelgoogsort.com\/es\/wp-json\/wp\/v2\/media?parent=2411"}],"wp:term":[{"taxonomy":"product_brand","embeddable":true,"href":"https:\/\/www.gelgoogsort.com\/es\/wp-json\/wp\/v2\/product_brand?post=2411"},{"taxonomy":"product_cat","embeddable":true,"href":"https:\/\/www.gelgoogsort.com\/es\/wp-json\/wp\/v2\/product_cat?post=2411"},{"taxonomy":"product_tag","embeddable":true,"href":"https:\/\/www.gelgoogsort.com\/es\/wp-json\/wp\/v2\/product_tag?post=2411"}],"curies":[{"name":"wp","href":"https:\/\/api.w.org\/{rel}","templated":true}]}}