{"id":2544,"date":"2026-04-22T17:26:04","date_gmt":"2026-04-22T09:26:04","guid":{"rendered":"https:\/\/www.gelgoogsort.com\/?post_type=product&#038;p=2544"},"modified":"2026-04-22T17:26:04","modified_gmt":"2026-04-22T09:26:04","slug":"lemon-sorting-grading-machine","status":"publish","type":"product","link":"https:\/\/www.gelgoogsort.com\/es\/product\/lemon-sorting-grading-machine\/","title":{"rendered":"Clasificadora Y Calibradora De Limones | Alta Precisi\u00f3n Para C\u00edtricos"},"content":{"rendered":"<p>Nuestro <strong>M\u00e1quina de Clasificaci\u00f3n y Selecci\u00f3n de Limones<\/strong> est\u00e1 dise\u00f1ado para c\u00edtricos, especialmente limones. Utiliza im\u00e1genes \u00f3pticas de alta resoluci\u00f3n y tecnolog\u00edas de detecci\u00f3n de peso. Realiza una clasificaci\u00f3n multidimensional basada en el tama\u00f1o, el color y los defectos de la superficie.<\/p>\n<p>Este sistema sirve a empacadoras de fruta fresca, cooperativas o exportadores. Permite una mejora significativa en la consistencia de la clasificaci\u00f3n y la eficiencia del empaque.<\/p>\n<p><img fetchpriority=\"high\" decoding=\"async\" class=\"alignnone size-full wp-image-2545\" src=\"https:\/\/www.gelgoogsort.com\/wp-content\/uploads\/2026\/04\/Industrial-citrus-sorting-equipment-for-lemons.jpg\" alt=\"Equipos industriales de clasificaci\u00f3n de c\u00edtricos para limones\" width=\"800\" height=\"500\" srcset=\"https:\/\/www.gelgoogsort.com\/wp-content\/uploads\/2026\/04\/Industrial-citrus-sorting-equipment-for-lemons.jpg 800w, https:\/\/www.gelgoogsort.com\/wp-content\/uploads\/2026\/04\/Industrial-citrus-sorting-equipment-for-lemons-300x188.jpg 300w, https:\/\/www.gelgoogsort.com\/wp-content\/uploads\/2026\/04\/Industrial-citrus-sorting-equipment-for-lemons-768x480.jpg 768w, https:\/\/www.gelgoogsort.com\/wp-content\/uploads\/2026\/04\/Industrial-citrus-sorting-equipment-for-lemons-600x375.jpg 600w, https:\/\/www.gelgoogsort.com\/wp-content\/uploads\/2026\/04\/Industrial-citrus-sorting-equipment-for-lemons-64x40.jpg 64w\" sizes=\"(max-width: 800px) 100vw, 800px\" \/><\/p>\n<h2>Principio de funcionamiento de la m\u00e1quina clasificadora de limones<\/h2>\n<p>Nuestra m\u00e1quina clasificadora de limones adopta una combinaci\u00f3n de tecnolog\u00eda de detecci\u00f3n \u00f3ptica de visi\u00f3n inteligente y pesaje din\u00e1mico, logrando una clasificaci\u00f3n totalmente autom\u00e1tica sin intervenci\u00f3n manual.<\/p>\n<ul>\n<li>Alimentaci\u00f3n Suave: la tolva forrada de material suave garantiza una alimentaci\u00f3n uniforme, evitando acumulaciones y da\u00f1os.<\/li>\n<li>Detecci\u00f3n \u00f3ptica: C\u00e1maras multi\u00e1ngulo e iluminaci\u00f3n LED identifican pudrici\u00f3n, sarna, quemaduras solares y defectos de color.<\/li>\n<li>Clasificaci\u00f3n por tama\u00f1o y peso: Los rodillos con huecos ajustables y los m\u00f3dulos de pesaje clasifican por di\u00e1metro y peso.<\/li>\n<li>Rechazo Inteligente: El sistema neum\u00e1tico de alta velocidad elimina autom\u00e1ticamente los limones defectuosos.<\/li>\n<li>Recolecci\u00f3n autom\u00e1tica: Los limones clasificados se dirigen a tolvas y cajas para un funcionamiento continuo.<\/li>\n<\/ul>\n<p><img decoding=\"async\" class=\"alignnone size-full wp-image-2546\" src=\"https:\/\/www.gelgoogsort.com\/wp-content\/uploads\/2026\/04\/Automatic-lemon-size-sorting-machine.jpg\" alt=\"M\u00e1quina clasificadora autom\u00e1tica de tama\u00f1o de limones\" width=\"800\" height=\"500\" srcset=\"https:\/\/www.gelgoogsort.com\/wp-content\/uploads\/2026\/04\/Automatic-lemon-size-sorting-machine.jpg 800w, https:\/\/www.gelgoogsort.com\/wp-content\/uploads\/2026\/04\/Automatic-lemon-size-sorting-machine-300x188.jpg 300w, https:\/\/www.gelgoogsort.com\/wp-content\/uploads\/2026\/04\/Automatic-lemon-size-sorting-machine-768x480.jpg 768w, https:\/\/www.gelgoogsort.com\/wp-content\/uploads\/2026\/04\/Automatic-lemon-size-sorting-machine-600x375.jpg 600w, https:\/\/www.gelgoogsort.com\/wp-content\/uploads\/2026\/04\/Automatic-lemon-size-sorting-machine-64x40.jpg 64w\" sizes=\"(max-width: 800px) 100vw, 800px\" \/><\/p>\n<h2>Caracter\u00edsticas Clave de la M\u00e1quina Clasificadora de Limones por Tama\u00f1o<\/h2>\n<ol>\n<li>Calibraci\u00f3n Precisa: La m\u00e1quina clasificadora de limones por tama\u00f1o logra una precisi\u00f3n de tama\u00f1o de \u00b11 mm y una precisi\u00f3n de peso de \u00b10.5 g, soportando 3-12 niveles de clasificaci\u00f3n ajustables para satisfacer las diferentes demandas del mercado.<\/li>\n<li>Alta Eficiencia: Capacidad de procesamiento en una sola l\u00ednea de 1 a 8 toneladas por hora (personalizable), admite operaci\u00f3n continua las 24 horas para manejar temporadas de cosecha pico.<\/li>\n<li>Cero Da\u00f1os: Las cintas transportadoras suaves y el dise\u00f1o de manipulaci\u00f3n delicada previenen magulladuras y da\u00f1os en la piel, asegurando la integridad y calidad de los limones.<\/li>\n<li>Seguridad de grado alimenticio: Las partes en contacto est\u00e1n hechas de acero inoxidable 304, resistente a la corrosi\u00f3n, f\u00e1cil de limpiar y cumple con los est\u00e1ndares internacionales FDA y CE.<\/li>\n<li>Operaci\u00f3n inteligente: panel de control t\u00e1ctil, f\u00e1cil de configurar los par\u00e1metros de clasificaci\u00f3n; monitoreo en tiempo real del estado de la producci\u00f3n, generaci\u00f3n autom\u00e1tica de informes de clasificaci\u00f3n.<\/li>\n<li>Adaptabilidad fuerte: No solo es adecuado para limones, sino que tambi\u00e9n es ajustable para otras frutas c\u00edtricas como naranjas, mandarinas y limas, logrando un uso multiprop\u00f3sito.<\/li>\n<\/ol>\n<p><img decoding=\"async\" class=\"alignnone size-full wp-image-2547\" src=\"https:\/\/www.gelgoogsort.com\/wp-content\/uploads\/2026\/04\/Lemon-weight-and-color-grading-machine.jpg\" alt=\"M\u00e1quina de peso y clasificaci\u00f3n por color de limones\" width=\"800\" height=\"500\" srcset=\"https:\/\/www.gelgoogsort.com\/wp-content\/uploads\/2026\/04\/Lemon-weight-and-color-grading-machine.jpg 800w, https:\/\/www.gelgoogsort.com\/wp-content\/uploads\/2026\/04\/Lemon-weight-and-color-grading-machine-300x188.jpg 300w, https:\/\/www.gelgoogsort.com\/wp-content\/uploads\/2026\/04\/Lemon-weight-and-color-grading-machine-768x480.jpg 768w, https:\/\/www.gelgoogsort.com\/wp-content\/uploads\/2026\/04\/Lemon-weight-and-color-grading-machine-600x375.jpg 600w, https:\/\/www.gelgoogsort.com\/wp-content\/uploads\/2026\/04\/Lemon-weight-and-color-grading-machine-64x40.jpg 64w\" sizes=\"(max-width: 800px) 100vw, 800px\" \/><\/p>\n<h2>Preguntas frecuentes<\/h2>\n<p>Q1: \u00bfPor qu\u00e9 puede clasificar su m\u00e1quina clasificadora de limones?<\/p>\n<p>A1: Tama\u00f1o (di\u00e1metro), peso, color y defectos superficiales (pudrici\u00f3n, moho, sarna, da\u00f1o mec\u00e1nico), con m\u00faltiples grados personalizables.<\/p>\n<p>\u00bfEs adecuado para diferentes variedades de limones?<\/p>\n<p>S\u00ed. Algoritmos preestablecidos para varias variedades, con par\u00e1metros de clasificaci\u00f3n ajustables para obtener resultados \u00f3ptimos.<\/p>\n<p>Q3: \u00bfCu\u00e1l es la capacidad de procesamiento?<\/p>\n<p>A3: Est\u00e1ndar de 1 a 8 toneladas\/hora; modelos de mayor capacidad personalizables para l\u00edneas industriales.<\/p>\n<p>\u00bfProporcionan servicio postventa?<\/p>\n<p>S\u00ed. Instalaci\u00f3n, puesta en marcha, capacitaci\u00f3n, garant\u00eda de componentes principales de 1 a\u00f1o, soporte t\u00e9cnico de por vida y suministro de repuestos a largo plazo.<\/p>\n<p>&nbsp;<\/p>\n<h2>Cont\u00e1ctenos<\/h2>\n<p>Si est\u00e1 buscando una m\u00e1quina clasificadora de limones de alta precisi\u00f3n y alta eficiencia para su plantaci\u00f3n o f\u00e1brica de procesamiento, \u00a1no dude en ponerse en contacto con nuestro equipo de ventas profesional ahora para obtener una soluci\u00f3n y presupuesto personalizados!<\/p>\n\n<div class=\"wpcf7 no-js\" id=\"wpcf7-f556-o1\" lang=\"zh-CN\" dir=\"ltr\" data-wpcf7-id=\"556\">\n<div class=\"screen-reader-response\"><p role=\"status\" aria-live=\"polite\" aria-atomic=\"true\"><\/p> <ul><\/ul><\/div>\n<form action=\"\/es\/wp-json\/wp\/v2\/product\/2544#wpcf7-f556-o1\" method=\"post\" class=\"wpcf7-form init\" aria-label=\"\u7559\u8a00\u8868\u5355\" novalidate=\"novalidate\" data-status=\"init\" data-trp-original-action=\"\/es\/wp-json\/wp\/v2\/product\/2544#wpcf7-f556-o1\">\n<fieldset class=\"hidden-fields-container\"><input type=\"hidden\" name=\"_wpcf7\" value=\"556\" \/><input type=\"hidden\" name=\"_wpcf7_version\" value=\"6.1.3\" \/><input type=\"hidden\" name=\"_wpcf7_locale\" value=\"zh_CN\" \/><input type=\"hidden\" name=\"_wpcf7_unit_tag\" value=\"wpcf7-f556-o1\" \/><input type=\"hidden\" name=\"_wpcf7_container_post\" value=\"0\" \/><input type=\"hidden\" name=\"_wpcf7_posted_data_hash\" value=\"\" \/>\n<\/fieldset>\n<p><label> Tu Nombre*<br \/>\n<span class=\"wpcf7-form-control-wrap\" data-name=\"your-name\"><input size=\"40\" maxlength=\"400\" class=\"wpcf7-form-control wpcf7-text wpcf7-validates-as-required\" aria-required=\"true\" aria-invalid=\"false\" value=\"\" type=\"text\" name=\"your-name\" \/><\/span> <\/label>\n<\/p>\n<p><label> Tu pa\u00eds<br \/>\n<span class=\"wpcf7-form-control-wrap\" data-name=\"your-country\"><input size=\"40\" maxlength=\"400\" class=\"wpcf7-form-control wpcf7-text\" aria-invalid=\"false\" value=\"\" type=\"text\" name=\"your-country\" \/><\/span><\/label>\n<\/p>\n<p><label> Tu correo electr\u00f3nico*<br \/>\n<span class=\"wpcf7-form-control-wrap\" data-name=\"your-email\"><input size=\"40\" maxlength=\"400\" class=\"wpcf7-form-control wpcf7-email wpcf7-validates-as-required wpcf7-text wpcf7-validates-as-email\" aria-required=\"true\" aria-invalid=\"false\" value=\"\" type=\"email\" name=\"your-email\" \/><\/span> <\/label>\n<\/p>\n<p><label> Tu tel\u00e9fono<br \/>\n<span class=\"wpcf7-form-control-wrap\" data-name=\"your-phone\"><input size=\"40\" maxlength=\"400\" class=\"wpcf7-form-control wpcf7-tel wpcf7-text wpcf7-validates-as-tel\" aria-invalid=\"false\" value=\"\" type=\"tel\" name=\"your-phone\" \/><\/span> <\/label>\n<\/p>\n<p><label> El Nombre de Tu Empresa<br \/>\n<span class=\"wpcf7-form-control-wrap\" data-name=\"text-457\"><input size=\"40\" maxlength=\"400\" class=\"wpcf7-form-control wpcf7-text\" aria-invalid=\"false\" value=\"\" type=\"text\" name=\"text-457\" \/><\/span> <\/label>\n<\/p>\n<p><label> El sitio web de tu empresa<br \/>\n<span class=\"wpcf7-form-control-wrap\" data-name=\"text-546\"><input size=\"40\" maxlength=\"400\" class=\"wpcf7-form-control wpcf7-text\" aria-invalid=\"false\" value=\"\" type=\"text\" name=\"text-546\" \/><\/span> <\/label>\n<\/p>\n<p><label> Tu requisito*<br \/>\n<span class=\"wpcf7-form-control-wrap\" data-name=\"your-message\"><textarea cols=\"40\" rows=\"10\" maxlength=\"2000\" class=\"wpcf7-form-control wpcf7-textarea wpcf7-validates-as-required\" aria-required=\"true\" aria-invalid=\"false\" name=\"your-message\"><\/textarea><\/span> <\/label>\n<\/p>\n<p><input class=\"wpcf7-form-control wpcf7-submit has-spinner\" type=\"submit\" value=\"Enviar\" \/>\n<\/p><p style=\"display: none !important;\" class=\"akismet-fields-container\" data-prefix=\"_wpcf7_ak_\"><label>Delta<textarea name=\"_wpcf7_ak_hp_textarea\" cols=\"45\" rows=\"8\" maxlength=\"100\"><\/textarea><\/label><input type=\"hidden\" id=\"ak_js_1\" name=\"_wpcf7_ak_js\" value=\"38\"\/><script>document.getElementById( \"ak_js_1\" ).setAttribute( \"value\", ( new Date() ).getTime() );<\/script><\/p><div class=\"wpcf7-response-output\" aria-hidden=\"true\"><\/div>\n<input type=\"hidden\" name=\"trp-form-language\" value=\"es\"\/><\/form>\n<\/div>","protected":false},"excerpt":{"rendered":"<p><strong>M\u00e1quina clasificadora de limones:<\/strong><\/p>\n<ul>\n<li>Canales de Calibraci\u00f3n: 4 \/ 6 \/ 8 \/ 12 (Personalizable)<\/li>\n<li>Precisi\u00f3n de Clasificaci\u00f3n: Error de Tama\u00f1o \u00b12 mm; Detecci\u00f3n de Defectos \u22650.5 mm\u00b2<\/li>\n<li>Di\u00e1metro de fruta aplicable: 30\u2013110 mm (personalizable)<\/li>\n<li>Capacidad: 1,5\u20138 t\/h (Personalizable)<\/li>\n<li>Potencia: 3,5\u20137,2 kW<\/li>\n<li>Material: Acero inoxidable 304 de grado alimenticio + PU resistente al desgaste<\/li>\n<li>Voltaje: personalizable (220V \/ 380V \/ 415V), 50\/60 Hz<\/li>\n<\/ul>","protected":false},"featured_media":2548,"comment_status":"open","ping_status":"closed","template":"","meta":{"site-sidebar-layout":"default","site-content-layout":"","ast-site-content-layout":"default","site-content-style":"default","site-sidebar-style":"default","ast-global-header-display":"","ast-banner-title-visibility":"","ast-main-header-display":"","ast-hfb-above-header-display":"","ast-hfb-below-header-display":"","ast-hfb-mobile-header-display":"","site-post-title":"","ast-breadcrumbs-content":"","ast-featured-img":"","footer-sml-layout":"","theme-transparent-header-meta":"default","adv-header-id-meta":"","stick-header-meta":"","header-above-stick-meta":"","header-main-stick-meta":"","header-below-stick-meta":"","astra-migrate-meta-layouts":"set","ast-page-background-enabled":"default","ast-page-background-meta":{"desktop":{"background-color":"var(--ast-global-color-4)","background-image":"","background-repeat":"repeat","background-position":"center center","background-size":"auto","background-attachment":"scroll","background-type":"","background-media":"","overlay-type":"","overlay-color":"","overlay-opacity":"","overlay-gradient":""},"tablet":{"background-color":"","background-image":"","background-repeat":"repeat","background-position":"center center","background-size":"auto","background-attachment":"scroll","background-type":"","background-media":"","overlay-type":"","overlay-color":"","overlay-opacity":"","overlay-gradient":""},"mobile":{"background-color":"","background-image":"","background-repeat":"repeat","background-position":"center center","background-size":"auto","background-attachment":"scroll","background-type":"","background-media":"","overlay-type":"","overlay-color":"","overlay-opacity":"","overlay-gradient":""}},"ast-content-background-meta":{"desktop":{"background-color":"var(--ast-global-color-5)","background-image":"","background-repeat":"repeat","background-position":"center center","background-size":"auto","background-attachment":"scroll","background-type":"","background-media":"","overlay-type":"","overlay-color":"","overlay-opacity":"","overlay-gradient":""},"tablet":{"background-color":"var(--ast-global-color-5)","background-image":"","background-repeat":"repeat","background-position":"center center","background-size":"auto","background-attachment":"scroll","background-type":"","background-media":"","overlay-type":"","overlay-color":"","overlay-opacity":"","overlay-gradient":""},"mobile":{"background-color":"var(--ast-global-color-5)","background-image":"","background-repeat":"repeat","background-position":"center center","background-size":"auto","background-attachment":"scroll","background-type":"","background-media":"","overlay-type":"","overlay-color":"","overlay-opacity":"","overlay-gradient":""}}},"product_brand":[],"product_cat":[15],"product_tag":[],"class_list":{"0":"post-2544","1":"product","2":"type-product","3":"status-publish","4":"has-post-thumbnail","6":"product_cat-product-sorting","7":"desktop-align-left","8":"tablet-align-left","9":"mobile-align-left","11":"first","12":"instock","13":"shipping-taxable","14":"product-type-simple"},"yoast_head":"<!-- This site is optimized with the Yoast SEO plugin v26.2 - https:\/\/yoast.com\/wordpress\/plugins\/seo\/ -->\n<title>Lemon Sorting &amp; Grading Machine - GELGOOG<\/title>\n<meta name=\"description\" content=\"The Lemon sorting machine provides precise size, weight, color, and grading. The sorting machine is ideal for citrus processing lines, with high efficiency.\" \/>\n<meta name=\"robots\" content=\"index, follow, max-snippet:-1, max-image-preview:large, max-video-preview:-1\" \/>\n<link rel=\"canonical\" href=\"https:\/\/www.gelgoogsort.com\/es\/product\/lemon-sorting-grading-machine\/\" \/>\n<meta property=\"og:locale\" content=\"es_ES\" \/>\n<meta property=\"og:type\" content=\"article\" \/>\n<meta property=\"og:title\" content=\"Lemon Sorting &amp; Grading Machine - GELGOOG\" \/>\n<meta property=\"og:description\" content=\"The Lemon sorting machine provides precise size, weight, color, and grading. The sorting machine is ideal for citrus processing lines, with high efficiency.\" \/>\n<meta property=\"og:url\" content=\"https:\/\/www.gelgoogsort.com\/es\/product\/lemon-sorting-grading-machine\/\" \/>\n<meta property=\"og:site_name\" content=\"GELGOOG\" \/>\n<meta property=\"article:publisher\" content=\"https:\/\/www.facebook.com\/profile.php?id=100095205040823\" \/>\n<meta property=\"og:image\" content=\"https:\/\/www.gelgoogsort.com\/wp-content\/uploads\/2026\/04\/GELGOOG-lemon-sorting-and-grading-machine.jpg\" \/>\n\t<meta property=\"og:image:width\" content=\"600\" \/>\n\t<meta property=\"og:image:height\" content=\"600\" \/>\n\t<meta property=\"og:image:type\" content=\"image\/jpeg\" \/>\n<meta name=\"twitter:card\" content=\"summary_large_image\" \/>\n<meta name=\"twitter:label1\" content=\"Tiempo de lectura\" \/>\n\t<meta name=\"twitter:data1\" content=\"3 minutos\" \/>\n<script type=\"application\/ld+json\" class=\"yoast-schema-graph\">{\"@context\":\"https:\/\/schema.org\",\"@graph\":[{\"@type\":\"WebPage\",\"@id\":\"https:\/\/www.gelgoogsort.com\/product\/lemon-sorting-grading-machine\/\",\"url\":\"https:\/\/www.gelgoogsort.com\/product\/lemon-sorting-grading-machine\/\",\"name\":\"Lemon Sorting & Grading Machine - GELGOOG\",\"isPartOf\":{\"@id\":\"https:\/\/www.gelgoogsort.com\/#website\"},\"primaryImageOfPage\":{\"@id\":\"https:\/\/www.gelgoogsort.com\/product\/lemon-sorting-grading-machine\/#primaryimage\"},\"image\":{\"@id\":\"https:\/\/www.gelgoogsort.com\/product\/lemon-sorting-grading-machine\/#primaryimage\"},\"thumbnailUrl\":\"https:\/\/www.gelgoogsort.com\/wp-content\/uploads\/2026\/04\/GELGOOG-lemon-sorting-and-grading-machine.jpg\",\"datePublished\":\"2026-04-22T09:26:04+00:00\",\"description\":\"The Lemon sorting machine provides precise size, weight, color, and grading. The sorting machine is ideal for citrus processing lines, with high efficiency.\",\"breadcrumb\":{\"@id\":\"https:\/\/www.gelgoogsort.com\/product\/lemon-sorting-grading-machine\/#breadcrumb\"},\"inLanguage\":\"es\",\"potentialAction\":[{\"@type\":\"ReadAction\",\"target\":[\"https:\/\/www.gelgoogsort.com\/product\/lemon-sorting-grading-machine\/\"]}]},{\"@type\":\"ImageObject\",\"inLanguage\":\"es\",\"@id\":\"https:\/\/www.gelgoogsort.com\/product\/lemon-sorting-grading-machine\/#primaryimage\",\"url\":\"https:\/\/www.gelgoogsort.com\/wp-content\/uploads\/2026\/04\/GELGOOG-lemon-sorting-and-grading-machine.jpg\",\"contentUrl\":\"https:\/\/www.gelgoogsort.com\/wp-content\/uploads\/2026\/04\/GELGOOG-lemon-sorting-and-grading-machine.jpg\",\"width\":600,\"height\":600},{\"@type\":\"BreadcrumbList\",\"@id\":\"https:\/\/www.gelgoogsort.com\/product\/lemon-sorting-grading-machine\/#breadcrumb\",\"itemListElement\":[{\"@type\":\"ListItem\",\"position\":1,\"name\":\"Home\",\"item\":\"https:\/\/www.gelgoogsort.com\/\"},{\"@type\":\"ListItem\",\"position\":2,\"name\":\"Product\",\"item\":\"https:\/\/www.gelgoogsort.com\/product\/\"},{\"@type\":\"ListItem\",\"position\":3,\"name\":\"Lemon Sorting &#038; Grading Machine | High-Precision for Citrus\"}]},{\"@type\":\"WebSite\",\"@id\":\"https:\/\/www.gelgoogsort.com\/#website\",\"url\":\"https:\/\/www.gelgoogsort.com\/\",\"name\":\"gelgoogsort\",\"description\":\"\",\"publisher\":{\"@id\":\"https:\/\/www.gelgoogsort.com\/#organization\"},\"potentialAction\":[{\"@type\":\"SearchAction\",\"target\":{\"@type\":\"EntryPoint\",\"urlTemplate\":\"https:\/\/www.gelgoogsort.com\/?s={search_term_string}\"},\"query-input\":{\"@type\":\"PropertyValueSpecification\",\"valueRequired\":true,\"valueName\":\"search_term_string\"}}],\"inLanguage\":\"es\"},{\"@type\":\"Organization\",\"@id\":\"https:\/\/www.gelgoogsort.com\/#organization\",\"name\":\"gelgoogsort\",\"url\":\"https:\/\/www.gelgoogsort.com\/\",\"logo\":{\"@type\":\"ImageObject\",\"inLanguage\":\"es\",\"@id\":\"https:\/\/www.gelgoogsort.com\/#\/schema\/logo\/image\/\",\"url\":\"https:\/\/www.gelgoogsort.com\/wp-content\/uploads\/2025\/11\/cropped-ff1a81696eef4f4590a809e30a6985e4.png\",\"contentUrl\":\"https:\/\/www.gelgoogsort.com\/wp-content\/uploads\/2025\/11\/cropped-ff1a81696eef4f4590a809e30a6985e4.png\",\"width\":512,\"height\":512,\"caption\":\"gelgoogsort\"},\"image\":{\"@id\":\"https:\/\/www.gelgoogsort.com\/#\/schema\/logo\/image\/\"},\"sameAs\":[\"https:\/\/www.facebook.com\/profile.php?id=100095205040823\"]}]}<\/script>\n<!-- \/ Yoast SEO plugin. -->","yoast_head_json":{"title":"M\u00e1quina clasificadora y clasificadora de limones - GELGOOG","description":"La m\u00e1quina clasificadora de limones proporciona un tama\u00f1o, peso, color y clasificaci\u00f3n precisos. La m\u00e1quina clasificadora es ideal para l\u00edneas de procesamiento de c\u00edtricos, con alta eficiencia.","robots":{"index":"index","follow":"follow","max-snippet":"max-snippet:-1","max-image-preview":"max-image-preview:large","max-video-preview":"max-video-preview:-1"},"canonical":"https:\/\/www.gelgoogsort.com\/es\/product\/lemon-sorting-grading-machine\/","og_locale":"es_ES","og_type":"article","og_title":"Lemon Sorting & Grading Machine - GELGOOG","og_description":"The Lemon sorting machine provides precise size, weight, color, and grading. The sorting machine is ideal for citrus processing lines, with high efficiency.","og_url":"https:\/\/www.gelgoogsort.com\/es\/product\/lemon-sorting-grading-machine\/","og_site_name":"GELGOOG","article_publisher":"https:\/\/www.facebook.com\/profile.php?id=100095205040823","og_image":[{"width":600,"height":600,"url":"https:\/\/www.gelgoogsort.com\/wp-content\/uploads\/2026\/04\/GELGOOG-lemon-sorting-and-grading-machine.jpg","type":"image\/jpeg"}],"twitter_card":"summary_large_image","twitter_misc":{"Tiempo de lectura":"3 minutos"},"schema":{"@context":"https:\/\/schema.org","@graph":[{"@type":"WebPage","@id":"https:\/\/www.gelgoogsort.com\/product\/lemon-sorting-grading-machine\/","url":"https:\/\/www.gelgoogsort.com\/product\/lemon-sorting-grading-machine\/","name":"M\u00e1quina clasificadora y clasificadora de limones - GELGOOG","isPartOf":{"@id":"https:\/\/www.gelgoogsort.com\/#website"},"primaryImageOfPage":{"@id":"https:\/\/www.gelgoogsort.com\/product\/lemon-sorting-grading-machine\/#primaryimage"},"image":{"@id":"https:\/\/www.gelgoogsort.com\/product\/lemon-sorting-grading-machine\/#primaryimage"},"thumbnailUrl":"https:\/\/www.gelgoogsort.com\/wp-content\/uploads\/2026\/04\/GELGOOG-lemon-sorting-and-grading-machine.jpg","datePublished":"2026-04-22T09:26:04+00:00","description":"La m\u00e1quina clasificadora de limones proporciona un tama\u00f1o, peso, color y clasificaci\u00f3n precisos. La m\u00e1quina clasificadora es ideal para l\u00edneas de procesamiento de c\u00edtricos, con alta eficiencia.","breadcrumb":{"@id":"https:\/\/www.gelgoogsort.com\/product\/lemon-sorting-grading-machine\/#breadcrumb"},"inLanguage":"es","potentialAction":[{"@type":"ReadAction","target":["https:\/\/www.gelgoogsort.com\/product\/lemon-sorting-grading-machine\/"]}]},{"@type":"ImageObject","inLanguage":"es","@id":"https:\/\/www.gelgoogsort.com\/product\/lemon-sorting-grading-machine\/#primaryimage","url":"https:\/\/www.gelgoogsort.com\/wp-content\/uploads\/2026\/04\/GELGOOG-lemon-sorting-and-grading-machine.jpg","contentUrl":"https:\/\/www.gelgoogsort.com\/wp-content\/uploads\/2026\/04\/GELGOOG-lemon-sorting-and-grading-machine.jpg","width":600,"height":600},{"@type":"BreadcrumbList","@id":"https:\/\/www.gelgoogsort.com\/product\/lemon-sorting-grading-machine\/#breadcrumb","itemListElement":[{"@type":"ListItem","position":1,"name":"Home","item":"https:\/\/www.gelgoogsort.com\/"},{"@type":"ListItem","position":2,"name":"Product","item":"https:\/\/www.gelgoogsort.com\/product\/"},{"@type":"ListItem","position":3,"name":"Lemon Sorting &#038; Grading Machine | High-Precision for Citrus"}]},{"@type":"WebSite","@id":"https:\/\/www.gelgoogsort.com\/#website","url":"https:\/\/www.gelgoogsort.com\/","name":"gelgoogsort","description":"","publisher":{"@id":"https:\/\/www.gelgoogsort.com\/#organization"},"potentialAction":[{"@type":"SearchAction","target":{"@type":"EntryPoint","urlTemplate":"https:\/\/www.gelgoogsort.com\/?s={search_term_string}"},"query-input":{"@type":"PropertyValueSpecification","valueRequired":true,"valueName":"search_term_string"}}],"inLanguage":"es"},{"@type":"Organization","@id":"https:\/\/www.gelgoogsort.com\/#organization","name":"gelgoogsort","url":"https:\/\/www.gelgoogsort.com\/","logo":{"@type":"ImageObject","inLanguage":"es","@id":"https:\/\/www.gelgoogsort.com\/#\/schema\/logo\/image\/","url":"https:\/\/www.gelgoogsort.com\/wp-content\/uploads\/2025\/11\/cropped-ff1a81696eef4f4590a809e30a6985e4.png","contentUrl":"https:\/\/www.gelgoogsort.com\/wp-content\/uploads\/2025\/11\/cropped-ff1a81696eef4f4590a809e30a6985e4.png","width":512,"height":512,"caption":"gelgoogsort"},"image":{"@id":"https:\/\/www.gelgoogsort.com\/#\/schema\/logo\/image\/"},"sameAs":["https:\/\/www.facebook.com\/profile.php?id=100095205040823"]}]}},"_links":{"self":[{"href":"https:\/\/www.gelgoogsort.com\/es\/wp-json\/wp\/v2\/product\/2544","targetHints":{"allow":["GET"]}}],"collection":[{"href":"https:\/\/www.gelgoogsort.com\/es\/wp-json\/wp\/v2\/product"}],"about":[{"href":"https:\/\/www.gelgoogsort.com\/es\/wp-json\/wp\/v2\/types\/product"}],"replies":[{"embeddable":true,"href":"https:\/\/www.gelgoogsort.com\/es\/wp-json\/wp\/v2\/comments?post=2544"}],"wp:featuredmedia":[{"embeddable":true,"href":"https:\/\/www.gelgoogsort.com\/es\/wp-json\/wp\/v2\/media\/2548"}],"wp:attachment":[{"href":"https:\/\/www.gelgoogsort.com\/es\/wp-json\/wp\/v2\/media?parent=2544"}],"wp:term":[{"taxonomy":"product_brand","embeddable":true,"href":"https:\/\/www.gelgoogsort.com\/es\/wp-json\/wp\/v2\/product_brand?post=2544"},{"taxonomy":"product_cat","embeddable":true,"href":"https:\/\/www.gelgoogsort.com\/es\/wp-json\/wp\/v2\/product_cat?post=2544"},{"taxonomy":"product_tag","embeddable":true,"href":"https:\/\/www.gelgoogsort.com\/es\/wp-json\/wp\/v2\/product_tag?post=2544"}],"curies":[{"name":"wp","href":"https:\/\/api.w.org\/{rel}","templated":true}]}}