{"id":552,"date":"2025-11-05T06:12:16","date_gmt":"2025-11-05T06:12:16","guid":{"rendered":"https:\/\/www.gelgoogsort.com\/?post_type=product&#038;p=552"},"modified":"2025-11-20T16:07:39","modified_gmt":"2025-11-20T08:07:39","slug":"palm-date-washing-cleaning-machine","status":"publish","type":"product","link":"https:\/\/www.gelgoogsort.com\/es\/product\/palm-date-washing-cleaning-machine\/","title":{"rendered":"Fabricante De Equipos De Lavado Industrial De D\u00e1tiles"},"content":{"rendered":"<p>Como fabricante profesional de lavadoras, comprendemos los desaf\u00edos del procesamiento de d\u00e1tiles, como el limo, el polvo y las impurezas atrapados en los pliegues de la superficie de la palma datilera.<\/p>\n<p>Nuestra m\u00e1quina lavadora y limpiadora de d\u00e1tiles de palma, dise\u00f1ada espec\u00edficamente para la producci\u00f3n a escala industrial, es su respuesta definitiva para procesos de limpieza eficientes e higi\u00e9nicos, asegurando que sus productos cumplan con los m\u00e1s altos est\u00e1ndares del mercado.<\/p>\n<p><img fetchpriority=\"high\" decoding=\"async\" class=\"alignnone wp-image-553 size-full\" src=\"https:\/\/www.gelgoogsort.com\/wp-content\/uploads\/2025\/11\/palm-date-washing-cleaning-machines.jpg\" alt=\"fabricante de m\u00e1quinas de lavado y limpieza de d\u00e1tiles de palma\" width=\"800\" height=\"500\" srcset=\"https:\/\/www.gelgoogsort.com\/wp-content\/uploads\/2025\/11\/palm-date-washing-cleaning-machines.jpg 800w, https:\/\/www.gelgoogsort.com\/wp-content\/uploads\/2025\/11\/palm-date-washing-cleaning-machines-600x375.jpg 600w, https:\/\/www.gelgoogsort.com\/wp-content\/uploads\/2025\/11\/palm-date-washing-cleaning-machines-300x188.jpg 300w, https:\/\/www.gelgoogsort.com\/wp-content\/uploads\/2025\/11\/palm-date-washing-cleaning-machines-768x480.jpg 768w\" sizes=\"(max-width: 800px) 100vw, 800px\" \/><\/p>\n<h2>Caracter\u00edsticas de la Lavadora de D\u00e1tiles<\/h2>\n<ul>\n<li>Limpieza Profunda, Sin Rincones Muertos: Los pliegues en la superficie del d\u00e1til son dif\u00edciles de limpiar. Nuestra m\u00e1quina utiliza un sistema de limpieza \u00fanico de doble acci\u00f3n. Un potente flujo de agua y millones de microburbujas penetran profundamente en cada pliegue, eliminando y arrastrando eficazmente el limo persistente, los microorganismos y las impurezas superficiales, logrando un nivel de limpieza inigualable por el trabajo manual.<\/li>\n<li>Durabilidad: Esta m\u00e1quina lavadora y limpiadora de d\u00e1tiles de palma est\u00e1 construida completamente de acero inoxidable 304 de grado alimenticio, ofreciendo una excelente resistencia a la corrosi\u00f3n y resistencia estructural. Los componentes principales provienen de marcas internacionales de renombre, lo que garantiza un funcionamiento estable y durabilidad en entornos de producci\u00f3n exigentes, incluyendo altas temperaturas y humedad, lo que reduce significativamente los costos de mantenimiento y el tiempo de inactividad.<\/li>\n<li>Automatizaci\u00f3n eficiente ahorra costos de mano de obra: Todo el proceso, desde el levantamiento, lavado, pulverizaci\u00f3n hasta el secado al aire (opcional), es totalmente automatizado y continuo. Esta m\u00e1quina de grado industrial se integra perfectamente con su l\u00ednea de producci\u00f3n existente, reduciendo significativamente la mano de obra manual. Puede ser operada f\u00e1cilmente por una sola persona, mejorando significativamente la eficiencia general de la producci\u00f3n y la consistencia de la producci\u00f3n.<\/li>\n<li>Tratamiento suave, protegiendo la apariencia del producto: Comprendemos la importancia de preservar la apariencia impecable de los d\u00e1tiles. El interior del tanque de limpieza y el sistema de transporte est\u00e1n dise\u00f1ados con precisi\u00f3n para evitar bordes afilados que puedan causar rayones o roturas. El movimiento suave y el flujo de agua aseguran que cada d\u00e1til se limpie de manera efectiva, preservando su forma carnosa y su brillo natural.<\/li>\n<\/ul>\n<p><img decoding=\"async\" class=\"alignnone wp-image-554 size-full\" src=\"https:\/\/www.gelgoogsort.com\/wp-content\/uploads\/2025\/11\/palm-date-washing-cleaning-machine.jpg\" alt=\" fecha lavadora limpieza m\u00e1quina\" width=\"800\" height=\"500\" srcset=\"https:\/\/www.gelgoogsort.com\/wp-content\/uploads\/2025\/11\/palm-date-washing-cleaning-machine.jpg 800w, https:\/\/www.gelgoogsort.com\/wp-content\/uploads\/2025\/11\/palm-date-washing-cleaning-machine-600x375.jpg 600w, https:\/\/www.gelgoogsort.com\/wp-content\/uploads\/2025\/11\/palm-date-washing-cleaning-machine-300x188.jpg 300w, https:\/\/www.gelgoogsort.com\/wp-content\/uploads\/2025\/11\/palm-date-washing-cleaning-machine-768x480.jpg 768w\" sizes=\"(max-width: 800px) 100vw, 800px\" \/><\/p>\n<h2>Ventajas T\u00e9cnicas<\/h2>\n<ul>\n<li>Sistema de limpieza de alta eficiencia: Combina pulverizaci\u00f3n de alta presi\u00f3n y explosi\u00f3n de burbujas para una limpieza profunda.<\/li>\n<li>Material de grado alimenticio: El cuerpo principal est\u00e1 fabricado en acero inoxidable 304 y cumple con los est\u00e1ndares de higiene HACCP y GMP.<\/li>\n<li>Capacidad personalizable: Hay una variedad de modelos disponibles para satisfacer diferentes requisitos de capacidad de producci\u00f3n, que van desde 500 hasta 2000 kg por hora.<\/li>\n<li>Dise\u00f1o modular: f\u00e1cil de instalar, mantener y limpiar, con m\u00f3dulos opcionales de cepillado y secado.<\/li>\n<li>Dise\u00f1o de ahorro de energ\u00eda: El sistema de circulaci\u00f3n de agua reduce significativamente el consumo de agua durante la producci\u00f3n.<\/li>\n<\/ul>\n<h2>\u00bfQui\u00e9n Necesita Esta M\u00e1quina?<\/h2>\n<p>Esta m\u00e1quina es un equipo central ideal para plantaciones de d\u00e1tiles a gran escala, plantas de procesamiento de d\u00e1tiles profesionales, empresas de exportaci\u00f3n de alimentos y aquellos que procesan d\u00e1tiles confitados, pasta de d\u00e1tiles y otros productos.<\/p>\n<p><img decoding=\"async\" class=\"alignnone wp-image-555 size-full\" src=\"https:\/\/www.gelgoogsort.com\/wp-content\/uploads\/2025\/11\/palm-dates-washing-cleaning-machine.jpg\" alt=\"M\u00e1quina de lavar y limpiar d\u00e1tiles de palma\" width=\"800\" height=\"500\" srcset=\"https:\/\/www.gelgoogsort.com\/wp-content\/uploads\/2025\/11\/palm-dates-washing-cleaning-machine.jpg 800w, https:\/\/www.gelgoogsort.com\/wp-content\/uploads\/2025\/11\/palm-dates-washing-cleaning-machine-600x375.jpg 600w, https:\/\/www.gelgoogsort.com\/wp-content\/uploads\/2025\/11\/palm-dates-washing-cleaning-machine-300x188.jpg 300w, https:\/\/www.gelgoogsort.com\/wp-content\/uploads\/2025\/11\/palm-dates-washing-cleaning-machine-768x480.jpg 768w\" sizes=\"(max-width: 800px) 100vw, 800px\" \/><\/p>\n<p>Elegirnos significa elegir un socio confiable. No solo somos el fabricante de m\u00e1quinas lavadoras y limpiadoras de d\u00e1tiles, sino tambi\u00e9n su apoyo estrat\u00e9gico para mejorar la calidad del producto y la eficiencia de la producci\u00f3n.<\/p>\n<p>\u00a1Cont\u00e1ctanos para un folleto detallado del producto, una cotizaci\u00f3n y estudios de caso! Perm\u00edtenos mostrarte c\u00f3mo esta m\u00e1quina de limpieza robusta de grado industrial puede revolucionar la calidad de tus productos datiles.<\/p>\n<h2>Deja un mensaje para obtener un presupuesto<\/h2>\n\n<div class=\"wpcf7 no-js\" id=\"wpcf7-f556-o1\" lang=\"zh-CN\" dir=\"ltr\" data-wpcf7-id=\"556\">\n<div class=\"screen-reader-response\"><p role=\"status\" aria-live=\"polite\" aria-atomic=\"true\"><\/p> <ul><\/ul><\/div>\n<form action=\"\/es\/wp-json\/wp\/v2\/product\/552#wpcf7-f556-o1\" method=\"post\" class=\"wpcf7-form init\" aria-label=\"\u7559\u8a00\u8868\u5355\" novalidate=\"novalidate\" data-status=\"init\" data-trp-original-action=\"\/es\/wp-json\/wp\/v2\/product\/552#wpcf7-f556-o1\">\n<fieldset class=\"hidden-fields-container\"><input type=\"hidden\" name=\"_wpcf7\" value=\"556\" \/><input type=\"hidden\" name=\"_wpcf7_version\" value=\"6.1.3\" \/><input type=\"hidden\" name=\"_wpcf7_locale\" value=\"zh_CN\" \/><input type=\"hidden\" name=\"_wpcf7_unit_tag\" value=\"wpcf7-f556-o1\" \/><input type=\"hidden\" name=\"_wpcf7_container_post\" value=\"0\" \/><input type=\"hidden\" name=\"_wpcf7_posted_data_hash\" value=\"\" \/>\n<\/fieldset>\n<p><label> Tu Nombre*<br \/>\n<span class=\"wpcf7-form-control-wrap\" data-name=\"your-name\"><input size=\"40\" maxlength=\"400\" class=\"wpcf7-form-control wpcf7-text wpcf7-validates-as-required\" aria-required=\"true\" aria-invalid=\"false\" value=\"\" type=\"text\" name=\"your-name\" \/><\/span> <\/label>\n<\/p>\n<p><label> Tu pa\u00eds<br \/>\n<span class=\"wpcf7-form-control-wrap\" data-name=\"your-country\"><input size=\"40\" maxlength=\"400\" class=\"wpcf7-form-control wpcf7-text\" aria-invalid=\"false\" value=\"\" type=\"text\" name=\"your-country\" \/><\/span><\/label>\n<\/p>\n<p><label> Tu correo electr\u00f3nico*<br \/>\n<span class=\"wpcf7-form-control-wrap\" data-name=\"your-email\"><input size=\"40\" maxlength=\"400\" class=\"wpcf7-form-control wpcf7-email wpcf7-validates-as-required wpcf7-text wpcf7-validates-as-email\" aria-required=\"true\" aria-invalid=\"false\" value=\"\" type=\"email\" name=\"your-email\" \/><\/span> <\/label>\n<\/p>\n<p><label> Tu tel\u00e9fono<br \/>\n<span class=\"wpcf7-form-control-wrap\" data-name=\"your-phone\"><input size=\"40\" maxlength=\"400\" class=\"wpcf7-form-control wpcf7-tel wpcf7-text wpcf7-validates-as-tel\" aria-invalid=\"false\" value=\"\" type=\"tel\" name=\"your-phone\" \/><\/span> <\/label>\n<\/p>\n<p><label> El Nombre de Tu Empresa<br \/>\n<span class=\"wpcf7-form-control-wrap\" data-name=\"text-457\"><input size=\"40\" maxlength=\"400\" class=\"wpcf7-form-control wpcf7-text\" aria-invalid=\"false\" value=\"\" type=\"text\" name=\"text-457\" \/><\/span> <\/label>\n<\/p>\n<p><label> El sitio web de tu empresa<br \/>\n<span class=\"wpcf7-form-control-wrap\" data-name=\"text-546\"><input size=\"40\" maxlength=\"400\" class=\"wpcf7-form-control wpcf7-text\" aria-invalid=\"false\" value=\"\" type=\"text\" name=\"text-546\" \/><\/span> <\/label>\n<\/p>\n<p><label> Tu requisito*<br \/>\n<span class=\"wpcf7-form-control-wrap\" data-name=\"your-message\"><textarea cols=\"40\" rows=\"10\" maxlength=\"2000\" class=\"wpcf7-form-control wpcf7-textarea wpcf7-validates-as-required\" aria-required=\"true\" aria-invalid=\"false\" name=\"your-message\"><\/textarea><\/span> <\/label>\n<\/p>\n<p><input class=\"wpcf7-form-control wpcf7-submit has-spinner\" type=\"submit\" value=\"Enviar\" \/>\n<\/p><p style=\"display: none !important;\" class=\"akismet-fields-container\" data-prefix=\"_wpcf7_ak_\"><label>Delta<textarea name=\"_wpcf7_ak_hp_textarea\" cols=\"45\" rows=\"8\" maxlength=\"100\"><\/textarea><\/label><input type=\"hidden\" id=\"ak_js_1\" name=\"_wpcf7_ak_js\" value=\"58\"\/><script>document.getElementById( \"ak_js_1\" ).setAttribute( \"value\", ( new Date() ).getTime() );<\/script><\/p><div class=\"wpcf7-response-output\" aria-hidden=\"true\"><\/div>\n<input type=\"hidden\" name=\"trp-form-language\" value=\"es\"\/><\/form>\n<\/div>","protected":false},"excerpt":{"rendered":"<p>As a professional washing machine manufacturer, we understand the challenges of date processing, such as silt, dust, and impurities trapped [&hellip;]<\/p>\n","protected":false},"featured_media":558,"comment_status":"open","ping_status":"closed","template":"","meta":{"site-sidebar-layout":"default","site-content-layout":"","ast-site-content-layout":"default","site-content-style":"default","site-sidebar-style":"default","ast-global-header-display":"","ast-banner-title-visibility":"","ast-main-header-display":"","ast-hfb-above-header-display":"","ast-hfb-below-header-display":"","ast-hfb-mobile-header-display":"","site-post-title":"","ast-breadcrumbs-content":"","ast-featured-img":"","footer-sml-layout":"","theme-transparent-header-meta":"default","adv-header-id-meta":"","stick-header-meta":"","header-above-stick-meta":"","header-main-stick-meta":"","header-below-stick-meta":"","astra-migrate-meta-layouts":"set","ast-page-background-enabled":"default","ast-page-background-meta":{"desktop":{"background-color":"var(--ast-global-color-4)","background-image":"","background-repeat":"repeat","background-position":"center center","background-size":"auto","background-attachment":"scroll","background-type":"","background-media":"","overlay-type":"","overlay-color":"","overlay-opacity":"","overlay-gradient":""},"tablet":{"background-color":"","background-image":"","background-repeat":"repeat","background-position":"center center","background-size":"auto","background-attachment":"scroll","background-type":"","background-media":"","overlay-type":"","overlay-color":"","overlay-opacity":"","overlay-gradient":""},"mobile":{"background-color":"","background-image":"","background-repeat":"repeat","background-position":"center center","background-size":"auto","background-attachment":"scroll","background-type":"","background-media":"","overlay-type":"","overlay-color":"","overlay-opacity":"","overlay-gradient":""}},"ast-content-background-meta":{"desktop":{"background-color":"var(--ast-global-color-5)","background-image":"","background-repeat":"repeat","background-position":"center center","background-size":"auto","background-attachment":"scroll","background-type":"","background-media":"","overlay-type":"","overlay-color":"","overlay-opacity":"","overlay-gradient":""},"tablet":{"background-color":"var(--ast-global-color-5)","background-image":"","background-repeat":"repeat","background-position":"center center","background-size":"auto","background-attachment":"scroll","background-type":"","background-media":"","overlay-type":"","overlay-color":"","overlay-opacity":"","overlay-gradient":""},"mobile":{"background-color":"var(--ast-global-color-5)","background-image":"","background-repeat":"repeat","background-position":"center center","background-size":"auto","background-attachment":"scroll","background-type":"","background-media":"","overlay-type":"","overlay-color":"","overlay-opacity":"","overlay-gradient":""}}},"product_brand":[],"product_cat":[19],"product_tag":[],"class_list":{"0":"post-552","1":"product","2":"type-product","3":"status-publish","4":"has-post-thumbnail","6":"product_cat-product-washing","7":"desktop-align-left","8":"tablet-align-left","9":"mobile-align-left","11":"first","12":"instock","13":"shipping-taxable","14":"product-type-simple"},"yoast_head":"<!-- This site is optimized with the Yoast SEO plugin v26.2 - https:\/\/yoast.com\/wordpress\/plugins\/seo\/ -->\n<title>Industrial Palm Date Washing Cleaning Machine Manufacturer - GELGOOG<\/title>\n<meta name=\"description\" content=\"Our industrial palm date washing and cleaning machine ensures thorough cleaning, built for durability and efficiency in industrial settings\" \/>\n<meta name=\"robots\" content=\"index, follow, max-snippet:-1, max-image-preview:large, max-video-preview:-1\" \/>\n<link rel=\"canonical\" href=\"https:\/\/www.gelgoogsort.com\/es\/product\/palm-date-washing-cleaning-machine\/\" \/>\n<meta property=\"og:locale\" content=\"es_ES\" \/>\n<meta property=\"og:type\" content=\"article\" \/>\n<meta property=\"og:title\" content=\"Industrial Palm Date Washing Cleaning Machine Manufacturer - GELGOOG\" \/>\n<meta property=\"og:description\" content=\"Our industrial palm date washing and cleaning machine ensures thorough cleaning, built for durability and efficiency in industrial settings\" \/>\n<meta property=\"og:url\" content=\"https:\/\/www.gelgoogsort.com\/es\/product\/palm-date-washing-cleaning-machine\/\" \/>\n<meta property=\"og:site_name\" content=\"GELGOOG\" \/>\n<meta property=\"article:publisher\" content=\"https:\/\/www.facebook.com\/profile.php?id=100095205040823\" \/>\n<meta property=\"article:modified_time\" content=\"2025-11-20T08:07:39+00:00\" \/>\n<meta property=\"og:image\" content=\"https:\/\/www.gelgoogsort.com\/wp-content\/uploads\/2025\/11\/palm-dates-washing-cleaning-machines.jpg\" \/>\n\t<meta property=\"og:image:width\" content=\"600\" \/>\n\t<meta property=\"og:image:height\" content=\"600\" \/>\n\t<meta property=\"og:image:type\" content=\"image\/jpeg\" \/>\n<meta name=\"twitter:card\" content=\"summary_large_image\" \/>\n<meta name=\"twitter:label1\" content=\"Tiempo de lectura\" \/>\n\t<meta name=\"twitter:data1\" content=\"3 minutos\" \/>\n<script type=\"application\/ld+json\" class=\"yoast-schema-graph\">{\"@context\":\"https:\/\/schema.org\",\"@graph\":[{\"@type\":\"WebPage\",\"@id\":\"https:\/\/www.gelgoogsort.com\/product\/palm-date-washing-cleaning-machine\/\",\"url\":\"https:\/\/www.gelgoogsort.com\/product\/palm-date-washing-cleaning-machine\/\",\"name\":\"Industrial Palm Date Washing Cleaning Machine Manufacturer - GELGOOG\",\"isPartOf\":{\"@id\":\"https:\/\/www.gelgoogsort.com\/#website\"},\"primaryImageOfPage\":{\"@id\":\"https:\/\/www.gelgoogsort.com\/product\/palm-date-washing-cleaning-machine\/#primaryimage\"},\"image\":{\"@id\":\"https:\/\/www.gelgoogsort.com\/product\/palm-date-washing-cleaning-machine\/#primaryimage\"},\"thumbnailUrl\":\"https:\/\/www.gelgoogsort.com\/wp-content\/uploads\/2025\/11\/palm-dates-washing-cleaning-machines.jpg\",\"datePublished\":\"2025-11-05T06:12:16+00:00\",\"dateModified\":\"2025-11-20T08:07:39+00:00\",\"description\":\"Our industrial palm date washing and cleaning machine ensures thorough cleaning, built for durability and efficiency in industrial settings\",\"breadcrumb\":{\"@id\":\"https:\/\/www.gelgoogsort.com\/product\/palm-date-washing-cleaning-machine\/#breadcrumb\"},\"inLanguage\":\"es\",\"potentialAction\":[{\"@type\":\"ReadAction\",\"target\":[\"https:\/\/www.gelgoogsort.com\/product\/palm-date-washing-cleaning-machine\/\"]}]},{\"@type\":\"ImageObject\",\"inLanguage\":\"es\",\"@id\":\"https:\/\/www.gelgoogsort.com\/product\/palm-date-washing-cleaning-machine\/#primaryimage\",\"url\":\"https:\/\/www.gelgoogsort.com\/wp-content\/uploads\/2025\/11\/palm-dates-washing-cleaning-machines.jpg\",\"contentUrl\":\"https:\/\/www.gelgoogsort.com\/wp-content\/uploads\/2025\/11\/palm-dates-washing-cleaning-machines.jpg\",\"width\":600,\"height\":600,\"caption\":\"industrial palm date washing cleaning machine manufacturer\"},{\"@type\":\"BreadcrumbList\",\"@id\":\"https:\/\/www.gelgoogsort.com\/product\/palm-date-washing-cleaning-machine\/#breadcrumb\",\"itemListElement\":[{\"@type\":\"ListItem\",\"position\":1,\"name\":\"Home\",\"item\":\"https:\/\/www.gelgoogsort.com\/\"},{\"@type\":\"ListItem\",\"position\":2,\"name\":\"Product\",\"item\":\"https:\/\/www.gelgoogsort.com\/product\/\"},{\"@type\":\"ListItem\",\"position\":3,\"name\":\"Industrial Palm Date Washing Cleaning Machine Manufacturer\"}]},{\"@type\":\"WebSite\",\"@id\":\"https:\/\/www.gelgoogsort.com\/#website\",\"url\":\"https:\/\/www.gelgoogsort.com\/\",\"name\":\"gelgoogsort\",\"description\":\"\",\"publisher\":{\"@id\":\"https:\/\/www.gelgoogsort.com\/#organization\"},\"potentialAction\":[{\"@type\":\"SearchAction\",\"target\":{\"@type\":\"EntryPoint\",\"urlTemplate\":\"https:\/\/www.gelgoogsort.com\/?s={search_term_string}\"},\"query-input\":{\"@type\":\"PropertyValueSpecification\",\"valueRequired\":true,\"valueName\":\"search_term_string\"}}],\"inLanguage\":\"es\"},{\"@type\":\"Organization\",\"@id\":\"https:\/\/www.gelgoogsort.com\/#organization\",\"name\":\"gelgoogsort\",\"url\":\"https:\/\/www.gelgoogsort.com\/\",\"logo\":{\"@type\":\"ImageObject\",\"inLanguage\":\"es\",\"@id\":\"https:\/\/www.gelgoogsort.com\/#\/schema\/logo\/image\/\",\"url\":\"https:\/\/www.gelgoogsort.com\/wp-content\/uploads\/2025\/11\/cropped-ff1a81696eef4f4590a809e30a6985e4.png\",\"contentUrl\":\"https:\/\/www.gelgoogsort.com\/wp-content\/uploads\/2025\/11\/cropped-ff1a81696eef4f4590a809e30a6985e4.png\",\"width\":512,\"height\":512,\"caption\":\"gelgoogsort\"},\"image\":{\"@id\":\"https:\/\/www.gelgoogsort.com\/#\/schema\/logo\/image\/\"},\"sameAs\":[\"https:\/\/www.facebook.com\/profile.php?id=100095205040823\"]}]}<\/script>\n<!-- \/ Yoast SEO plugin. -->","yoast_head_json":{"title":"Fabricante de m\u00e1quinas industriales de lavado y limpieza de d\u00e1tiles de palma - GELGOOG","description":"Nuestra m\u00e1quina industrial de lavado y limpieza de d\u00e1tiles de palma garantiza una limpieza a fondo, construida para mayor durabilidad y eficiencia en entornos industriales.","robots":{"index":"index","follow":"follow","max-snippet":"max-snippet:-1","max-image-preview":"max-image-preview:large","max-video-preview":"max-video-preview:-1"},"canonical":"https:\/\/www.gelgoogsort.com\/es\/product\/palm-date-washing-cleaning-machine\/","og_locale":"es_ES","og_type":"article","og_title":"Industrial Palm Date Washing Cleaning Machine Manufacturer - GELGOOG","og_description":"Our industrial palm date washing and cleaning machine ensures thorough cleaning, built for durability and efficiency in industrial settings","og_url":"https:\/\/www.gelgoogsort.com\/es\/product\/palm-date-washing-cleaning-machine\/","og_site_name":"GELGOOG","article_publisher":"https:\/\/www.facebook.com\/profile.php?id=100095205040823","article_modified_time":"2025-11-20T08:07:39+00:00","og_image":[{"width":600,"height":600,"url":"https:\/\/www.gelgoogsort.com\/wp-content\/uploads\/2025\/11\/palm-dates-washing-cleaning-machines.jpg","type":"image\/jpeg"}],"twitter_card":"summary_large_image","twitter_misc":{"Tiempo de lectura":"3 minutos"},"schema":{"@context":"https:\/\/schema.org","@graph":[{"@type":"WebPage","@id":"https:\/\/www.gelgoogsort.com\/product\/palm-date-washing-cleaning-machine\/","url":"https:\/\/www.gelgoogsort.com\/product\/palm-date-washing-cleaning-machine\/","name":"Fabricante de m\u00e1quinas industriales de lavado y limpieza de d\u00e1tiles de palma - GELGOOG","isPartOf":{"@id":"https:\/\/www.gelgoogsort.com\/#website"},"primaryImageOfPage":{"@id":"https:\/\/www.gelgoogsort.com\/product\/palm-date-washing-cleaning-machine\/#primaryimage"},"image":{"@id":"https:\/\/www.gelgoogsort.com\/product\/palm-date-washing-cleaning-machine\/#primaryimage"},"thumbnailUrl":"https:\/\/www.gelgoogsort.com\/wp-content\/uploads\/2025\/11\/palm-dates-washing-cleaning-machines.jpg","datePublished":"2025-11-05T06:12:16+00:00","dateModified":"2025-11-20T08:07:39+00:00","description":"Nuestra m\u00e1quina industrial de lavado y limpieza de d\u00e1tiles de palma garantiza una limpieza a fondo, construida para mayor durabilidad y eficiencia en entornos industriales.","breadcrumb":{"@id":"https:\/\/www.gelgoogsort.com\/product\/palm-date-washing-cleaning-machine\/#breadcrumb"},"inLanguage":"es","potentialAction":[{"@type":"ReadAction","target":["https:\/\/www.gelgoogsort.com\/product\/palm-date-washing-cleaning-machine\/"]}]},{"@type":"ImageObject","inLanguage":"es","@id":"https:\/\/www.gelgoogsort.com\/product\/palm-date-washing-cleaning-machine\/#primaryimage","url":"https:\/\/www.gelgoogsort.com\/wp-content\/uploads\/2025\/11\/palm-dates-washing-cleaning-machines.jpg","contentUrl":"https:\/\/www.gelgoogsort.com\/wp-content\/uploads\/2025\/11\/palm-dates-washing-cleaning-machines.jpg","width":600,"height":600,"caption":"industrial palm date washing cleaning machine manufacturer"},{"@type":"BreadcrumbList","@id":"https:\/\/www.gelgoogsort.com\/product\/palm-date-washing-cleaning-machine\/#breadcrumb","itemListElement":[{"@type":"ListItem","position":1,"name":"Home","item":"https:\/\/www.gelgoogsort.com\/"},{"@type":"ListItem","position":2,"name":"Product","item":"https:\/\/www.gelgoogsort.com\/product\/"},{"@type":"ListItem","position":3,"name":"Industrial Palm Date Washing Cleaning Machine Manufacturer"}]},{"@type":"WebSite","@id":"https:\/\/www.gelgoogsort.com\/#website","url":"https:\/\/www.gelgoogsort.com\/","name":"gelgoogsort","description":"","publisher":{"@id":"https:\/\/www.gelgoogsort.com\/#organization"},"potentialAction":[{"@type":"SearchAction","target":{"@type":"EntryPoint","urlTemplate":"https:\/\/www.gelgoogsort.com\/?s={search_term_string}"},"query-input":{"@type":"PropertyValueSpecification","valueRequired":true,"valueName":"search_term_string"}}],"inLanguage":"es"},{"@type":"Organization","@id":"https:\/\/www.gelgoogsort.com\/#organization","name":"gelgoogsort","url":"https:\/\/www.gelgoogsort.com\/","logo":{"@type":"ImageObject","inLanguage":"es","@id":"https:\/\/www.gelgoogsort.com\/#\/schema\/logo\/image\/","url":"https:\/\/www.gelgoogsort.com\/wp-content\/uploads\/2025\/11\/cropped-ff1a81696eef4f4590a809e30a6985e4.png","contentUrl":"https:\/\/www.gelgoogsort.com\/wp-content\/uploads\/2025\/11\/cropped-ff1a81696eef4f4590a809e30a6985e4.png","width":512,"height":512,"caption":"gelgoogsort"},"image":{"@id":"https:\/\/www.gelgoogsort.com\/#\/schema\/logo\/image\/"},"sameAs":["https:\/\/www.facebook.com\/profile.php?id=100095205040823"]}]}},"_links":{"self":[{"href":"https:\/\/www.gelgoogsort.com\/es\/wp-json\/wp\/v2\/product\/552","targetHints":{"allow":["GET"]}}],"collection":[{"href":"https:\/\/www.gelgoogsort.com\/es\/wp-json\/wp\/v2\/product"}],"about":[{"href":"https:\/\/www.gelgoogsort.com\/es\/wp-json\/wp\/v2\/types\/product"}],"replies":[{"embeddable":true,"href":"https:\/\/www.gelgoogsort.com\/es\/wp-json\/wp\/v2\/comments?post=552"}],"wp:featuredmedia":[{"embeddable":true,"href":"https:\/\/www.gelgoogsort.com\/es\/wp-json\/wp\/v2\/media\/558"}],"wp:attachment":[{"href":"https:\/\/www.gelgoogsort.com\/es\/wp-json\/wp\/v2\/media?parent=552"}],"wp:term":[{"taxonomy":"product_brand","embeddable":true,"href":"https:\/\/www.gelgoogsort.com\/es\/wp-json\/wp\/v2\/product_brand?post=552"},{"taxonomy":"product_cat","embeddable":true,"href":"https:\/\/www.gelgoogsort.com\/es\/wp-json\/wp\/v2\/product_cat?post=552"},{"taxonomy":"product_tag","embeddable":true,"href":"https:\/\/www.gelgoogsort.com\/es\/wp-json\/wp\/v2\/product_tag?post=552"}],"curies":[{"name":"wp","href":"https:\/\/api.w.org\/{rel}","templated":true}]}}