{"id":559,"date":"2025-11-05T06:43:21","date_gmt":"2025-11-05T06:43:21","guid":{"rendered":"https:\/\/www.gelgoogsort.com\/?post_type=product&#038;p=559"},"modified":"2026-04-22T17:51:59","modified_gmt":"2026-04-22T09:51:59","slug":"potato-washing-and-peeling-machine","status":"publish","type":"product","link":"https:\/\/www.gelgoogsort.com\/es\/product\/potato-washing-and-peeling-machine\/","title":{"rendered":"M\u00e1quina Industrial Lavadora y Peladora de Patatas"},"content":{"rendered":"<p>\u00bfSigues lidiando con operaciones repetitivas, altos costos de agua y un pelado desigual en tu l\u00ednea de producci\u00f3n de papas? Nuestra m\u00e1quina lavadora y peladora de papas totalmente autom\u00e1tica est\u00e1 dise\u00f1ada para f\u00e1bricas que exigen velocidad.<\/p>\n<p>Las patatas a granel se introducen por un extremo y las patatas limpias y pelables se recogen por el otro. No es necesario prelavado manual, mano de obra adicional ni tiempo de inactividad.<\/p>\n<p><img fetchpriority=\"high\" decoding=\"async\" class=\"alignnone wp-image-561 size-full\" src=\"https:\/\/www.gelgoogsort.com\/wp-content\/uploads\/2025\/11\/potato-washing-and-peeling-machines.jpg\" alt=\"m\u00e1quina autom\u00e1tica para lavar y pelar patatas\" width=\"800\" height=\"500\" srcset=\"https:\/\/www.gelgoogsort.com\/wp-content\/uploads\/2025\/11\/potato-washing-and-peeling-machines.jpg 800w, https:\/\/www.gelgoogsort.com\/wp-content\/uploads\/2025\/11\/potato-washing-and-peeling-machines-600x375.jpg 600w, https:\/\/www.gelgoogsort.com\/wp-content\/uploads\/2025\/11\/potato-washing-and-peeling-machines-300x188.jpg 300w, https:\/\/www.gelgoogsort.com\/wp-content\/uploads\/2025\/11\/potato-washing-and-peeling-machines-768x480.jpg 768w\" sizes=\"(max-width: 800px) 100vw, 800px\" \/><\/p>\n<h2>C\u00f3mo funciona la m\u00e1quina lavadora y peladora de patatas<\/h2>\n<p>El eficiente y sofisticado flujo de trabajo de la m\u00e1quina permite un lavado y pelado perfectos y totalmente automatizados. Su principio fundamental se puede dividir en tres etapas principales:<\/p>\n<ul>\n<li>Lavado inicial y transporte: Las patatas se cargan en la tolva de elevaci\u00f3n y luego se transportan suavemente al tanque de lavado principal. Durante el transporte, un rociado preliminar elimina trozos grandes de sedimento.<\/li>\n<li>Lavado profundo: Las patatas entran en la cuba de lavado llena de agua. Los rodillos de cepillo las hacen rodar y frotar bajo el agua. Chorro de alta presi\u00f3n desde varios \u00e1ngulos retira el sedimento suelto, las piedras y las impurezas superficiales.<\/li>\n<li>Secci\u00f3n de pelado de alta eficiencia: La c\u00e1mara de pelado utiliza rodillos de molienda de alta dureza o peladores abrasivos. Las patatas giran a alta velocidad, creando una fricci\u00f3n uniforme para eliminar completamente la piel.<\/li>\n<\/ul>\n<p><img decoding=\"async\" class=\"alignnone wp-image-562 size-full\" src=\"https:\/\/www.gelgoogsort.com\/wp-content\/uploads\/2025\/11\/potatos-washing-and-peeling-machine.jpg\" alt=\"m\u00e1quina lavadora y peladora de patatas\" width=\"800\" height=\"500\" srcset=\"https:\/\/www.gelgoogsort.com\/wp-content\/uploads\/2025\/11\/potatos-washing-and-peeling-machine.jpg 800w, https:\/\/www.gelgoogsort.com\/wp-content\/uploads\/2025\/11\/potatos-washing-and-peeling-machine-600x375.jpg 600w, https:\/\/www.gelgoogsort.com\/wp-content\/uploads\/2025\/11\/potatos-washing-and-peeling-machine-300x188.jpg 300w, https:\/\/www.gelgoogsort.com\/wp-content\/uploads\/2025\/11\/potatos-washing-and-peeling-machine-768x480.jpg 768w\" sizes=\"(max-width: 800px) 100vw, 800px\" \/><\/p>\n<h2>Ventajas Clave de la M\u00e1quina Lavadora y Peladora de Papas<\/h2>\n<ul>\n<li>Ahorro de tiempo: Esta m\u00e1quina integra un proceso que anteriormente requer\u00eda dos dispositivos y dos pasos en uno solo, logrando una operaci\u00f3n continua y acortando significativamente el ciclo de manipulaci\u00f3n de materiales.<\/li>\n<li>Ahorro de mano de obra: El funcionamiento totalmente automatizado requiere un solo empleado para alimentar o supervisar las patatas, eliminando las arduas tareas manuales de lavado y pelado y reduciendo significativamente los costes de mano de obra.<\/li>\n<li>Limpieza profunda: una combinaci\u00f3n de cepillos y rociadores de alta presi\u00f3n elimina eficazmente los sedimentos rebeldes de las ranuras y hendiduras de las patatas, alcanzando niveles de higiene que superan con creces los logrados manualmente.<\/li>\n<li>Pelado uniforme con baja p\u00e9rdida: El pelado mec\u00e1nico ofrece resultados m\u00e1s uniformes que el pelado manual, controla con precisi\u00f3n el grosor de la c\u00e1scara y, por lo tanto, minimiza la p\u00e9rdida de pulpa al tiempo que aumenta el rendimiento.<\/li>\n<li>Alto Rendimiento: Dise\u00f1ado para un funcionamiento continuo y de alta intensidad, con una amplia gama de capacidades de producci\u00f3n (t\u00edpicamente de 500 kg\/h a 2000 kg\/h o m\u00e1s), se adapta perfectamente al ritmo de producci\u00f3n a gran escala de las f\u00e1bricas de alimentos modernas.<\/li>\n<li>Fiable: Utilizando acero inoxidable de grado alimenticio resistente y un motor de grado industrial, esta m\u00e1quina garantiza una operaci\u00f3n estable en entornos hostiles, bajas tasas de falla y una larga vida \u00fatil.<\/li>\n<\/ul>\n<p><img decoding=\"async\" class=\"alignnone wp-image-563 size-full\" src=\"https:\/\/www.gelgoogsort.com\/wp-content\/uploads\/2025\/11\/potato-washing-and-peeling-machine.jpg\" alt=\"m\u00e1quina peladora autom\u00e1tica de patatas\" width=\"800\" height=\"500\" srcset=\"https:\/\/www.gelgoogsort.com\/wp-content\/uploads\/2025\/11\/potato-washing-and-peeling-machine.jpg 800w, https:\/\/www.gelgoogsort.com\/wp-content\/uploads\/2025\/11\/potato-washing-and-peeling-machine-600x375.jpg 600w, https:\/\/www.gelgoogsort.com\/wp-content\/uploads\/2025\/11\/potato-washing-and-peeling-machine-300x188.jpg 300w, https:\/\/www.gelgoogsort.com\/wp-content\/uploads\/2025\/11\/potato-washing-and-peeling-machine-768x480.jpg 768w\" sizes=\"(max-width: 800px) 100vw, 800px\" \/><\/p>\n<p><strong><span data-imt-p=\"1\">Esta m\u00e1quina encaja perfectamente en cualquiera de los siguientes tipos de negocio:<\/span><\/strong><\/p>\n<ol>\n<li>Plantas de procesamiento de papas fritas y patatas fritas<\/li>\n<li>Procesamiento de almid\u00f3n de patata<\/li>\n<li>Centros de distribuci\u00f3n de comidas preparadas y verduras frescas<\/li>\n<li>Cocinas centrales para grandes empresas, escuelas o el ej\u00e9rcito<\/li>\n<\/ol>\n<h2>Deja un mensaje para obtener un presupuesto<\/h2>\n<p>\u00a1Cont\u00e1ctenos hoy para una cotizaci\u00f3n personalizada y una propuesta t\u00e9cnica detallada! Nuestros expertos le brindar\u00e1n la configuraci\u00f3n de m\u00e1quina lavadora y peladora de papas que mejor se adapte a las necesidades de su instalaci\u00f3n.<\/p>\n\n<div class=\"wpcf7 no-js\" id=\"wpcf7-f556-o1\" lang=\"zh-CN\" dir=\"ltr\" data-wpcf7-id=\"556\">\n<div class=\"screen-reader-response\"><p role=\"status\" aria-live=\"polite\" aria-atomic=\"true\"><\/p> <ul><\/ul><\/div>\n<form action=\"\/es\/wp-json\/wp\/v2\/product\/559#wpcf7-f556-o1\" method=\"post\" class=\"wpcf7-form init\" aria-label=\"\u7559\u8a00\u8868\u5355\" novalidate=\"novalidate\" data-status=\"init\" data-trp-original-action=\"\/es\/wp-json\/wp\/v2\/product\/559#wpcf7-f556-o1\">\n<fieldset class=\"hidden-fields-container\"><input type=\"hidden\" name=\"_wpcf7\" value=\"556\" \/><input type=\"hidden\" name=\"_wpcf7_version\" value=\"6.1.3\" \/><input type=\"hidden\" name=\"_wpcf7_locale\" value=\"zh_CN\" \/><input type=\"hidden\" name=\"_wpcf7_unit_tag\" value=\"wpcf7-f556-o1\" \/><input type=\"hidden\" name=\"_wpcf7_container_post\" value=\"0\" \/><input type=\"hidden\" name=\"_wpcf7_posted_data_hash\" value=\"\" \/>\n<\/fieldset>\n<p><label> Tu Nombre*<br \/>\n<span class=\"wpcf7-form-control-wrap\" data-name=\"your-name\"><input size=\"40\" maxlength=\"400\" class=\"wpcf7-form-control wpcf7-text wpcf7-validates-as-required\" aria-required=\"true\" aria-invalid=\"false\" value=\"\" type=\"text\" name=\"your-name\" \/><\/span> <\/label>\n<\/p>\n<p><label> Tu pa\u00eds<br \/>\n<span class=\"wpcf7-form-control-wrap\" data-name=\"your-country\"><input size=\"40\" maxlength=\"400\" class=\"wpcf7-form-control wpcf7-text\" aria-invalid=\"false\" value=\"\" type=\"text\" name=\"your-country\" \/><\/span><\/label>\n<\/p>\n<p><label> Tu correo electr\u00f3nico*<br \/>\n<span class=\"wpcf7-form-control-wrap\" data-name=\"your-email\"><input size=\"40\" maxlength=\"400\" class=\"wpcf7-form-control wpcf7-email wpcf7-validates-as-required wpcf7-text wpcf7-validates-as-email\" aria-required=\"true\" aria-invalid=\"false\" value=\"\" type=\"email\" name=\"your-email\" \/><\/span> <\/label>\n<\/p>\n<p><label> Tu tel\u00e9fono<br \/>\n<span class=\"wpcf7-form-control-wrap\" data-name=\"your-phone\"><input size=\"40\" maxlength=\"400\" class=\"wpcf7-form-control wpcf7-tel wpcf7-text wpcf7-validates-as-tel\" aria-invalid=\"false\" value=\"\" type=\"tel\" name=\"your-phone\" \/><\/span> <\/label>\n<\/p>\n<p><label> El Nombre de Tu Empresa<br \/>\n<span class=\"wpcf7-form-control-wrap\" data-name=\"text-457\"><input size=\"40\" maxlength=\"400\" class=\"wpcf7-form-control wpcf7-text\" aria-invalid=\"false\" value=\"\" type=\"text\" name=\"text-457\" \/><\/span> <\/label>\n<\/p>\n<p><label> El sitio web de tu empresa<br \/>\n<span class=\"wpcf7-form-control-wrap\" data-name=\"text-546\"><input size=\"40\" maxlength=\"400\" class=\"wpcf7-form-control wpcf7-text\" aria-invalid=\"false\" value=\"\" type=\"text\" name=\"text-546\" \/><\/span> <\/label>\n<\/p>\n<p><label> Tu requisito*<br \/>\n<span class=\"wpcf7-form-control-wrap\" data-name=\"your-message\"><textarea cols=\"40\" rows=\"10\" maxlength=\"2000\" class=\"wpcf7-form-control wpcf7-textarea wpcf7-validates-as-required\" aria-required=\"true\" aria-invalid=\"false\" name=\"your-message\"><\/textarea><\/span> <\/label>\n<\/p>\n<p><input class=\"wpcf7-form-control wpcf7-submit has-spinner\" type=\"submit\" value=\"Enviar\" \/>\n<\/p><p style=\"display: none !important;\" class=\"akismet-fields-container\" data-prefix=\"_wpcf7_ak_\"><label>Delta<textarea name=\"_wpcf7_ak_hp_textarea\" cols=\"45\" rows=\"8\" maxlength=\"100\"><\/textarea><\/label><input type=\"hidden\" id=\"ak_js_1\" name=\"_wpcf7_ak_js\" value=\"160\"\/><script>document.getElementById( \"ak_js_1\" ).setAttribute( \"value\", ( new Date() ).getTime() );<\/script><\/p><div class=\"wpcf7-response-output\" aria-hidden=\"true\"><\/div>\n<input type=\"hidden\" name=\"trp-form-language\" value=\"es\"\/><\/form>\n<\/div>","protected":false},"excerpt":{"rendered":"<p><strong>M\u00e1quina Lavadora y Peladora de Patatas<\/strong><\/p>\n<ul>\n<li>Capacidad de producci\u00f3n: 500 kg\/h \u2013 2000 kg\/h (personalizable para mayor capacidad)<\/li>\n<li>Potencia: 3.0 kW \u2013 7.5 kW (seg\u00fan capacidad de producci\u00f3n)<\/li>\n<li>\u00cdndice de desprendimiento: \u2265981 TP3T<\/li>\n<li>\u00cdndice de p\u00e9rdida de pulpa: \u226431 %<\/li>\n<li>Material: Acero inoxidable 304 de grado alimenticio (parte en contacto con los alimentos)<\/li>\n<\/ul>","protected":false},"featured_media":560,"comment_status":"open","ping_status":"closed","template":"","meta":{"site-sidebar-layout":"default","site-content-layout":"","ast-site-content-layout":"default","site-content-style":"default","site-sidebar-style":"default","ast-global-header-display":"","ast-banner-title-visibility":"","ast-main-header-display":"","ast-hfb-above-header-display":"","ast-hfb-below-header-display":"","ast-hfb-mobile-header-display":"","site-post-title":"","ast-breadcrumbs-content":"","ast-featured-img":"","footer-sml-layout":"","theme-transparent-header-meta":"default","adv-header-id-meta":"","stick-header-meta":"","header-above-stick-meta":"","header-main-stick-meta":"","header-below-stick-meta":"","astra-migrate-meta-layouts":"set","ast-page-background-enabled":"default","ast-page-background-meta":{"desktop":{"background-color":"var(--ast-global-color-4)","background-image":"","background-repeat":"repeat","background-position":"center center","background-size":"auto","background-attachment":"scroll","background-type":"","background-media":"","overlay-type":"","overlay-color":"","overlay-opacity":"","overlay-gradient":""},"tablet":{"background-color":"","background-image":"","background-repeat":"repeat","background-position":"center center","background-size":"auto","background-attachment":"scroll","background-type":"","background-media":"","overlay-type":"","overlay-color":"","overlay-opacity":"","overlay-gradient":""},"mobile":{"background-color":"","background-image":"","background-repeat":"repeat","background-position":"center center","background-size":"auto","background-attachment":"scroll","background-type":"","background-media":"","overlay-type":"","overlay-color":"","overlay-opacity":"","overlay-gradient":""}},"ast-content-background-meta":{"desktop":{"background-color":"var(--ast-global-color-5)","background-image":"","background-repeat":"repeat","background-position":"center center","background-size":"auto","background-attachment":"scroll","background-type":"","background-media":"","overlay-type":"","overlay-color":"","overlay-opacity":"","overlay-gradient":""},"tablet":{"background-color":"var(--ast-global-color-5)","background-image":"","background-repeat":"repeat","background-position":"center center","background-size":"auto","background-attachment":"scroll","background-type":"","background-media":"","overlay-type":"","overlay-color":"","overlay-opacity":"","overlay-gradient":""},"mobile":{"background-color":"var(--ast-global-color-5)","background-image":"","background-repeat":"repeat","background-position":"center center","background-size":"auto","background-attachment":"scroll","background-type":"","background-media":"","overlay-type":"","overlay-color":"","overlay-opacity":"","overlay-gradient":""}}},"product_brand":[],"product_cat":[19],"product_tag":[],"class_list":{"0":"post-559","1":"product","2":"type-product","3":"status-publish","4":"has-post-thumbnail","6":"product_cat-product-washing","7":"desktop-align-left","8":"tablet-align-left","9":"mobile-align-left","11":"first","12":"instock","13":"shipping-taxable","14":"product-type-simple"},"yoast_head":"<!-- This site is optimized with the Yoast SEO plugin v26.2 - https:\/\/yoast.com\/wordpress\/plugins\/seo\/ -->\n<title>Industrial Potato Washing and Peeling Machine - GELGOOG<\/title>\n<meta name=\"description\" content=\"Industrial potato washing and peeling machine with high efficiency, low breakage rate, and continuous working. Suitable for factories and potato chip lines\" \/>\n<meta name=\"robots\" content=\"index, follow, max-snippet:-1, max-image-preview:large, max-video-preview:-1\" \/>\n<link rel=\"canonical\" href=\"https:\/\/www.gelgoogsort.com\/es\/product\/potato-washing-and-peeling-machine\/\" \/>\n<meta property=\"og:locale\" content=\"es_ES\" \/>\n<meta property=\"og:type\" content=\"article\" \/>\n<meta property=\"og:title\" content=\"Industrial Potato Washing and Peeling Machine - GELGOOG\" \/>\n<meta property=\"og:description\" content=\"Industrial potato washing and peeling machine with high efficiency, low breakage rate, and continuous working. Suitable for factories and potato chip lines\" \/>\n<meta property=\"og:url\" content=\"https:\/\/www.gelgoogsort.com\/es\/product\/potato-washing-and-peeling-machine\/\" \/>\n<meta property=\"og:site_name\" content=\"GELGOOG\" \/>\n<meta property=\"article:publisher\" content=\"https:\/\/www.facebook.com\/profile.php?id=100095205040823\" \/>\n<meta property=\"article:modified_time\" content=\"2026-04-22T09:51:59+00:00\" \/>\n<meta property=\"og:image\" content=\"https:\/\/www.gelgoogsort.com\/wp-content\/uploads\/2025\/11\/potatos-washing-and-peeling-machines.jpg\" \/>\n\t<meta property=\"og:image:width\" content=\"600\" \/>\n\t<meta property=\"og:image:height\" content=\"600\" \/>\n\t<meta property=\"og:image:type\" content=\"image\/jpeg\" \/>\n<meta name=\"twitter:card\" content=\"summary_large_image\" \/>\n<meta name=\"twitter:label1\" content=\"Tiempo de lectura\" \/>\n\t<meta name=\"twitter:data1\" content=\"3 minutos\" \/>\n<script type=\"application\/ld+json\" class=\"yoast-schema-graph\">{\"@context\":\"https:\/\/schema.org\",\"@graph\":[{\"@type\":\"WebPage\",\"@id\":\"https:\/\/www.gelgoogsort.com\/product\/potato-washing-and-peeling-machine\/\",\"url\":\"https:\/\/www.gelgoogsort.com\/product\/potato-washing-and-peeling-machine\/\",\"name\":\"Industrial Potato Washing and Peeling Machine - GELGOOG\",\"isPartOf\":{\"@id\":\"https:\/\/www.gelgoogsort.com\/#website\"},\"primaryImageOfPage\":{\"@id\":\"https:\/\/www.gelgoogsort.com\/product\/potato-washing-and-peeling-machine\/#primaryimage\"},\"image\":{\"@id\":\"https:\/\/www.gelgoogsort.com\/product\/potato-washing-and-peeling-machine\/#primaryimage\"},\"thumbnailUrl\":\"https:\/\/www.gelgoogsort.com\/wp-content\/uploads\/2025\/11\/potatos-washing-and-peeling-machines.jpg\",\"datePublished\":\"2025-11-05T06:43:21+00:00\",\"dateModified\":\"2026-04-22T09:51:59+00:00\",\"description\":\"Industrial potato washing and peeling machine with high efficiency, low breakage rate, and continuous working. Suitable for factories and potato chip lines\",\"breadcrumb\":{\"@id\":\"https:\/\/www.gelgoogsort.com\/product\/potato-washing-and-peeling-machine\/#breadcrumb\"},\"inLanguage\":\"es\",\"potentialAction\":[{\"@type\":\"ReadAction\",\"target\":[\"https:\/\/www.gelgoogsort.com\/product\/potato-washing-and-peeling-machine\/\"]}]},{\"@type\":\"ImageObject\",\"inLanguage\":\"es\",\"@id\":\"https:\/\/www.gelgoogsort.com\/product\/potato-washing-and-peeling-machine\/#primaryimage\",\"url\":\"https:\/\/www.gelgoogsort.com\/wp-content\/uploads\/2025\/11\/potatos-washing-and-peeling-machines.jpg\",\"contentUrl\":\"https:\/\/www.gelgoogsort.com\/wp-content\/uploads\/2025\/11\/potatos-washing-and-peeling-machines.jpg\",\"width\":600,\"height\":600,\"caption\":\"potato washing and peeling machine\"},{\"@type\":\"BreadcrumbList\",\"@id\":\"https:\/\/www.gelgoogsort.com\/product\/potato-washing-and-peeling-machine\/#breadcrumb\",\"itemListElement\":[{\"@type\":\"ListItem\",\"position\":1,\"name\":\"Home\",\"item\":\"https:\/\/www.gelgoogsort.com\/\"},{\"@type\":\"ListItem\",\"position\":2,\"name\":\"Product\",\"item\":\"https:\/\/www.gelgoogsort.com\/product\/\"},{\"@type\":\"ListItem\",\"position\":3,\"name\":\"Industrial Potato Washing and Peeling Machine\"}]},{\"@type\":\"WebSite\",\"@id\":\"https:\/\/www.gelgoogsort.com\/#website\",\"url\":\"https:\/\/www.gelgoogsort.com\/\",\"name\":\"gelgoogsort\",\"description\":\"\",\"publisher\":{\"@id\":\"https:\/\/www.gelgoogsort.com\/#organization\"},\"potentialAction\":[{\"@type\":\"SearchAction\",\"target\":{\"@type\":\"EntryPoint\",\"urlTemplate\":\"https:\/\/www.gelgoogsort.com\/?s={search_term_string}\"},\"query-input\":{\"@type\":\"PropertyValueSpecification\",\"valueRequired\":true,\"valueName\":\"search_term_string\"}}],\"inLanguage\":\"es\"},{\"@type\":\"Organization\",\"@id\":\"https:\/\/www.gelgoogsort.com\/#organization\",\"name\":\"gelgoogsort\",\"url\":\"https:\/\/www.gelgoogsort.com\/\",\"logo\":{\"@type\":\"ImageObject\",\"inLanguage\":\"es\",\"@id\":\"https:\/\/www.gelgoogsort.com\/#\/schema\/logo\/image\/\",\"url\":\"https:\/\/www.gelgoogsort.com\/wp-content\/uploads\/2025\/11\/cropped-ff1a81696eef4f4590a809e30a6985e4.png\",\"contentUrl\":\"https:\/\/www.gelgoogsort.com\/wp-content\/uploads\/2025\/11\/cropped-ff1a81696eef4f4590a809e30a6985e4.png\",\"width\":512,\"height\":512,\"caption\":\"gelgoogsort\"},\"image\":{\"@id\":\"https:\/\/www.gelgoogsort.com\/#\/schema\/logo\/image\/\"},\"sameAs\":[\"https:\/\/www.facebook.com\/profile.php?id=100095205040823\"]}]}<\/script>\n<!-- \/ Yoast SEO plugin. -->","yoast_head_json":{"title":"M\u00e1quina Industrial de Lavado y Pelado de Patatas - GELGOOG","description":"Lavadora y peladora industrial de patatas de alta eficiencia, baja tasa de rotura y trabajo continuo. Adecuado para f\u00e1bricas y l\u00edneas de patatas fritas.","robots":{"index":"index","follow":"follow","max-snippet":"max-snippet:-1","max-image-preview":"max-image-preview:large","max-video-preview":"max-video-preview:-1"},"canonical":"https:\/\/www.gelgoogsort.com\/es\/product\/potato-washing-and-peeling-machine\/","og_locale":"es_ES","og_type":"article","og_title":"Industrial Potato Washing and Peeling Machine - GELGOOG","og_description":"Industrial potato washing and peeling machine with high efficiency, low breakage rate, and continuous working. Suitable for factories and potato chip lines","og_url":"https:\/\/www.gelgoogsort.com\/es\/product\/potato-washing-and-peeling-machine\/","og_site_name":"GELGOOG","article_publisher":"https:\/\/www.facebook.com\/profile.php?id=100095205040823","article_modified_time":"2026-04-22T09:51:59+00:00","og_image":[{"width":600,"height":600,"url":"https:\/\/www.gelgoogsort.com\/wp-content\/uploads\/2025\/11\/potatos-washing-and-peeling-machines.jpg","type":"image\/jpeg"}],"twitter_card":"summary_large_image","twitter_misc":{"Tiempo de lectura":"3 minutos"},"schema":{"@context":"https:\/\/schema.org","@graph":[{"@type":"WebPage","@id":"https:\/\/www.gelgoogsort.com\/product\/potato-washing-and-peeling-machine\/","url":"https:\/\/www.gelgoogsort.com\/product\/potato-washing-and-peeling-machine\/","name":"M\u00e1quina Industrial de Lavado y Pelado de Patatas - GELGOOG","isPartOf":{"@id":"https:\/\/www.gelgoogsort.com\/#website"},"primaryImageOfPage":{"@id":"https:\/\/www.gelgoogsort.com\/product\/potato-washing-and-peeling-machine\/#primaryimage"},"image":{"@id":"https:\/\/www.gelgoogsort.com\/product\/potato-washing-and-peeling-machine\/#primaryimage"},"thumbnailUrl":"https:\/\/www.gelgoogsort.com\/wp-content\/uploads\/2025\/11\/potatos-washing-and-peeling-machines.jpg","datePublished":"2025-11-05T06:43:21+00:00","dateModified":"2026-04-22T09:51:59+00:00","description":"Lavadora y peladora industrial de patatas de alta eficiencia, baja tasa de rotura y trabajo continuo. Adecuado para f\u00e1bricas y l\u00edneas de patatas fritas.","breadcrumb":{"@id":"https:\/\/www.gelgoogsort.com\/product\/potato-washing-and-peeling-machine\/#breadcrumb"},"inLanguage":"es","potentialAction":[{"@type":"ReadAction","target":["https:\/\/www.gelgoogsort.com\/product\/potato-washing-and-peeling-machine\/"]}]},{"@type":"ImageObject","inLanguage":"es","@id":"https:\/\/www.gelgoogsort.com\/product\/potato-washing-and-peeling-machine\/#primaryimage","url":"https:\/\/www.gelgoogsort.com\/wp-content\/uploads\/2025\/11\/potatos-washing-and-peeling-machines.jpg","contentUrl":"https:\/\/www.gelgoogsort.com\/wp-content\/uploads\/2025\/11\/potatos-washing-and-peeling-machines.jpg","width":600,"height":600,"caption":"potato washing and peeling machine"},{"@type":"BreadcrumbList","@id":"https:\/\/www.gelgoogsort.com\/product\/potato-washing-and-peeling-machine\/#breadcrumb","itemListElement":[{"@type":"ListItem","position":1,"name":"Home","item":"https:\/\/www.gelgoogsort.com\/"},{"@type":"ListItem","position":2,"name":"Product","item":"https:\/\/www.gelgoogsort.com\/product\/"},{"@type":"ListItem","position":3,"name":"Industrial Potato Washing and Peeling Machine"}]},{"@type":"WebSite","@id":"https:\/\/www.gelgoogsort.com\/#website","url":"https:\/\/www.gelgoogsort.com\/","name":"gelgoogsort","description":"","publisher":{"@id":"https:\/\/www.gelgoogsort.com\/#organization"},"potentialAction":[{"@type":"SearchAction","target":{"@type":"EntryPoint","urlTemplate":"https:\/\/www.gelgoogsort.com\/?s={search_term_string}"},"query-input":{"@type":"PropertyValueSpecification","valueRequired":true,"valueName":"search_term_string"}}],"inLanguage":"es"},{"@type":"Organization","@id":"https:\/\/www.gelgoogsort.com\/#organization","name":"gelgoogsort","url":"https:\/\/www.gelgoogsort.com\/","logo":{"@type":"ImageObject","inLanguage":"es","@id":"https:\/\/www.gelgoogsort.com\/#\/schema\/logo\/image\/","url":"https:\/\/www.gelgoogsort.com\/wp-content\/uploads\/2025\/11\/cropped-ff1a81696eef4f4590a809e30a6985e4.png","contentUrl":"https:\/\/www.gelgoogsort.com\/wp-content\/uploads\/2025\/11\/cropped-ff1a81696eef4f4590a809e30a6985e4.png","width":512,"height":512,"caption":"gelgoogsort"},"image":{"@id":"https:\/\/www.gelgoogsort.com\/#\/schema\/logo\/image\/"},"sameAs":["https:\/\/www.facebook.com\/profile.php?id=100095205040823"]}]}},"_links":{"self":[{"href":"https:\/\/www.gelgoogsort.com\/es\/wp-json\/wp\/v2\/product\/559","targetHints":{"allow":["GET"]}}],"collection":[{"href":"https:\/\/www.gelgoogsort.com\/es\/wp-json\/wp\/v2\/product"}],"about":[{"href":"https:\/\/www.gelgoogsort.com\/es\/wp-json\/wp\/v2\/types\/product"}],"replies":[{"embeddable":true,"href":"https:\/\/www.gelgoogsort.com\/es\/wp-json\/wp\/v2\/comments?post=559"}],"wp:featuredmedia":[{"embeddable":true,"href":"https:\/\/www.gelgoogsort.com\/es\/wp-json\/wp\/v2\/media\/560"}],"wp:attachment":[{"href":"https:\/\/www.gelgoogsort.com\/es\/wp-json\/wp\/v2\/media?parent=559"}],"wp:term":[{"taxonomy":"product_brand","embeddable":true,"href":"https:\/\/www.gelgoogsort.com\/es\/wp-json\/wp\/v2\/product_brand?post=559"},{"taxonomy":"product_cat","embeddable":true,"href":"https:\/\/www.gelgoogsort.com\/es\/wp-json\/wp\/v2\/product_cat?post=559"},{"taxonomy":"product_tag","embeddable":true,"href":"https:\/\/www.gelgoogsort.com\/es\/wp-json\/wp\/v2\/product_tag?post=559"}],"curies":[{"name":"wp","href":"https:\/\/api.w.org\/{rel}","templated":true}]}}