{"id":565,"date":"2025-11-05T08:31:25","date_gmt":"2025-11-05T08:31:25","guid":{"rendered":"https:\/\/www.gelgoogsort.com\/?post_type=product&#038;p=565"},"modified":"2025-11-20T16:05:51","modified_gmt":"2025-11-20T08:05:51","slug":"carrot-cleaning-machine","status":"publish","type":"product","link":"https:\/\/www.gelgoogsort.com\/es\/product\/carrot-cleaning-machine\/","title":{"rendered":"M\u00e1quina Lavadora De Zanahorias De Grado Industrial"},"content":{"rendered":"<p>La lavadora de zanahorias est\u00e1 dise\u00f1ada para plantas de procesamiento de alimentos, centros de distribuci\u00f3n de verduras y empresas de deshidrataci\u00f3n de verduras. Elimina a fondo la suciedad, la mugre y los residuos agr\u00edcolas de las superficies de las zanahorias, garantizando una limpieza eficiente y una producci\u00f3n de alta calidad para cumplir con los requisitos de la industria alimentaria moderna.<\/p>\n<p><img fetchpriority=\"high\" decoding=\"async\" class=\"alignnone wp-image-566 size-full\" src=\"https:\/\/www.gelgoogsort.com\/wp-content\/uploads\/2025\/11\/carrots-washing-machine.jpg\" alt=\"m\u00e1quina limpiadora de zanahorias\" width=\"800\" height=\"500\" srcset=\"https:\/\/www.gelgoogsort.com\/wp-content\/uploads\/2025\/11\/carrots-washing-machine.jpg 800w, https:\/\/www.gelgoogsort.com\/wp-content\/uploads\/2025\/11\/carrots-washing-machine-600x375.jpg 600w, https:\/\/www.gelgoogsort.com\/wp-content\/uploads\/2025\/11\/carrots-washing-machine-300x188.jpg 300w, https:\/\/www.gelgoogsort.com\/wp-content\/uploads\/2025\/11\/carrots-washing-machine-768x480.jpg 768w\" sizes=\"(max-width: 800px) 100vw, 800px\" \/><\/p>\n<h2>Principio de funcionamiento principal<\/h2>\n<p>Esta m\u00e1quina utiliza m\u00faltiples pasos coordinados para garantizar que cada zanahoria se limpie a fondo y sin problemas:<\/p>\n<ul>\n<li>Elevaci\u00f3n y Lavado Inicial: Las zanahorias se transportan uniformemente al tanque de lavado principal a trav\u00e9s de un elevador. Durante el proceso de elevaci\u00f3n, se someten a potentes rociados para desprender la mayor parte de la suciedad suelta adherida a la superficie.<\/li>\n<li>Lavado por Fricci\u00f3n con Cepillos Profundos: Las zanahorias entran al tanque de lavado lleno de agua limpia. Dentro del tanque, m\u00faltiples juegos de rodillos de cepillo de nailon flexible especialmente dise\u00f1ados, impulsados por un motor, giran en direcciones opuestas a alta velocidad, provocando que las zanahorias rueden y se froten a fondo. Esta limpieza flexible pero potente elimina la suciedad persistente de ranuras y depresiones sin rayar la delicada piel.<\/li>\n<li>Enjuague con Rociado a Alta Presi\u00f3n: Durante la limpieza con cepillos y antes de la descarga, se activa el sistema de rociado multidireccional a alta presi\u00f3n de la m\u00e1quina, que utiliza una densa cortina de agua para eliminar a fondo la suciedad y las impurezas desprendidas de la superficie de la zanahoria, asegurando que no queden residuos.<\/li>\n<li>Secado al aire de alta eficiencia (Opcional): Las zanahorias lavadas pueden pasar por una secci\u00f3n de secado al aire de alta eficiencia antes de su descarga. Un flujo de aire potente y limpio elimina la mayor\u00eda de las gotas de agua superficiales, dejando las zanahorias secas y listas para su posterior procesamiento, envasado o pelado y corte en dados.<\/li>\n<\/ul>\n<p><iframe title=\"L\u00ednea de Producci\u00f3n Multifuncional de Limpieza de Verduras\" width=\"500\" height=\"281\" src=\"https:\/\/www.youtube.com\/embed\/m8Oi--pfFXs?feature=oembed\" frameborder=\"0\" allow=\"accelerometer; autoplay; clipboard-write; encrypted-media; gyroscope; picture-in-picture; web-share\" referrerpolicy=\"strict-origin-when-cross-origin\" allowfullscreen><\/iframe><\/p>\n<h2>Ventajas principales del producto<\/h2>\n<p>Elegir nuestra lavadora de zanahorias potenciar\u00e1 su l\u00ednea de producci\u00f3n:<\/p>\n<ul>\n<li>Capacidad de Producci\u00f3n Industrial de Alta Eficiencia: Dise\u00f1ada para operaci\u00f3n continua e intensiva, la m\u00e1quina se integra f\u00e1cilmente en l\u00edneas de producci\u00f3n automatizadas, proporcionando una salida estable y eficiente para cumplir completamente sus planes de producci\u00f3n de gran volumen.<\/li>\n<li>Excelente Limpieza y Bajo Da\u00f1o: El mecanismo de limpieza dual de \u201cfricci\u00f3n de cepillos + pulverizaci\u00f3n de alta presi\u00f3n\u201d asegura una limpieza completa. Esto minimiza la rotura de la piel y el da\u00f1o mec\u00e1nico a las zanahorias durante el proceso de limpieza, asegurando una excelente apariencia y valor del producto.<\/li>\n<li>Resistente y duradero: la estructura principal y todas las partes de contacto est\u00e1n hechas de acero inoxidable 304 de alta calidad, lo que ofrece una excelente resistencia a la corrosi\u00f3n y una f\u00e1cil limpieza y mantenimiento.<\/li>\n<li>Operaci\u00f3n Automatizada: Desde la alimentaci\u00f3n, el lavado, hasta la descarga, todo el proceso est\u00e1 automatizado. Una sola m\u00e1quina puede reemplazar numerosas tareas manuales, reduciendo significativamente los costos de mano de obra y gesti\u00f3n, al tiempo que elimina los inconvenientes de los est\u00e1ndares de lavado manual ineficientes e inconsistentes.<\/li>\n<li>Personalizaci\u00f3n Flexible para Satisfacer Diversas Necesidades: Ofrecemos una variedad de modelos y capacidades (por ejemplo, de 500 kg\/h a 3000 kg\/h) y podemos personalizar y a\u00f1adir m\u00f3dulos especiales para satisfacer sus requisitos de proceso espec\u00edficos.<\/li>\n<\/ul>\n<p><img decoding=\"async\" class=\"alignnone wp-image-567 size-full\" src=\"https:\/\/www.gelgoogsort.com\/wp-content\/uploads\/2025\/11\/carrot-washing-machine.jpg\" alt=\"lavadora de zanahorias\" width=\"800\" height=\"500\" srcset=\"https:\/\/www.gelgoogsort.com\/wp-content\/uploads\/2025\/11\/carrot-washing-machine.jpg 800w, https:\/\/www.gelgoogsort.com\/wp-content\/uploads\/2025\/11\/carrot-washing-machine-600x375.jpg 600w, https:\/\/www.gelgoogsort.com\/wp-content\/uploads\/2025\/11\/carrot-washing-machine-300x188.jpg 300w, https:\/\/www.gelgoogsort.com\/wp-content\/uploads\/2025\/11\/carrot-washing-machine-768x480.jpg 768w\" sizes=\"(max-width: 800px) 100vw, 800px\" \/><\/p>\n<h2>\u00a1Cons\u00faltenos ahora para obtener una soluci\u00f3n personalizada!<\/h2>\n<p>Que esta eficiente y confiable lavadora de zanahorias sea una herramienta poderosa para mejorar la calidad del producto y la eficiencia de la producci\u00f3n. Esperamos poder proporcionarle una propuesta y cotizaci\u00f3n detalladas.<\/p>\n<p><img decoding=\"async\" class=\"alignnone wp-image-568 size-full\" src=\"https:\/\/www.gelgoogsort.com\/wp-content\/uploads\/2025\/11\/carrot-washing-machines.jpg\" alt=\"m\u00e1quina autom\u00e1tica para limpiar zanahorias\" width=\"800\" height=\"500\" srcset=\"https:\/\/www.gelgoogsort.com\/wp-content\/uploads\/2025\/11\/carrot-washing-machines.jpg 800w, https:\/\/www.gelgoogsort.com\/wp-content\/uploads\/2025\/11\/carrot-washing-machines-600x375.jpg 600w, https:\/\/www.gelgoogsort.com\/wp-content\/uploads\/2025\/11\/carrot-washing-machines-300x188.jpg 300w, https:\/\/www.gelgoogsort.com\/wp-content\/uploads\/2025\/11\/carrot-washing-machines-768x480.jpg 768w\" sizes=\"(max-width: 800px) 100vw, 800px\" \/><\/p>\n<h2>Deja un mensaje para obtener un presupuesto<\/h2>\n\n<div class=\"wpcf7 no-js\" id=\"wpcf7-f556-o1\" lang=\"zh-CN\" dir=\"ltr\" data-wpcf7-id=\"556\">\n<div class=\"screen-reader-response\"><p role=\"status\" aria-live=\"polite\" aria-atomic=\"true\"><\/p> <ul><\/ul><\/div>\n<form action=\"\/es\/wp-json\/wp\/v2\/product\/565#wpcf7-f556-o1\" method=\"post\" class=\"wpcf7-form init\" aria-label=\"\u7559\u8a00\u8868\u5355\" novalidate=\"novalidate\" data-status=\"init\" data-trp-original-action=\"\/es\/wp-json\/wp\/v2\/product\/565#wpcf7-f556-o1\">\n<fieldset class=\"hidden-fields-container\"><input type=\"hidden\" name=\"_wpcf7\" value=\"556\" \/><input type=\"hidden\" name=\"_wpcf7_version\" value=\"6.1.3\" \/><input type=\"hidden\" name=\"_wpcf7_locale\" value=\"zh_CN\" \/><input type=\"hidden\" name=\"_wpcf7_unit_tag\" value=\"wpcf7-f556-o1\" \/><input type=\"hidden\" name=\"_wpcf7_container_post\" value=\"0\" \/><input type=\"hidden\" name=\"_wpcf7_posted_data_hash\" value=\"\" \/>\n<\/fieldset>\n<p><label> Tu Nombre*<br \/>\n<span class=\"wpcf7-form-control-wrap\" data-name=\"your-name\"><input size=\"40\" maxlength=\"400\" class=\"wpcf7-form-control wpcf7-text wpcf7-validates-as-required\" aria-required=\"true\" aria-invalid=\"false\" value=\"\" type=\"text\" name=\"your-name\" \/><\/span> <\/label>\n<\/p>\n<p><label> Tu pa\u00eds<br \/>\n<span class=\"wpcf7-form-control-wrap\" data-name=\"your-country\"><input size=\"40\" maxlength=\"400\" class=\"wpcf7-form-control wpcf7-text\" aria-invalid=\"false\" value=\"\" type=\"text\" name=\"your-country\" \/><\/span><\/label>\n<\/p>\n<p><label> Tu correo electr\u00f3nico*<br \/>\n<span class=\"wpcf7-form-control-wrap\" data-name=\"your-email\"><input size=\"40\" maxlength=\"400\" class=\"wpcf7-form-control wpcf7-email wpcf7-validates-as-required wpcf7-text wpcf7-validates-as-email\" aria-required=\"true\" aria-invalid=\"false\" value=\"\" type=\"email\" name=\"your-email\" \/><\/span> <\/label>\n<\/p>\n<p><label> Tu tel\u00e9fono<br \/>\n<span class=\"wpcf7-form-control-wrap\" data-name=\"your-phone\"><input size=\"40\" maxlength=\"400\" class=\"wpcf7-form-control wpcf7-tel wpcf7-text wpcf7-validates-as-tel\" aria-invalid=\"false\" value=\"\" type=\"tel\" name=\"your-phone\" \/><\/span> <\/label>\n<\/p>\n<p><label> El Nombre de Tu Empresa<br \/>\n<span class=\"wpcf7-form-control-wrap\" data-name=\"text-457\"><input size=\"40\" maxlength=\"400\" class=\"wpcf7-form-control wpcf7-text\" aria-invalid=\"false\" value=\"\" type=\"text\" name=\"text-457\" \/><\/span> <\/label>\n<\/p>\n<p><label> El sitio web de tu empresa<br \/>\n<span class=\"wpcf7-form-control-wrap\" data-name=\"text-546\"><input size=\"40\" maxlength=\"400\" class=\"wpcf7-form-control wpcf7-text\" aria-invalid=\"false\" value=\"\" type=\"text\" name=\"text-546\" \/><\/span> <\/label>\n<\/p>\n<p><label> Tu requisito*<br \/>\n<span class=\"wpcf7-form-control-wrap\" data-name=\"your-message\"><textarea cols=\"40\" rows=\"10\" maxlength=\"2000\" class=\"wpcf7-form-control wpcf7-textarea wpcf7-validates-as-required\" aria-required=\"true\" aria-invalid=\"false\" name=\"your-message\"><\/textarea><\/span> <\/label>\n<\/p>\n<p><input class=\"wpcf7-form-control wpcf7-submit has-spinner\" type=\"submit\" value=\"Enviar\" \/>\n<\/p><p style=\"display: none !important;\" class=\"akismet-fields-container\" data-prefix=\"_wpcf7_ak_\"><label>Delta<textarea name=\"_wpcf7_ak_hp_textarea\" cols=\"45\" rows=\"8\" maxlength=\"100\"><\/textarea><\/label><input type=\"hidden\" id=\"ak_js_1\" name=\"_wpcf7_ak_js\" value=\"139\"\/><script>document.getElementById( \"ak_js_1\" ).setAttribute( \"value\", ( new Date() ).getTime() );<\/script><\/p><div class=\"wpcf7-response-output\" aria-hidden=\"true\"><\/div>\n<input type=\"hidden\" name=\"trp-form-language\" value=\"es\"\/><\/form>\n<\/div>","protected":false},"excerpt":{"rendered":"<p>The carrot washing machine is designed for food processing plants, vegetable distribution centers, and vegetable dehydration companies. It thoroughly removes [&hellip;]<\/p>\n","protected":false},"featured_media":569,"comment_status":"open","ping_status":"closed","template":"","meta":{"site-sidebar-layout":"default","site-content-layout":"","ast-site-content-layout":"default","site-content-style":"default","site-sidebar-style":"default","ast-global-header-display":"","ast-banner-title-visibility":"","ast-main-header-display":"","ast-hfb-above-header-display":"","ast-hfb-below-header-display":"","ast-hfb-mobile-header-display":"","site-post-title":"","ast-breadcrumbs-content":"","ast-featured-img":"","footer-sml-layout":"","theme-transparent-header-meta":"default","adv-header-id-meta":"","stick-header-meta":"","header-above-stick-meta":"","header-main-stick-meta":"","header-below-stick-meta":"","astra-migrate-meta-layouts":"set","ast-page-background-enabled":"default","ast-page-background-meta":{"desktop":{"background-color":"var(--ast-global-color-4)","background-image":"","background-repeat":"repeat","background-position":"center center","background-size":"auto","background-attachment":"scroll","background-type":"","background-media":"","overlay-type":"","overlay-color":"","overlay-opacity":"","overlay-gradient":""},"tablet":{"background-color":"","background-image":"","background-repeat":"repeat","background-position":"center center","background-size":"auto","background-attachment":"scroll","background-type":"","background-media":"","overlay-type":"","overlay-color":"","overlay-opacity":"","overlay-gradient":""},"mobile":{"background-color":"","background-image":"","background-repeat":"repeat","background-position":"center center","background-size":"auto","background-attachment":"scroll","background-type":"","background-media":"","overlay-type":"","overlay-color":"","overlay-opacity":"","overlay-gradient":""}},"ast-content-background-meta":{"desktop":{"background-color":"var(--ast-global-color-5)","background-image":"","background-repeat":"repeat","background-position":"center center","background-size":"auto","background-attachment":"scroll","background-type":"","background-media":"","overlay-type":"","overlay-color":"","overlay-opacity":"","overlay-gradient":""},"tablet":{"background-color":"var(--ast-global-color-5)","background-image":"","background-repeat":"repeat","background-position":"center center","background-size":"auto","background-attachment":"scroll","background-type":"","background-media":"","overlay-type":"","overlay-color":"","overlay-opacity":"","overlay-gradient":""},"mobile":{"background-color":"var(--ast-global-color-5)","background-image":"","background-repeat":"repeat","background-position":"center center","background-size":"auto","background-attachment":"scroll","background-type":"","background-media":"","overlay-type":"","overlay-color":"","overlay-opacity":"","overlay-gradient":""}}},"product_brand":[],"product_cat":[19],"product_tag":[],"class_list":{"0":"post-565","1":"product","2":"type-product","3":"status-publish","4":"has-post-thumbnail","6":"product_cat-product-washing","7":"desktop-align-left","8":"tablet-align-left","9":"mobile-align-left","11":"first","12":"instock","13":"shipping-taxable","14":"product-type-simple"},"yoast_head":"<!-- This site is optimized with the Yoast SEO plugin v26.2 - https:\/\/yoast.com\/wordpress\/plugins\/seo\/ -->\n<title>Carrot Cleaning Machine Industrial Grade High Efficiency - GELGOOG<\/title>\n<meta name=\"description\" content=\"Industrial-grade carrot cleaning machine for high efficiency. Thoroughly removes dirt and contaminants, meeting high production demands.\" \/>\n<meta name=\"robots\" content=\"index, follow, max-snippet:-1, max-image-preview:large, max-video-preview:-1\" \/>\n<link rel=\"canonical\" href=\"https:\/\/www.gelgoogsort.com\/es\/product\/carrot-cleaning-machine\/\" \/>\n<meta property=\"og:locale\" content=\"es_ES\" \/>\n<meta property=\"og:type\" content=\"article\" \/>\n<meta property=\"og:title\" content=\"Carrot Cleaning Machine Industrial Grade High Efficiency - GELGOOG\" \/>\n<meta property=\"og:description\" content=\"Industrial-grade carrot cleaning machine for high efficiency. Thoroughly removes dirt and contaminants, meeting high production demands.\" \/>\n<meta property=\"og:url\" content=\"https:\/\/www.gelgoogsort.com\/es\/product\/carrot-cleaning-machine\/\" \/>\n<meta property=\"og:site_name\" content=\"GELGOOG\" \/>\n<meta property=\"article:publisher\" content=\"https:\/\/www.facebook.com\/profile.php?id=100095205040823\" \/>\n<meta property=\"article:modified_time\" content=\"2025-11-20T08:05:51+00:00\" \/>\n<meta property=\"og:image\" content=\"https:\/\/www.gelgoogsort.com\/wp-content\/uploads\/2025\/11\/carrots-washing-machines.jpg\" \/>\n\t<meta property=\"og:image:width\" content=\"600\" \/>\n\t<meta property=\"og:image:height\" content=\"600\" \/>\n\t<meta property=\"og:image:type\" content=\"image\/jpeg\" \/>\n<meta name=\"twitter:card\" content=\"summary_large_image\" \/>\n<meta name=\"twitter:label1\" content=\"Tiempo de lectura\" \/>\n\t<meta name=\"twitter:data1\" content=\"3 minutos\" \/>\n<script type=\"application\/ld+json\" class=\"yoast-schema-graph\">{\"@context\":\"https:\/\/schema.org\",\"@graph\":[{\"@type\":\"WebPage\",\"@id\":\"https:\/\/www.gelgoogsort.com\/product\/carrot-cleaning-machine\/\",\"url\":\"https:\/\/www.gelgoogsort.com\/product\/carrot-cleaning-machine\/\",\"name\":\"Carrot Cleaning Machine Industrial Grade High Efficiency - GELGOOG\",\"isPartOf\":{\"@id\":\"https:\/\/www.gelgoogsort.com\/#website\"},\"primaryImageOfPage\":{\"@id\":\"https:\/\/www.gelgoogsort.com\/product\/carrot-cleaning-machine\/#primaryimage\"},\"image\":{\"@id\":\"https:\/\/www.gelgoogsort.com\/product\/carrot-cleaning-machine\/#primaryimage\"},\"thumbnailUrl\":\"https:\/\/www.gelgoogsort.com\/wp-content\/uploads\/2025\/11\/carrots-washing-machines.jpg\",\"datePublished\":\"2025-11-05T08:31:25+00:00\",\"dateModified\":\"2025-11-20T08:05:51+00:00\",\"description\":\"Industrial-grade carrot cleaning machine for high efficiency. Thoroughly removes dirt and contaminants, meeting high production demands.\",\"breadcrumb\":{\"@id\":\"https:\/\/www.gelgoogsort.com\/product\/carrot-cleaning-machine\/#breadcrumb\"},\"inLanguage\":\"es\",\"potentialAction\":[{\"@type\":\"ReadAction\",\"target\":[\"https:\/\/www.gelgoogsort.com\/product\/carrot-cleaning-machine\/\"]}]},{\"@type\":\"ImageObject\",\"inLanguage\":\"es\",\"@id\":\"https:\/\/www.gelgoogsort.com\/product\/carrot-cleaning-machine\/#primaryimage\",\"url\":\"https:\/\/www.gelgoogsort.com\/wp-content\/uploads\/2025\/11\/carrots-washing-machines.jpg\",\"contentUrl\":\"https:\/\/www.gelgoogsort.com\/wp-content\/uploads\/2025\/11\/carrots-washing-machines.jpg\",\"width\":600,\"height\":600,\"caption\":\"carrot cleaning machine industrial\"},{\"@type\":\"BreadcrumbList\",\"@id\":\"https:\/\/www.gelgoogsort.com\/product\/carrot-cleaning-machine\/#breadcrumb\",\"itemListElement\":[{\"@type\":\"ListItem\",\"position\":1,\"name\":\"Home\",\"item\":\"https:\/\/www.gelgoogsort.com\/\"},{\"@type\":\"ListItem\",\"position\":2,\"name\":\"Product\",\"item\":\"https:\/\/www.gelgoogsort.com\/product\/\"},{\"@type\":\"ListItem\",\"position\":3,\"name\":\"Carrot Cleaning Machine Industrial Grade High Efficiency\"}]},{\"@type\":\"WebSite\",\"@id\":\"https:\/\/www.gelgoogsort.com\/#website\",\"url\":\"https:\/\/www.gelgoogsort.com\/\",\"name\":\"gelgoogsort\",\"description\":\"\",\"publisher\":{\"@id\":\"https:\/\/www.gelgoogsort.com\/#organization\"},\"potentialAction\":[{\"@type\":\"SearchAction\",\"target\":{\"@type\":\"EntryPoint\",\"urlTemplate\":\"https:\/\/www.gelgoogsort.com\/?s={search_term_string}\"},\"query-input\":{\"@type\":\"PropertyValueSpecification\",\"valueRequired\":true,\"valueName\":\"search_term_string\"}}],\"inLanguage\":\"es\"},{\"@type\":\"Organization\",\"@id\":\"https:\/\/www.gelgoogsort.com\/#organization\",\"name\":\"gelgoogsort\",\"url\":\"https:\/\/www.gelgoogsort.com\/\",\"logo\":{\"@type\":\"ImageObject\",\"inLanguage\":\"es\",\"@id\":\"https:\/\/www.gelgoogsort.com\/#\/schema\/logo\/image\/\",\"url\":\"https:\/\/www.gelgoogsort.com\/wp-content\/uploads\/2025\/11\/cropped-ff1a81696eef4f4590a809e30a6985e4.png\",\"contentUrl\":\"https:\/\/www.gelgoogsort.com\/wp-content\/uploads\/2025\/11\/cropped-ff1a81696eef4f4590a809e30a6985e4.png\",\"width\":512,\"height\":512,\"caption\":\"gelgoogsort\"},\"image\":{\"@id\":\"https:\/\/www.gelgoogsort.com\/#\/schema\/logo\/image\/\"},\"sameAs\":[\"https:\/\/www.facebook.com\/profile.php?id=100095205040823\"]}]}<\/script>\n<!-- \/ Yoast SEO plugin. -->","yoast_head_json":{"title":"M\u00e1quina Limpiadora de Zanahorias Grado Industrial Alta Eficiencia - GELGOOG","description":"M\u00e1quina de limpieza de zanahorias de grado industrial para alta eficiencia. Elimina a fondo la suciedad y los contaminantes, cumpliendo con altas demandas de producci\u00f3n.","robots":{"index":"index","follow":"follow","max-snippet":"max-snippet:-1","max-image-preview":"max-image-preview:large","max-video-preview":"max-video-preview:-1"},"canonical":"https:\/\/www.gelgoogsort.com\/es\/product\/carrot-cleaning-machine\/","og_locale":"es_ES","og_type":"article","og_title":"Carrot Cleaning Machine Industrial Grade High Efficiency - GELGOOG","og_description":"Industrial-grade carrot cleaning machine for high efficiency. Thoroughly removes dirt and contaminants, meeting high production demands.","og_url":"https:\/\/www.gelgoogsort.com\/es\/product\/carrot-cleaning-machine\/","og_site_name":"GELGOOG","article_publisher":"https:\/\/www.facebook.com\/profile.php?id=100095205040823","article_modified_time":"2025-11-20T08:05:51+00:00","og_image":[{"width":600,"height":600,"url":"https:\/\/www.gelgoogsort.com\/wp-content\/uploads\/2025\/11\/carrots-washing-machines.jpg","type":"image\/jpeg"}],"twitter_card":"summary_large_image","twitter_misc":{"Tiempo de lectura":"3 minutos"},"schema":{"@context":"https:\/\/schema.org","@graph":[{"@type":"WebPage","@id":"https:\/\/www.gelgoogsort.com\/product\/carrot-cleaning-machine\/","url":"https:\/\/www.gelgoogsort.com\/product\/carrot-cleaning-machine\/","name":"M\u00e1quina Limpiadora de Zanahorias Grado Industrial Alta Eficiencia - GELGOOG","isPartOf":{"@id":"https:\/\/www.gelgoogsort.com\/#website"},"primaryImageOfPage":{"@id":"https:\/\/www.gelgoogsort.com\/product\/carrot-cleaning-machine\/#primaryimage"},"image":{"@id":"https:\/\/www.gelgoogsort.com\/product\/carrot-cleaning-machine\/#primaryimage"},"thumbnailUrl":"https:\/\/www.gelgoogsort.com\/wp-content\/uploads\/2025\/11\/carrots-washing-machines.jpg","datePublished":"2025-11-05T08:31:25+00:00","dateModified":"2025-11-20T08:05:51+00:00","description":"M\u00e1quina de limpieza de zanahorias de grado industrial para alta eficiencia. Elimina a fondo la suciedad y los contaminantes, cumpliendo con altas demandas de producci\u00f3n.","breadcrumb":{"@id":"https:\/\/www.gelgoogsort.com\/product\/carrot-cleaning-machine\/#breadcrumb"},"inLanguage":"es","potentialAction":[{"@type":"ReadAction","target":["https:\/\/www.gelgoogsort.com\/product\/carrot-cleaning-machine\/"]}]},{"@type":"ImageObject","inLanguage":"es","@id":"https:\/\/www.gelgoogsort.com\/product\/carrot-cleaning-machine\/#primaryimage","url":"https:\/\/www.gelgoogsort.com\/wp-content\/uploads\/2025\/11\/carrots-washing-machines.jpg","contentUrl":"https:\/\/www.gelgoogsort.com\/wp-content\/uploads\/2025\/11\/carrots-washing-machines.jpg","width":600,"height":600,"caption":"carrot cleaning machine industrial"},{"@type":"BreadcrumbList","@id":"https:\/\/www.gelgoogsort.com\/product\/carrot-cleaning-machine\/#breadcrumb","itemListElement":[{"@type":"ListItem","position":1,"name":"Home","item":"https:\/\/www.gelgoogsort.com\/"},{"@type":"ListItem","position":2,"name":"Product","item":"https:\/\/www.gelgoogsort.com\/product\/"},{"@type":"ListItem","position":3,"name":"Carrot Cleaning Machine Industrial Grade High Efficiency"}]},{"@type":"WebSite","@id":"https:\/\/www.gelgoogsort.com\/#website","url":"https:\/\/www.gelgoogsort.com\/","name":"gelgoogsort","description":"","publisher":{"@id":"https:\/\/www.gelgoogsort.com\/#organization"},"potentialAction":[{"@type":"SearchAction","target":{"@type":"EntryPoint","urlTemplate":"https:\/\/www.gelgoogsort.com\/?s={search_term_string}"},"query-input":{"@type":"PropertyValueSpecification","valueRequired":true,"valueName":"search_term_string"}}],"inLanguage":"es"},{"@type":"Organization","@id":"https:\/\/www.gelgoogsort.com\/#organization","name":"gelgoogsort","url":"https:\/\/www.gelgoogsort.com\/","logo":{"@type":"ImageObject","inLanguage":"es","@id":"https:\/\/www.gelgoogsort.com\/#\/schema\/logo\/image\/","url":"https:\/\/www.gelgoogsort.com\/wp-content\/uploads\/2025\/11\/cropped-ff1a81696eef4f4590a809e30a6985e4.png","contentUrl":"https:\/\/www.gelgoogsort.com\/wp-content\/uploads\/2025\/11\/cropped-ff1a81696eef4f4590a809e30a6985e4.png","width":512,"height":512,"caption":"gelgoogsort"},"image":{"@id":"https:\/\/www.gelgoogsort.com\/#\/schema\/logo\/image\/"},"sameAs":["https:\/\/www.facebook.com\/profile.php?id=100095205040823"]}]}},"_links":{"self":[{"href":"https:\/\/www.gelgoogsort.com\/es\/wp-json\/wp\/v2\/product\/565","targetHints":{"allow":["GET"]}}],"collection":[{"href":"https:\/\/www.gelgoogsort.com\/es\/wp-json\/wp\/v2\/product"}],"about":[{"href":"https:\/\/www.gelgoogsort.com\/es\/wp-json\/wp\/v2\/types\/product"}],"replies":[{"embeddable":true,"href":"https:\/\/www.gelgoogsort.com\/es\/wp-json\/wp\/v2\/comments?post=565"}],"wp:featuredmedia":[{"embeddable":true,"href":"https:\/\/www.gelgoogsort.com\/es\/wp-json\/wp\/v2\/media\/569"}],"wp:attachment":[{"href":"https:\/\/www.gelgoogsort.com\/es\/wp-json\/wp\/v2\/media?parent=565"}],"wp:term":[{"taxonomy":"product_brand","embeddable":true,"href":"https:\/\/www.gelgoogsort.com\/es\/wp-json\/wp\/v2\/product_brand?post=565"},{"taxonomy":"product_cat","embeddable":true,"href":"https:\/\/www.gelgoogsort.com\/es\/wp-json\/wp\/v2\/product_cat?post=565"},{"taxonomy":"product_tag","embeddable":true,"href":"https:\/\/www.gelgoogsort.com\/es\/wp-json\/wp\/v2\/product_tag?post=565"}],"curies":[{"name":"wp","href":"https:\/\/api.w.org\/{rel}","templated":true}]}}