{"id":571,"date":"2025-11-05T08:35:38","date_gmt":"2025-11-05T08:35:38","guid":{"rendered":"https:\/\/www.gelgoogsort.com\/?post_type=product&#038;p=571"},"modified":"2025-11-20T15:53:56","modified_gmt":"2025-11-20T07:53:56","slug":"automatic-chili-pepper-washing-machine","status":"publish","type":"product","link":"https:\/\/www.gelgoogsort.com\/es\/product\/automatic-chili-pepper-washing-machine\/","title":{"rendered":"M\u00e1quina autom\u00e1tica para lavar chiles tipo burbuja de aire"},"content":{"rendered":"<p>Nuestra lavadora autom\u00e1tica de chiles utiliza tecnolog\u00eda avanzada de limpieza con burbujas, logrando una eliminaci\u00f3n eficiente de la suciedad y abordando al mismo tiempo los desaf\u00edos de la industria de astillado, rayado y desprendimiento de chiles durante el proceso de lavado. Esta m\u00e1quina es ideal para garantizar que sus chiles lleguen al mercado con una calidad \u00f3ptima.<\/p>\n<p><img fetchpriority=\"high\" decoding=\"async\" class=\"alignnone wp-image-572 size-full\" src=\"https:\/\/www.gelgoogsort.com\/wp-content\/uploads\/2025\/11\/automatic-chili-peppers-washing-machine.jpg\" alt=\"lavadora de chiles\" width=\"800\" height=\"500\" srcset=\"https:\/\/www.gelgoogsort.com\/wp-content\/uploads\/2025\/11\/automatic-chili-peppers-washing-machine.jpg 800w, https:\/\/www.gelgoogsort.com\/wp-content\/uploads\/2025\/11\/automatic-chili-peppers-washing-machine-600x375.jpg 600w, https:\/\/www.gelgoogsort.com\/wp-content\/uploads\/2025\/11\/automatic-chili-peppers-washing-machine-300x188.jpg 300w, https:\/\/www.gelgoogsort.com\/wp-content\/uploads\/2025\/11\/automatic-chili-peppers-washing-machine-768x480.jpg 768w\" sizes=\"(max-width: 800px) 100vw, 800px\" \/><\/p>\n<h2>Principio de funcionamiento principal<\/h2>\n<p>Esta m\u00e1quina utiliza el principio f\u00edsico de las burbujas para lograr una limpieza profunda de los pimientos casi sin da\u00f1arlos:<\/p>\n<ul>\n<li>Generaci\u00f3n y Tumbling de Burbujas: Cuando un compresor inyecta una gran cantidad de aire en el agua, incontables microburbujas densas surgen desde el fondo. A medida que estas burbujas ascienden y estallan, limpian y hacen rodar suavemente la superficie de los pimientos, sacudiendo y separando eficazmente el lodo, el polvo y los residuos de pesticidas de los pliegues.<\/li>\n<li>Flujo de agua y separaci\u00f3n flotante: Impulsados por las burbujas, los pimientos giran suavemente y avanzan en el agua. Mientras tanto, las impurezas m\u00e1s ligeras que el agua, como hojas y tallos de hierba, flotan a la superficie y se eliminan autom\u00e1ticamente a trav\u00e9s de una salida de rebosadero dedicada o un dispositivo de desincrustaci\u00f3n.<\/li>\n<li>Enjuague con rociado de alta presi\u00f3n: Despu\u00e9s de ser limpiados en un ba\u00f1o de burbujas, los pimientos se enjuagan con un sistema de rociado de baja presi\u00f3n y \u00e1ngulo amplio instalado sobre ellos antes de su descarga, asegurando que todas las impurezas se eliminen por completo.<\/li>\n<li>Secado Eficiente con Aire (Opcional): Despu\u00e9s de la limpieza, los pimientos se introducen inmediatamente en la l\u00ednea de secado con aire conectada, donde un flujo de aire limpio y potente elimina r\u00e1pidamente la humedad superficial, dej\u00e1ndolos en perfectas condiciones para su consumo, envasado o el siguiente paso de procesamiento.<\/li>\n<\/ul>\n<p><img decoding=\"async\" class=\"alignnone wp-image-573 size-full\" src=\"https:\/\/www.gelgoogsort.com\/wp-content\/uploads\/2025\/11\/automatic-chili-peppers-washing-machines.jpg\" alt=\"lavadora autom\u00e1tica de chiles\" width=\"800\" height=\"500\" srcset=\"https:\/\/www.gelgoogsort.com\/wp-content\/uploads\/2025\/11\/automatic-chili-peppers-washing-machines.jpg 800w, https:\/\/www.gelgoogsort.com\/wp-content\/uploads\/2025\/11\/automatic-chili-peppers-washing-machines-600x375.jpg 600w, https:\/\/www.gelgoogsort.com\/wp-content\/uploads\/2025\/11\/automatic-chili-peppers-washing-machines-300x188.jpg 300w, https:\/\/www.gelgoogsort.com\/wp-content\/uploads\/2025\/11\/automatic-chili-peppers-washing-machines-768x480.jpg 768w\" sizes=\"(max-width: 800px) 100vw, 800px\" \/><\/p>\n<h2>Ventajas clave del producto<\/h2>\n<ul>\n<li>Gran Reducci\u00f3n de P\u00e9rdidas: El m\u00e9todo de limpieza sin escobillas y sin fricci\u00f3n elimina fundamentalmente el da\u00f1o mec\u00e1nico, asegurando la integridad y el brillo de la piel de la pimienta y reduciendo significativamente la tasa de tallos desprendidos, conservando el m\u00e1ximo valor del producto.<\/li>\n<li>Limpieza Profunda y Eficiente: Las microburbujas penetran profundamente en las grietas y pliegues de los tallos de los pimientos, lugares inaccesibles para el trabajo manual y los cepillos, logrando una limpieza completa y a fondo. Esto ofrece est\u00e1ndares de higiene superiores, lo que lo hace especialmente adecuado para productos de grado exportaci\u00f3n sujetos a estrictas normas de residuos de pesticidas.<\/li>\n<li>Operaci\u00f3n Totalmente Autom\u00e1tica y Eficiente: Todo el proceso, desde el levantamiento, la limpieza con burbujas, el rociado, hasta el secado al aire, es autom\u00e1tico y continuo. Esta m\u00e1quina lavadora autom\u00e1tica de chiles se adapta f\u00e1cilmente al ritmo de la l\u00ednea de producci\u00f3n y puede ser operada por una sola persona, mejorando significativamente la eficiencia de producci\u00f3n y ahorrando considerables costos de mano de obra.<\/li>\n<li>Durabilidad: El cuerpo de la m\u00e1quina est\u00e1 construido de acero inoxidable 304 de grado alimenticio, resistente a la corrosi\u00f3n y f\u00e1cil de limpiar, cumpliendo totalmente con las normas de higiene y seguridad en el procesamiento de alimentos. Los componentes principales ofrecen un rendimiento estable y est\u00e1n dise\u00f1ados espec\u00edficamente para los ambientes h\u00famedos de las plantas de procesamiento de alimentos, asegurando una larga vida \u00fatil.<\/li>\n<li>Amplia Aplicaci\u00f3n: Adem\u00e1s de varios tipos de pimientos (como pimientos morrones, pimientos de habichuela y chiles), esta m\u00e1quina tambi\u00e9n es adecuada para otras verduras de hoja, bayas y frutas y verduras delicadas, logrando un uso multiprop\u00f3sito en una sola m\u00e1quina.<\/li>\n<\/ul>\n<p><img decoding=\"async\" class=\"alignnone wp-image-574 size-full\" src=\"https:\/\/www.gelgoogsort.com\/wp-content\/uploads\/2025\/11\/automatic-chili-pepper-washing-machines.jpg\" alt=\" lavadora de chiles\" width=\"800\" height=\"500\" srcset=\"https:\/\/www.gelgoogsort.com\/wp-content\/uploads\/2025\/11\/automatic-chili-pepper-washing-machines.jpg 800w, https:\/\/www.gelgoogsort.com\/wp-content\/uploads\/2025\/11\/automatic-chili-pepper-washing-machines-600x375.jpg 600w, https:\/\/www.gelgoogsort.com\/wp-content\/uploads\/2025\/11\/automatic-chili-pepper-washing-machines-300x188.jpg 300w, https:\/\/www.gelgoogsort.com\/wp-content\/uploads\/2025\/11\/automatic-chili-pepper-washing-machines-768x480.jpg 768w\" sizes=\"(max-width: 800px) 100vw, 800px\" \/><\/p>\n<p><strong>\u00a1Cons\u00faltenos ahora para experimentar la tecnolog\u00eda de limpieza no destructiva!<\/strong><\/p>\n<p>\u00a1Deja que esta lavadora autom\u00e1tica de chiles, inteligente y gentil, se convierta en tu arma secreta para mejorar la competitividad de tu producto y conquistar el mercado de alta gama. \u00a1Cont\u00e1ctanos para obtener informaci\u00f3n detallada y una cotizaci\u00f3n!<\/p>\n<p><iframe title=\"L\u00ednea de Producci\u00f3n de Vegetales Limpios Adecuada para M\u00faltiples Vegetales\" width=\"500\" height=\"281\" src=\"https:\/\/www.youtube.com\/embed\/Mfnq_1lVsaI?feature=oembed\" frameborder=\"0\" allow=\"accelerometer; autoplay; clipboard-write; encrypted-media; gyroscope; picture-in-picture; web-share\" referrerpolicy=\"strict-origin-when-cross-origin\" allowfullscreen><\/iframe><\/p>\n<h2>Deja un mensaje para obtener un presupuesto<\/h2>\n\n<div class=\"wpcf7 no-js\" id=\"wpcf7-f556-o1\" lang=\"zh-CN\" dir=\"ltr\" data-wpcf7-id=\"556\">\n<div class=\"screen-reader-response\"><p role=\"status\" aria-live=\"polite\" aria-atomic=\"true\"><\/p> <ul><\/ul><\/div>\n<form action=\"\/es\/wp-json\/wp\/v2\/product\/571#wpcf7-f556-o1\" method=\"post\" class=\"wpcf7-form init\" aria-label=\"\u7559\u8a00\u8868\u5355\" novalidate=\"novalidate\" data-status=\"init\" data-trp-original-action=\"\/es\/wp-json\/wp\/v2\/product\/571#wpcf7-f556-o1\">\n<fieldset class=\"hidden-fields-container\"><input type=\"hidden\" name=\"_wpcf7\" value=\"556\" \/><input type=\"hidden\" name=\"_wpcf7_version\" value=\"6.1.3\" \/><input type=\"hidden\" name=\"_wpcf7_locale\" value=\"zh_CN\" \/><input type=\"hidden\" name=\"_wpcf7_unit_tag\" value=\"wpcf7-f556-o1\" \/><input type=\"hidden\" name=\"_wpcf7_container_post\" value=\"0\" \/><input type=\"hidden\" name=\"_wpcf7_posted_data_hash\" value=\"\" \/>\n<\/fieldset>\n<p><label> Tu Nombre*<br \/>\n<span class=\"wpcf7-form-control-wrap\" data-name=\"your-name\"><input size=\"40\" maxlength=\"400\" class=\"wpcf7-form-control wpcf7-text wpcf7-validates-as-required\" aria-required=\"true\" aria-invalid=\"false\" value=\"\" type=\"text\" name=\"your-name\" \/><\/span> <\/label>\n<\/p>\n<p><label> Tu pa\u00eds<br \/>\n<span class=\"wpcf7-form-control-wrap\" data-name=\"your-country\"><input size=\"40\" maxlength=\"400\" class=\"wpcf7-form-control wpcf7-text\" aria-invalid=\"false\" value=\"\" type=\"text\" name=\"your-country\" \/><\/span><\/label>\n<\/p>\n<p><label> Tu correo electr\u00f3nico*<br \/>\n<span class=\"wpcf7-form-control-wrap\" data-name=\"your-email\"><input size=\"40\" maxlength=\"400\" class=\"wpcf7-form-control wpcf7-email wpcf7-validates-as-required wpcf7-text wpcf7-validates-as-email\" aria-required=\"true\" aria-invalid=\"false\" value=\"\" type=\"email\" name=\"your-email\" \/><\/span> <\/label>\n<\/p>\n<p><label> Tu tel\u00e9fono<br \/>\n<span class=\"wpcf7-form-control-wrap\" data-name=\"your-phone\"><input size=\"40\" maxlength=\"400\" class=\"wpcf7-form-control wpcf7-tel wpcf7-text wpcf7-validates-as-tel\" aria-invalid=\"false\" value=\"\" type=\"tel\" name=\"your-phone\" \/><\/span> <\/label>\n<\/p>\n<p><label> El Nombre de Tu Empresa<br \/>\n<span class=\"wpcf7-form-control-wrap\" data-name=\"text-457\"><input size=\"40\" maxlength=\"400\" class=\"wpcf7-form-control wpcf7-text\" aria-invalid=\"false\" value=\"\" type=\"text\" name=\"text-457\" \/><\/span> <\/label>\n<\/p>\n<p><label> El sitio web de tu empresa<br \/>\n<span class=\"wpcf7-form-control-wrap\" data-name=\"text-546\"><input size=\"40\" maxlength=\"400\" class=\"wpcf7-form-control wpcf7-text\" aria-invalid=\"false\" value=\"\" type=\"text\" name=\"text-546\" \/><\/span> <\/label>\n<\/p>\n<p><label> Tu requisito*<br \/>\n<span class=\"wpcf7-form-control-wrap\" data-name=\"your-message\"><textarea cols=\"40\" rows=\"10\" maxlength=\"2000\" class=\"wpcf7-form-control wpcf7-textarea wpcf7-validates-as-required\" aria-required=\"true\" aria-invalid=\"false\" name=\"your-message\"><\/textarea><\/span> <\/label>\n<\/p>\n<p><input class=\"wpcf7-form-control wpcf7-submit has-spinner\" type=\"submit\" value=\"Enviar\" \/>\n<\/p><p style=\"display: none !important;\" class=\"akismet-fields-container\" data-prefix=\"_wpcf7_ak_\"><label>Delta<textarea name=\"_wpcf7_ak_hp_textarea\" cols=\"45\" rows=\"8\" maxlength=\"100\"><\/textarea><\/label><input type=\"hidden\" id=\"ak_js_1\" name=\"_wpcf7_ak_js\" value=\"177\"\/><script>document.getElementById( \"ak_js_1\" ).setAttribute( \"value\", ( new Date() ).getTime() );<\/script><\/p><div class=\"wpcf7-response-output\" aria-hidden=\"true\"><\/div>\n<input type=\"hidden\" name=\"trp-form-language\" value=\"es\"\/><\/form>\n<\/div>","protected":false},"excerpt":{"rendered":"<p>Our automatic chili pepper washing machine utilizes advanced bubble cleaning technology, achieving efficient dirt removal while also addressing the industry&#8217;s [&hellip;]<\/p>\n","protected":false},"featured_media":576,"comment_status":"open","ping_status":"closed","template":"","meta":{"site-sidebar-layout":"default","site-content-layout":"","ast-site-content-layout":"default","site-content-style":"default","site-sidebar-style":"default","ast-global-header-display":"","ast-banner-title-visibility":"","ast-main-header-display":"","ast-hfb-above-header-display":"","ast-hfb-below-header-display":"","ast-hfb-mobile-header-display":"","site-post-title":"","ast-breadcrumbs-content":"","ast-featured-img":"","footer-sml-layout":"","theme-transparent-header-meta":"default","adv-header-id-meta":"","stick-header-meta":"","header-above-stick-meta":"","header-main-stick-meta":"","header-below-stick-meta":"","astra-migrate-meta-layouts":"set","ast-page-background-enabled":"default","ast-page-background-meta":{"desktop":{"background-color":"var(--ast-global-color-4)","background-image":"","background-repeat":"repeat","background-position":"center center","background-size":"auto","background-attachment":"scroll","background-type":"","background-media":"","overlay-type":"","overlay-color":"","overlay-opacity":"","overlay-gradient":""},"tablet":{"background-color":"","background-image":"","background-repeat":"repeat","background-position":"center center","background-size":"auto","background-attachment":"scroll","background-type":"","background-media":"","overlay-type":"","overlay-color":"","overlay-opacity":"","overlay-gradient":""},"mobile":{"background-color":"","background-image":"","background-repeat":"repeat","background-position":"center center","background-size":"auto","background-attachment":"scroll","background-type":"","background-media":"","overlay-type":"","overlay-color":"","overlay-opacity":"","overlay-gradient":""}},"ast-content-background-meta":{"desktop":{"background-color":"var(--ast-global-color-5)","background-image":"","background-repeat":"repeat","background-position":"center center","background-size":"auto","background-attachment":"scroll","background-type":"","background-media":"","overlay-type":"","overlay-color":"","overlay-opacity":"","overlay-gradient":""},"tablet":{"background-color":"var(--ast-global-color-5)","background-image":"","background-repeat":"repeat","background-position":"center center","background-size":"auto","background-attachment":"scroll","background-type":"","background-media":"","overlay-type":"","overlay-color":"","overlay-opacity":"","overlay-gradient":""},"mobile":{"background-color":"var(--ast-global-color-5)","background-image":"","background-repeat":"repeat","background-position":"center center","background-size":"auto","background-attachment":"scroll","background-type":"","background-media":"","overlay-type":"","overlay-color":"","overlay-opacity":"","overlay-gradient":""}}},"product_brand":[],"product_cat":[19],"product_tag":[],"class_list":{"0":"post-571","1":"product","2":"type-product","3":"status-publish","4":"has-post-thumbnail","6":"product_cat-product-washing","7":"desktop-align-left","8":"tablet-align-left","9":"mobile-align-left","11":"first","12":"instock","13":"shipping-taxable","14":"product-type-simple"},"yoast_head":"<!-- This site is optimized with the Yoast SEO plugin v26.2 - https:\/\/yoast.com\/wordpress\/plugins\/seo\/ -->\n<title>Automatic Chili Pepper Washing Machine Air Bubble Type - GELGOOG<\/title>\n<meta name=\"description\" content=\"Automatic chili pepper washing machine with air bubble technology. Ensures gentle yet effective cleaning, preserving pepper quality.\" \/>\n<meta name=\"robots\" content=\"index, follow, max-snippet:-1, max-image-preview:large, max-video-preview:-1\" \/>\n<link rel=\"canonical\" href=\"https:\/\/www.gelgoogsort.com\/es\/product\/automatic-chili-pepper-washing-machine\/\" \/>\n<meta property=\"og:locale\" content=\"es_ES\" \/>\n<meta property=\"og:type\" content=\"article\" \/>\n<meta property=\"og:title\" content=\"Automatic Chili Pepper Washing Machine Air Bubble Type - GELGOOG\" \/>\n<meta property=\"og:description\" content=\"Automatic chili pepper washing machine with air bubble technology. Ensures gentle yet effective cleaning, preserving pepper quality.\" \/>\n<meta property=\"og:url\" content=\"https:\/\/www.gelgoogsort.com\/es\/product\/automatic-chili-pepper-washing-machine\/\" \/>\n<meta property=\"og:site_name\" content=\"GELGOOG\" \/>\n<meta property=\"article:publisher\" content=\"https:\/\/www.facebook.com\/profile.php?id=100095205040823\" \/>\n<meta property=\"article:modified_time\" content=\"2025-11-20T07:53:56+00:00\" \/>\n<meta property=\"og:image\" content=\"https:\/\/www.gelgoogsort.com\/wp-content\/uploads\/2025\/11\/automatic-chili-pepper-washing-machine.jpg\" \/>\n\t<meta property=\"og:image:width\" content=\"600\" \/>\n\t<meta property=\"og:image:height\" content=\"600\" \/>\n\t<meta property=\"og:image:type\" content=\"image\/jpeg\" \/>\n<meta name=\"twitter:card\" content=\"summary_large_image\" \/>\n<meta name=\"twitter:label1\" content=\"Tiempo de lectura\" \/>\n\t<meta name=\"twitter:data1\" content=\"4 minutos\" \/>\n<script type=\"application\/ld+json\" class=\"yoast-schema-graph\">{\"@context\":\"https:\/\/schema.org\",\"@graph\":[{\"@type\":\"WebPage\",\"@id\":\"https:\/\/www.gelgoogsort.com\/product\/automatic-chili-pepper-washing-machine\/\",\"url\":\"https:\/\/www.gelgoogsort.com\/product\/automatic-chili-pepper-washing-machine\/\",\"name\":\"Automatic Chili Pepper Washing Machine Air Bubble Type - GELGOOG\",\"isPartOf\":{\"@id\":\"https:\/\/www.gelgoogsort.com\/#website\"},\"primaryImageOfPage\":{\"@id\":\"https:\/\/www.gelgoogsort.com\/product\/automatic-chili-pepper-washing-machine\/#primaryimage\"},\"image\":{\"@id\":\"https:\/\/www.gelgoogsort.com\/product\/automatic-chili-pepper-washing-machine\/#primaryimage\"},\"thumbnailUrl\":\"https:\/\/www.gelgoogsort.com\/wp-content\/uploads\/2025\/11\/automatic-chili-pepper-washing-machine.jpg\",\"datePublished\":\"2025-11-05T08:35:38+00:00\",\"dateModified\":\"2025-11-20T07:53:56+00:00\",\"description\":\"Automatic chili pepper washing machine with air bubble technology. Ensures gentle yet effective cleaning, preserving pepper quality.\",\"breadcrumb\":{\"@id\":\"https:\/\/www.gelgoogsort.com\/product\/automatic-chili-pepper-washing-machine\/#breadcrumb\"},\"inLanguage\":\"es\",\"potentialAction\":[{\"@type\":\"ReadAction\",\"target\":[\"https:\/\/www.gelgoogsort.com\/product\/automatic-chili-pepper-washing-machine\/\"]}]},{\"@type\":\"ImageObject\",\"inLanguage\":\"es\",\"@id\":\"https:\/\/www.gelgoogsort.com\/product\/automatic-chili-pepper-washing-machine\/#primaryimage\",\"url\":\"https:\/\/www.gelgoogsort.com\/wp-content\/uploads\/2025\/11\/automatic-chili-pepper-washing-machine.jpg\",\"contentUrl\":\"https:\/\/www.gelgoogsort.com\/wp-content\/uploads\/2025\/11\/automatic-chili-pepper-washing-machine.jpg\",\"width\":600,\"height\":600,\"caption\":\"chili pepper washing machine\"},{\"@type\":\"BreadcrumbList\",\"@id\":\"https:\/\/www.gelgoogsort.com\/product\/automatic-chili-pepper-washing-machine\/#breadcrumb\",\"itemListElement\":[{\"@type\":\"ListItem\",\"position\":1,\"name\":\"Home\",\"item\":\"https:\/\/www.gelgoogsort.com\/\"},{\"@type\":\"ListItem\",\"position\":2,\"name\":\"Product\",\"item\":\"https:\/\/www.gelgoogsort.com\/product\/\"},{\"@type\":\"ListItem\",\"position\":3,\"name\":\"Automatic Chili Pepper Washing Machine Air Bubble Type\"}]},{\"@type\":\"WebSite\",\"@id\":\"https:\/\/www.gelgoogsort.com\/#website\",\"url\":\"https:\/\/www.gelgoogsort.com\/\",\"name\":\"gelgoogsort\",\"description\":\"\",\"publisher\":{\"@id\":\"https:\/\/www.gelgoogsort.com\/#organization\"},\"potentialAction\":[{\"@type\":\"SearchAction\",\"target\":{\"@type\":\"EntryPoint\",\"urlTemplate\":\"https:\/\/www.gelgoogsort.com\/?s={search_term_string}\"},\"query-input\":{\"@type\":\"PropertyValueSpecification\",\"valueRequired\":true,\"valueName\":\"search_term_string\"}}],\"inLanguage\":\"es\"},{\"@type\":\"Organization\",\"@id\":\"https:\/\/www.gelgoogsort.com\/#organization\",\"name\":\"gelgoogsort\",\"url\":\"https:\/\/www.gelgoogsort.com\/\",\"logo\":{\"@type\":\"ImageObject\",\"inLanguage\":\"es\",\"@id\":\"https:\/\/www.gelgoogsort.com\/#\/schema\/logo\/image\/\",\"url\":\"https:\/\/www.gelgoogsort.com\/wp-content\/uploads\/2025\/11\/cropped-ff1a81696eef4f4590a809e30a6985e4.png\",\"contentUrl\":\"https:\/\/www.gelgoogsort.com\/wp-content\/uploads\/2025\/11\/cropped-ff1a81696eef4f4590a809e30a6985e4.png\",\"width\":512,\"height\":512,\"caption\":\"gelgoogsort\"},\"image\":{\"@id\":\"https:\/\/www.gelgoogsort.com\/#\/schema\/logo\/image\/\"},\"sameAs\":[\"https:\/\/www.facebook.com\/profile.php?id=100095205040823\"]}]}<\/script>\n<!-- \/ Yoast SEO plugin. -->","yoast_head_json":{"title":"M\u00e1quina autom\u00e1tica de lavado de chiles tipo burbuja de aire - GELGOOG","description":"Lavadora autom\u00e1tica de chiles con tecnolog\u00eda de burbujas de aire. Asegura una limpieza suave pero efectiva, preservando la calidad del chile.","robots":{"index":"index","follow":"follow","max-snippet":"max-snippet:-1","max-image-preview":"max-image-preview:large","max-video-preview":"max-video-preview:-1"},"canonical":"https:\/\/www.gelgoogsort.com\/es\/product\/automatic-chili-pepper-washing-machine\/","og_locale":"es_ES","og_type":"article","og_title":"Automatic Chili Pepper Washing Machine Air Bubble Type - GELGOOG","og_description":"Automatic chili pepper washing machine with air bubble technology. Ensures gentle yet effective cleaning, preserving pepper quality.","og_url":"https:\/\/www.gelgoogsort.com\/es\/product\/automatic-chili-pepper-washing-machine\/","og_site_name":"GELGOOG","article_publisher":"https:\/\/www.facebook.com\/profile.php?id=100095205040823","article_modified_time":"2025-11-20T07:53:56+00:00","og_image":[{"width":600,"height":600,"url":"https:\/\/www.gelgoogsort.com\/wp-content\/uploads\/2025\/11\/automatic-chili-pepper-washing-machine.jpg","type":"image\/jpeg"}],"twitter_card":"summary_large_image","twitter_misc":{"Tiempo de lectura":"4 minutos"},"schema":{"@context":"https:\/\/schema.org","@graph":[{"@type":"WebPage","@id":"https:\/\/www.gelgoogsort.com\/product\/automatic-chili-pepper-washing-machine\/","url":"https:\/\/www.gelgoogsort.com\/product\/automatic-chili-pepper-washing-machine\/","name":"M\u00e1quina autom\u00e1tica de lavado de chiles tipo burbuja de aire - GELGOOG","isPartOf":{"@id":"https:\/\/www.gelgoogsort.com\/#website"},"primaryImageOfPage":{"@id":"https:\/\/www.gelgoogsort.com\/product\/automatic-chili-pepper-washing-machine\/#primaryimage"},"image":{"@id":"https:\/\/www.gelgoogsort.com\/product\/automatic-chili-pepper-washing-machine\/#primaryimage"},"thumbnailUrl":"https:\/\/www.gelgoogsort.com\/wp-content\/uploads\/2025\/11\/automatic-chili-pepper-washing-machine.jpg","datePublished":"2025-11-05T08:35:38+00:00","dateModified":"2025-11-20T07:53:56+00:00","description":"Lavadora autom\u00e1tica de chiles con tecnolog\u00eda de burbujas de aire. Asegura una limpieza suave pero efectiva, preservando la calidad del chile.","breadcrumb":{"@id":"https:\/\/www.gelgoogsort.com\/product\/automatic-chili-pepper-washing-machine\/#breadcrumb"},"inLanguage":"es","potentialAction":[{"@type":"ReadAction","target":["https:\/\/www.gelgoogsort.com\/product\/automatic-chili-pepper-washing-machine\/"]}]},{"@type":"ImageObject","inLanguage":"es","@id":"https:\/\/www.gelgoogsort.com\/product\/automatic-chili-pepper-washing-machine\/#primaryimage","url":"https:\/\/www.gelgoogsort.com\/wp-content\/uploads\/2025\/11\/automatic-chili-pepper-washing-machine.jpg","contentUrl":"https:\/\/www.gelgoogsort.com\/wp-content\/uploads\/2025\/11\/automatic-chili-pepper-washing-machine.jpg","width":600,"height":600,"caption":"chili pepper washing machine"},{"@type":"BreadcrumbList","@id":"https:\/\/www.gelgoogsort.com\/product\/automatic-chili-pepper-washing-machine\/#breadcrumb","itemListElement":[{"@type":"ListItem","position":1,"name":"Home","item":"https:\/\/www.gelgoogsort.com\/"},{"@type":"ListItem","position":2,"name":"Product","item":"https:\/\/www.gelgoogsort.com\/product\/"},{"@type":"ListItem","position":3,"name":"Automatic Chili Pepper Washing Machine Air Bubble Type"}]},{"@type":"WebSite","@id":"https:\/\/www.gelgoogsort.com\/#website","url":"https:\/\/www.gelgoogsort.com\/","name":"gelgoogsort","description":"","publisher":{"@id":"https:\/\/www.gelgoogsort.com\/#organization"},"potentialAction":[{"@type":"SearchAction","target":{"@type":"EntryPoint","urlTemplate":"https:\/\/www.gelgoogsort.com\/?s={search_term_string}"},"query-input":{"@type":"PropertyValueSpecification","valueRequired":true,"valueName":"search_term_string"}}],"inLanguage":"es"},{"@type":"Organization","@id":"https:\/\/www.gelgoogsort.com\/#organization","name":"gelgoogsort","url":"https:\/\/www.gelgoogsort.com\/","logo":{"@type":"ImageObject","inLanguage":"es","@id":"https:\/\/www.gelgoogsort.com\/#\/schema\/logo\/image\/","url":"https:\/\/www.gelgoogsort.com\/wp-content\/uploads\/2025\/11\/cropped-ff1a81696eef4f4590a809e30a6985e4.png","contentUrl":"https:\/\/www.gelgoogsort.com\/wp-content\/uploads\/2025\/11\/cropped-ff1a81696eef4f4590a809e30a6985e4.png","width":512,"height":512,"caption":"gelgoogsort"},"image":{"@id":"https:\/\/www.gelgoogsort.com\/#\/schema\/logo\/image\/"},"sameAs":["https:\/\/www.facebook.com\/profile.php?id=100095205040823"]}]}},"_links":{"self":[{"href":"https:\/\/www.gelgoogsort.com\/es\/wp-json\/wp\/v2\/product\/571","targetHints":{"allow":["GET"]}}],"collection":[{"href":"https:\/\/www.gelgoogsort.com\/es\/wp-json\/wp\/v2\/product"}],"about":[{"href":"https:\/\/www.gelgoogsort.com\/es\/wp-json\/wp\/v2\/types\/product"}],"replies":[{"embeddable":true,"href":"https:\/\/www.gelgoogsort.com\/es\/wp-json\/wp\/v2\/comments?post=571"}],"wp:featuredmedia":[{"embeddable":true,"href":"https:\/\/www.gelgoogsort.com\/es\/wp-json\/wp\/v2\/media\/576"}],"wp:attachment":[{"href":"https:\/\/www.gelgoogsort.com\/es\/wp-json\/wp\/v2\/media?parent=571"}],"wp:term":[{"taxonomy":"product_brand","embeddable":true,"href":"https:\/\/www.gelgoogsort.com\/es\/wp-json\/wp\/v2\/product_brand?post=571"},{"taxonomy":"product_cat","embeddable":true,"href":"https:\/\/www.gelgoogsort.com\/es\/wp-json\/wp\/v2\/product_cat?post=571"},{"taxonomy":"product_tag","embeddable":true,"href":"https:\/\/www.gelgoogsort.com\/es\/wp-json\/wp\/v2\/product_tag?post=571"}],"curies":[{"name":"wp","href":"https:\/\/api.w.org\/{rel}","templated":true}]}}