{"id":577,"date":"2025-11-05T08:39:55","date_gmt":"2025-11-05T08:39:55","guid":{"rendered":"https:\/\/www.gelgoogsort.com\/?post_type=product&#038;p=577"},"modified":"2026-04-23T14:05:55","modified_gmt":"2026-04-23T06:05:55","slug":"pomegranate-cleaning-machine","status":"publish","type":"product","link":"https:\/\/www.gelgoogsort.com\/es\/product\/pomegranate-cleaning-machine\/","title":{"rendered":"Lavadora de granada | Limpieza por aspersi\u00f3n de alta presi\u00f3n"},"content":{"rendered":"<p>La m\u00e1quina limpiadora de granadas integra un eficiente sistema de pulverizaci\u00f3n de alta presi\u00f3n. Elimina de forma exhaustiva y r\u00e1pida el polvo, la suciedad, los residuos de pesticidas y los microorganismos de la c\u00e1scara de la granada, al mismo tiempo que garantiza que la fruta permanezca intacta.<\/p>\n<p>Es un equipo fundamental para empresas de procesamiento profundo de granada, juger\u00edas y envasadores de fruta fresca de alta gama para mejorar los est\u00e1ndares de higiene del producto y la competitividad en el mercado.<\/p>\n<p><img fetchpriority=\"high\" decoding=\"async\" class=\"alignnone wp-image-578 size-full\" src=\"https:\/\/www.gelgoogsort.com\/wp-content\/uploads\/2025\/11\/pomegranate-cleaning-machines.jpg\" alt=\"m\u00e1quina limpiadora de granadas\" width=\"800\" height=\"500\" srcset=\"https:\/\/www.gelgoogsort.com\/wp-content\/uploads\/2025\/11\/pomegranate-cleaning-machines.jpg 800w, https:\/\/www.gelgoogsort.com\/wp-content\/uploads\/2025\/11\/pomegranate-cleaning-machines-600x375.jpg 600w, https:\/\/www.gelgoogsort.com\/wp-content\/uploads\/2025\/11\/pomegranate-cleaning-machines-300x188.jpg 300w, https:\/\/www.gelgoogsort.com\/wp-content\/uploads\/2025\/11\/pomegranate-cleaning-machines-768x480.jpg 768w\" sizes=\"(max-width: 800px) 100vw, 800px\" \/><\/p>\n<h2>Sistema de limpieza a alta presi\u00f3n<\/h2>\n<p>Esta m\u00e1quina utiliza chorros de agua a alta presi\u00f3n dirigidos con precisi\u00f3n para limpiar las granadas de forma segura y completa, sin contacto mec\u00e1nico, evitando da\u00f1os.<\/p>\n<ul>\n<li>\u2713 Elevaci\u00f3n y prehumedecimiento flexibles: Las granadas se elevan suavemente y se prehumedecen con un rociador de gran \u00e1ngulo, ablandando y eliminando impurezas sueltas antes de la limpieza.<\/li>\n<li>\u2713 Pulverizaci\u00f3n a alta presi\u00f3n: M\u00faltiples boquillas de alta presi\u00f3n en la parte superior del t\u00fanel de limpieza impactan las granadas desde todos los \u00e1ngulos, eliminando impurezas persistentes de superficies irregulares. Mientras tanto, el volteo<\/li>\n<li>\u2713 El transportador giratorio garantiza una cobertura total: un transportador giratorio \u00fanico voltea suavemente las granadas, permitiendo que los chorros de agua a alta presi\u00f3n lleguen a todas las superficies, incluidas la superior e inferior, sin puntos ciegos.<\/li>\n<li>\u2713 Potente Secado y Descarga de Aire: M\u00faltiples ventiladores de alta intensidad de grado alimenticio eliminan r\u00e1pidamente la humedad superficial, dejando las granadas secas y brillantes, listas para su empaquetado, licuado o almacenamiento en fr\u00edo.<\/li>\n<\/ul>\n<p><img decoding=\"async\" class=\"alignnone wp-image-579 size-full\" src=\"https:\/\/www.gelgoogsort.com\/wp-content\/uploads\/2025\/11\/pomegranates-cleaning-machine.jpg\" alt=\"lavadora de granadas\" width=\"800\" height=\"500\" srcset=\"https:\/\/www.gelgoogsort.com\/wp-content\/uploads\/2025\/11\/pomegranates-cleaning-machine.jpg 800w, https:\/\/www.gelgoogsort.com\/wp-content\/uploads\/2025\/11\/pomegranates-cleaning-machine-600x375.jpg 600w, https:\/\/www.gelgoogsort.com\/wp-content\/uploads\/2025\/11\/pomegranates-cleaning-machine-300x188.jpg 300w, https:\/\/www.gelgoogsort.com\/wp-content\/uploads\/2025\/11\/pomegranates-cleaning-machine-768x480.jpg 768w\" sizes=\"(max-width: 800px) 100vw, 800px\" \/><\/p>\n<h2>Ventajas de la m\u00e1quina limpiadora de granadas<\/h2>\n<p>Elegir nuestra lavadora de granadas de alta presi\u00f3n significa elegir una calidad de limpieza superior y una alta productividad.<\/p>\n<ul>\n<li>\u2713 Limpieza Eficiente y Profunda: El rociado a alta presi\u00f3n penetra la piel de la granada, eliminando impurezas y residuos de pesticidas que los m\u00e9todos manuales no logran.<\/li>\n<li>\u2713 Cero Contacto y Sin Da\u00f1os: Utiliza solo el flujo de agua \u2014 sin cepillos ni fricci\u00f3n \u2014 eliminando rayones y magulladuras, aumentando el rendimiento de frutas de alta gama.<\/li>\n<li>\u2713 Operaci\u00f3n Automatizada y Continua: Se integra con l\u00edneas aguas arriba\/aguas abajo para una producci\u00f3n continua e intensiva, mejorando la eficiencia general.<\/li>\n<li>\u2713 Ahorro de agua y ecol\u00f3gico: Presenta un sistema eficiente de reciclaje de agua que filtra y reutiliza el agua, reduciendo el consumo y las aguas residuales.<\/li>\n<li>\u2713 Normas Internacionales de Higiene: M\u00e1quina \u00edntegramente fabricada en acero inoxidable 304 de grado alimenticio, resistente a la corrosi\u00f3n y f\u00e1cil de mantener.<\/li>\n<\/ul>\n<p><img decoding=\"async\" class=\"alignnone wp-image-580 size-full\" src=\"https:\/\/www.gelgoogsort.com\/wp-content\/uploads\/2025\/11\/pomegranates-cleaning-machines.jpg\" alt=\"m\u00e1quina limpiadora de granadas\" width=\"800\" height=\"500\" srcset=\"https:\/\/www.gelgoogsort.com\/wp-content\/uploads\/2025\/11\/pomegranates-cleaning-machines.jpg 800w, https:\/\/www.gelgoogsort.com\/wp-content\/uploads\/2025\/11\/pomegranates-cleaning-machines-600x375.jpg 600w, https:\/\/www.gelgoogsort.com\/wp-content\/uploads\/2025\/11\/pomegranates-cleaning-machines-300x188.jpg 300w, https:\/\/www.gelgoogsort.com\/wp-content\/uploads\/2025\/11\/pomegranates-cleaning-machines-768x480.jpg 768w\" sizes=\"(max-width: 800px) 100vw, 800px\" \/><\/p>\n<p><strong>\u00a1Cons\u00faltenos ahora para una soluci\u00f3n de limpieza profesional!<\/strong><\/p>\n<p>Que esta eficiente y confiable m\u00e1quina para limpiar granadas sea una garant\u00eda s\u00f3lida para la calidad de su procesamiento de granadas. \u00a1Esperamos ofrecerle soluciones personalizadas y cotizaciones detalladas!<\/p>\n<p><iframe title=\"L\u00ednea de Producci\u00f3n Autom\u00e1tica Completa para Pelar y Limpiar Granadas\" width=\"500\" height=\"281\" src=\"https:\/\/www.youtube.com\/embed\/5EcyNdhMd2E?feature=oembed\" frameborder=\"0\" allow=\"accelerometer; autoplay; clipboard-write; encrypted-media; gyroscope; picture-in-picture; web-share\" referrerpolicy=\"strict-origin-when-cross-origin\" allowfullscreen><\/iframe><\/p>\n<h2>Deja un mensaje para obtener un presupuesto<\/h2>\n\n<div class=\"wpcf7 no-js\" id=\"wpcf7-f556-o1\" lang=\"zh-CN\" dir=\"ltr\" data-wpcf7-id=\"556\">\n<div class=\"screen-reader-response\"><p role=\"status\" aria-live=\"polite\" aria-atomic=\"true\"><\/p> <ul><\/ul><\/div>\n<form action=\"\/es\/wp-json\/wp\/v2\/product\/577#wpcf7-f556-o1\" method=\"post\" class=\"wpcf7-form init\" aria-label=\"\u7559\u8a00\u8868\u5355\" novalidate=\"novalidate\" data-status=\"init\" data-trp-original-action=\"\/es\/wp-json\/wp\/v2\/product\/577#wpcf7-f556-o1\">\n<fieldset class=\"hidden-fields-container\"><input type=\"hidden\" name=\"_wpcf7\" value=\"556\" \/><input type=\"hidden\" name=\"_wpcf7_version\" value=\"6.1.3\" \/><input type=\"hidden\" name=\"_wpcf7_locale\" value=\"zh_CN\" \/><input type=\"hidden\" name=\"_wpcf7_unit_tag\" value=\"wpcf7-f556-o1\" \/><input type=\"hidden\" name=\"_wpcf7_container_post\" value=\"0\" \/><input type=\"hidden\" name=\"_wpcf7_posted_data_hash\" value=\"\" \/>\n<\/fieldset>\n<p><label> Tu Nombre*<br \/>\n<span class=\"wpcf7-form-control-wrap\" data-name=\"your-name\"><input size=\"40\" maxlength=\"400\" class=\"wpcf7-form-control wpcf7-text wpcf7-validates-as-required\" aria-required=\"true\" aria-invalid=\"false\" value=\"\" type=\"text\" name=\"your-name\" \/><\/span> <\/label>\n<\/p>\n<p><label> Tu pa\u00eds<br \/>\n<span class=\"wpcf7-form-control-wrap\" data-name=\"your-country\"><input size=\"40\" maxlength=\"400\" class=\"wpcf7-form-control wpcf7-text\" aria-invalid=\"false\" value=\"\" type=\"text\" name=\"your-country\" \/><\/span><\/label>\n<\/p>\n<p><label> Tu correo electr\u00f3nico*<br \/>\n<span class=\"wpcf7-form-control-wrap\" data-name=\"your-email\"><input size=\"40\" maxlength=\"400\" class=\"wpcf7-form-control wpcf7-email wpcf7-validates-as-required wpcf7-text wpcf7-validates-as-email\" aria-required=\"true\" aria-invalid=\"false\" value=\"\" type=\"email\" name=\"your-email\" \/><\/span> <\/label>\n<\/p>\n<p><label> Tu tel\u00e9fono<br \/>\n<span class=\"wpcf7-form-control-wrap\" data-name=\"your-phone\"><input size=\"40\" maxlength=\"400\" class=\"wpcf7-form-control wpcf7-tel wpcf7-text wpcf7-validates-as-tel\" aria-invalid=\"false\" value=\"\" type=\"tel\" name=\"your-phone\" \/><\/span> <\/label>\n<\/p>\n<p><label> El Nombre de Tu Empresa<br \/>\n<span class=\"wpcf7-form-control-wrap\" data-name=\"text-457\"><input size=\"40\" maxlength=\"400\" class=\"wpcf7-form-control wpcf7-text\" aria-invalid=\"false\" value=\"\" type=\"text\" name=\"text-457\" \/><\/span> <\/label>\n<\/p>\n<p><label> El sitio web de tu empresa<br \/>\n<span class=\"wpcf7-form-control-wrap\" data-name=\"text-546\"><input size=\"40\" maxlength=\"400\" class=\"wpcf7-form-control wpcf7-text\" aria-invalid=\"false\" value=\"\" type=\"text\" name=\"text-546\" \/><\/span> <\/label>\n<\/p>\n<p><label> Tu requisito*<br \/>\n<span class=\"wpcf7-form-control-wrap\" data-name=\"your-message\"><textarea cols=\"40\" rows=\"10\" maxlength=\"2000\" class=\"wpcf7-form-control wpcf7-textarea wpcf7-validates-as-required\" aria-required=\"true\" aria-invalid=\"false\" name=\"your-message\"><\/textarea><\/span> <\/label>\n<\/p>\n<p><input class=\"wpcf7-form-control wpcf7-submit has-spinner\" type=\"submit\" value=\"Enviar\" \/>\n<\/p><p style=\"display: none !important;\" class=\"akismet-fields-container\" data-prefix=\"_wpcf7_ak_\"><label>Delta<textarea name=\"_wpcf7_ak_hp_textarea\" cols=\"45\" rows=\"8\" maxlength=\"100\"><\/textarea><\/label><input type=\"hidden\" id=\"ak_js_1\" name=\"_wpcf7_ak_js\" value=\"196\"\/><script>document.getElementById( \"ak_js_1\" ).setAttribute( \"value\", ( new Date() ).getTime() );<\/script><\/p><div class=\"wpcf7-response-output\" aria-hidden=\"true\"><\/div>\n<input type=\"hidden\" name=\"trp-form-language\" value=\"es\"\/><\/form>\n<\/div>","protected":false},"excerpt":{"rendered":"<ul>\n<li>Material: acero inoxidable de grado alimenticio 304 (m\u00e1quina completa)<\/li>\n<li>Capacidad de procesamiento: 1\u20134 T\/h (personalizable)<\/li>\n<li>M\u00e9todo de limpieza: Rociado de alta presi\u00f3n (sin contacto)<\/li>\n<li>\u00cdndice de da\u00f1os en la fruta: \u22640,51 TP3T (limpieza sin contacto)<\/li>\n<li>Di\u00e1metro de fruta adecuado: 60\u2013150 mm<\/li>\n<li>Sistema de Control: PLC + pantalla t\u00e1ctil (control autom\u00e1tico)<\/li>\n<li>Caracter\u00edsticas adicionales: Filtraci\u00f3n de circulaci\u00f3n de agua, pre-humectaci\u00f3n autom\u00e1tica, secado potente con aire<\/li>\n<\/ul>","protected":false},"featured_media":581,"comment_status":"open","ping_status":"closed","template":"","meta":{"site-sidebar-layout":"default","site-content-layout":"","ast-site-content-layout":"default","site-content-style":"default","site-sidebar-style":"default","ast-global-header-display":"","ast-banner-title-visibility":"","ast-main-header-display":"","ast-hfb-above-header-display":"","ast-hfb-below-header-display":"","ast-hfb-mobile-header-display":"","site-post-title":"","ast-breadcrumbs-content":"","ast-featured-img":"","footer-sml-layout":"","theme-transparent-header-meta":"default","adv-header-id-meta":"","stick-header-meta":"","header-above-stick-meta":"","header-main-stick-meta":"","header-below-stick-meta":"","astra-migrate-meta-layouts":"set","ast-page-background-enabled":"default","ast-page-background-meta":{"desktop":{"background-color":"var(--ast-global-color-4)","background-image":"","background-repeat":"repeat","background-position":"center center","background-size":"auto","background-attachment":"scroll","background-type":"","background-media":"","overlay-type":"","overlay-color":"","overlay-opacity":"","overlay-gradient":""},"tablet":{"background-color":"","background-image":"","background-repeat":"repeat","background-position":"center center","background-size":"auto","background-attachment":"scroll","background-type":"","background-media":"","overlay-type":"","overlay-color":"","overlay-opacity":"","overlay-gradient":""},"mobile":{"background-color":"","background-image":"","background-repeat":"repeat","background-position":"center center","background-size":"auto","background-attachment":"scroll","background-type":"","background-media":"","overlay-type":"","overlay-color":"","overlay-opacity":"","overlay-gradient":""}},"ast-content-background-meta":{"desktop":{"background-color":"var(--ast-global-color-5)","background-image":"","background-repeat":"repeat","background-position":"center center","background-size":"auto","background-attachment":"scroll","background-type":"","background-media":"","overlay-type":"","overlay-color":"","overlay-opacity":"","overlay-gradient":""},"tablet":{"background-color":"var(--ast-global-color-5)","background-image":"","background-repeat":"repeat","background-position":"center center","background-size":"auto","background-attachment":"scroll","background-type":"","background-media":"","overlay-type":"","overlay-color":"","overlay-opacity":"","overlay-gradient":""},"mobile":{"background-color":"var(--ast-global-color-5)","background-image":"","background-repeat":"repeat","background-position":"center center","background-size":"auto","background-attachment":"scroll","background-type":"","background-media":"","overlay-type":"","overlay-color":"","overlay-opacity":"","overlay-gradient":""}}},"product_brand":[],"product_cat":[19],"product_tag":[],"class_list":{"0":"post-577","1":"product","2":"type-product","3":"status-publish","4":"has-post-thumbnail","6":"product_cat-product-washing","7":"desktop-align-left","8":"tablet-align-left","9":"mobile-align-left","11":"first","12":"instock","13":"shipping-taxable","14":"product-type-simple"},"yoast_head":"<!-- This site is optimized with the Yoast SEO plugin v26.2 - https:\/\/yoast.com\/wordpress\/plugins\/seo\/ -->\n<title>Pomegranate Cleaning Machine | High-Pressure Spray - GELGOOG<\/title>\n<meta name=\"description\" content=\"Pomegranate cleaning machine with high-pressure spray system. Efficiently removes impurities for commercial pomegranate processing.\" \/>\n<meta name=\"robots\" content=\"index, follow, max-snippet:-1, max-image-preview:large, max-video-preview:-1\" \/>\n<link rel=\"canonical\" href=\"https:\/\/www.gelgoogsort.com\/es\/product\/pomegranate-cleaning-machine\/\" \/>\n<meta property=\"og:locale\" content=\"es_ES\" \/>\n<meta property=\"og:type\" content=\"article\" \/>\n<meta property=\"og:title\" content=\"Pomegranate Cleaning Machine | High-Pressure Spray - GELGOOG\" \/>\n<meta property=\"og:description\" content=\"Pomegranate cleaning machine with high-pressure spray system. Efficiently removes impurities for commercial pomegranate processing.\" \/>\n<meta property=\"og:url\" content=\"https:\/\/www.gelgoogsort.com\/es\/product\/pomegranate-cleaning-machine\/\" \/>\n<meta property=\"og:site_name\" content=\"GELGOOG\" \/>\n<meta property=\"article:publisher\" content=\"https:\/\/www.facebook.com\/profile.php?id=100095205040823\" \/>\n<meta property=\"article:modified_time\" content=\"2026-04-23T06:05:55+00:00\" \/>\n<meta property=\"og:image\" content=\"https:\/\/www.gelgoogsort.com\/wp-content\/uploads\/2025\/11\/pomegranate-cleaning-machine.jpg\" \/>\n\t<meta property=\"og:image:width\" content=\"600\" \/>\n\t<meta property=\"og:image:height\" content=\"600\" \/>\n\t<meta property=\"og:image:type\" content=\"image\/jpeg\" \/>\n<meta name=\"twitter:card\" content=\"summary_large_image\" \/>\n<meta name=\"twitter:label1\" content=\"Tiempo de lectura\" \/>\n\t<meta name=\"twitter:data1\" content=\"3 minutos\" \/>\n<script type=\"application\/ld+json\" class=\"yoast-schema-graph\">{\"@context\":\"https:\/\/schema.org\",\"@graph\":[{\"@type\":\"WebPage\",\"@id\":\"https:\/\/www.gelgoogsort.com\/product\/pomegranate-cleaning-machine\/\",\"url\":\"https:\/\/www.gelgoogsort.com\/product\/pomegranate-cleaning-machine\/\",\"name\":\"Pomegranate Cleaning Machine | High-Pressure Spray - GELGOOG\",\"isPartOf\":{\"@id\":\"https:\/\/www.gelgoogsort.com\/#website\"},\"primaryImageOfPage\":{\"@id\":\"https:\/\/www.gelgoogsort.com\/product\/pomegranate-cleaning-machine\/#primaryimage\"},\"image\":{\"@id\":\"https:\/\/www.gelgoogsort.com\/product\/pomegranate-cleaning-machine\/#primaryimage\"},\"thumbnailUrl\":\"https:\/\/www.gelgoogsort.com\/wp-content\/uploads\/2025\/11\/pomegranate-cleaning-machine.jpg\",\"datePublished\":\"2025-11-05T08:39:55+00:00\",\"dateModified\":\"2026-04-23T06:05:55+00:00\",\"description\":\"Pomegranate cleaning machine with high-pressure spray system. Efficiently removes impurities for commercial pomegranate processing.\",\"breadcrumb\":{\"@id\":\"https:\/\/www.gelgoogsort.com\/product\/pomegranate-cleaning-machine\/#breadcrumb\"},\"inLanguage\":\"es\",\"potentialAction\":[{\"@type\":\"ReadAction\",\"target\":[\"https:\/\/www.gelgoogsort.com\/product\/pomegranate-cleaning-machine\/\"]}]},{\"@type\":\"ImageObject\",\"inLanguage\":\"es\",\"@id\":\"https:\/\/www.gelgoogsort.com\/product\/pomegranate-cleaning-machine\/#primaryimage\",\"url\":\"https:\/\/www.gelgoogsort.com\/wp-content\/uploads\/2025\/11\/pomegranate-cleaning-machine.jpg\",\"contentUrl\":\"https:\/\/www.gelgoogsort.com\/wp-content\/uploads\/2025\/11\/pomegranate-cleaning-machine.jpg\",\"width\":600,\"height\":600,\"caption\":\"industrial pomegranate cleaning machine\"},{\"@type\":\"BreadcrumbList\",\"@id\":\"https:\/\/www.gelgoogsort.com\/product\/pomegranate-cleaning-machine\/#breadcrumb\",\"itemListElement\":[{\"@type\":\"ListItem\",\"position\":1,\"name\":\"Home\",\"item\":\"https:\/\/www.gelgoogsort.com\/\"},{\"@type\":\"ListItem\",\"position\":2,\"name\":\"Product\",\"item\":\"https:\/\/www.gelgoogsort.com\/product\/\"},{\"@type\":\"ListItem\",\"position\":3,\"name\":\"Pomegranate Cleaning Machine High-Pressure Spray Cleaning\"}]},{\"@type\":\"WebSite\",\"@id\":\"https:\/\/www.gelgoogsort.com\/#website\",\"url\":\"https:\/\/www.gelgoogsort.com\/\",\"name\":\"gelgoogsort\",\"description\":\"\",\"publisher\":{\"@id\":\"https:\/\/www.gelgoogsort.com\/#organization\"},\"potentialAction\":[{\"@type\":\"SearchAction\",\"target\":{\"@type\":\"EntryPoint\",\"urlTemplate\":\"https:\/\/www.gelgoogsort.com\/?s={search_term_string}\"},\"query-input\":{\"@type\":\"PropertyValueSpecification\",\"valueRequired\":true,\"valueName\":\"search_term_string\"}}],\"inLanguage\":\"es\"},{\"@type\":\"Organization\",\"@id\":\"https:\/\/www.gelgoogsort.com\/#organization\",\"name\":\"gelgoogsort\",\"url\":\"https:\/\/www.gelgoogsort.com\/\",\"logo\":{\"@type\":\"ImageObject\",\"inLanguage\":\"es\",\"@id\":\"https:\/\/www.gelgoogsort.com\/#\/schema\/logo\/image\/\",\"url\":\"https:\/\/www.gelgoogsort.com\/wp-content\/uploads\/2025\/11\/cropped-ff1a81696eef4f4590a809e30a6985e4.png\",\"contentUrl\":\"https:\/\/www.gelgoogsort.com\/wp-content\/uploads\/2025\/11\/cropped-ff1a81696eef4f4590a809e30a6985e4.png\",\"width\":512,\"height\":512,\"caption\":\"gelgoogsort\"},\"image\":{\"@id\":\"https:\/\/www.gelgoogsort.com\/#\/schema\/logo\/image\/\"},\"sameAs\":[\"https:\/\/www.facebook.com\/profile.php?id=100095205040823\"]}]}<\/script>\n<!-- \/ Yoast SEO plugin. -->","yoast_head_json":{"title":"M\u00e1quina de Limpieza de Granadas | Pulverizaci\u00f3n a Alta Presi\u00f3n - GELGOOG","description":"M\u00e1quina limpiadora de granadas con sistema de pulverizaci\u00f3n de alta presi\u00f3n. Elimina eficientemente las impurezas para el procesamiento comercial de granadas.","robots":{"index":"index","follow":"follow","max-snippet":"max-snippet:-1","max-image-preview":"max-image-preview:large","max-video-preview":"max-video-preview:-1"},"canonical":"https:\/\/www.gelgoogsort.com\/es\/product\/pomegranate-cleaning-machine\/","og_locale":"es_ES","og_type":"article","og_title":"Pomegranate Cleaning Machine | High-Pressure Spray - GELGOOG","og_description":"Pomegranate cleaning machine with high-pressure spray system. Efficiently removes impurities for commercial pomegranate processing.","og_url":"https:\/\/www.gelgoogsort.com\/es\/product\/pomegranate-cleaning-machine\/","og_site_name":"GELGOOG","article_publisher":"https:\/\/www.facebook.com\/profile.php?id=100095205040823","article_modified_time":"2026-04-23T06:05:55+00:00","og_image":[{"width":600,"height":600,"url":"https:\/\/www.gelgoogsort.com\/wp-content\/uploads\/2025\/11\/pomegranate-cleaning-machine.jpg","type":"image\/jpeg"}],"twitter_card":"summary_large_image","twitter_misc":{"Tiempo de lectura":"3 minutos"},"schema":{"@context":"https:\/\/schema.org","@graph":[{"@type":"WebPage","@id":"https:\/\/www.gelgoogsort.com\/product\/pomegranate-cleaning-machine\/","url":"https:\/\/www.gelgoogsort.com\/product\/pomegranate-cleaning-machine\/","name":"M\u00e1quina de Limpieza de Granadas | Pulverizaci\u00f3n a Alta Presi\u00f3n - GELGOOG","isPartOf":{"@id":"https:\/\/www.gelgoogsort.com\/#website"},"primaryImageOfPage":{"@id":"https:\/\/www.gelgoogsort.com\/product\/pomegranate-cleaning-machine\/#primaryimage"},"image":{"@id":"https:\/\/www.gelgoogsort.com\/product\/pomegranate-cleaning-machine\/#primaryimage"},"thumbnailUrl":"https:\/\/www.gelgoogsort.com\/wp-content\/uploads\/2025\/11\/pomegranate-cleaning-machine.jpg","datePublished":"2025-11-05T08:39:55+00:00","dateModified":"2026-04-23T06:05:55+00:00","description":"M\u00e1quina limpiadora de granadas con sistema de pulverizaci\u00f3n de alta presi\u00f3n. Elimina eficientemente las impurezas para el procesamiento comercial de granadas.","breadcrumb":{"@id":"https:\/\/www.gelgoogsort.com\/product\/pomegranate-cleaning-machine\/#breadcrumb"},"inLanguage":"es","potentialAction":[{"@type":"ReadAction","target":["https:\/\/www.gelgoogsort.com\/product\/pomegranate-cleaning-machine\/"]}]},{"@type":"ImageObject","inLanguage":"es","@id":"https:\/\/www.gelgoogsort.com\/product\/pomegranate-cleaning-machine\/#primaryimage","url":"https:\/\/www.gelgoogsort.com\/wp-content\/uploads\/2025\/11\/pomegranate-cleaning-machine.jpg","contentUrl":"https:\/\/www.gelgoogsort.com\/wp-content\/uploads\/2025\/11\/pomegranate-cleaning-machine.jpg","width":600,"height":600,"caption":"industrial pomegranate cleaning machine"},{"@type":"BreadcrumbList","@id":"https:\/\/www.gelgoogsort.com\/product\/pomegranate-cleaning-machine\/#breadcrumb","itemListElement":[{"@type":"ListItem","position":1,"name":"Home","item":"https:\/\/www.gelgoogsort.com\/"},{"@type":"ListItem","position":2,"name":"Product","item":"https:\/\/www.gelgoogsort.com\/product\/"},{"@type":"ListItem","position":3,"name":"Pomegranate Cleaning Machine High-Pressure Spray Cleaning"}]},{"@type":"WebSite","@id":"https:\/\/www.gelgoogsort.com\/#website","url":"https:\/\/www.gelgoogsort.com\/","name":"gelgoogsort","description":"","publisher":{"@id":"https:\/\/www.gelgoogsort.com\/#organization"},"potentialAction":[{"@type":"SearchAction","target":{"@type":"EntryPoint","urlTemplate":"https:\/\/www.gelgoogsort.com\/?s={search_term_string}"},"query-input":{"@type":"PropertyValueSpecification","valueRequired":true,"valueName":"search_term_string"}}],"inLanguage":"es"},{"@type":"Organization","@id":"https:\/\/www.gelgoogsort.com\/#organization","name":"gelgoogsort","url":"https:\/\/www.gelgoogsort.com\/","logo":{"@type":"ImageObject","inLanguage":"es","@id":"https:\/\/www.gelgoogsort.com\/#\/schema\/logo\/image\/","url":"https:\/\/www.gelgoogsort.com\/wp-content\/uploads\/2025\/11\/cropped-ff1a81696eef4f4590a809e30a6985e4.png","contentUrl":"https:\/\/www.gelgoogsort.com\/wp-content\/uploads\/2025\/11\/cropped-ff1a81696eef4f4590a809e30a6985e4.png","width":512,"height":512,"caption":"gelgoogsort"},"image":{"@id":"https:\/\/www.gelgoogsort.com\/#\/schema\/logo\/image\/"},"sameAs":["https:\/\/www.facebook.com\/profile.php?id=100095205040823"]}]}},"_links":{"self":[{"href":"https:\/\/www.gelgoogsort.com\/es\/wp-json\/wp\/v2\/product\/577","targetHints":{"allow":["GET"]}}],"collection":[{"href":"https:\/\/www.gelgoogsort.com\/es\/wp-json\/wp\/v2\/product"}],"about":[{"href":"https:\/\/www.gelgoogsort.com\/es\/wp-json\/wp\/v2\/types\/product"}],"replies":[{"embeddable":true,"href":"https:\/\/www.gelgoogsort.com\/es\/wp-json\/wp\/v2\/comments?post=577"}],"wp:featuredmedia":[{"embeddable":true,"href":"https:\/\/www.gelgoogsort.com\/es\/wp-json\/wp\/v2\/media\/581"}],"wp:attachment":[{"href":"https:\/\/www.gelgoogsort.com\/es\/wp-json\/wp\/v2\/media?parent=577"}],"wp:term":[{"taxonomy":"product_brand","embeddable":true,"href":"https:\/\/www.gelgoogsort.com\/es\/wp-json\/wp\/v2\/product_brand?post=577"},{"taxonomy":"product_cat","embeddable":true,"href":"https:\/\/www.gelgoogsort.com\/es\/wp-json\/wp\/v2\/product_cat?post=577"},{"taxonomy":"product_tag","embeddable":true,"href":"https:\/\/www.gelgoogsort.com\/es\/wp-json\/wp\/v2\/product_tag?post=577"}],"curies":[{"name":"wp","href":"https:\/\/api.w.org\/{rel}","templated":true}]}}