{"id":583,"date":"2025-11-05T08:57:16","date_gmt":"2025-11-05T08:57:16","guid":{"rendered":"https:\/\/www.gelgoogsort.com\/?post_type=product&#038;p=583"},"modified":"2025-11-20T16:03:36","modified_gmt":"2025-11-20T08:03:36","slug":"mango-sorting-and-grading-machine","status":"publish","type":"product","link":"https:\/\/www.gelgoogsort.com\/es\/product\/mango-sorting-and-grading-machine\/","title":{"rendered":"M\u00e1quina Autom\u00e1tica Para Clasificar Y Graduar Mangos Por Peso"},"content":{"rendered":"<p>La m\u00e1quina industrial autom\u00e1tica de clasificaci\u00f3n y categorizaci\u00f3n de mangos logra una clasificaci\u00f3n r\u00e1pida, eficiente y automatizada de mangos a trav\u00e9s de una clasificaci\u00f3n precisa por peso, maximizando la consistencia del producto. Es un equipo fundamental para centros modernos de procesamiento de mangos, plantas de envasado a gran escala y empresas exportadoras.<\/p>\n<p><img fetchpriority=\"high\" decoding=\"async\" class=\"alignnone wp-image-587 size-full\" src=\"https:\/\/www.gelgoogsort.com\/wp-content\/uploads\/2025\/11\/mango-sorting-and-grading-machine.jpg\" alt=\"M\u00e1quina clasificadora y de selecci\u00f3n de mangos\" width=\"800\" height=\"500\" srcset=\"https:\/\/www.gelgoogsort.com\/wp-content\/uploads\/2025\/11\/mango-sorting-and-grading-machine.jpg 800w, https:\/\/www.gelgoogsort.com\/wp-content\/uploads\/2025\/11\/mango-sorting-and-grading-machine-600x375.jpg 600w, https:\/\/www.gelgoogsort.com\/wp-content\/uploads\/2025\/11\/mango-sorting-and-grading-machine-300x188.jpg 300w, https:\/\/www.gelgoogsort.com\/wp-content\/uploads\/2025\/11\/mango-sorting-and-grading-machine-768x480.jpg 768w\" sizes=\"(max-width: 800px) 100vw, 800px\" \/><\/p>\n<h2>Flujo de trabajo<\/h2>\n<p>La m\u00e1quina clasificadora y calibradora de mangos utiliza un sistema de control de circuito cerrado de \u201cpesaje din\u00e1mico \u2013 evaluaci\u00f3n de datos \u2013 derivaci\u00f3n autom\u00e1tica\u201d para lograr una clasificaci\u00f3n precisa de los mangos:<\/p>\n<ul>\n<li>Carga y Separaci\u00f3n: Los mangos se transportan de manera uniforme a la l\u00ednea de clasificaci\u00f3n a trav\u00e9s de elevadores o cintas transportadoras. Dispositivos de desviaci\u00f3n y vibraci\u00f3n aseguran que los mangos se separen unos de otros, formando una sola capa y una sola fila, prepar\u00e1ndolos para un pesaje preciso.<\/li>\n<li>Pesaje Din\u00e1mico de Alta Precisi\u00f3n: Cada mango es pesado individualmente por un sensor de peso de alta resoluci\u00f3n. Este sensor captura su peso de forma r\u00e1pida y precisa a medida que pasa, transmitiendo esta informaci\u00f3n en tiempo real al sistema de control central.<\/li>\n<li>Procesamiento de datos y decisi\u00f3n de clasificaci\u00f3n: El algoritmo inteligente integrado del sistema de control compara el peso medido de cada mango con rangos de peso preestablecidos y toma una decisi\u00f3n de clasificaci\u00f3n al instante.<\/li>\n<li>Desv\u00edo y Descarga Autom\u00e1ticos: Seg\u00fan las instrucciones del sistema de control, cuando los mangos llegan al orificio de descarga correspondiente, se activa el dispositivo de desv\u00edo autom\u00e1tico, empujando o dirigiendo suavemente los mangos hacia las cestas de recolecci\u00f3n designadas o hacia una cinta transportadora, completando as\u00ed todo el proceso de clasificaci\u00f3n.<\/li>\n<\/ul>\n<p><img decoding=\"async\" class=\"alignnone wp-image-588 size-full\" src=\"https:\/\/www.gelgoogsort.com\/wp-content\/uploads\/2025\/11\/mangos-sorting-and-grading-machine.jpg\" alt=\"M\u00e1quina autom\u00e1tica de clasificaci\u00f3n y tamizado de mangos\" width=\"800\" height=\"500\" srcset=\"https:\/\/www.gelgoogsort.com\/wp-content\/uploads\/2025\/11\/mangos-sorting-and-grading-machine.jpg 800w, https:\/\/www.gelgoogsort.com\/wp-content\/uploads\/2025\/11\/mangos-sorting-and-grading-machine-600x375.jpg 600w, https:\/\/www.gelgoogsort.com\/wp-content\/uploads\/2025\/11\/mangos-sorting-and-grading-machine-300x188.jpg 300w, https:\/\/www.gelgoogsort.com\/wp-content\/uploads\/2025\/11\/mangos-sorting-and-grading-machine-768x480.jpg 768w\" sizes=\"(max-width: 800px) 100vw, 800px\" \/><\/p>\n<h2>Ventajas principales del producto<\/h2>\n<p>Invertir en nuestra m\u00e1quina clasificadora de mangos por peso mejorar\u00e1 su negocio en m\u00faltiples dimensiones:<\/p>\n<ul>\n<li>Clasificaci\u00f3n de Precisi\u00f3n: La clasificaci\u00f3n de peso de alta precisi\u00f3n garantiza un tama\u00f1o y peso altamente consistentes de los mangos dentro de una misma caja. Esto cumple con los estrictos requisitos de los mercados de alta gama y las normas de exportaci\u00f3n, permitiendo vender productos de diferentes tama\u00f1os al precio m\u00e1s adecuado.<\/li>\n<li>Mano de obra reducida: El funcionamiento automatizado de una m\u00e1quina clasificadora y ponedora de mangos garantiza rapidez y consistencia en la clasificaci\u00f3n, lo que reduce significativamente los costos de mano de obra y gesti\u00f3n, al tiempo que elimina las fluctuaciones en los est\u00e1ndares causadas por la fatiga.<\/li>\n<li>Impulsado por datos: El sistema de clasificaci\u00f3n registra autom\u00e1ticamente la cantidad de mangos en cada rango de peso, brind\u00e1ndole informes precisos de datos de rendimiento. Estos datos son invaluables para la gesti\u00f3n de inventario, el an\u00e1lisis de ventas y la planificaci\u00f3n de la producci\u00f3n.<\/li>\n<li>Robusto e Higi\u00e9nico, F\u00e1cil de Mantener: Toda la m\u00e1quina est\u00e1 fabricada en acero inoxidable de grado alimentario y cumple con estrictas normas de higiene. El dise\u00f1o modular hace que la limpieza y el mantenimiento sean sencillos y r\u00e1pidos, garantizando eficazmente el funcionamiento estable a largo plazo del equipo.<\/li>\n<\/ul>\n<p><img decoding=\"async\" class=\"alignnone wp-image-589 size-full\" src=\"https:\/\/www.gelgoogsort.com\/wp-content\/uploads\/2025\/11\/mangos-sorting-and-grading-machines.jpg\" alt=\"M\u00e1quina clasificadora autom\u00e1tica de mangos\" width=\"800\" height=\"500\" srcset=\"https:\/\/www.gelgoogsort.com\/wp-content\/uploads\/2025\/11\/mangos-sorting-and-grading-machines.jpg 800w, https:\/\/www.gelgoogsort.com\/wp-content\/uploads\/2025\/11\/mangos-sorting-and-grading-machines-600x375.jpg 600w, https:\/\/www.gelgoogsort.com\/wp-content\/uploads\/2025\/11\/mangos-sorting-and-grading-machines-300x188.jpg 300w, https:\/\/www.gelgoogsort.com\/wp-content\/uploads\/2025\/11\/mangos-sorting-and-grading-machines-768x480.jpg 768w\" sizes=\"(max-width: 800px) 100vw, 800px\" \/><\/p>\n<h2>Funciones de expansi\u00f3n opcionales<\/h2>\n<p>Sistema de Reconocimiento Visual: Se puede a\u00f1adir una c\u00e1mara de alta definici\u00f3n para detectar simult\u00e1neamente el color, el tama\u00f1o y los defectos superficiales del mango, logrando una clasificaci\u00f3n completa basada en el peso y la apariencia.<\/p>\n<p>Etiquetado autom\u00e1tico\/Impresi\u00f3n por inyecci\u00f3n de tinta: Una m\u00e1quina de etiquetado integrada en la salida de clasificaci\u00f3n etiqueta autom\u00e1ticamente mangos de diferentes grados.<\/p>\n<p><iframe title=\"L\u00ednea de lavado, encerado y calibrado de mangos\" width=\"500\" height=\"281\" src=\"https:\/\/www.youtube.com\/embed\/hNzS3tqHy38?feature=oembed\" frameborder=\"0\" allow=\"accelerometer; autoplay; clipboard-write; encrypted-media; gyroscope; picture-in-picture; web-share\" referrerpolicy=\"strict-origin-when-cross-origin\" allowfullscreen><\/iframe><\/p>\n<p><strong>\u00a1Cons\u00faltanos ahora para personalizar tu soluci\u00f3n de clasificaci\u00f3n inteligente!<\/strong><\/p>\n<p>\u00a1Cont\u00e1ctenos para obtener especificaciones t\u00e9cnicas detalladas y una cotizaci\u00f3n! Deje que la m\u00e1quina clasificadora y calibradora de mangos se convierta en su herramienta para construir una marca de mangos de alta gama y ganar el mercado.<\/p>\n<h2>Deja un mensaje para obtener un presupuesto<\/h2>\n\n<div class=\"wpcf7 no-js\" id=\"wpcf7-f556-o1\" lang=\"zh-CN\" dir=\"ltr\" data-wpcf7-id=\"556\">\n<div class=\"screen-reader-response\"><p role=\"status\" aria-live=\"polite\" aria-atomic=\"true\"><\/p> <ul><\/ul><\/div>\n<form action=\"\/es\/wp-json\/wp\/v2\/product\/583#wpcf7-f556-o1\" method=\"post\" class=\"wpcf7-form init\" aria-label=\"\u7559\u8a00\u8868\u5355\" novalidate=\"novalidate\" data-status=\"init\" data-trp-original-action=\"\/es\/wp-json\/wp\/v2\/product\/583#wpcf7-f556-o1\">\n<fieldset class=\"hidden-fields-container\"><input type=\"hidden\" name=\"_wpcf7\" value=\"556\" \/><input type=\"hidden\" name=\"_wpcf7_version\" value=\"6.1.3\" \/><input type=\"hidden\" name=\"_wpcf7_locale\" value=\"zh_CN\" \/><input type=\"hidden\" name=\"_wpcf7_unit_tag\" value=\"wpcf7-f556-o1\" \/><input type=\"hidden\" name=\"_wpcf7_container_post\" value=\"0\" \/><input type=\"hidden\" name=\"_wpcf7_posted_data_hash\" value=\"\" \/>\n<\/fieldset>\n<p><label> Tu Nombre*<br \/>\n<span class=\"wpcf7-form-control-wrap\" data-name=\"your-name\"><input size=\"40\" maxlength=\"400\" class=\"wpcf7-form-control wpcf7-text wpcf7-validates-as-required\" aria-required=\"true\" aria-invalid=\"false\" value=\"\" type=\"text\" name=\"your-name\" \/><\/span> <\/label>\n<\/p>\n<p><label> Tu pa\u00eds<br \/>\n<span class=\"wpcf7-form-control-wrap\" data-name=\"your-country\"><input size=\"40\" maxlength=\"400\" class=\"wpcf7-form-control wpcf7-text\" aria-invalid=\"false\" value=\"\" type=\"text\" name=\"your-country\" \/><\/span><\/label>\n<\/p>\n<p><label> Tu correo electr\u00f3nico*<br \/>\n<span class=\"wpcf7-form-control-wrap\" data-name=\"your-email\"><input size=\"40\" maxlength=\"400\" class=\"wpcf7-form-control wpcf7-email wpcf7-validates-as-required wpcf7-text wpcf7-validates-as-email\" aria-required=\"true\" aria-invalid=\"false\" value=\"\" type=\"email\" name=\"your-email\" \/><\/span> <\/label>\n<\/p>\n<p><label> Tu tel\u00e9fono<br \/>\n<span class=\"wpcf7-form-control-wrap\" data-name=\"your-phone\"><input size=\"40\" maxlength=\"400\" class=\"wpcf7-form-control wpcf7-tel wpcf7-text wpcf7-validates-as-tel\" aria-invalid=\"false\" value=\"\" type=\"tel\" name=\"your-phone\" \/><\/span> <\/label>\n<\/p>\n<p><label> El Nombre de Tu Empresa<br \/>\n<span class=\"wpcf7-form-control-wrap\" data-name=\"text-457\"><input size=\"40\" maxlength=\"400\" class=\"wpcf7-form-control wpcf7-text\" aria-invalid=\"false\" value=\"\" type=\"text\" name=\"text-457\" \/><\/span> <\/label>\n<\/p>\n<p><label> El sitio web de tu empresa<br \/>\n<span class=\"wpcf7-form-control-wrap\" data-name=\"text-546\"><input size=\"40\" maxlength=\"400\" class=\"wpcf7-form-control wpcf7-text\" aria-invalid=\"false\" value=\"\" type=\"text\" name=\"text-546\" \/><\/span> <\/label>\n<\/p>\n<p><label> Tu requisito*<br \/>\n<span class=\"wpcf7-form-control-wrap\" data-name=\"your-message\"><textarea cols=\"40\" rows=\"10\" maxlength=\"2000\" class=\"wpcf7-form-control wpcf7-textarea wpcf7-validates-as-required\" aria-required=\"true\" aria-invalid=\"false\" name=\"your-message\"><\/textarea><\/span> <\/label>\n<\/p>\n<p><input class=\"wpcf7-form-control wpcf7-submit has-spinner\" type=\"submit\" value=\"Enviar\" \/>\n<\/p><p style=\"display: none !important;\" class=\"akismet-fields-container\" data-prefix=\"_wpcf7_ak_\"><label>Delta<textarea name=\"_wpcf7_ak_hp_textarea\" cols=\"45\" rows=\"8\" maxlength=\"100\"><\/textarea><\/label><input type=\"hidden\" id=\"ak_js_1\" name=\"_wpcf7_ak_js\" value=\"27\"\/><script>document.getElementById( \"ak_js_1\" ).setAttribute( \"value\", ( new Date() ).getTime() );<\/script><\/p><div class=\"wpcf7-response-output\" aria-hidden=\"true\"><\/div>\n<input type=\"hidden\" name=\"trp-form-language\" value=\"es\"\/><\/form>\n<\/div>","protected":false},"excerpt":{"rendered":"<p>The industrial automatic mango sorting and grading machine achieves rapid, efficient, and automated grading of mangoes through precise weight sorting, [&hellip;]<\/p>\n","protected":false},"featured_media":586,"comment_status":"open","ping_status":"closed","template":"","meta":{"site-sidebar-layout":"default","site-content-layout":"","ast-site-content-layout":"default","site-content-style":"default","site-sidebar-style":"default","ast-global-header-display":"","ast-banner-title-visibility":"","ast-main-header-display":"","ast-hfb-above-header-display":"","ast-hfb-below-header-display":"","ast-hfb-mobile-header-display":"","site-post-title":"","ast-breadcrumbs-content":"","ast-featured-img":"","footer-sml-layout":"","theme-transparent-header-meta":"default","adv-header-id-meta":"","stick-header-meta":"","header-above-stick-meta":"","header-main-stick-meta":"","header-below-stick-meta":"","astra-migrate-meta-layouts":"set","ast-page-background-enabled":"default","ast-page-background-meta":{"desktop":{"background-color":"var(--ast-global-color-4)","background-image":"","background-repeat":"repeat","background-position":"center center","background-size":"auto","background-attachment":"scroll","background-type":"","background-media":"","overlay-type":"","overlay-color":"","overlay-opacity":"","overlay-gradient":""},"tablet":{"background-color":"","background-image":"","background-repeat":"repeat","background-position":"center center","background-size":"auto","background-attachment":"scroll","background-type":"","background-media":"","overlay-type":"","overlay-color":"","overlay-opacity":"","overlay-gradient":""},"mobile":{"background-color":"","background-image":"","background-repeat":"repeat","background-position":"center center","background-size":"auto","background-attachment":"scroll","background-type":"","background-media":"","overlay-type":"","overlay-color":"","overlay-opacity":"","overlay-gradient":""}},"ast-content-background-meta":{"desktop":{"background-color":"var(--ast-global-color-5)","background-image":"","background-repeat":"repeat","background-position":"center center","background-size":"auto","background-attachment":"scroll","background-type":"","background-media":"","overlay-type":"","overlay-color":"","overlay-opacity":"","overlay-gradient":""},"tablet":{"background-color":"var(--ast-global-color-5)","background-image":"","background-repeat":"repeat","background-position":"center center","background-size":"auto","background-attachment":"scroll","background-type":"","background-media":"","overlay-type":"","overlay-color":"","overlay-opacity":"","overlay-gradient":""},"mobile":{"background-color":"var(--ast-global-color-5)","background-image":"","background-repeat":"repeat","background-position":"center center","background-size":"auto","background-attachment":"scroll","background-type":"","background-media":"","overlay-type":"","overlay-color":"","overlay-opacity":"","overlay-gradient":""}}},"product_brand":[],"product_cat":[15],"product_tag":[],"class_list":{"0":"post-583","1":"product","2":"type-product","3":"status-publish","4":"has-post-thumbnail","6":"product_cat-product-sorting","7":"desktop-align-left","8":"tablet-align-left","9":"mobile-align-left","11":"first","12":"instock","13":"shipping-taxable","14":"product-type-simple"},"yoast_head":"<!-- This site is optimized with the Yoast SEO plugin v26.2 - https:\/\/yoast.com\/wordpress\/plugins\/seo\/ -->\n<title>Automatic Mango Sorting and Grading Machine with Weight - GELGOOG<\/title>\n<meta name=\"description\" content=\"Industrial automatic mango sorting and grading machine with weight system. Precisely grades mangoes to optimize quality and output.\" \/>\n<meta name=\"robots\" content=\"index, follow, max-snippet:-1, max-image-preview:large, max-video-preview:-1\" \/>\n<link rel=\"canonical\" href=\"https:\/\/www.gelgoogsort.com\/es\/product\/mango-sorting-and-grading-machine\/\" \/>\n<meta property=\"og:locale\" content=\"es_ES\" \/>\n<meta property=\"og:type\" content=\"article\" \/>\n<meta property=\"og:title\" content=\"Automatic Mango Sorting and Grading Machine with Weight - GELGOOG\" \/>\n<meta property=\"og:description\" content=\"Industrial automatic mango sorting and grading machine with weight system. Precisely grades mangoes to optimize quality and output.\" \/>\n<meta property=\"og:url\" content=\"https:\/\/www.gelgoogsort.com\/es\/product\/mango-sorting-and-grading-machine\/\" \/>\n<meta property=\"og:site_name\" content=\"GELGOOG\" \/>\n<meta property=\"article:publisher\" content=\"https:\/\/www.facebook.com\/profile.php?id=100095205040823\" \/>\n<meta property=\"article:modified_time\" content=\"2025-11-20T08:03:36+00:00\" \/>\n<meta property=\"og:image\" content=\"https:\/\/www.gelgoogsort.com\/wp-content\/uploads\/2025\/11\/mango-sorting-and-grading-machines.jpg\" \/>\n\t<meta property=\"og:image:width\" content=\"600\" \/>\n\t<meta property=\"og:image:height\" content=\"600\" \/>\n\t<meta property=\"og:image:type\" content=\"image\/jpeg\" \/>\n<meta name=\"twitter:card\" content=\"summary_large_image\" \/>\n<meta name=\"twitter:label1\" content=\"Tiempo de lectura\" \/>\n\t<meta name=\"twitter:data1\" content=\"3 minutos\" \/>\n<script type=\"application\/ld+json\" class=\"yoast-schema-graph\">{\"@context\":\"https:\/\/schema.org\",\"@graph\":[{\"@type\":\"WebPage\",\"@id\":\"https:\/\/www.gelgoogsort.com\/product\/mango-sorting-and-grading-machine\/\",\"url\":\"https:\/\/www.gelgoogsort.com\/product\/mango-sorting-and-grading-machine\/\",\"name\":\"Automatic Mango Sorting and Grading Machine with Weight - GELGOOG\",\"isPartOf\":{\"@id\":\"https:\/\/www.gelgoogsort.com\/#website\"},\"primaryImageOfPage\":{\"@id\":\"https:\/\/www.gelgoogsort.com\/product\/mango-sorting-and-grading-machine\/#primaryimage\"},\"image\":{\"@id\":\"https:\/\/www.gelgoogsort.com\/product\/mango-sorting-and-grading-machine\/#primaryimage\"},\"thumbnailUrl\":\"https:\/\/www.gelgoogsort.com\/wp-content\/uploads\/2025\/11\/mango-sorting-and-grading-machines.jpg\",\"datePublished\":\"2025-11-05T08:57:16+00:00\",\"dateModified\":\"2025-11-20T08:03:36+00:00\",\"description\":\"Industrial automatic mango sorting and grading machine with weight system. Precisely grades mangoes to optimize quality and output.\",\"breadcrumb\":{\"@id\":\"https:\/\/www.gelgoogsort.com\/product\/mango-sorting-and-grading-machine\/#breadcrumb\"},\"inLanguage\":\"es\",\"potentialAction\":[{\"@type\":\"ReadAction\",\"target\":[\"https:\/\/www.gelgoogsort.com\/product\/mango-sorting-and-grading-machine\/\"]}]},{\"@type\":\"ImageObject\",\"inLanguage\":\"es\",\"@id\":\"https:\/\/www.gelgoogsort.com\/product\/mango-sorting-and-grading-machine\/#primaryimage\",\"url\":\"https:\/\/www.gelgoogsort.com\/wp-content\/uploads\/2025\/11\/mango-sorting-and-grading-machines.jpg\",\"contentUrl\":\"https:\/\/www.gelgoogsort.com\/wp-content\/uploads\/2025\/11\/mango-sorting-and-grading-machines.jpg\",\"width\":600,\"height\":600,\"caption\":\"automatic mango sorting and grading machine\"},{\"@type\":\"BreadcrumbList\",\"@id\":\"https:\/\/www.gelgoogsort.com\/product\/mango-sorting-and-grading-machine\/#breadcrumb\",\"itemListElement\":[{\"@type\":\"ListItem\",\"position\":1,\"name\":\"Home\",\"item\":\"https:\/\/www.gelgoogsort.com\/\"},{\"@type\":\"ListItem\",\"position\":2,\"name\":\"Product\",\"item\":\"https:\/\/www.gelgoogsort.com\/product\/\"},{\"@type\":\"ListItem\",\"position\":3,\"name\":\"Automatic Mango Sorting and Grading Machine with Weight\"}]},{\"@type\":\"WebSite\",\"@id\":\"https:\/\/www.gelgoogsort.com\/#website\",\"url\":\"https:\/\/www.gelgoogsort.com\/\",\"name\":\"gelgoogsort\",\"description\":\"\",\"publisher\":{\"@id\":\"https:\/\/www.gelgoogsort.com\/#organization\"},\"potentialAction\":[{\"@type\":\"SearchAction\",\"target\":{\"@type\":\"EntryPoint\",\"urlTemplate\":\"https:\/\/www.gelgoogsort.com\/?s={search_term_string}\"},\"query-input\":{\"@type\":\"PropertyValueSpecification\",\"valueRequired\":true,\"valueName\":\"search_term_string\"}}],\"inLanguage\":\"es\"},{\"@type\":\"Organization\",\"@id\":\"https:\/\/www.gelgoogsort.com\/#organization\",\"name\":\"gelgoogsort\",\"url\":\"https:\/\/www.gelgoogsort.com\/\",\"logo\":{\"@type\":\"ImageObject\",\"inLanguage\":\"es\",\"@id\":\"https:\/\/www.gelgoogsort.com\/#\/schema\/logo\/image\/\",\"url\":\"https:\/\/www.gelgoogsort.com\/wp-content\/uploads\/2025\/11\/cropped-ff1a81696eef4f4590a809e30a6985e4.png\",\"contentUrl\":\"https:\/\/www.gelgoogsort.com\/wp-content\/uploads\/2025\/11\/cropped-ff1a81696eef4f4590a809e30a6985e4.png\",\"width\":512,\"height\":512,\"caption\":\"gelgoogsort\"},\"image\":{\"@id\":\"https:\/\/www.gelgoogsort.com\/#\/schema\/logo\/image\/\"},\"sameAs\":[\"https:\/\/www.facebook.com\/profile.php?id=100095205040823\"]}]}<\/script>\n<!-- \/ Yoast SEO plugin. -->","yoast_head_json":{"title":"M\u00e1quina autom\u00e1tica de clasificaci\u00f3n y clasificaci\u00f3n de mangos por peso - GELGOOG","description":"M\u00e1quina industrial autom\u00e1tica para clasificar y calificar mangos con sistema de pesaje. Califica mangos con precisi\u00f3n para optimizar la calidad y la producci\u00f3n.","robots":{"index":"index","follow":"follow","max-snippet":"max-snippet:-1","max-image-preview":"max-image-preview:large","max-video-preview":"max-video-preview:-1"},"canonical":"https:\/\/www.gelgoogsort.com\/es\/product\/mango-sorting-and-grading-machine\/","og_locale":"es_ES","og_type":"article","og_title":"Automatic Mango Sorting and Grading Machine with Weight - GELGOOG","og_description":"Industrial automatic mango sorting and grading machine with weight system. Precisely grades mangoes to optimize quality and output.","og_url":"https:\/\/www.gelgoogsort.com\/es\/product\/mango-sorting-and-grading-machine\/","og_site_name":"GELGOOG","article_publisher":"https:\/\/www.facebook.com\/profile.php?id=100095205040823","article_modified_time":"2025-11-20T08:03:36+00:00","og_image":[{"width":600,"height":600,"url":"https:\/\/www.gelgoogsort.com\/wp-content\/uploads\/2025\/11\/mango-sorting-and-grading-machines.jpg","type":"image\/jpeg"}],"twitter_card":"summary_large_image","twitter_misc":{"Tiempo de lectura":"3 minutos"},"schema":{"@context":"https:\/\/schema.org","@graph":[{"@type":"WebPage","@id":"https:\/\/www.gelgoogsort.com\/product\/mango-sorting-and-grading-machine\/","url":"https:\/\/www.gelgoogsort.com\/product\/mango-sorting-and-grading-machine\/","name":"M\u00e1quina autom\u00e1tica de clasificaci\u00f3n y clasificaci\u00f3n de mangos por peso - GELGOOG","isPartOf":{"@id":"https:\/\/www.gelgoogsort.com\/#website"},"primaryImageOfPage":{"@id":"https:\/\/www.gelgoogsort.com\/product\/mango-sorting-and-grading-machine\/#primaryimage"},"image":{"@id":"https:\/\/www.gelgoogsort.com\/product\/mango-sorting-and-grading-machine\/#primaryimage"},"thumbnailUrl":"https:\/\/www.gelgoogsort.com\/wp-content\/uploads\/2025\/11\/mango-sorting-and-grading-machines.jpg","datePublished":"2025-11-05T08:57:16+00:00","dateModified":"2025-11-20T08:03:36+00:00","description":"M\u00e1quina industrial autom\u00e1tica para clasificar y calificar mangos con sistema de pesaje. Califica mangos con precisi\u00f3n para optimizar la calidad y la producci\u00f3n.","breadcrumb":{"@id":"https:\/\/www.gelgoogsort.com\/product\/mango-sorting-and-grading-machine\/#breadcrumb"},"inLanguage":"es","potentialAction":[{"@type":"ReadAction","target":["https:\/\/www.gelgoogsort.com\/product\/mango-sorting-and-grading-machine\/"]}]},{"@type":"ImageObject","inLanguage":"es","@id":"https:\/\/www.gelgoogsort.com\/product\/mango-sorting-and-grading-machine\/#primaryimage","url":"https:\/\/www.gelgoogsort.com\/wp-content\/uploads\/2025\/11\/mango-sorting-and-grading-machines.jpg","contentUrl":"https:\/\/www.gelgoogsort.com\/wp-content\/uploads\/2025\/11\/mango-sorting-and-grading-machines.jpg","width":600,"height":600,"caption":"automatic mango sorting and grading machine"},{"@type":"BreadcrumbList","@id":"https:\/\/www.gelgoogsort.com\/product\/mango-sorting-and-grading-machine\/#breadcrumb","itemListElement":[{"@type":"ListItem","position":1,"name":"Home","item":"https:\/\/www.gelgoogsort.com\/"},{"@type":"ListItem","position":2,"name":"Product","item":"https:\/\/www.gelgoogsort.com\/product\/"},{"@type":"ListItem","position":3,"name":"Automatic Mango Sorting and Grading Machine with Weight"}]},{"@type":"WebSite","@id":"https:\/\/www.gelgoogsort.com\/#website","url":"https:\/\/www.gelgoogsort.com\/","name":"gelgoogsort","description":"","publisher":{"@id":"https:\/\/www.gelgoogsort.com\/#organization"},"potentialAction":[{"@type":"SearchAction","target":{"@type":"EntryPoint","urlTemplate":"https:\/\/www.gelgoogsort.com\/?s={search_term_string}"},"query-input":{"@type":"PropertyValueSpecification","valueRequired":true,"valueName":"search_term_string"}}],"inLanguage":"es"},{"@type":"Organization","@id":"https:\/\/www.gelgoogsort.com\/#organization","name":"gelgoogsort","url":"https:\/\/www.gelgoogsort.com\/","logo":{"@type":"ImageObject","inLanguage":"es","@id":"https:\/\/www.gelgoogsort.com\/#\/schema\/logo\/image\/","url":"https:\/\/www.gelgoogsort.com\/wp-content\/uploads\/2025\/11\/cropped-ff1a81696eef4f4590a809e30a6985e4.png","contentUrl":"https:\/\/www.gelgoogsort.com\/wp-content\/uploads\/2025\/11\/cropped-ff1a81696eef4f4590a809e30a6985e4.png","width":512,"height":512,"caption":"gelgoogsort"},"image":{"@id":"https:\/\/www.gelgoogsort.com\/#\/schema\/logo\/image\/"},"sameAs":["https:\/\/www.facebook.com\/profile.php?id=100095205040823"]}]}},"_links":{"self":[{"href":"https:\/\/www.gelgoogsort.com\/es\/wp-json\/wp\/v2\/product\/583","targetHints":{"allow":["GET"]}}],"collection":[{"href":"https:\/\/www.gelgoogsort.com\/es\/wp-json\/wp\/v2\/product"}],"about":[{"href":"https:\/\/www.gelgoogsort.com\/es\/wp-json\/wp\/v2\/types\/product"}],"replies":[{"embeddable":true,"href":"https:\/\/www.gelgoogsort.com\/es\/wp-json\/wp\/v2\/comments?post=583"}],"wp:featuredmedia":[{"embeddable":true,"href":"https:\/\/www.gelgoogsort.com\/es\/wp-json\/wp\/v2\/media\/586"}],"wp:attachment":[{"href":"https:\/\/www.gelgoogsort.com\/es\/wp-json\/wp\/v2\/media?parent=583"}],"wp:term":[{"taxonomy":"product_brand","embeddable":true,"href":"https:\/\/www.gelgoogsort.com\/es\/wp-json\/wp\/v2\/product_brand?post=583"},{"taxonomy":"product_cat","embeddable":true,"href":"https:\/\/www.gelgoogsort.com\/es\/wp-json\/wp\/v2\/product_cat?post=583"},{"taxonomy":"product_tag","embeddable":true,"href":"https:\/\/www.gelgoogsort.com\/es\/wp-json\/wp\/v2\/product_tag?post=583"}],"curies":[{"name":"wp","href":"https:\/\/api.w.org\/{rel}","templated":true}]}}