{"id":590,"date":"2025-11-05T09:02:00","date_gmt":"2025-11-05T09:02:00","guid":{"rendered":"https:\/\/www.gelgoogsort.com\/?post_type=product&#038;p=590"},"modified":"2025-11-20T16:02:30","modified_gmt":"2025-11-20T08:02:30","slug":"blueberry-grading-machine","status":"publish","type":"product","link":"https:\/\/www.gelgoogsort.com\/es\/product\/blueberry-grading-machine\/","title":{"rendered":"M\u00e1quina clasificadora industrial de ar\u00e1ndanos con gran producci\u00f3n"},"content":{"rendered":"<p>La m\u00e1quina industrial de clasificaci\u00f3n de ar\u00e1ndanos utiliza un tamiz de tambor para la clasificaci\u00f3n, lo que la convierte en un equipo clave para el manejo de cosechas de ar\u00e1ndanos a gran escala y el logro de una clasificaci\u00f3n r\u00e1pida y eficiente.<\/p>\n<p><img fetchpriority=\"high\" decoding=\"async\" class=\"alignnone wp-image-591 size-full\" src=\"https:\/\/www.gelgoogsort.com\/wp-content\/uploads\/2025\/11\/blueberry-grading-machines.jpg\" alt=\"m\u00e1quina clasificadora industrial de ar\u00e1ndanos\" width=\"800\" height=\"500\" srcset=\"https:\/\/www.gelgoogsort.com\/wp-content\/uploads\/2025\/11\/blueberry-grading-machines.jpg 800w, https:\/\/www.gelgoogsort.com\/wp-content\/uploads\/2025\/11\/blueberry-grading-machines-600x375.jpg 600w, https:\/\/www.gelgoogsort.com\/wp-content\/uploads\/2025\/11\/blueberry-grading-machines-300x188.jpg 300w, https:\/\/www.gelgoogsort.com\/wp-content\/uploads\/2025\/11\/blueberry-grading-machines-768x480.jpg 768w\" sizes=\"(max-width: 800px) 100vw, 800px\" \/><\/p>\n<h2>Principio de funcionamiento principal<\/h2>\n<p>La m\u00e1quina clasificadora de ar\u00e1ndanos utiliza una pantalla de tambor giratorio multietapa y de velocidad variable para clasificar de forma precisa y continua los ar\u00e1ndanos, desde los m\u00e1s peque\u00f1os hasta los m\u00e1s grandes:<\/p>\n<ul>\n<li>Carga Uniforme: Los ar\u00e1ndanos se introducen uniformemente en el extremo de alimentaci\u00f3n del tambor cribador mediante un elevador o una cinta transportadora. Un dise\u00f1o especial de deflector asegura una distribuci\u00f3n uniforme de los ar\u00e1ndanos dentro del tambor cribador, evitando la acumulaci\u00f3n y allanando el camino para una clasificaci\u00f3n precisa.<\/li>\n<li>Rotaci\u00f3n del Tambor y Volteo del Material: Impulsada por un motor, toda la pantalla del tambor gira lentamente a un \u00e1ngulo y velocidad constantes. Los ar\u00e1ndanos son continuamente levantados, volteados y movidos hacia adelante a lo largo del tambor de pantalla inclinado.<\/li>\n<li>Criba de clasificaci\u00f3n progresiva: La criba de tambor consta de segmentos de criba con aberturas variables, cuyo tama\u00f1o aumenta desde el extremo de alimentaci\u00f3n hasta el extremo de descarga.<\/li>\n<\/ul>\n<ol>\n<li>Primera Etapa: Los ar\u00e1ndanos m\u00e1s peque\u00f1os son tamizados en la primera etapa, donde escapan a trav\u00e9s de orificios m\u00e1s peque\u00f1os que su propio di\u00e1metro y caen en la canaleta de recolecci\u00f3n de la primera etapa.<\/li>\n<li>Etapas subsiguientes: A medida que el tambor gira, los ar\u00e1ndanos sin tamizar contin\u00faan avanzando. Cuando llegan a la segunda etapa con aberturas ligeramente m\u00e1s grandes, los ar\u00e1ndanos del tama\u00f1o correspondiente son tamizados. Este proceso contin\u00faa en secuencia, logrando una clasificaci\u00f3n precisa y multietapa.<\/li>\n<li>Descarga final: Los ar\u00e1ndanos m\u00e1s grandes, al no poder escapar de ninguna etapa de cribado, se descargan del extremo del tambor, completando el proceso de clasificaci\u00f3n.<\/li>\n<\/ol>\n<ul>\n<li>Descarga y recolecci\u00f3n: Cada nivel tiene un puerto de descarga ubicado debajo del canal de recolecci\u00f3n, dirigiendo los ar\u00e1ndanos clasificados de diferentes tama\u00f1os a l\u00edneas de empaque designadas o contenedores de recolecci\u00f3n, logrando operaciones de flujo automatizadas.<\/li>\n<\/ul>\n<p><img decoding=\"async\" class=\"alignnone wp-image-592 size-full\" src=\"https:\/\/www.gelgoogsort.com\/wp-content\/uploads\/2025\/11\/blueberries-grading-machines.jpg\" alt=\"m\u00e1quina clasificadora de ar\u00e1ndanos\" width=\"800\" height=\"500\" srcset=\"https:\/\/www.gelgoogsort.com\/wp-content\/uploads\/2025\/11\/blueberries-grading-machines.jpg 800w, https:\/\/www.gelgoogsort.com\/wp-content\/uploads\/2025\/11\/blueberries-grading-machines-600x375.jpg 600w, https:\/\/www.gelgoogsort.com\/wp-content\/uploads\/2025\/11\/blueberries-grading-machines-300x188.jpg 300w, https:\/\/www.gelgoogsort.com\/wp-content\/uploads\/2025\/11\/blueberries-grading-machines-768x480.jpg 768w\" sizes=\"(max-width: 800px) 100vw, 800px\" \/><\/p>\n<h2>\u00bfPor qu\u00e9 elegir nuestra m\u00e1quina clasificadora de ar\u00e1ndanos?<\/h2>\n<ul>\n<li>Gran capacidad: el dise\u00f1o de pantalla de tambor permite que los ar\u00e1ndanos se distribuyan en un \u00e1rea grande dentro del tamiz, lo que permite un procesamiento continuo y una producci\u00f3n extremadamente alta por unidad de tiempo, satisfaciendo perfectamente las necesidades de procesamiento concentrado y a gran escala de la temporada de cosecha.<\/li>\n<\/ul>\n<ul>\n<li>Bajo mantenimiento extremo: Puramente mec\u00e1nico y de estructura simple. Esto resulta en una baja tasa de fallos, mantenimiento de rutina sencillo y una larga vida \u00fatil, lo que lo hace especialmente adecuado para operaciones estables a largo plazo en entornos de procesamiento h\u00famedos y polvorientos.<\/li>\n<li>Calibrado Preciso: Tama\u00f1os de malla precisos aseguran un tama\u00f1o de ar\u00e1ndano altamente consistente dentro de cada grado. Esto mejora la imagen del producto, satisface las demandas del mercado premium y permite la venta de marca.<\/li>\n<li>Bajo Da\u00f1o: La velocidad y la inclinaci\u00f3n optimizadas del tambor crean un movimiento suave de volteo y deslizamiento en \u201ccascada\u201d dentro del tambor, minimizando eficazmente el da\u00f1o mec\u00e1nico a la piel delicada.<\/li>\n<li>Adaptabilidad: Se pueden adaptar combinaciones personalizadas del tama\u00f1o de la malla, el n\u00famero de niveles de clasificaci\u00f3n y la longitud y el di\u00e1metro del tambor a sus necesidades espec\u00edficas para que coincidan con precisi\u00f3n con su variedad de ar\u00e1ndanos y los est\u00e1ndares de clasificaci\u00f3n de su mercado objetivo.<\/li>\n<\/ul>\n<p><img decoding=\"async\" class=\"alignnone wp-image-593 size-full\" src=\"https:\/\/www.gelgoogsort.com\/wp-content\/uploads\/2025\/11\/blueberrys-grading-machines.jpg\" alt=\"m\u00e1quina clasificadora industrial de ar\u00e1ndanos\" width=\"800\" height=\"500\" srcset=\"https:\/\/www.gelgoogsort.com\/wp-content\/uploads\/2025\/11\/blueberrys-grading-machines.jpg 800w, https:\/\/www.gelgoogsort.com\/wp-content\/uploads\/2025\/11\/blueberrys-grading-machines-600x375.jpg 600w, https:\/\/www.gelgoogsort.com\/wp-content\/uploads\/2025\/11\/blueberrys-grading-machines-300x188.jpg 300w, https:\/\/www.gelgoogsort.com\/wp-content\/uploads\/2025\/11\/blueberrys-grading-machines-768x480.jpg 768w\" sizes=\"(max-width: 800px) 100vw, 800px\" \/><\/p>\n<p><strong>\u00a1Cons\u00faltenos ahora para una soluci\u00f3n de clasificaci\u00f3n de ar\u00e1ndanos atemporal y fiable!<\/strong><\/p>\n<p>Si buscas capacidades de clasificaci\u00f3n de ar\u00e1ndanos a gran escala, estables, eficientes y rentables durante la temporada alta de producci\u00f3n, este clasificador de tambor es la elecci\u00f3n perfecta. \u00a1Cont\u00e1ctanos para una propuesta detallada y una cotizaci\u00f3n!<\/p>\n<h2>Deja un mensaje para obtener un presupuesto<\/h2>\n\n<div class=\"wpcf7 no-js\" id=\"wpcf7-f556-o1\" lang=\"zh-CN\" dir=\"ltr\" data-wpcf7-id=\"556\">\n<div class=\"screen-reader-response\"><p role=\"status\" aria-live=\"polite\" aria-atomic=\"true\"><\/p> <ul><\/ul><\/div>\n<form action=\"\/es\/wp-json\/wp\/v2\/product\/590#wpcf7-f556-o1\" method=\"post\" class=\"wpcf7-form init\" aria-label=\"\u7559\u8a00\u8868\u5355\" novalidate=\"novalidate\" data-status=\"init\" data-trp-original-action=\"\/es\/wp-json\/wp\/v2\/product\/590#wpcf7-f556-o1\">\n<fieldset class=\"hidden-fields-container\"><input type=\"hidden\" name=\"_wpcf7\" value=\"556\" \/><input type=\"hidden\" name=\"_wpcf7_version\" value=\"6.1.3\" \/><input type=\"hidden\" name=\"_wpcf7_locale\" value=\"zh_CN\" \/><input type=\"hidden\" name=\"_wpcf7_unit_tag\" value=\"wpcf7-f556-o1\" \/><input type=\"hidden\" name=\"_wpcf7_container_post\" value=\"0\" \/><input type=\"hidden\" name=\"_wpcf7_posted_data_hash\" value=\"\" \/>\n<\/fieldset>\n<p><label> Tu Nombre*<br \/>\n<span class=\"wpcf7-form-control-wrap\" data-name=\"your-name\"><input size=\"40\" maxlength=\"400\" class=\"wpcf7-form-control wpcf7-text wpcf7-validates-as-required\" aria-required=\"true\" aria-invalid=\"false\" value=\"\" type=\"text\" name=\"your-name\" \/><\/span> <\/label>\n<\/p>\n<p><label> Tu pa\u00eds<br \/>\n<span class=\"wpcf7-form-control-wrap\" data-name=\"your-country\"><input size=\"40\" maxlength=\"400\" class=\"wpcf7-form-control wpcf7-text\" aria-invalid=\"false\" value=\"\" type=\"text\" name=\"your-country\" \/><\/span><\/label>\n<\/p>\n<p><label> Tu correo electr\u00f3nico*<br \/>\n<span class=\"wpcf7-form-control-wrap\" data-name=\"your-email\"><input size=\"40\" maxlength=\"400\" class=\"wpcf7-form-control wpcf7-email wpcf7-validates-as-required wpcf7-text wpcf7-validates-as-email\" aria-required=\"true\" aria-invalid=\"false\" value=\"\" type=\"email\" name=\"your-email\" \/><\/span> <\/label>\n<\/p>\n<p><label> Tu tel\u00e9fono<br \/>\n<span class=\"wpcf7-form-control-wrap\" data-name=\"your-phone\"><input size=\"40\" maxlength=\"400\" class=\"wpcf7-form-control wpcf7-tel wpcf7-text wpcf7-validates-as-tel\" aria-invalid=\"false\" value=\"\" type=\"tel\" name=\"your-phone\" \/><\/span> <\/label>\n<\/p>\n<p><label> El Nombre de Tu Empresa<br \/>\n<span class=\"wpcf7-form-control-wrap\" data-name=\"text-457\"><input size=\"40\" maxlength=\"400\" class=\"wpcf7-form-control wpcf7-text\" aria-invalid=\"false\" value=\"\" type=\"text\" name=\"text-457\" \/><\/span> <\/label>\n<\/p>\n<p><label> El sitio web de tu empresa<br \/>\n<span class=\"wpcf7-form-control-wrap\" data-name=\"text-546\"><input size=\"40\" maxlength=\"400\" class=\"wpcf7-form-control wpcf7-text\" aria-invalid=\"false\" value=\"\" type=\"text\" name=\"text-546\" \/><\/span> <\/label>\n<\/p>\n<p><label> Tu requisito*<br \/>\n<span class=\"wpcf7-form-control-wrap\" data-name=\"your-message\"><textarea cols=\"40\" rows=\"10\" maxlength=\"2000\" class=\"wpcf7-form-control wpcf7-textarea wpcf7-validates-as-required\" aria-required=\"true\" aria-invalid=\"false\" name=\"your-message\"><\/textarea><\/span> <\/label>\n<\/p>\n<p><input class=\"wpcf7-form-control wpcf7-submit has-spinner\" type=\"submit\" value=\"Enviar\" \/>\n<\/p><p style=\"display: none !important;\" class=\"akismet-fields-container\" data-prefix=\"_wpcf7_ak_\"><label>Delta<textarea name=\"_wpcf7_ak_hp_textarea\" cols=\"45\" rows=\"8\" maxlength=\"100\"><\/textarea><\/label><input type=\"hidden\" id=\"ak_js_1\" name=\"_wpcf7_ak_js\" value=\"29\"\/><script>document.getElementById( \"ak_js_1\" ).setAttribute( \"value\", ( new Date() ).getTime() );<\/script><\/p><div class=\"wpcf7-response-output\" aria-hidden=\"true\"><\/div>\n<input type=\"hidden\" name=\"trp-form-language\" value=\"es\"\/><\/form>\n<\/div>","protected":false},"excerpt":{"rendered":"<p>The industrial blueberry grading machine utilizes a drum screen for grading, making it a key piece of equipment for handling [&hellip;]<\/p>\n","protected":false},"featured_media":594,"comment_status":"open","ping_status":"closed","template":"","meta":{"site-sidebar-layout":"default","site-content-layout":"","ast-site-content-layout":"default","site-content-style":"default","site-sidebar-style":"default","ast-global-header-display":"","ast-banner-title-visibility":"","ast-main-header-display":"","ast-hfb-above-header-display":"","ast-hfb-below-header-display":"","ast-hfb-mobile-header-display":"","site-post-title":"","ast-breadcrumbs-content":"","ast-featured-img":"","footer-sml-layout":"","theme-transparent-header-meta":"default","adv-header-id-meta":"","stick-header-meta":"","header-above-stick-meta":"","header-main-stick-meta":"","header-below-stick-meta":"","astra-migrate-meta-layouts":"set","ast-page-background-enabled":"default","ast-page-background-meta":{"desktop":{"background-color":"var(--ast-global-color-4)","background-image":"","background-repeat":"repeat","background-position":"center center","background-size":"auto","background-attachment":"scroll","background-type":"","background-media":"","overlay-type":"","overlay-color":"","overlay-opacity":"","overlay-gradient":""},"tablet":{"background-color":"","background-image":"","background-repeat":"repeat","background-position":"center center","background-size":"auto","background-attachment":"scroll","background-type":"","background-media":"","overlay-type":"","overlay-color":"","overlay-opacity":"","overlay-gradient":""},"mobile":{"background-color":"","background-image":"","background-repeat":"repeat","background-position":"center center","background-size":"auto","background-attachment":"scroll","background-type":"","background-media":"","overlay-type":"","overlay-color":"","overlay-opacity":"","overlay-gradient":""}},"ast-content-background-meta":{"desktop":{"background-color":"var(--ast-global-color-5)","background-image":"","background-repeat":"repeat","background-position":"center center","background-size":"auto","background-attachment":"scroll","background-type":"","background-media":"","overlay-type":"","overlay-color":"","overlay-opacity":"","overlay-gradient":""},"tablet":{"background-color":"var(--ast-global-color-5)","background-image":"","background-repeat":"repeat","background-position":"center center","background-size":"auto","background-attachment":"scroll","background-type":"","background-media":"","overlay-type":"","overlay-color":"","overlay-opacity":"","overlay-gradient":""},"mobile":{"background-color":"var(--ast-global-color-5)","background-image":"","background-repeat":"repeat","background-position":"center center","background-size":"auto","background-attachment":"scroll","background-type":"","background-media":"","overlay-type":"","overlay-color":"","overlay-opacity":"","overlay-gradient":""}}},"product_brand":[],"product_cat":[15],"product_tag":[],"class_list":{"0":"post-590","1":"product","2":"type-product","3":"status-publish","4":"has-post-thumbnail","6":"product_cat-product-sorting","7":"desktop-align-left","8":"tablet-align-left","9":"mobile-align-left","11":"first","12":"instock","13":"shipping-taxable","14":"product-type-simple"},"yoast_head":"<!-- This site is optimized with the Yoast SEO plugin v26.2 - https:\/\/yoast.com\/wordpress\/plugins\/seo\/ -->\n<title>Industrial Blueberry Grading Machine with Large Output - GELGOOG<\/title>\n<meta name=\"description\" content=\"Industrial blueberry grading machine for large output. Provides accurate size sorting, essential for high-volume blueberry processors.\" \/>\n<meta name=\"robots\" content=\"index, follow, max-snippet:-1, max-image-preview:large, max-video-preview:-1\" \/>\n<link rel=\"canonical\" href=\"https:\/\/www.gelgoogsort.com\/es\/product\/blueberry-grading-machine\/\" \/>\n<meta property=\"og:locale\" content=\"es_ES\" \/>\n<meta property=\"og:type\" content=\"article\" \/>\n<meta property=\"og:title\" content=\"Industrial Blueberry Grading Machine with Large Output - GELGOOG\" \/>\n<meta property=\"og:description\" content=\"Industrial blueberry grading machine for large output. Provides accurate size sorting, essential for high-volume blueberry processors.\" \/>\n<meta property=\"og:url\" content=\"https:\/\/www.gelgoogsort.com\/es\/product\/blueberry-grading-machine\/\" \/>\n<meta property=\"og:site_name\" content=\"GELGOOG\" \/>\n<meta property=\"article:publisher\" content=\"https:\/\/www.facebook.com\/profile.php?id=100095205040823\" \/>\n<meta property=\"article:modified_time\" content=\"2025-11-20T08:02:30+00:00\" \/>\n<meta property=\"og:image\" content=\"https:\/\/www.gelgoogsort.com\/wp-content\/uploads\/2025\/11\/blueberry-grading-machine.jpg\" \/>\n\t<meta property=\"og:image:width\" content=\"600\" \/>\n\t<meta property=\"og:image:height\" content=\"600\" \/>\n\t<meta property=\"og:image:type\" content=\"image\/jpeg\" \/>\n<meta name=\"twitter:card\" content=\"summary_large_image\" \/>\n<meta name=\"twitter:label1\" content=\"Tiempo de lectura\" \/>\n\t<meta name=\"twitter:data1\" content=\"4 minutos\" \/>\n<script type=\"application\/ld+json\" class=\"yoast-schema-graph\">{\"@context\":\"https:\/\/schema.org\",\"@graph\":[{\"@type\":\"WebPage\",\"@id\":\"https:\/\/www.gelgoogsort.com\/product\/blueberry-grading-machine\/\",\"url\":\"https:\/\/www.gelgoogsort.com\/product\/blueberry-grading-machine\/\",\"name\":\"Industrial Blueberry Grading Machine with Large Output - GELGOOG\",\"isPartOf\":{\"@id\":\"https:\/\/www.gelgoogsort.com\/#website\"},\"primaryImageOfPage\":{\"@id\":\"https:\/\/www.gelgoogsort.com\/product\/blueberry-grading-machine\/#primaryimage\"},\"image\":{\"@id\":\"https:\/\/www.gelgoogsort.com\/product\/blueberry-grading-machine\/#primaryimage\"},\"thumbnailUrl\":\"https:\/\/www.gelgoogsort.com\/wp-content\/uploads\/2025\/11\/blueberry-grading-machine.jpg\",\"datePublished\":\"2025-11-05T09:02:00+00:00\",\"dateModified\":\"2025-11-20T08:02:30+00:00\",\"description\":\"Industrial blueberry grading machine for large output. Provides accurate size sorting, essential for high-volume blueberry processors.\",\"breadcrumb\":{\"@id\":\"https:\/\/www.gelgoogsort.com\/product\/blueberry-grading-machine\/#breadcrumb\"},\"inLanguage\":\"es\",\"potentialAction\":[{\"@type\":\"ReadAction\",\"target\":[\"https:\/\/www.gelgoogsort.com\/product\/blueberry-grading-machine\/\"]}]},{\"@type\":\"ImageObject\",\"inLanguage\":\"es\",\"@id\":\"https:\/\/www.gelgoogsort.com\/product\/blueberry-grading-machine\/#primaryimage\",\"url\":\"https:\/\/www.gelgoogsort.com\/wp-content\/uploads\/2025\/11\/blueberry-grading-machine.jpg\",\"contentUrl\":\"https:\/\/www.gelgoogsort.com\/wp-content\/uploads\/2025\/11\/blueberry-grading-machine.jpg\",\"width\":600,\"height\":600,\"caption\":\"automatic blueberry grading machine\"},{\"@type\":\"BreadcrumbList\",\"@id\":\"https:\/\/www.gelgoogsort.com\/product\/blueberry-grading-machine\/#breadcrumb\",\"itemListElement\":[{\"@type\":\"ListItem\",\"position\":1,\"name\":\"Home\",\"item\":\"https:\/\/www.gelgoogsort.com\/\"},{\"@type\":\"ListItem\",\"position\":2,\"name\":\"Product\",\"item\":\"https:\/\/www.gelgoogsort.com\/product\/\"},{\"@type\":\"ListItem\",\"position\":3,\"name\":\"Industrial Blueberry Grading Machine with Large Output\"}]},{\"@type\":\"WebSite\",\"@id\":\"https:\/\/www.gelgoogsort.com\/#website\",\"url\":\"https:\/\/www.gelgoogsort.com\/\",\"name\":\"gelgoogsort\",\"description\":\"\",\"publisher\":{\"@id\":\"https:\/\/www.gelgoogsort.com\/#organization\"},\"potentialAction\":[{\"@type\":\"SearchAction\",\"target\":{\"@type\":\"EntryPoint\",\"urlTemplate\":\"https:\/\/www.gelgoogsort.com\/?s={search_term_string}\"},\"query-input\":{\"@type\":\"PropertyValueSpecification\",\"valueRequired\":true,\"valueName\":\"search_term_string\"}}],\"inLanguage\":\"es\"},{\"@type\":\"Organization\",\"@id\":\"https:\/\/www.gelgoogsort.com\/#organization\",\"name\":\"gelgoogsort\",\"url\":\"https:\/\/www.gelgoogsort.com\/\",\"logo\":{\"@type\":\"ImageObject\",\"inLanguage\":\"es\",\"@id\":\"https:\/\/www.gelgoogsort.com\/#\/schema\/logo\/image\/\",\"url\":\"https:\/\/www.gelgoogsort.com\/wp-content\/uploads\/2025\/11\/cropped-ff1a81696eef4f4590a809e30a6985e4.png\",\"contentUrl\":\"https:\/\/www.gelgoogsort.com\/wp-content\/uploads\/2025\/11\/cropped-ff1a81696eef4f4590a809e30a6985e4.png\",\"width\":512,\"height\":512,\"caption\":\"gelgoogsort\"},\"image\":{\"@id\":\"https:\/\/www.gelgoogsort.com\/#\/schema\/logo\/image\/\"},\"sameAs\":[\"https:\/\/www.facebook.com\/profile.php?id=100095205040823\"]}]}<\/script>\n<!-- \/ Yoast SEO plugin. -->","yoast_head_json":{"title":"M\u00e1quina clasificadora industrial de ar\u00e1ndanos con gran producci\u00f3n - GELGOOG","description":"M\u00e1quina industrial de clasificaci\u00f3n de ar\u00e1ndanos para un gran rendimiento. Ofrece una clasificaci\u00f3n precisa por tama\u00f1o, fundamental para los procesadores de ar\u00e1ndanos a gran escala.","robots":{"index":"index","follow":"follow","max-snippet":"max-snippet:-1","max-image-preview":"max-image-preview:large","max-video-preview":"max-video-preview:-1"},"canonical":"https:\/\/www.gelgoogsort.com\/es\/product\/blueberry-grading-machine\/","og_locale":"es_ES","og_type":"article","og_title":"Industrial Blueberry Grading Machine with Large Output - GELGOOG","og_description":"Industrial blueberry grading machine for large output. Provides accurate size sorting, essential for high-volume blueberry processors.","og_url":"https:\/\/www.gelgoogsort.com\/es\/product\/blueberry-grading-machine\/","og_site_name":"GELGOOG","article_publisher":"https:\/\/www.facebook.com\/profile.php?id=100095205040823","article_modified_time":"2025-11-20T08:02:30+00:00","og_image":[{"width":600,"height":600,"url":"https:\/\/www.gelgoogsort.com\/wp-content\/uploads\/2025\/11\/blueberry-grading-machine.jpg","type":"image\/jpeg"}],"twitter_card":"summary_large_image","twitter_misc":{"Tiempo de lectura":"4 minutos"},"schema":{"@context":"https:\/\/schema.org","@graph":[{"@type":"WebPage","@id":"https:\/\/www.gelgoogsort.com\/product\/blueberry-grading-machine\/","url":"https:\/\/www.gelgoogsort.com\/product\/blueberry-grading-machine\/","name":"M\u00e1quina clasificadora industrial de ar\u00e1ndanos con gran producci\u00f3n - GELGOOG","isPartOf":{"@id":"https:\/\/www.gelgoogsort.com\/#website"},"primaryImageOfPage":{"@id":"https:\/\/www.gelgoogsort.com\/product\/blueberry-grading-machine\/#primaryimage"},"image":{"@id":"https:\/\/www.gelgoogsort.com\/product\/blueberry-grading-machine\/#primaryimage"},"thumbnailUrl":"https:\/\/www.gelgoogsort.com\/wp-content\/uploads\/2025\/11\/blueberry-grading-machine.jpg","datePublished":"2025-11-05T09:02:00+00:00","dateModified":"2025-11-20T08:02:30+00:00","description":"M\u00e1quina industrial de clasificaci\u00f3n de ar\u00e1ndanos para un gran rendimiento. Ofrece una clasificaci\u00f3n precisa por tama\u00f1o, fundamental para los procesadores de ar\u00e1ndanos a gran escala.","breadcrumb":{"@id":"https:\/\/www.gelgoogsort.com\/product\/blueberry-grading-machine\/#breadcrumb"},"inLanguage":"es","potentialAction":[{"@type":"ReadAction","target":["https:\/\/www.gelgoogsort.com\/product\/blueberry-grading-machine\/"]}]},{"@type":"ImageObject","inLanguage":"es","@id":"https:\/\/www.gelgoogsort.com\/product\/blueberry-grading-machine\/#primaryimage","url":"https:\/\/www.gelgoogsort.com\/wp-content\/uploads\/2025\/11\/blueberry-grading-machine.jpg","contentUrl":"https:\/\/www.gelgoogsort.com\/wp-content\/uploads\/2025\/11\/blueberry-grading-machine.jpg","width":600,"height":600,"caption":"automatic blueberry grading machine"},{"@type":"BreadcrumbList","@id":"https:\/\/www.gelgoogsort.com\/product\/blueberry-grading-machine\/#breadcrumb","itemListElement":[{"@type":"ListItem","position":1,"name":"Home","item":"https:\/\/www.gelgoogsort.com\/"},{"@type":"ListItem","position":2,"name":"Product","item":"https:\/\/www.gelgoogsort.com\/product\/"},{"@type":"ListItem","position":3,"name":"Industrial Blueberry Grading Machine with Large Output"}]},{"@type":"WebSite","@id":"https:\/\/www.gelgoogsort.com\/#website","url":"https:\/\/www.gelgoogsort.com\/","name":"gelgoogsort","description":"","publisher":{"@id":"https:\/\/www.gelgoogsort.com\/#organization"},"potentialAction":[{"@type":"SearchAction","target":{"@type":"EntryPoint","urlTemplate":"https:\/\/www.gelgoogsort.com\/?s={search_term_string}"},"query-input":{"@type":"PropertyValueSpecification","valueRequired":true,"valueName":"search_term_string"}}],"inLanguage":"es"},{"@type":"Organization","@id":"https:\/\/www.gelgoogsort.com\/#organization","name":"gelgoogsort","url":"https:\/\/www.gelgoogsort.com\/","logo":{"@type":"ImageObject","inLanguage":"es","@id":"https:\/\/www.gelgoogsort.com\/#\/schema\/logo\/image\/","url":"https:\/\/www.gelgoogsort.com\/wp-content\/uploads\/2025\/11\/cropped-ff1a81696eef4f4590a809e30a6985e4.png","contentUrl":"https:\/\/www.gelgoogsort.com\/wp-content\/uploads\/2025\/11\/cropped-ff1a81696eef4f4590a809e30a6985e4.png","width":512,"height":512,"caption":"gelgoogsort"},"image":{"@id":"https:\/\/www.gelgoogsort.com\/#\/schema\/logo\/image\/"},"sameAs":["https:\/\/www.facebook.com\/profile.php?id=100095205040823"]}]}},"_links":{"self":[{"href":"https:\/\/www.gelgoogsort.com\/es\/wp-json\/wp\/v2\/product\/590","targetHints":{"allow":["GET"]}}],"collection":[{"href":"https:\/\/www.gelgoogsort.com\/es\/wp-json\/wp\/v2\/product"}],"about":[{"href":"https:\/\/www.gelgoogsort.com\/es\/wp-json\/wp\/v2\/types\/product"}],"replies":[{"embeddable":true,"href":"https:\/\/www.gelgoogsort.com\/es\/wp-json\/wp\/v2\/comments?post=590"}],"wp:featuredmedia":[{"embeddable":true,"href":"https:\/\/www.gelgoogsort.com\/es\/wp-json\/wp\/v2\/media\/594"}],"wp:attachment":[{"href":"https:\/\/www.gelgoogsort.com\/es\/wp-json\/wp\/v2\/media?parent=590"}],"wp:term":[{"taxonomy":"product_brand","embeddable":true,"href":"https:\/\/www.gelgoogsort.com\/es\/wp-json\/wp\/v2\/product_brand?post=590"},{"taxonomy":"product_cat","embeddable":true,"href":"https:\/\/www.gelgoogsort.com\/es\/wp-json\/wp\/v2\/product_cat?post=590"},{"taxonomy":"product_tag","embeddable":true,"href":"https:\/\/www.gelgoogsort.com\/es\/wp-json\/wp\/v2\/product_tag?post=590"}],"curies":[{"name":"wp","href":"https:\/\/api.w.org\/{rel}","templated":true}]}}