{"id":596,"date":"2025-11-05T09:07:20","date_gmt":"2025-11-05T09:07:20","guid":{"rendered":"https:\/\/www.gelgoogsort.com\/?post_type=product&#038;p=596"},"modified":"2025-11-20T16:01:31","modified_gmt":"2025-11-20T08:01:31","slug":"industrial-potato-grading-machine","status":"publish","type":"product","link":"https:\/\/www.gelgoogsort.com\/es\/product\/industrial-potato-grading-machine\/","title":{"rendered":"M\u00e1quina clasificadora autom\u00e1tica industrial de patatas | GELGOOG"},"content":{"rendered":"<p>La m\u00e1quina clasificadora autom\u00e1tica industrial de patatas de GELGOOG logra una clasificaci\u00f3n de patatas de alta precisi\u00f3n y eficiencia por tama\u00f1o y peso.<\/p>\n<p><img fetchpriority=\"high\" decoding=\"async\" class=\"alignnone wp-image-597 size-full\" src=\"https:\/\/www.gelgoogsort.com\/wp-content\/uploads\/2025\/11\/Industrial-potato-grading-machine.jpg\" alt=\"m\u00e1quina clasificadora autom\u00e1tica de patatas industrial\" width=\"800\" height=\"500\" srcset=\"https:\/\/www.gelgoogsort.com\/wp-content\/uploads\/2025\/11\/Industrial-potato-grading-machine.jpg 800w, https:\/\/www.gelgoogsort.com\/wp-content\/uploads\/2025\/11\/Industrial-potato-grading-machine-600x375.jpg 600w, https:\/\/www.gelgoogsort.com\/wp-content\/uploads\/2025\/11\/Industrial-potato-grading-machine-300x188.jpg 300w, https:\/\/www.gelgoogsort.com\/wp-content\/uploads\/2025\/11\/Industrial-potato-grading-machine-768x480.jpg 768w\" sizes=\"(max-width: 800px) 100vw, 800px\" \/><\/p>\n<h2>Flujo de trabajo de la m\u00e1quina clasificadora autom\u00e1tica industrial de patatas<\/h2>\n<p>La clasificadora GELGOOG utiliza un sistema inteligente para capturar y ejecutar datos multidimensionales de patatas, garantizando resultados de clasificaci\u00f3n de alta precisi\u00f3n.<\/p>\n<ul>\n<li>Carga: Las patatas se transportan a trav\u00e9s de un elevador a una cinta transportadora suave. Un esparcidor o deflector vibratorio asegura que las patatas se separen y se formen en una sola capa, prepar\u00e1ndolas para una inspecci\u00f3n precisa.<\/li>\n<li>Clasificaci\u00f3n por peso: Cada patata pasa por un sensor de peso de alta resoluci\u00f3n, obteniendo datos de peso precisos en tiempo real.<\/li>\n<li>Clasificaci\u00f3n por Tama\u00f1o y Apariencia (Opcional): Se puede a\u00f1adir un sistema de reconocimiento visual de alta definici\u00f3n para capturar simult\u00e1neamente informaci\u00f3n como el di\u00e1metro, la longitud, el color y los defectos de la superficie de la patata (como piel verde, brotes y podredumbre).<\/li>\n<li>Procesamiento Inteligente de Datos: Los datos recopilados se transmiten en tiempo real a una unidad de procesamiento central. El sistema compara instant\u00e1neamente los datos caracter\u00edsticos de cada patata con est\u00e1ndares de clasificaci\u00f3n multidimensionales preestablecidos y toma decisiones de clasificaci\u00f3n.<\/li>\n<li>Actuador desviador: Cuando las papas lleguen a la salida de descarga correspondiente, un actuador desviador (como una varilla neum\u00e1tica, una palanca inclinable o una pala desviadora) se mover\u00e1 con precisi\u00f3n y guiar\u00e1 suavemente hacia el \u00e1rea de recolecci\u00f3n o cinta transportadora designada.<\/li>\n<\/ul>\n<p><img decoding=\"async\" class=\"alignnone wp-image-598 size-full\" src=\"https:\/\/www.gelgoogsort.com\/wp-content\/uploads\/2025\/11\/Industry-potato-grading-machines.jpg\" alt=\" m\u00e1quina clasificadora de patatas industrial | gelgoog\" width=\"800\" height=\"500\" srcset=\"https:\/\/www.gelgoogsort.com\/wp-content\/uploads\/2025\/11\/Industry-potato-grading-machines.jpg 800w, https:\/\/www.gelgoogsort.com\/wp-content\/uploads\/2025\/11\/Industry-potato-grading-machines-600x375.jpg 600w, https:\/\/www.gelgoogsort.com\/wp-content\/uploads\/2025\/11\/Industry-potato-grading-machines-300x188.jpg 300w, https:\/\/www.gelgoogsort.com\/wp-content\/uploads\/2025\/11\/Industry-potato-grading-machines-768x480.jpg 768w\" sizes=\"(max-width: 800px) 100vw, 800px\" \/><\/p>\n<h2>Ventajas principales de GELGOOG<\/h2>\n<ul>\n<li>Capacidad Industrial: Dise\u00f1ada para operaci\u00f3n continua de alta intensidad 24\/7, esta m\u00e1quina industrial clasificadora de patatas presume de una velocidad de clasificaci\u00f3n que supera con creces el trabajo manual, manejando f\u00e1cilmente las presiones de las temporadas de cosecha a gran escala y mejorando significativamente su capacidad de procesamiento diaria y su capacidad de respuesta al mercado.<\/li>\n<li>Resistente y Duradero: La m\u00e1quina cuenta con una estructura de acero de alta resistencia con cubierta de acero inoxidable 304 de grado alimentario en \u00e1reas clave. Los componentes principales provienen de reconocidas marcas internacionales, lo que garantiza un funcionamiento estable en entornos hostiles, h\u00famedos y polvorientos, con tasas m\u00ednimas de fallos y una vida \u00fatil extremadamente larga.<\/li>\n<li>Personalizaci\u00f3n Flexible: Entendemos que las necesidades de cada cliente son \u00fanicas. Por ello, GELGOOG ofrece soluciones altamente personalizables, que incluyen:<\/li>\n<li>Dimensiones de ordenaci\u00f3n: Ordenar solo por peso, solo por tama\u00f1o o por una combinaci\u00f3n de peso y tama\u00f1o.<\/li>\n<li>Niveles de Clasificaci\u00f3n: Configurables para tener de 2 a 8 o m\u00e1s tomas.<\/li>\n<li>Configuraciones de Capacidad: Disponible en varios modelos, desde 1 tonelada por hora hasta m\u00e1s de 10 toneladas por hora.<\/li>\n<li>Caracter\u00edsticas adicionales: Estad\u00edsticas de datos integradas, etiquetado de c\u00f3digos de barras y m\u00e1s.<\/li>\n<\/ul>\n<p><img decoding=\"async\" class=\"alignnone wp-image-599 size-full\" src=\"https:\/\/www.gelgoogsort.com\/wp-content\/uploads\/2025\/11\/Industrial-potato-grading-machines.jpg\" alt=\"m\u00e1quina clasificadora de papas\" width=\"800\" height=\"500\" srcset=\"https:\/\/www.gelgoogsort.com\/wp-content\/uploads\/2025\/11\/Industrial-potato-grading-machines.jpg 800w, https:\/\/www.gelgoogsort.com\/wp-content\/uploads\/2025\/11\/Industrial-potato-grading-machines-600x375.jpg 600w, https:\/\/www.gelgoogsort.com\/wp-content\/uploads\/2025\/11\/Industrial-potato-grading-machines-300x188.jpg 300w, https:\/\/www.gelgoogsort.com\/wp-content\/uploads\/2025\/11\/Industrial-potato-grading-machines-768x480.jpg 768w\" sizes=\"(max-width: 800px) 100vw, 800px\" \/><\/p>\n<h2>\u00bfPor qu\u00e9 elegir GELGOOG?<\/h2>\n<p>GELGOOG tiene una s\u00f3lida reputaci\u00f3n y una amplia experiencia en la industria mundial de maquinaria alimentaria. Ofrecemos no solo equipos, sino tambi\u00e9n una oferta de servicios integral, desde estudios del sitio y dise\u00f1o hasta instalaci\u00f3n, puesta en marcha y soporte postventa.<\/p>\n<p><iframe title=\"L\u00ednea de Producci\u00f3n Multifuncional de Limpieza de Verduras\" width=\"500\" height=\"281\" src=\"https:\/\/www.youtube.com\/embed\/m8Oi--pfFXs?feature=oembed\" frameborder=\"0\" allow=\"accelerometer; autoplay; clipboard-write; encrypted-media; gyroscope; picture-in-picture; web-share\" referrerpolicy=\"strict-origin-when-cross-origin\" allowfullscreen><\/iframe><\/p>\n<p><strong>\u00a1Contacta a GELGOOG hoy mismo para obtener tu soluci\u00f3n personalizada de clasificaci\u00f3n de patatas!<\/strong><\/p>\n<p>Que esta precisa y fiable m\u00e1quina clasificadora de patatas industrial se convierta en un potente motor para potenciar sus beneficios y competitividad. \u00a1Esperamos servirle!<\/p>\n<h2>Deja un mensaje para obtener un presupuesto<\/h2>\n\n<div class=\"wpcf7 no-js\" id=\"wpcf7-f556-o1\" lang=\"zh-CN\" dir=\"ltr\" data-wpcf7-id=\"556\">\n<div class=\"screen-reader-response\"><p role=\"status\" aria-live=\"polite\" aria-atomic=\"true\"><\/p> <ul><\/ul><\/div>\n<form action=\"\/es\/wp-json\/wp\/v2\/product\/596#wpcf7-f556-o1\" method=\"post\" class=\"wpcf7-form init\" aria-label=\"\u7559\u8a00\u8868\u5355\" novalidate=\"novalidate\" data-status=\"init\" data-trp-original-action=\"\/es\/wp-json\/wp\/v2\/product\/596#wpcf7-f556-o1\">\n<fieldset class=\"hidden-fields-container\"><input type=\"hidden\" name=\"_wpcf7\" value=\"556\" \/><input type=\"hidden\" name=\"_wpcf7_version\" value=\"6.1.3\" \/><input type=\"hidden\" name=\"_wpcf7_locale\" value=\"zh_CN\" \/><input type=\"hidden\" name=\"_wpcf7_unit_tag\" value=\"wpcf7-f556-o1\" \/><input type=\"hidden\" name=\"_wpcf7_container_post\" value=\"0\" \/><input type=\"hidden\" name=\"_wpcf7_posted_data_hash\" value=\"\" \/>\n<\/fieldset>\n<p><label> Tu Nombre*<br \/>\n<span class=\"wpcf7-form-control-wrap\" data-name=\"your-name\"><input size=\"40\" maxlength=\"400\" class=\"wpcf7-form-control wpcf7-text wpcf7-validates-as-required\" aria-required=\"true\" aria-invalid=\"false\" value=\"\" type=\"text\" name=\"your-name\" \/><\/span> <\/label>\n<\/p>\n<p><label> Tu pa\u00eds<br \/>\n<span class=\"wpcf7-form-control-wrap\" data-name=\"your-country\"><input size=\"40\" maxlength=\"400\" class=\"wpcf7-form-control wpcf7-text\" aria-invalid=\"false\" value=\"\" type=\"text\" name=\"your-country\" \/><\/span><\/label>\n<\/p>\n<p><label> Tu correo electr\u00f3nico*<br \/>\n<span class=\"wpcf7-form-control-wrap\" data-name=\"your-email\"><input size=\"40\" maxlength=\"400\" class=\"wpcf7-form-control wpcf7-email wpcf7-validates-as-required wpcf7-text wpcf7-validates-as-email\" aria-required=\"true\" aria-invalid=\"false\" value=\"\" type=\"email\" name=\"your-email\" \/><\/span> <\/label>\n<\/p>\n<p><label> Tu tel\u00e9fono<br \/>\n<span class=\"wpcf7-form-control-wrap\" data-name=\"your-phone\"><input size=\"40\" maxlength=\"400\" class=\"wpcf7-form-control wpcf7-tel wpcf7-text wpcf7-validates-as-tel\" aria-invalid=\"false\" value=\"\" type=\"tel\" name=\"your-phone\" \/><\/span> <\/label>\n<\/p>\n<p><label> El Nombre de Tu Empresa<br \/>\n<span class=\"wpcf7-form-control-wrap\" data-name=\"text-457\"><input size=\"40\" maxlength=\"400\" class=\"wpcf7-form-control wpcf7-text\" aria-invalid=\"false\" value=\"\" type=\"text\" name=\"text-457\" \/><\/span> <\/label>\n<\/p>\n<p><label> El sitio web de tu empresa<br \/>\n<span class=\"wpcf7-form-control-wrap\" data-name=\"text-546\"><input size=\"40\" maxlength=\"400\" class=\"wpcf7-form-control wpcf7-text\" aria-invalid=\"false\" value=\"\" type=\"text\" name=\"text-546\" \/><\/span> <\/label>\n<\/p>\n<p><label> Tu requisito*<br \/>\n<span class=\"wpcf7-form-control-wrap\" data-name=\"your-message\"><textarea cols=\"40\" rows=\"10\" maxlength=\"2000\" class=\"wpcf7-form-control wpcf7-textarea wpcf7-validates-as-required\" aria-required=\"true\" aria-invalid=\"false\" name=\"your-message\"><\/textarea><\/span> <\/label>\n<\/p>\n<p><input class=\"wpcf7-form-control wpcf7-submit has-spinner\" type=\"submit\" value=\"Enviar\" \/>\n<\/p><p style=\"display: none !important;\" class=\"akismet-fields-container\" data-prefix=\"_wpcf7_ak_\"><label>Delta<textarea name=\"_wpcf7_ak_hp_textarea\" cols=\"45\" rows=\"8\" maxlength=\"100\"><\/textarea><\/label><input type=\"hidden\" id=\"ak_js_1\" name=\"_wpcf7_ak_js\" value=\"220\"\/><script>document.getElementById( \"ak_js_1\" ).setAttribute( \"value\", ( new Date() ).getTime() );<\/script><\/p><div class=\"wpcf7-response-output\" aria-hidden=\"true\"><\/div>\n<input type=\"hidden\" name=\"trp-form-language\" value=\"es\"\/><\/form>\n<\/div>","protected":false},"excerpt":{"rendered":"<p>GELGOOG&#8217;s Automatic Industrial Potato Grading Machine achieves high-precision and efficient potato sorting by size and weight. Automatic Industrial Potato Grading [&hellip;]<\/p>\n","protected":false},"featured_media":600,"comment_status":"open","ping_status":"closed","template":"","meta":{"site-sidebar-layout":"default","site-content-layout":"","ast-site-content-layout":"default","site-content-style":"default","site-sidebar-style":"default","ast-global-header-display":"","ast-banner-title-visibility":"","ast-main-header-display":"","ast-hfb-above-header-display":"","ast-hfb-below-header-display":"","ast-hfb-mobile-header-display":"","site-post-title":"","ast-breadcrumbs-content":"","ast-featured-img":"","footer-sml-layout":"","theme-transparent-header-meta":"default","adv-header-id-meta":"","stick-header-meta":"","header-above-stick-meta":"","header-main-stick-meta":"","header-below-stick-meta":"","astra-migrate-meta-layouts":"set","ast-page-background-enabled":"default","ast-page-background-meta":{"desktop":{"background-color":"var(--ast-global-color-4)","background-image":"","background-repeat":"repeat","background-position":"center center","background-size":"auto","background-attachment":"scroll","background-type":"","background-media":"","overlay-type":"","overlay-color":"","overlay-opacity":"","overlay-gradient":""},"tablet":{"background-color":"","background-image":"","background-repeat":"repeat","background-position":"center center","background-size":"auto","background-attachment":"scroll","background-type":"","background-media":"","overlay-type":"","overlay-color":"","overlay-opacity":"","overlay-gradient":""},"mobile":{"background-color":"","background-image":"","background-repeat":"repeat","background-position":"center center","background-size":"auto","background-attachment":"scroll","background-type":"","background-media":"","overlay-type":"","overlay-color":"","overlay-opacity":"","overlay-gradient":""}},"ast-content-background-meta":{"desktop":{"background-color":"var(--ast-global-color-5)","background-image":"","background-repeat":"repeat","background-position":"center center","background-size":"auto","background-attachment":"scroll","background-type":"","background-media":"","overlay-type":"","overlay-color":"","overlay-opacity":"","overlay-gradient":""},"tablet":{"background-color":"var(--ast-global-color-5)","background-image":"","background-repeat":"repeat","background-position":"center center","background-size":"auto","background-attachment":"scroll","background-type":"","background-media":"","overlay-type":"","overlay-color":"","overlay-opacity":"","overlay-gradient":""},"mobile":{"background-color":"var(--ast-global-color-5)","background-image":"","background-repeat":"repeat","background-position":"center center","background-size":"auto","background-attachment":"scroll","background-type":"","background-media":"","overlay-type":"","overlay-color":"","overlay-opacity":"","overlay-gradient":""}}},"product_brand":[],"product_cat":[15],"product_tag":[],"class_list":{"0":"post-596","1":"product","2":"type-product","3":"status-publish","4":"has-post-thumbnail","6":"product_cat-product-sorting","7":"desktop-align-left","8":"tablet-align-left","9":"mobile-align-left","11":"first","12":"instock","13":"shipping-taxable","14":"product-type-simple"},"yoast_head":"<!-- This site is optimized with the Yoast SEO plugin v26.2 - https:\/\/yoast.com\/wordpress\/plugins\/seo\/ -->\n<title>Automatic Industrial Potato Grading Machine | GELGOOG - GELGOOG<\/title>\n<meta name=\"description\" content=\"Our Automatic industrial potato grading machine from GELGOOG. Ensures consistent and efficient sorting to exact standards.\" \/>\n<meta name=\"robots\" content=\"index, follow, max-snippet:-1, max-image-preview:large, max-video-preview:-1\" \/>\n<link rel=\"canonical\" href=\"https:\/\/www.gelgoogsort.com\/es\/product\/industrial-potato-grading-machine\/\" \/>\n<meta property=\"og:locale\" content=\"es_ES\" \/>\n<meta property=\"og:type\" content=\"article\" \/>\n<meta property=\"og:title\" content=\"Automatic Industrial Potato Grading Machine | GELGOOG - GELGOOG\" \/>\n<meta property=\"og:description\" content=\"Our Automatic industrial potato grading machine from GELGOOG. Ensures consistent and efficient sorting to exact standards.\" \/>\n<meta property=\"og:url\" content=\"https:\/\/www.gelgoogsort.com\/es\/product\/industrial-potato-grading-machine\/\" \/>\n<meta property=\"og:site_name\" content=\"GELGOOG\" \/>\n<meta property=\"article:publisher\" content=\"https:\/\/www.facebook.com\/profile.php?id=100095205040823\" \/>\n<meta property=\"article:modified_time\" content=\"2025-11-20T08:01:31+00:00\" \/>\n<meta property=\"og:image\" content=\"https:\/\/www.gelgoogsort.com\/wp-content\/uploads\/2025\/11\/Industry-potato-grading-machine.jpg\" \/>\n\t<meta property=\"og:image:width\" content=\"600\" \/>\n\t<meta property=\"og:image:height\" content=\"600\" \/>\n\t<meta property=\"og:image:type\" content=\"image\/jpeg\" \/>\n<meta name=\"twitter:card\" content=\"summary_large_image\" \/>\n<meta name=\"twitter:label1\" content=\"Tiempo de lectura\" \/>\n\t<meta name=\"twitter:data1\" content=\"3 minutos\" \/>\n<script type=\"application\/ld+json\" class=\"yoast-schema-graph\">{\"@context\":\"https:\/\/schema.org\",\"@graph\":[{\"@type\":\"WebPage\",\"@id\":\"https:\/\/www.gelgoogsort.com\/product\/industrial-potato-grading-machine\/\",\"url\":\"https:\/\/www.gelgoogsort.com\/product\/industrial-potato-grading-machine\/\",\"name\":\"Automatic Industrial Potato Grading Machine | GELGOOG - GELGOOG\",\"isPartOf\":{\"@id\":\"https:\/\/www.gelgoogsort.com\/#website\"},\"primaryImageOfPage\":{\"@id\":\"https:\/\/www.gelgoogsort.com\/product\/industrial-potato-grading-machine\/#primaryimage\"},\"image\":{\"@id\":\"https:\/\/www.gelgoogsort.com\/product\/industrial-potato-grading-machine\/#primaryimage\"},\"thumbnailUrl\":\"https:\/\/www.gelgoogsort.com\/wp-content\/uploads\/2025\/11\/Industry-potato-grading-machine.jpg\",\"datePublished\":\"2025-11-05T09:07:20+00:00\",\"dateModified\":\"2025-11-20T08:01:31+00:00\",\"description\":\"Our Automatic industrial potato grading machine from GELGOOG. Ensures consistent and efficient sorting to exact standards.\",\"breadcrumb\":{\"@id\":\"https:\/\/www.gelgoogsort.com\/product\/industrial-potato-grading-machine\/#breadcrumb\"},\"inLanguage\":\"es\",\"potentialAction\":[{\"@type\":\"ReadAction\",\"target\":[\"https:\/\/www.gelgoogsort.com\/product\/industrial-potato-grading-machine\/\"]}]},{\"@type\":\"ImageObject\",\"inLanguage\":\"es\",\"@id\":\"https:\/\/www.gelgoogsort.com\/product\/industrial-potato-grading-machine\/#primaryimage\",\"url\":\"https:\/\/www.gelgoogsort.com\/wp-content\/uploads\/2025\/11\/Industry-potato-grading-machine.jpg\",\"contentUrl\":\"https:\/\/www.gelgoogsort.com\/wp-content\/uploads\/2025\/11\/Industry-potato-grading-machine.jpg\",\"width\":600,\"height\":600,\"caption\":\"industrial potato grading machine\"},{\"@type\":\"BreadcrumbList\",\"@id\":\"https:\/\/www.gelgoogsort.com\/product\/industrial-potato-grading-machine\/#breadcrumb\",\"itemListElement\":[{\"@type\":\"ListItem\",\"position\":1,\"name\":\"Home\",\"item\":\"https:\/\/www.gelgoogsort.com\/\"},{\"@type\":\"ListItem\",\"position\":2,\"name\":\"Product\",\"item\":\"https:\/\/www.gelgoogsort.com\/product\/\"},{\"@type\":\"ListItem\",\"position\":3,\"name\":\"Automatic Industrial Potato Grading Machine | GELGOOG\"}]},{\"@type\":\"WebSite\",\"@id\":\"https:\/\/www.gelgoogsort.com\/#website\",\"url\":\"https:\/\/www.gelgoogsort.com\/\",\"name\":\"gelgoogsort\",\"description\":\"\",\"publisher\":{\"@id\":\"https:\/\/www.gelgoogsort.com\/#organization\"},\"potentialAction\":[{\"@type\":\"SearchAction\",\"target\":{\"@type\":\"EntryPoint\",\"urlTemplate\":\"https:\/\/www.gelgoogsort.com\/?s={search_term_string}\"},\"query-input\":{\"@type\":\"PropertyValueSpecification\",\"valueRequired\":true,\"valueName\":\"search_term_string\"}}],\"inLanguage\":\"es\"},{\"@type\":\"Organization\",\"@id\":\"https:\/\/www.gelgoogsort.com\/#organization\",\"name\":\"gelgoogsort\",\"url\":\"https:\/\/www.gelgoogsort.com\/\",\"logo\":{\"@type\":\"ImageObject\",\"inLanguage\":\"es\",\"@id\":\"https:\/\/www.gelgoogsort.com\/#\/schema\/logo\/image\/\",\"url\":\"https:\/\/www.gelgoogsort.com\/wp-content\/uploads\/2025\/11\/cropped-ff1a81696eef4f4590a809e30a6985e4.png\",\"contentUrl\":\"https:\/\/www.gelgoogsort.com\/wp-content\/uploads\/2025\/11\/cropped-ff1a81696eef4f4590a809e30a6985e4.png\",\"width\":512,\"height\":512,\"caption\":\"gelgoogsort\"},\"image\":{\"@id\":\"https:\/\/www.gelgoogsort.com\/#\/schema\/logo\/image\/\"},\"sameAs\":[\"https:\/\/www.facebook.com\/profile.php?id=100095205040823\"]}]}<\/script>\n<!-- \/ Yoast SEO plugin. -->","yoast_head_json":{"title":"M\u00e1quina autom\u00e1tica industrial para clasificar patatas | GELGOOG - GELGOOG","description":"Nuestra m\u00e1quina autom\u00e1tica industrial clasificadora de patatas de GELGOOG. Garantiza una clasificaci\u00f3n uniforme y eficiente seg\u00fan est\u00e1ndares exactos.","robots":{"index":"index","follow":"follow","max-snippet":"max-snippet:-1","max-image-preview":"max-image-preview:large","max-video-preview":"max-video-preview:-1"},"canonical":"https:\/\/www.gelgoogsort.com\/es\/product\/industrial-potato-grading-machine\/","og_locale":"es_ES","og_type":"article","og_title":"Automatic Industrial Potato Grading Machine | GELGOOG - GELGOOG","og_description":"Our Automatic industrial potato grading machine from GELGOOG. Ensures consistent and efficient sorting to exact standards.","og_url":"https:\/\/www.gelgoogsort.com\/es\/product\/industrial-potato-grading-machine\/","og_site_name":"GELGOOG","article_publisher":"https:\/\/www.facebook.com\/profile.php?id=100095205040823","article_modified_time":"2025-11-20T08:01:31+00:00","og_image":[{"width":600,"height":600,"url":"https:\/\/www.gelgoogsort.com\/wp-content\/uploads\/2025\/11\/Industry-potato-grading-machine.jpg","type":"image\/jpeg"}],"twitter_card":"summary_large_image","twitter_misc":{"Tiempo de lectura":"3 minutos"},"schema":{"@context":"https:\/\/schema.org","@graph":[{"@type":"WebPage","@id":"https:\/\/www.gelgoogsort.com\/product\/industrial-potato-grading-machine\/","url":"https:\/\/www.gelgoogsort.com\/product\/industrial-potato-grading-machine\/","name":"M\u00e1quina autom\u00e1tica industrial para clasificar patatas | GELGOOG - GELGOOG","isPartOf":{"@id":"https:\/\/www.gelgoogsort.com\/#website"},"primaryImageOfPage":{"@id":"https:\/\/www.gelgoogsort.com\/product\/industrial-potato-grading-machine\/#primaryimage"},"image":{"@id":"https:\/\/www.gelgoogsort.com\/product\/industrial-potato-grading-machine\/#primaryimage"},"thumbnailUrl":"https:\/\/www.gelgoogsort.com\/wp-content\/uploads\/2025\/11\/Industry-potato-grading-machine.jpg","datePublished":"2025-11-05T09:07:20+00:00","dateModified":"2025-11-20T08:01:31+00:00","description":"Nuestra m\u00e1quina autom\u00e1tica industrial clasificadora de patatas de GELGOOG. Garantiza una clasificaci\u00f3n uniforme y eficiente seg\u00fan est\u00e1ndares exactos.","breadcrumb":{"@id":"https:\/\/www.gelgoogsort.com\/product\/industrial-potato-grading-machine\/#breadcrumb"},"inLanguage":"es","potentialAction":[{"@type":"ReadAction","target":["https:\/\/www.gelgoogsort.com\/product\/industrial-potato-grading-machine\/"]}]},{"@type":"ImageObject","inLanguage":"es","@id":"https:\/\/www.gelgoogsort.com\/product\/industrial-potato-grading-machine\/#primaryimage","url":"https:\/\/www.gelgoogsort.com\/wp-content\/uploads\/2025\/11\/Industry-potato-grading-machine.jpg","contentUrl":"https:\/\/www.gelgoogsort.com\/wp-content\/uploads\/2025\/11\/Industry-potato-grading-machine.jpg","width":600,"height":600,"caption":"industrial potato grading machine"},{"@type":"BreadcrumbList","@id":"https:\/\/www.gelgoogsort.com\/product\/industrial-potato-grading-machine\/#breadcrumb","itemListElement":[{"@type":"ListItem","position":1,"name":"Home","item":"https:\/\/www.gelgoogsort.com\/"},{"@type":"ListItem","position":2,"name":"Product","item":"https:\/\/www.gelgoogsort.com\/product\/"},{"@type":"ListItem","position":3,"name":"Automatic Industrial Potato Grading Machine | GELGOOG"}]},{"@type":"WebSite","@id":"https:\/\/www.gelgoogsort.com\/#website","url":"https:\/\/www.gelgoogsort.com\/","name":"gelgoogsort","description":"","publisher":{"@id":"https:\/\/www.gelgoogsort.com\/#organization"},"potentialAction":[{"@type":"SearchAction","target":{"@type":"EntryPoint","urlTemplate":"https:\/\/www.gelgoogsort.com\/?s={search_term_string}"},"query-input":{"@type":"PropertyValueSpecification","valueRequired":true,"valueName":"search_term_string"}}],"inLanguage":"es"},{"@type":"Organization","@id":"https:\/\/www.gelgoogsort.com\/#organization","name":"gelgoogsort","url":"https:\/\/www.gelgoogsort.com\/","logo":{"@type":"ImageObject","inLanguage":"es","@id":"https:\/\/www.gelgoogsort.com\/#\/schema\/logo\/image\/","url":"https:\/\/www.gelgoogsort.com\/wp-content\/uploads\/2025\/11\/cropped-ff1a81696eef4f4590a809e30a6985e4.png","contentUrl":"https:\/\/www.gelgoogsort.com\/wp-content\/uploads\/2025\/11\/cropped-ff1a81696eef4f4590a809e30a6985e4.png","width":512,"height":512,"caption":"gelgoogsort"},"image":{"@id":"https:\/\/www.gelgoogsort.com\/#\/schema\/logo\/image\/"},"sameAs":["https:\/\/www.facebook.com\/profile.php?id=100095205040823"]}]}},"_links":{"self":[{"href":"https:\/\/www.gelgoogsort.com\/es\/wp-json\/wp\/v2\/product\/596","targetHints":{"allow":["GET"]}}],"collection":[{"href":"https:\/\/www.gelgoogsort.com\/es\/wp-json\/wp\/v2\/product"}],"about":[{"href":"https:\/\/www.gelgoogsort.com\/es\/wp-json\/wp\/v2\/types\/product"}],"replies":[{"embeddable":true,"href":"https:\/\/www.gelgoogsort.com\/es\/wp-json\/wp\/v2\/comments?post=596"}],"wp:featuredmedia":[{"embeddable":true,"href":"https:\/\/www.gelgoogsort.com\/es\/wp-json\/wp\/v2\/media\/600"}],"wp:attachment":[{"href":"https:\/\/www.gelgoogsort.com\/es\/wp-json\/wp\/v2\/media?parent=596"}],"wp:term":[{"taxonomy":"product_brand","embeddable":true,"href":"https:\/\/www.gelgoogsort.com\/es\/wp-json\/wp\/v2\/product_brand?post=596"},{"taxonomy":"product_cat","embeddable":true,"href":"https:\/\/www.gelgoogsort.com\/es\/wp-json\/wp\/v2\/product_cat?post=596"},{"taxonomy":"product_tag","embeddable":true,"href":"https:\/\/www.gelgoogsort.com\/es\/wp-json\/wp\/v2\/product_tag?post=596"}],"curies":[{"name":"wp","href":"https:\/\/api.w.org\/{rel}","templated":true}]}}