{"id":608,"date":"2025-11-05T09:22:55","date_gmt":"2025-11-05T09:22:55","guid":{"rendered":"https:\/\/www.gelgoogsort.com\/?post_type=product&#038;p=608"},"modified":"2025-11-20T15:59:37","modified_gmt":"2025-11-20T07:59:37","slug":"avocado-sorting-grading-machine","status":"publish","type":"product","link":"https:\/\/www.gelgoogsort.com\/es\/product\/avocado-sorting-grading-machine\/","title":{"rendered":"Clasificadora Y Calibradora De Aguacates | Alta Capacidad"},"content":{"rendered":"<p>Nuestra m\u00e1quina clasificadora y calibradora de aguacates es r\u00e1pida y rentable. A trav\u00e9s de un proceso totalmente automatizado, garantiza especificaciones uniformes del producto, mejorando la reputaci\u00f3n de la marca y la satisfacci\u00f3n del cliente.<\/p>\n<p>&nbsp;<\/p>\n<h2>\u00bfPor qu\u00e9 elegirnos?<\/h2>\n<p>La clasificadora de peso de aguacates de GELGOOG es un equipo especializado dise\u00f1ado espec\u00edficamente para operaciones de procesamiento de aguacates a gran escala.<\/p>\n<h2>Principio de funcionamiento:<\/h2>\n<p>Utilizando tecnolog\u00eda de sensores de peso de alta precisi\u00f3n y un sistema de pesaje din\u00e1mico, permite una clasificaci\u00f3n de peso r\u00e1pida y precisa de aguacates, mejorando eficazmente la estandarizaci\u00f3n del producto y el valor de mercado, y satisfaciendo las necesidades de la producci\u00f3n a gran escala.<\/p>\n<p><img fetchpriority=\"high\" decoding=\"async\" class=\"alignnone wp-image-611 size-full\" src=\"https:\/\/www.gelgoogsort.com\/wp-content\/uploads\/2025\/11\/avocado-sorting-grading-machines.jpg\" alt=\"M\u00e1quina clasificadora y de clasificaci\u00f3n de aguacates\" width=\"800\" height=\"500\" srcset=\"https:\/\/www.gelgoogsort.com\/wp-content\/uploads\/2025\/11\/avocado-sorting-grading-machines.jpg 800w, https:\/\/www.gelgoogsort.com\/wp-content\/uploads\/2025\/11\/avocado-sorting-grading-machines-600x375.jpg 600w, https:\/\/www.gelgoogsort.com\/wp-content\/uploads\/2025\/11\/avocado-sorting-grading-machines-300x188.jpg 300w, https:\/\/www.gelgoogsort.com\/wp-content\/uploads\/2025\/11\/avocado-sorting-grading-machines-768x480.jpg 768w\" sizes=\"(max-width: 800px) 100vw, 800px\" \/><\/p>\n<h2>Flujo de trabajo<\/h2>\n<ul>\n<li>Carga Autom\u00e1tica: Los aguacates cosechados se concentran en la tolva de un elevador flexible, que los distribuye uniformemente a la l\u00ednea de clasificaci\u00f3n.<\/li>\n<li>Clasificaci\u00f3n en un solo archivo: Al ingresar a la l\u00ednea de clasificaci\u00f3n principal, los aguacates pasan primero por un sistema de clasificaci\u00f3n vibratorio o un dispositivo de desviaci\u00f3n especial. El sistema de vibraci\u00f3n asegura una clasificaci\u00f3n ordenada de los aguacates, garantizando un pesaje individual.<\/li>\n<li>Pesaje Din\u00e1mico: Aguacates que viajan en fila \u00fanica pasan por un sensor de peso de alta precisi\u00f3n en el centro. Sensores de alta precisi\u00f3n miden r\u00e1pidamente el peso de cada fruta.<\/li>\n<li>Calibrado inteligente: El sistema de control compara y determina instant\u00e1neamente los datos de peso recibidos en tiempo real contra m\u00faltiples est\u00e1ndares de clasificaci\u00f3n de peso preestablecidos, y luego emite las instrucciones de clasificaci\u00f3n finales para cada aguacate.<\/li>\n<li>Clasificaci\u00f3n y Descarga: Cuando los aguacates viajan por la cinta transportadora hacia la salida de descarga para su calidad asignada, un dispositivo neum\u00e1tico empuja las frutas hacia el \u00e1rea de recolecci\u00f3n correspondiente.<\/li>\n<\/ul>\n<p><img decoding=\"async\" class=\"alignnone wp-image-612 size-full\" src=\"https:\/\/www.gelgoogsort.com\/wp-content\/uploads\/2025\/11\/avocados-sorting-grading-machines.jpg\" alt=\"m\u00e1quina clasificadora de aguacates\" width=\"800\" height=\"500\" srcset=\"https:\/\/www.gelgoogsort.com\/wp-content\/uploads\/2025\/11\/avocados-sorting-grading-machines.jpg 800w, https:\/\/www.gelgoogsort.com\/wp-content\/uploads\/2025\/11\/avocados-sorting-grading-machines-600x375.jpg 600w, https:\/\/www.gelgoogsort.com\/wp-content\/uploads\/2025\/11\/avocados-sorting-grading-machines-300x188.jpg 300w, https:\/\/www.gelgoogsort.com\/wp-content\/uploads\/2025\/11\/avocados-sorting-grading-machines-768x480.jpg 768w\" sizes=\"(max-width: 800px) 100vw, 800px\" \/><\/p>\n<h2>Descripci\u00f3n general de los par\u00e1metros t\u00e9cnicos de la m\u00e1quina clasificadora y clasificadora de aguacates<\/h2>\n<p>Principio de clasificaci\u00f3n: Pesaje din\u00e1mico de alta precisi\u00f3n<\/p>\n<p>Canales de Calibraci\u00f3n: Personalizables seg\u00fan los requisitos de producci\u00f3n (por ejemplo, 4, 6, 8 canales, etc.)<\/p>\n<p>Capacidad de Procesamiento: Hasta varios miles de kilogramos por hora (los valores espec\u00edficos dependen del modelo)<\/p>\n<p>Precisi\u00f3n de pesaje: \u00b11 gramo a \u00b12 gramos (dependiendo del modelo y la velocidad)<\/p>\n<p>Calificaciones por Peso: Se pueden establecer hasta 12 o m\u00e1s calificaciones<\/p>\n<p>M\u00e9todo de control: Programaci\u00f3n de PLC + interfaz hombre-m\u00e1quina con pantalla t\u00e1ctil a color<\/p>\n<p>Material de la m\u00e1quina: Las partes de contacto principales son acero inoxidable 304 de grado alimenticio<\/p>\n<p><img decoding=\"async\" class=\"alignnone wp-image-610 size-full\" src=\"https:\/\/www.gelgoogsort.com\/wp-content\/uploads\/2025\/11\/avocado-sorting-grading-machine.jpg\" alt=\"m\u00e1quina clasificadora de aguacates\" width=\"800\" height=\"500\" srcset=\"https:\/\/www.gelgoogsort.com\/wp-content\/uploads\/2025\/11\/avocado-sorting-grading-machine.jpg 800w, https:\/\/www.gelgoogsort.com\/wp-content\/uploads\/2025\/11\/avocado-sorting-grading-machine-600x375.jpg 600w, https:\/\/www.gelgoogsort.com\/wp-content\/uploads\/2025\/11\/avocado-sorting-grading-machine-300x188.jpg 300w, https:\/\/www.gelgoogsort.com\/wp-content\/uploads\/2025\/11\/avocado-sorting-grading-machine-768x480.jpg 768w\" sizes=\"(max-width: 800px) 100vw, 800px\" \/><\/p>\n<h2>Ideal para producci\u00f3n a gran escala<\/h2>\n<p>La clasificaci\u00f3n precisa por peso se traduce directamente en beneficios econ\u00f3micos significativos:<\/p>\n<ul>\n<li>Valor de Producto Aumentado: Los aguacates de tama\u00f1os uniformes son m\u00e1s favorecidos por los mercados de alta gama y las grandes cadenas de supermercados, lo que le permite establecer precios m\u00e1s competitivos.<\/li>\n<li>Menos Desperdicio: La clasificaci\u00f3n precisa asegura que cada fruta sea asignada al canal de mercado m\u00e1s apropiado, maximizando la utilizaci\u00f3n de cada fruta y reduciendo el desperdicio debido a tama\u00f1os no est\u00e1ndar.<\/li>\n<li>Mejora la reputaci\u00f3n de tu marca: Ofrecer productos consistentes y de alta calidad a tus clientes fortalece la imagen de tu marca y tu credibilidad en el mercado.<\/li>\n<\/ul>\n<p><iframe title=\"GELGOOG | L\u00ednea de Producci\u00f3n Profesional para Procesamiento de Aguacate\" width=\"500\" height=\"281\" src=\"https:\/\/www.youtube.com\/embed\/_ypX3LNnDr0?feature=oembed\" frameborder=\"0\" allow=\"accelerometer; autoplay; clipboard-write; encrypted-media; gyroscope; picture-in-picture; web-share\" referrerpolicy=\"strict-origin-when-cross-origin\" allowfullscreen><\/iframe><\/p>\n<p><strong>\u00a1Actualiza tu l\u00ednea de procesamiento de aguacates hoy mismo!<\/strong><\/p>\n<p>\u00a1Cont\u00e1ctanos para una cotizaci\u00f3n personalizada y soluciones a medida adaptadas a tus necesidades de producci\u00f3n! Deja que nuestras m\u00e1quinas especializadas se conviertan en tu socio m\u00e1s confiable para la producci\u00f3n a gran escala.<\/p>\n<h2>Deja un mensaje para obtener un presupuesto<\/h2>\n\n<div class=\"wpcf7 no-js\" id=\"wpcf7-f556-o1\" lang=\"zh-CN\" dir=\"ltr\" data-wpcf7-id=\"556\">\n<div class=\"screen-reader-response\"><p role=\"status\" aria-live=\"polite\" aria-atomic=\"true\"><\/p> <ul><\/ul><\/div>\n<form action=\"\/es\/wp-json\/wp\/v2\/product\/608#wpcf7-f556-o1\" method=\"post\" class=\"wpcf7-form init\" aria-label=\"\u7559\u8a00\u8868\u5355\" novalidate=\"novalidate\" data-status=\"init\" data-trp-original-action=\"\/es\/wp-json\/wp\/v2\/product\/608#wpcf7-f556-o1\">\n<fieldset class=\"hidden-fields-container\"><input type=\"hidden\" name=\"_wpcf7\" value=\"556\" \/><input type=\"hidden\" name=\"_wpcf7_version\" value=\"6.1.3\" \/><input type=\"hidden\" name=\"_wpcf7_locale\" value=\"zh_CN\" \/><input type=\"hidden\" name=\"_wpcf7_unit_tag\" value=\"wpcf7-f556-o1\" \/><input type=\"hidden\" name=\"_wpcf7_container_post\" value=\"0\" \/><input type=\"hidden\" name=\"_wpcf7_posted_data_hash\" value=\"\" \/>\n<\/fieldset>\n<p><label> Tu Nombre*<br \/>\n<span class=\"wpcf7-form-control-wrap\" data-name=\"your-name\"><input size=\"40\" maxlength=\"400\" class=\"wpcf7-form-control wpcf7-text wpcf7-validates-as-required\" aria-required=\"true\" aria-invalid=\"false\" value=\"\" type=\"text\" name=\"your-name\" \/><\/span> <\/label>\n<\/p>\n<p><label> Tu pa\u00eds<br \/>\n<span class=\"wpcf7-form-control-wrap\" data-name=\"your-country\"><input size=\"40\" maxlength=\"400\" class=\"wpcf7-form-control wpcf7-text\" aria-invalid=\"false\" value=\"\" type=\"text\" name=\"your-country\" \/><\/span><\/label>\n<\/p>\n<p><label> Tu correo electr\u00f3nico*<br \/>\n<span class=\"wpcf7-form-control-wrap\" data-name=\"your-email\"><input size=\"40\" maxlength=\"400\" class=\"wpcf7-form-control wpcf7-email wpcf7-validates-as-required wpcf7-text wpcf7-validates-as-email\" aria-required=\"true\" aria-invalid=\"false\" value=\"\" type=\"email\" name=\"your-email\" \/><\/span> <\/label>\n<\/p>\n<p><label> Tu tel\u00e9fono<br \/>\n<span class=\"wpcf7-form-control-wrap\" data-name=\"your-phone\"><input size=\"40\" maxlength=\"400\" class=\"wpcf7-form-control wpcf7-tel wpcf7-text wpcf7-validates-as-tel\" aria-invalid=\"false\" value=\"\" type=\"tel\" name=\"your-phone\" \/><\/span> <\/label>\n<\/p>\n<p><label> El Nombre de Tu Empresa<br \/>\n<span class=\"wpcf7-form-control-wrap\" data-name=\"text-457\"><input size=\"40\" maxlength=\"400\" class=\"wpcf7-form-control wpcf7-text\" aria-invalid=\"false\" value=\"\" type=\"text\" name=\"text-457\" \/><\/span> <\/label>\n<\/p>\n<p><label> El sitio web de tu empresa<br \/>\n<span class=\"wpcf7-form-control-wrap\" data-name=\"text-546\"><input size=\"40\" maxlength=\"400\" class=\"wpcf7-form-control wpcf7-text\" aria-invalid=\"false\" value=\"\" type=\"text\" name=\"text-546\" \/><\/span> <\/label>\n<\/p>\n<p><label> Tu requisito*<br \/>\n<span class=\"wpcf7-form-control-wrap\" data-name=\"your-message\"><textarea cols=\"40\" rows=\"10\" maxlength=\"2000\" class=\"wpcf7-form-control wpcf7-textarea wpcf7-validates-as-required\" aria-required=\"true\" aria-invalid=\"false\" name=\"your-message\"><\/textarea><\/span> <\/label>\n<\/p>\n<p><input class=\"wpcf7-form-control wpcf7-submit has-spinner\" type=\"submit\" value=\"Enviar\" \/>\n<\/p><p style=\"display: none !important;\" class=\"akismet-fields-container\" data-prefix=\"_wpcf7_ak_\"><label>Delta<textarea name=\"_wpcf7_ak_hp_textarea\" cols=\"45\" rows=\"8\" maxlength=\"100\"><\/textarea><\/label><input type=\"hidden\" id=\"ak_js_1\" name=\"_wpcf7_ak_js\" value=\"228\"\/><script>document.getElementById( \"ak_js_1\" ).setAttribute( \"value\", ( new Date() ).getTime() );<\/script><\/p><div class=\"wpcf7-response-output\" aria-hidden=\"true\"><\/div>\n<input type=\"hidden\" name=\"trp-form-language\" value=\"es\"\/><\/form>\n<\/div>","protected":false},"excerpt":{"rendered":"<p>Our avocado sorting and grading machine is fast and cost-effective. Through a fully automated process, it ensures uniform product specifications, [&hellip;]<\/p>\n","protected":false},"featured_media":609,"comment_status":"open","ping_status":"closed","template":"","meta":{"site-sidebar-layout":"default","site-content-layout":"","ast-site-content-layout":"default","site-content-style":"default","site-sidebar-style":"default","ast-global-header-display":"","ast-banner-title-visibility":"","ast-main-header-display":"","ast-hfb-above-header-display":"","ast-hfb-below-header-display":"","ast-hfb-mobile-header-display":"","site-post-title":"","ast-breadcrumbs-content":"","ast-featured-img":"","footer-sml-layout":"","theme-transparent-header-meta":"default","adv-header-id-meta":"","stick-header-meta":"","header-above-stick-meta":"","header-main-stick-meta":"","header-below-stick-meta":"","astra-migrate-meta-layouts":"set","ast-page-background-enabled":"default","ast-page-background-meta":{"desktop":{"background-color":"var(--ast-global-color-4)","background-image":"","background-repeat":"repeat","background-position":"center center","background-size":"auto","background-attachment":"scroll","background-type":"","background-media":"","overlay-type":"","overlay-color":"","overlay-opacity":"","overlay-gradient":""},"tablet":{"background-color":"","background-image":"","background-repeat":"repeat","background-position":"center center","background-size":"auto","background-attachment":"scroll","background-type":"","background-media":"","overlay-type":"","overlay-color":"","overlay-opacity":"","overlay-gradient":""},"mobile":{"background-color":"","background-image":"","background-repeat":"repeat","background-position":"center center","background-size":"auto","background-attachment":"scroll","background-type":"","background-media":"","overlay-type":"","overlay-color":"","overlay-opacity":"","overlay-gradient":""}},"ast-content-background-meta":{"desktop":{"background-color":"var(--ast-global-color-5)","background-image":"","background-repeat":"repeat","background-position":"center center","background-size":"auto","background-attachment":"scroll","background-type":"","background-media":"","overlay-type":"","overlay-color":"","overlay-opacity":"","overlay-gradient":""},"tablet":{"background-color":"var(--ast-global-color-5)","background-image":"","background-repeat":"repeat","background-position":"center center","background-size":"auto","background-attachment":"scroll","background-type":"","background-media":"","overlay-type":"","overlay-color":"","overlay-opacity":"","overlay-gradient":""},"mobile":{"background-color":"var(--ast-global-color-5)","background-image":"","background-repeat":"repeat","background-position":"center center","background-size":"auto","background-attachment":"scroll","background-type":"","background-media":"","overlay-type":"","overlay-color":"","overlay-opacity":"","overlay-gradient":""}}},"product_brand":[],"product_cat":[15],"product_tag":[],"class_list":{"0":"post-608","1":"product","2":"type-product","3":"status-publish","4":"has-post-thumbnail","6":"product_cat-product-sorting","7":"desktop-align-left","8":"tablet-align-left","9":"mobile-align-left","11":"first","12":"instock","13":"shipping-taxable","14":"product-type-simple"},"yoast_head":"<!-- This site is optimized with the Yoast SEO plugin v26.2 - https:\/\/yoast.com\/wordpress\/plugins\/seo\/ -->\n<title>Avocado Sorting &amp; Grading Machines for Large Production - GELGOOG<\/title>\n<meta name=\"description\" content=\"GELGOOG&#039;s Avocado sorting &amp; grading machines for large production. Deliver fast, precise sorting to handle high volumes with ease.\" \/>\n<meta name=\"robots\" content=\"index, follow, max-snippet:-1, max-image-preview:large, max-video-preview:-1\" \/>\n<link rel=\"canonical\" href=\"https:\/\/www.gelgoogsort.com\/es\/product\/avocado-sorting-grading-machine\/\" \/>\n<meta property=\"og:locale\" content=\"es_ES\" \/>\n<meta property=\"og:type\" content=\"article\" \/>\n<meta property=\"og:title\" content=\"Avocado Sorting &amp; Grading Machines for Large Production - GELGOOG\" \/>\n<meta property=\"og:description\" content=\"GELGOOG&#039;s Avocado sorting &amp; grading machines for large production. Deliver fast, precise sorting to handle high volumes with ease.\" \/>\n<meta property=\"og:url\" content=\"https:\/\/www.gelgoogsort.com\/es\/product\/avocado-sorting-grading-machine\/\" \/>\n<meta property=\"og:site_name\" content=\"GELGOOG\" \/>\n<meta property=\"article:publisher\" content=\"https:\/\/www.facebook.com\/profile.php?id=100095205040823\" \/>\n<meta property=\"article:modified_time\" content=\"2025-11-20T07:59:37+00:00\" \/>\n<meta property=\"og:image\" content=\"https:\/\/www.gelgoogsort.com\/wp-content\/uploads\/2025\/11\/avocado-sorting-and-grading-machines.jpg\" \/>\n\t<meta property=\"og:image:width\" content=\"600\" \/>\n\t<meta property=\"og:image:height\" content=\"600\" \/>\n\t<meta property=\"og:image:type\" content=\"image\/jpeg\" \/>\n<meta name=\"twitter:card\" content=\"summary_large_image\" \/>\n<meta name=\"twitter:label1\" content=\"Tiempo de lectura\" \/>\n\t<meta name=\"twitter:data1\" content=\"3 minutos\" \/>\n<script type=\"application\/ld+json\" class=\"yoast-schema-graph\">{\"@context\":\"https:\/\/schema.org\",\"@graph\":[{\"@type\":\"WebPage\",\"@id\":\"https:\/\/www.gelgoogsort.com\/product\/avocado-sorting-grading-machine\/\",\"url\":\"https:\/\/www.gelgoogsort.com\/product\/avocado-sorting-grading-machine\/\",\"name\":\"Avocado Sorting & Grading Machines for Large Production - GELGOOG\",\"isPartOf\":{\"@id\":\"https:\/\/www.gelgoogsort.com\/#website\"},\"primaryImageOfPage\":{\"@id\":\"https:\/\/www.gelgoogsort.com\/product\/avocado-sorting-grading-machine\/#primaryimage\"},\"image\":{\"@id\":\"https:\/\/www.gelgoogsort.com\/product\/avocado-sorting-grading-machine\/#primaryimage\"},\"thumbnailUrl\":\"https:\/\/www.gelgoogsort.com\/wp-content\/uploads\/2025\/11\/avocado-sorting-and-grading-machines.jpg\",\"datePublished\":\"2025-11-05T09:22:55+00:00\",\"dateModified\":\"2025-11-20T07:59:37+00:00\",\"description\":\"GELGOOG's Avocado sorting & grading machines for large production. Deliver fast, precise sorting to handle high volumes with ease.\",\"breadcrumb\":{\"@id\":\"https:\/\/www.gelgoogsort.com\/product\/avocado-sorting-grading-machine\/#breadcrumb\"},\"inLanguage\":\"es\",\"potentialAction\":[{\"@type\":\"ReadAction\",\"target\":[\"https:\/\/www.gelgoogsort.com\/product\/avocado-sorting-grading-machine\/\"]}]},{\"@type\":\"ImageObject\",\"inLanguage\":\"es\",\"@id\":\"https:\/\/www.gelgoogsort.com\/product\/avocado-sorting-grading-machine\/#primaryimage\",\"url\":\"https:\/\/www.gelgoogsort.com\/wp-content\/uploads\/2025\/11\/avocado-sorting-and-grading-machines.jpg\",\"contentUrl\":\"https:\/\/www.gelgoogsort.com\/wp-content\/uploads\/2025\/11\/avocado-sorting-and-grading-machines.jpg\",\"width\":600,\"height\":600,\"caption\":\"avocado grading machines\"},{\"@type\":\"BreadcrumbList\",\"@id\":\"https:\/\/www.gelgoogsort.com\/product\/avocado-sorting-grading-machine\/#breadcrumb\",\"itemListElement\":[{\"@type\":\"ListItem\",\"position\":1,\"name\":\"Home\",\"item\":\"https:\/\/www.gelgoogsort.com\/\"},{\"@type\":\"ListItem\",\"position\":2,\"name\":\"Product\",\"item\":\"https:\/\/www.gelgoogsort.com\/product\/\"},{\"@type\":\"ListItem\",\"position\":3,\"name\":\"Avocado Sorting &#038; Grading Machines for Large Production\"}]},{\"@type\":\"WebSite\",\"@id\":\"https:\/\/www.gelgoogsort.com\/#website\",\"url\":\"https:\/\/www.gelgoogsort.com\/\",\"name\":\"gelgoogsort\",\"description\":\"\",\"publisher\":{\"@id\":\"https:\/\/www.gelgoogsort.com\/#organization\"},\"potentialAction\":[{\"@type\":\"SearchAction\",\"target\":{\"@type\":\"EntryPoint\",\"urlTemplate\":\"https:\/\/www.gelgoogsort.com\/?s={search_term_string}\"},\"query-input\":{\"@type\":\"PropertyValueSpecification\",\"valueRequired\":true,\"valueName\":\"search_term_string\"}}],\"inLanguage\":\"es\"},{\"@type\":\"Organization\",\"@id\":\"https:\/\/www.gelgoogsort.com\/#organization\",\"name\":\"gelgoogsort\",\"url\":\"https:\/\/www.gelgoogsort.com\/\",\"logo\":{\"@type\":\"ImageObject\",\"inLanguage\":\"es\",\"@id\":\"https:\/\/www.gelgoogsort.com\/#\/schema\/logo\/image\/\",\"url\":\"https:\/\/www.gelgoogsort.com\/wp-content\/uploads\/2025\/11\/cropped-ff1a81696eef4f4590a809e30a6985e4.png\",\"contentUrl\":\"https:\/\/www.gelgoogsort.com\/wp-content\/uploads\/2025\/11\/cropped-ff1a81696eef4f4590a809e30a6985e4.png\",\"width\":512,\"height\":512,\"caption\":\"gelgoogsort\"},\"image\":{\"@id\":\"https:\/\/www.gelgoogsort.com\/#\/schema\/logo\/image\/\"},\"sameAs\":[\"https:\/\/www.facebook.com\/profile.php?id=100095205040823\"]}]}<\/script>\n<!-- \/ Yoast SEO plugin. -->","yoast_head_json":{"title":"M\u00e1quinas de Clasificaci\u00f3n y Calibrado de Aguacates para Gran Producci\u00f3n - GELGOOG","description":"M\u00e1quinas de clasificaci\u00f3n y calificaci\u00f3n de aguacates de GELGOOG para producci\u00f3n a gran escala. Ofrecen una clasificaci\u00f3n r\u00e1pida y precisa para manejar altos vol\u00famenes con facilidad.","robots":{"index":"index","follow":"follow","max-snippet":"max-snippet:-1","max-image-preview":"max-image-preview:large","max-video-preview":"max-video-preview:-1"},"canonical":"https:\/\/www.gelgoogsort.com\/es\/product\/avocado-sorting-grading-machine\/","og_locale":"es_ES","og_type":"article","og_title":"Avocado Sorting & Grading Machines for Large Production - GELGOOG","og_description":"GELGOOG's Avocado sorting & grading machines for large production. Deliver fast, precise sorting to handle high volumes with ease.","og_url":"https:\/\/www.gelgoogsort.com\/es\/product\/avocado-sorting-grading-machine\/","og_site_name":"GELGOOG","article_publisher":"https:\/\/www.facebook.com\/profile.php?id=100095205040823","article_modified_time":"2025-11-20T07:59:37+00:00","og_image":[{"width":600,"height":600,"url":"https:\/\/www.gelgoogsort.com\/wp-content\/uploads\/2025\/11\/avocado-sorting-and-grading-machines.jpg","type":"image\/jpeg"}],"twitter_card":"summary_large_image","twitter_misc":{"Tiempo de lectura":"3 minutos"},"schema":{"@context":"https:\/\/schema.org","@graph":[{"@type":"WebPage","@id":"https:\/\/www.gelgoogsort.com\/product\/avocado-sorting-grading-machine\/","url":"https:\/\/www.gelgoogsort.com\/product\/avocado-sorting-grading-machine\/","name":"M\u00e1quinas de Clasificaci\u00f3n y Calibrado de Aguacates para Gran Producci\u00f3n - GELGOOG","isPartOf":{"@id":"https:\/\/www.gelgoogsort.com\/#website"},"primaryImageOfPage":{"@id":"https:\/\/www.gelgoogsort.com\/product\/avocado-sorting-grading-machine\/#primaryimage"},"image":{"@id":"https:\/\/www.gelgoogsort.com\/product\/avocado-sorting-grading-machine\/#primaryimage"},"thumbnailUrl":"https:\/\/www.gelgoogsort.com\/wp-content\/uploads\/2025\/11\/avocado-sorting-and-grading-machines.jpg","datePublished":"2025-11-05T09:22:55+00:00","dateModified":"2025-11-20T07:59:37+00:00","description":"M\u00e1quinas de clasificaci\u00f3n y calificaci\u00f3n de aguacates de GELGOOG para producci\u00f3n a gran escala. Ofrecen una clasificaci\u00f3n r\u00e1pida y precisa para manejar altos vol\u00famenes con facilidad.","breadcrumb":{"@id":"https:\/\/www.gelgoogsort.com\/product\/avocado-sorting-grading-machine\/#breadcrumb"},"inLanguage":"es","potentialAction":[{"@type":"ReadAction","target":["https:\/\/www.gelgoogsort.com\/product\/avocado-sorting-grading-machine\/"]}]},{"@type":"ImageObject","inLanguage":"es","@id":"https:\/\/www.gelgoogsort.com\/product\/avocado-sorting-grading-machine\/#primaryimage","url":"https:\/\/www.gelgoogsort.com\/wp-content\/uploads\/2025\/11\/avocado-sorting-and-grading-machines.jpg","contentUrl":"https:\/\/www.gelgoogsort.com\/wp-content\/uploads\/2025\/11\/avocado-sorting-and-grading-machines.jpg","width":600,"height":600,"caption":"avocado grading machines"},{"@type":"BreadcrumbList","@id":"https:\/\/www.gelgoogsort.com\/product\/avocado-sorting-grading-machine\/#breadcrumb","itemListElement":[{"@type":"ListItem","position":1,"name":"Home","item":"https:\/\/www.gelgoogsort.com\/"},{"@type":"ListItem","position":2,"name":"Product","item":"https:\/\/www.gelgoogsort.com\/product\/"},{"@type":"ListItem","position":3,"name":"Avocado Sorting &#038; Grading Machines for Large Production"}]},{"@type":"WebSite","@id":"https:\/\/www.gelgoogsort.com\/#website","url":"https:\/\/www.gelgoogsort.com\/","name":"gelgoogsort","description":"","publisher":{"@id":"https:\/\/www.gelgoogsort.com\/#organization"},"potentialAction":[{"@type":"SearchAction","target":{"@type":"EntryPoint","urlTemplate":"https:\/\/www.gelgoogsort.com\/?s={search_term_string}"},"query-input":{"@type":"PropertyValueSpecification","valueRequired":true,"valueName":"search_term_string"}}],"inLanguage":"es"},{"@type":"Organization","@id":"https:\/\/www.gelgoogsort.com\/#organization","name":"gelgoogsort","url":"https:\/\/www.gelgoogsort.com\/","logo":{"@type":"ImageObject","inLanguage":"es","@id":"https:\/\/www.gelgoogsort.com\/#\/schema\/logo\/image\/","url":"https:\/\/www.gelgoogsort.com\/wp-content\/uploads\/2025\/11\/cropped-ff1a81696eef4f4590a809e30a6985e4.png","contentUrl":"https:\/\/www.gelgoogsort.com\/wp-content\/uploads\/2025\/11\/cropped-ff1a81696eef4f4590a809e30a6985e4.png","width":512,"height":512,"caption":"gelgoogsort"},"image":{"@id":"https:\/\/www.gelgoogsort.com\/#\/schema\/logo\/image\/"},"sameAs":["https:\/\/www.facebook.com\/profile.php?id=100095205040823"]}]}},"_links":{"self":[{"href":"https:\/\/www.gelgoogsort.com\/es\/wp-json\/wp\/v2\/product\/608","targetHints":{"allow":["GET"]}}],"collection":[{"href":"https:\/\/www.gelgoogsort.com\/es\/wp-json\/wp\/v2\/product"}],"about":[{"href":"https:\/\/www.gelgoogsort.com\/es\/wp-json\/wp\/v2\/types\/product"}],"replies":[{"embeddable":true,"href":"https:\/\/www.gelgoogsort.com\/es\/wp-json\/wp\/v2\/comments?post=608"}],"wp:featuredmedia":[{"embeddable":true,"href":"https:\/\/www.gelgoogsort.com\/es\/wp-json\/wp\/v2\/media\/609"}],"wp:attachment":[{"href":"https:\/\/www.gelgoogsort.com\/es\/wp-json\/wp\/v2\/media?parent=608"}],"wp:term":[{"taxonomy":"product_brand","embeddable":true,"href":"https:\/\/www.gelgoogsort.com\/es\/wp-json\/wp\/v2\/product_brand?post=608"},{"taxonomy":"product_cat","embeddable":true,"href":"https:\/\/www.gelgoogsort.com\/es\/wp-json\/wp\/v2\/product_cat?post=608"},{"taxonomy":"product_tag","embeddable":true,"href":"https:\/\/www.gelgoogsort.com\/es\/wp-json\/wp\/v2\/product_tag?post=608"}],"curies":[{"name":"wp","href":"https:\/\/api.w.org\/{rel}","templated":true}]}}