{"id":619,"date":"2025-11-05T09:33:00","date_gmt":"2025-11-05T09:33:00","guid":{"rendered":"https:\/\/www.gelgoogsort.com\/?post_type=product&#038;p=619"},"modified":"2026-04-21T14:38:51","modified_gmt":"2026-04-21T06:38:51","slug":"mango-fruit-waxing-processing-machinery","status":"publish","type":"product","link":"https:\/\/www.gelgoogsort.com\/es\/product\/mango-fruit-waxing-processing-machinery\/","title":{"rendered":"M\u00e1quina Para Encerado De Mango GELGOOG"},"content":{"rendered":"<p>La maquinaria de procesamiento de encerado de mangos totalmente autom\u00e1tica est\u00e1 dise\u00f1ada espec\u00edficamente para l\u00edneas de procesamiento de mangos modernas. A trav\u00e9s de un proceso de encerado automatizado preciso y uniforme, proporciona a sus mangos un recubrimiento protector y brillante.<\/p>\n<p><img fetchpriority=\"high\" decoding=\"async\" class=\"alignnone wp-image-620 size-full\" src=\"https:\/\/www.gelgoogsort.com\/wp-content\/uploads\/2025\/11\/mango-fruits-waxing-processing-machine.jpg\" alt=\"L\u00ednea autom\u00e1tica de limpieza y encerado de mangos\" width=\"800\" height=\"500\" srcset=\"https:\/\/www.gelgoogsort.com\/wp-content\/uploads\/2025\/11\/mango-fruits-waxing-processing-machine.jpg 800w, https:\/\/www.gelgoogsort.com\/wp-content\/uploads\/2025\/11\/mango-fruits-waxing-processing-machine-600x375.jpg 600w, https:\/\/www.gelgoogsort.com\/wp-content\/uploads\/2025\/11\/mango-fruits-waxing-processing-machine-300x188.jpg 300w, https:\/\/www.gelgoogsort.com\/wp-content\/uploads\/2025\/11\/mango-fruits-waxing-processing-machine-768x480.jpg 768w\" sizes=\"(max-width: 800px) 100vw, 800px\" \/><\/p>\n<h2>Maquinaria para el procesamiento de encerado de frutas de mango<\/h2>\n<p>El equipo para encerado de mangos es una m\u00e1quina que limpia, encera y pule autom\u00e1ticamente la superficie de los mangos. Su funci\u00f3n principal es aplicar una capa protectora fina y comestible a la superficie del mango, lo que mejora su apariencia y prolonga su vida \u00fatil.<\/p>\n<ul>\n<li>Limpieza con burbujas: Los mangos entran primero en un tanque de limpieza donde microburbujas densas lavan suave pero profundamente el polvo superficial y otros residuos.<\/li>\n<li>Potente secado con flujo de aire: el flujo de aire potente, uniforme y de alta velocidad seca completamente los mangos.<\/li>\n<li>Cera por Atomizaci\u00f3n de Precisi\u00f3n: El equipo utiliza boquillas de atomizaci\u00f3n precisas para rociar uniformemente cera frutal de grado alimenticio en part\u00edculas de niebla de micrones, cubriendo la superficie del mango.<\/li>\n<li>Pulido: Despu\u00e9s de encerar, los mangos se someten a este proceso, aplicando la cera de manera uniforme y logrando un acabado natural y brillante, evitando cualquier acumulaci\u00f3n de cera.<\/li>\n<li>Curado: Al final del proceso, el equipo se somete a un proceso de curado para asegurar un brillo y acabado duraderos durante el posterior empaquetado y env\u00edo.<\/li>\n<\/ul>\n<h2>L\u00ednea Completa de Procesamiento de Fruta de Mango:<\/h2>\n<ol>\n<li>Limpieza con burbujas de aire \u2192 2. Secado potente con aire \u2192 3. Encerado con niebla de precisi\u00f3n \u2192 4. Pulido con cepillo de palma natural \u2192 5. Curado asistido por infrarrojos<\/li>\n<\/ol>\n<p><iframe title=\"L\u00ednea de lavado, encerado y clasificaci\u00f3n de mangos\" width=\"500\" height=\"281\" src=\"https:\/\/www.youtube.com\/embed\/4GxNVfBh3Fs?feature=oembed\" frameborder=\"0\" allow=\"accelerometer; autoplay; clipboard-write; encrypted-media; gyroscope; picture-in-picture; web-share\" referrerpolicy=\"strict-origin-when-cross-origin\" allowfullscreen><\/iframe><\/p>\n<h2>\u00bfPor qu\u00e9 elegir nuestra maquinaria de depilaci\u00f3n de mangos?<\/h2>\n<p>Estamos comprometidos a brindarle una operaci\u00f3n a largo plazo, estable y tranquilidad.<\/p>\n<ul>\n<li>Garant\u00eda de un a\u00f1o en componentes clave: Ofrecemos una garant\u00eda de un a\u00f1o en el motor principal y el sistema de control del equipo, lo que demuestra nuestra confianza en la calidad del producto.<\/li>\n<li>Soporte T\u00e9cnico Gratuito de por Vida: Proporcionamos soporte t\u00e9cnico remoto gratuito de por vida para ayudarle con cualquier problema operativo.<\/li>\n<li>Instalaci\u00f3n y puesta en marcha in situ: Proporcionamos servicios profesionales de instalaci\u00f3n y puesta en marcha in situ para garantizar una r\u00e1pida puesta en servicio y un rendimiento \u00f3ptimo.<\/li>\n<li>Capacitaci\u00f3n profesional para operarios: Ofrecemos capacitaci\u00f3n profesional integral in situ sobre operaci\u00f3n y mantenimiento de rutina para su equipo.<\/li>\n<\/ul>\n<p><img decoding=\"async\" class=\"alignnone wp-image-621 size-full\" src=\"https:\/\/www.gelgoogsort.com\/wp-content\/uploads\/2025\/11\/mango-fruits-waxing-processing-machinery.jpg\" alt=\"Equipos industriales de encerado y pulido de frutas\" width=\"800\" height=\"500\" srcset=\"https:\/\/www.gelgoogsort.com\/wp-content\/uploads\/2025\/11\/mango-fruits-waxing-processing-machinery.jpg 800w, https:\/\/www.gelgoogsort.com\/wp-content\/uploads\/2025\/11\/mango-fruits-waxing-processing-machinery-600x375.jpg 600w, https:\/\/www.gelgoogsort.com\/wp-content\/uploads\/2025\/11\/mango-fruits-waxing-processing-machinery-300x188.jpg 300w, https:\/\/www.gelgoogsort.com\/wp-content\/uploads\/2025\/11\/mango-fruits-waxing-processing-machinery-768x480.jpg 768w\" sizes=\"(max-width: 800px) 100vw, 800px\" \/><\/p>\n<h2>Casos de uso<\/h2>\n<p>Este equipo es una opci\u00f3n ideal para mejorar la comercializaci\u00f3n post-cosecha de mangos y es ampliamente utilizado en:<\/p>\n<ul>\n<li>Empresas procesadoras de exportaci\u00f3n de frutas: Cumplen con los requisitos de frescura para el transporte mar\u00edtimo o a\u00e9reo de larga distancia y satisfacen los altos est\u00e1ndares de apariencia de los mercados de destino.<\/li>\n<li>Cooperativas de frutas y verduras a gran escala y bases de plantaci\u00f3n: Unificar los est\u00e1ndares de los productos, construir marcas de alta gama y acceder a supermercados de primera calidad y canales de comercio electr\u00f3nico.<\/li>\n<li>Centros log\u00edsticos para productos agr\u00edcolas modernos: Centralizar el procesamiento antes de la distribuci\u00f3n, extender la vida \u00fatil y reducir las p\u00e9rdidas para los minoristas posteriores.<\/li>\n<\/ul>\n<p><img decoding=\"async\" class=\"alignnone wp-image-622 size-full\" src=\"https:\/\/www.gelgoogsort.com\/wp-content\/uploads\/2025\/11\/mangos-fruits-waxing-processing-machinery.jpg\" alt=\"L\u00ednea de procesamiento de mangos para f\u00e1bricas de alimentos\" width=\"800\" height=\"500\" srcset=\"https:\/\/www.gelgoogsort.com\/wp-content\/uploads\/2025\/11\/mangos-fruits-waxing-processing-machinery.jpg 800w, https:\/\/www.gelgoogsort.com\/wp-content\/uploads\/2025\/11\/mangos-fruits-waxing-processing-machinery-600x375.jpg 600w, https:\/\/www.gelgoogsort.com\/wp-content\/uploads\/2025\/11\/mangos-fruits-waxing-processing-machinery-300x188.jpg 300w, https:\/\/www.gelgoogsort.com\/wp-content\/uploads\/2025\/11\/mangos-fruits-waxing-processing-machinery-768x480.jpg 768w\" sizes=\"(max-width: 800px) 100vw, 800px\" \/><\/p>\n<h2>Preguntas frecuentes<\/h2>\n<div><\/div>\n<h3>\u00bfQu\u00e9 funciones incluye esta m\u00e1quina procesadora de mangos?<\/h3>\n<div><\/div>\n<div>Integra limpieza, secado al aire, encerado, pulido y clasificaci\u00f3n, realizando el procesamiento de mangos completamente autom\u00e1tico.<\/div>\n<div><\/div>\n<h3>Q2: \u00bfCu\u00e1l es el prop\u00f3sito del encerado de mangos?<\/h3>\n<div><\/div>\n<div>El encerado puede retener la humedad, mejorar el brillo de la superficie, reducir el da\u00f1o y extender eficazmente la vida \u00fatil de los mangos.<\/div>\n<div><\/div>\n<h3>P3: \u00bfEs adecuado para otras frutas?<\/h3>\n<div><\/div>\n<div>A3: S\u00ed, tambi\u00e9n se puede utilizar para c\u00edtricos, manzanas, naranjas y frutas similares con par\u00e1metros ajustables.<\/div>\n<div><\/div>\n<h3>\u00bfProporcionan servicio postventa?<\/h3>\n<div><\/div>\n<div>S\u00ed, proveemos instalaci\u00f3n, puesta en marcha, capacitaci\u00f3n de operadores y soporte postventa a largo plazo.<\/div>\n<p><strong>\u00a1Cons\u00faltenos ahora para una soluci\u00f3n y presupuesto personalizados!<\/strong><\/p>\n<p>Cont\u00e1ctenos para obtener informaci\u00f3n detallada y soluciones personalizadas.<\/p>\n<h2>Deja un mensaje para obtener un presupuesto<\/h2>\n\n<div class=\"wpcf7 no-js\" id=\"wpcf7-f556-o1\" lang=\"zh-CN\" dir=\"ltr\" data-wpcf7-id=\"556\">\n<div class=\"screen-reader-response\"><p role=\"status\" aria-live=\"polite\" aria-atomic=\"true\"><\/p> <ul><\/ul><\/div>\n<form action=\"\/es\/wp-json\/wp\/v2\/product\/619#wpcf7-f556-o1\" method=\"post\" class=\"wpcf7-form init\" aria-label=\"\u7559\u8a00\u8868\u5355\" novalidate=\"novalidate\" data-status=\"init\" data-trp-original-action=\"\/es\/wp-json\/wp\/v2\/product\/619#wpcf7-f556-o1\">\n<fieldset class=\"hidden-fields-container\"><input type=\"hidden\" name=\"_wpcf7\" value=\"556\" \/><input type=\"hidden\" name=\"_wpcf7_version\" value=\"6.1.3\" \/><input type=\"hidden\" name=\"_wpcf7_locale\" value=\"zh_CN\" \/><input type=\"hidden\" name=\"_wpcf7_unit_tag\" value=\"wpcf7-f556-o1\" \/><input type=\"hidden\" name=\"_wpcf7_container_post\" value=\"0\" \/><input type=\"hidden\" name=\"_wpcf7_posted_data_hash\" value=\"\" \/>\n<\/fieldset>\n<p><label> Tu Nombre*<br \/>\n<span class=\"wpcf7-form-control-wrap\" data-name=\"your-name\"><input size=\"40\" maxlength=\"400\" class=\"wpcf7-form-control wpcf7-text wpcf7-validates-as-required\" aria-required=\"true\" aria-invalid=\"false\" value=\"\" type=\"text\" name=\"your-name\" \/><\/span> <\/label>\n<\/p>\n<p><label> Tu pa\u00eds<br \/>\n<span class=\"wpcf7-form-control-wrap\" data-name=\"your-country\"><input size=\"40\" maxlength=\"400\" class=\"wpcf7-form-control wpcf7-text\" aria-invalid=\"false\" value=\"\" type=\"text\" name=\"your-country\" \/><\/span><\/label>\n<\/p>\n<p><label> Tu correo electr\u00f3nico*<br \/>\n<span class=\"wpcf7-form-control-wrap\" data-name=\"your-email\"><input size=\"40\" maxlength=\"400\" class=\"wpcf7-form-control wpcf7-email wpcf7-validates-as-required wpcf7-text wpcf7-validates-as-email\" aria-required=\"true\" aria-invalid=\"false\" value=\"\" type=\"email\" name=\"your-email\" \/><\/span> <\/label>\n<\/p>\n<p><label> Tu tel\u00e9fono<br \/>\n<span class=\"wpcf7-form-control-wrap\" data-name=\"your-phone\"><input size=\"40\" maxlength=\"400\" class=\"wpcf7-form-control wpcf7-tel wpcf7-text wpcf7-validates-as-tel\" aria-invalid=\"false\" value=\"\" type=\"tel\" name=\"your-phone\" \/><\/span> <\/label>\n<\/p>\n<p><label> El Nombre de Tu Empresa<br \/>\n<span class=\"wpcf7-form-control-wrap\" data-name=\"text-457\"><input size=\"40\" maxlength=\"400\" class=\"wpcf7-form-control wpcf7-text\" aria-invalid=\"false\" value=\"\" type=\"text\" name=\"text-457\" \/><\/span> <\/label>\n<\/p>\n<p><label> El sitio web de tu empresa<br \/>\n<span class=\"wpcf7-form-control-wrap\" data-name=\"text-546\"><input size=\"40\" maxlength=\"400\" class=\"wpcf7-form-control wpcf7-text\" aria-invalid=\"false\" value=\"\" type=\"text\" name=\"text-546\" \/><\/span> <\/label>\n<\/p>\n<p><label> Tu requisito*<br \/>\n<span class=\"wpcf7-form-control-wrap\" data-name=\"your-message\"><textarea cols=\"40\" rows=\"10\" maxlength=\"2000\" class=\"wpcf7-form-control wpcf7-textarea wpcf7-validates-as-required\" aria-required=\"true\" aria-invalid=\"false\" name=\"your-message\"><\/textarea><\/span> <\/label>\n<\/p>\n<p><input class=\"wpcf7-form-control wpcf7-submit has-spinner\" type=\"submit\" value=\"Enviar\" \/>\n<\/p><p style=\"display: none !important;\" class=\"akismet-fields-container\" data-prefix=\"_wpcf7_ak_\"><label>Delta<textarea name=\"_wpcf7_ak_hp_textarea\" cols=\"45\" rows=\"8\" maxlength=\"100\"><\/textarea><\/label><input type=\"hidden\" id=\"ak_js_1\" name=\"_wpcf7_ak_js\" value=\"157\"\/><script>document.getElementById( \"ak_js_1\" ).setAttribute( \"value\", ( new Date() ).getTime() );<\/script><\/p><div class=\"wpcf7-response-output\" aria-hidden=\"true\"><\/div>\n<input type=\"hidden\" name=\"trp-form-language\" value=\"es\"\/><\/form>\n<\/div>","protected":false},"excerpt":{"rendered":"<p><strong>M\u00e1quina autom\u00e1tica de encerado de mangos<\/strong><\/p>\n<ul>\n<li><strong>Valor de inversi\u00f3n:<\/strong> Mejora la industria del mango, a\u00f1ade valor, reduce el deterioro.<\/li>\n<li><strong>Variedades:<\/strong> Tipos comerciales comunes (los delicados requieren ajuste).<\/li>\n<li><strong>Destacados<\/strong>\u00a0Suave, preciso, ahorrador de energ\u00eda, modular, seguro.<\/li>\n<\/ul>","protected":false},"featured_media":624,"comment_status":"open","ping_status":"closed","template":"","meta":{"site-sidebar-layout":"default","site-content-layout":"","ast-site-content-layout":"default","site-content-style":"default","site-sidebar-style":"default","ast-global-header-display":"","ast-banner-title-visibility":"","ast-main-header-display":"","ast-hfb-above-header-display":"","ast-hfb-below-header-display":"","ast-hfb-mobile-header-display":"","site-post-title":"","ast-breadcrumbs-content":"","ast-featured-img":"","footer-sml-layout":"","theme-transparent-header-meta":"default","adv-header-id-meta":"","stick-header-meta":"","header-above-stick-meta":"","header-main-stick-meta":"","header-below-stick-meta":"","astra-migrate-meta-layouts":"set","ast-page-background-enabled":"default","ast-page-background-meta":{"desktop":{"background-color":"var(--ast-global-color-4)","background-image":"","background-repeat":"repeat","background-position":"center center","background-size":"auto","background-attachment":"scroll","background-type":"","background-media":"","overlay-type":"","overlay-color":"","overlay-opacity":"","overlay-gradient":""},"tablet":{"background-color":"","background-image":"","background-repeat":"repeat","background-position":"center center","background-size":"auto","background-attachment":"scroll","background-type":"","background-media":"","overlay-type":"","overlay-color":"","overlay-opacity":"","overlay-gradient":""},"mobile":{"background-color":"","background-image":"","background-repeat":"repeat","background-position":"center center","background-size":"auto","background-attachment":"scroll","background-type":"","background-media":"","overlay-type":"","overlay-color":"","overlay-opacity":"","overlay-gradient":""}},"ast-content-background-meta":{"desktop":{"background-color":"var(--ast-global-color-5)","background-image":"","background-repeat":"repeat","background-position":"center center","background-size":"auto","background-attachment":"scroll","background-type":"","background-media":"","overlay-type":"","overlay-color":"","overlay-opacity":"","overlay-gradient":""},"tablet":{"background-color":"var(--ast-global-color-5)","background-image":"","background-repeat":"repeat","background-position":"center center","background-size":"auto","background-attachment":"scroll","background-type":"","background-media":"","overlay-type":"","overlay-color":"","overlay-opacity":"","overlay-gradient":""},"mobile":{"background-color":"var(--ast-global-color-5)","background-image":"","background-repeat":"repeat","background-position":"center center","background-size":"auto","background-attachment":"scroll","background-type":"","background-media":"","overlay-type":"","overlay-color":"","overlay-opacity":"","overlay-gradient":""}}},"product_brand":[],"product_cat":[16],"product_tag":[],"class_list":{"0":"post-619","1":"product","2":"type-product","3":"status-publish","4":"has-post-thumbnail","6":"product_cat-product-waxing","7":"desktop-align-left","8":"tablet-align-left","9":"mobile-align-left","11":"first","12":"instock","13":"shipping-taxable","14":"product-type-simple"},"yoast_head":"<!-- This site is optimized with the Yoast SEO plugin v26.2 - https:\/\/yoast.com\/wordpress\/plugins\/seo\/ -->\n<title>Mango Waxing Processing Machinery - GELGOOG<\/title>\n<meta name=\"description\" content=\"GELGOOG automatic mango waxing processing machinery integrates cleaning, drying, waxing and polishing. Ideal for fruit processing lines to extend shelf life\" \/>\n<meta name=\"robots\" content=\"index, follow, max-snippet:-1, max-image-preview:large, max-video-preview:-1\" \/>\n<link rel=\"canonical\" href=\"https:\/\/www.gelgoogsort.com\/es\/product\/mango-fruit-waxing-processing-machinery\/\" \/>\n<meta property=\"og:locale\" content=\"es_ES\" \/>\n<meta property=\"og:type\" content=\"article\" \/>\n<meta property=\"og:title\" content=\"Mango Waxing Processing Machinery - GELGOOG\" \/>\n<meta property=\"og:description\" content=\"GELGOOG automatic mango waxing processing machinery integrates cleaning, drying, waxing and polishing. Ideal for fruit processing lines to extend shelf life\" \/>\n<meta property=\"og:url\" content=\"https:\/\/www.gelgoogsort.com\/es\/product\/mango-fruit-waxing-processing-machinery\/\" \/>\n<meta property=\"og:site_name\" content=\"GELGOOG\" \/>\n<meta property=\"article:publisher\" content=\"https:\/\/www.facebook.com\/profile.php?id=100095205040823\" \/>\n<meta property=\"article:modified_time\" content=\"2026-04-21T06:38:51+00:00\" \/>\n<meta property=\"og:image\" content=\"https:\/\/www.gelgoogsort.com\/wp-content\/uploads\/2025\/11\/mango-fruit-waxing-processing-machinery.jpg\" \/>\n\t<meta property=\"og:image:width\" content=\"600\" \/>\n\t<meta property=\"og:image:height\" content=\"600\" \/>\n\t<meta property=\"og:image:type\" content=\"image\/jpeg\" \/>\n<meta name=\"twitter:card\" content=\"summary_large_image\" \/>\n<meta name=\"twitter:label1\" content=\"Tiempo de lectura\" \/>\n\t<meta name=\"twitter:data1\" content=\"4 minutos\" \/>\n<script type=\"application\/ld+json\" class=\"yoast-schema-graph\">{\"@context\":\"https:\/\/schema.org\",\"@graph\":[{\"@type\":\"WebPage\",\"@id\":\"https:\/\/www.gelgoogsort.com\/product\/mango-fruit-waxing-processing-machinery\/\",\"url\":\"https:\/\/www.gelgoogsort.com\/product\/mango-fruit-waxing-processing-machinery\/\",\"name\":\"Mango Waxing Processing Machinery - GELGOOG\",\"isPartOf\":{\"@id\":\"https:\/\/www.gelgoogsort.com\/#website\"},\"primaryImageOfPage\":{\"@id\":\"https:\/\/www.gelgoogsort.com\/product\/mango-fruit-waxing-processing-machinery\/#primaryimage\"},\"image\":{\"@id\":\"https:\/\/www.gelgoogsort.com\/product\/mango-fruit-waxing-processing-machinery\/#primaryimage\"},\"thumbnailUrl\":\"https:\/\/www.gelgoogsort.com\/wp-content\/uploads\/2025\/11\/mango-fruit-waxing-processing-machinery.jpg\",\"datePublished\":\"2025-11-05T09:33:00+00:00\",\"dateModified\":\"2026-04-21T06:38:51+00:00\",\"description\":\"GELGOOG automatic mango waxing processing machinery integrates cleaning, drying, waxing and polishing. Ideal for fruit processing lines to extend shelf life\",\"breadcrumb\":{\"@id\":\"https:\/\/www.gelgoogsort.com\/product\/mango-fruit-waxing-processing-machinery\/#breadcrumb\"},\"inLanguage\":\"es\",\"potentialAction\":[{\"@type\":\"ReadAction\",\"target\":[\"https:\/\/www.gelgoogsort.com\/product\/mango-fruit-waxing-processing-machinery\/\"]}]},{\"@type\":\"ImageObject\",\"inLanguage\":\"es\",\"@id\":\"https:\/\/www.gelgoogsort.com\/product\/mango-fruit-waxing-processing-machinery\/#primaryimage\",\"url\":\"https:\/\/www.gelgoogsort.com\/wp-content\/uploads\/2025\/11\/mango-fruit-waxing-processing-machinery.jpg\",\"contentUrl\":\"https:\/\/www.gelgoogsort.com\/wp-content\/uploads\/2025\/11\/mango-fruit-waxing-processing-machinery.jpg\",\"width\":600,\"height\":600,\"caption\":\"automatic mango waxing processing machine\"},{\"@type\":\"BreadcrumbList\",\"@id\":\"https:\/\/www.gelgoogsort.com\/product\/mango-fruit-waxing-processing-machinery\/#breadcrumb\",\"itemListElement\":[{\"@type\":\"ListItem\",\"position\":1,\"name\":\"Home\",\"item\":\"https:\/\/www.gelgoogsort.com\/\"},{\"@type\":\"ListItem\",\"position\":2,\"name\":\"Product\",\"item\":\"https:\/\/www.gelgoogsort.com\/product\/\"},{\"@type\":\"ListItem\",\"position\":3,\"name\":\"GELGOOG Mango Fruit Waxing Processing Machinery\"}]},{\"@type\":\"WebSite\",\"@id\":\"https:\/\/www.gelgoogsort.com\/#website\",\"url\":\"https:\/\/www.gelgoogsort.com\/\",\"name\":\"gelgoogsort\",\"description\":\"\",\"publisher\":{\"@id\":\"https:\/\/www.gelgoogsort.com\/#organization\"},\"potentialAction\":[{\"@type\":\"SearchAction\",\"target\":{\"@type\":\"EntryPoint\",\"urlTemplate\":\"https:\/\/www.gelgoogsort.com\/?s={search_term_string}\"},\"query-input\":{\"@type\":\"PropertyValueSpecification\",\"valueRequired\":true,\"valueName\":\"search_term_string\"}}],\"inLanguage\":\"es\"},{\"@type\":\"Organization\",\"@id\":\"https:\/\/www.gelgoogsort.com\/#organization\",\"name\":\"gelgoogsort\",\"url\":\"https:\/\/www.gelgoogsort.com\/\",\"logo\":{\"@type\":\"ImageObject\",\"inLanguage\":\"es\",\"@id\":\"https:\/\/www.gelgoogsort.com\/#\/schema\/logo\/image\/\",\"url\":\"https:\/\/www.gelgoogsort.com\/wp-content\/uploads\/2025\/11\/cropped-ff1a81696eef4f4590a809e30a6985e4.png\",\"contentUrl\":\"https:\/\/www.gelgoogsort.com\/wp-content\/uploads\/2025\/11\/cropped-ff1a81696eef4f4590a809e30a6985e4.png\",\"width\":512,\"height\":512,\"caption\":\"gelgoogsort\"},\"image\":{\"@id\":\"https:\/\/www.gelgoogsort.com\/#\/schema\/logo\/image\/\"},\"sameAs\":[\"https:\/\/www.facebook.com\/profile.php?id=100095205040823\"]}]}<\/script>\n<!-- \/ Yoast SEO plugin. -->","yoast_head_json":{"title":"Maquinaria de procesamiento de cera de mango - GELGOOG","description":"La maquinaria autom\u00e1tica de procesamiento y encerado de mangos GELGOOG integra limpieza, secado, encerado y pulido. Ideal para l\u00edneas de procesamiento de frutas para extender la vida \u00fatil.","robots":{"index":"index","follow":"follow","max-snippet":"max-snippet:-1","max-image-preview":"max-image-preview:large","max-video-preview":"max-video-preview:-1"},"canonical":"https:\/\/www.gelgoogsort.com\/es\/product\/mango-fruit-waxing-processing-machinery\/","og_locale":"es_ES","og_type":"article","og_title":"Mango Waxing Processing Machinery - GELGOOG","og_description":"GELGOOG automatic mango waxing processing machinery integrates cleaning, drying, waxing and polishing. Ideal for fruit processing lines to extend shelf life","og_url":"https:\/\/www.gelgoogsort.com\/es\/product\/mango-fruit-waxing-processing-machinery\/","og_site_name":"GELGOOG","article_publisher":"https:\/\/www.facebook.com\/profile.php?id=100095205040823","article_modified_time":"2026-04-21T06:38:51+00:00","og_image":[{"width":600,"height":600,"url":"https:\/\/www.gelgoogsort.com\/wp-content\/uploads\/2025\/11\/mango-fruit-waxing-processing-machinery.jpg","type":"image\/jpeg"}],"twitter_card":"summary_large_image","twitter_misc":{"Tiempo de lectura":"4 minutos"},"schema":{"@context":"https:\/\/schema.org","@graph":[{"@type":"WebPage","@id":"https:\/\/www.gelgoogsort.com\/product\/mango-fruit-waxing-processing-machinery\/","url":"https:\/\/www.gelgoogsort.com\/product\/mango-fruit-waxing-processing-machinery\/","name":"Maquinaria de procesamiento de cera de mango - GELGOOG","isPartOf":{"@id":"https:\/\/www.gelgoogsort.com\/#website"},"primaryImageOfPage":{"@id":"https:\/\/www.gelgoogsort.com\/product\/mango-fruit-waxing-processing-machinery\/#primaryimage"},"image":{"@id":"https:\/\/www.gelgoogsort.com\/product\/mango-fruit-waxing-processing-machinery\/#primaryimage"},"thumbnailUrl":"https:\/\/www.gelgoogsort.com\/wp-content\/uploads\/2025\/11\/mango-fruit-waxing-processing-machinery.jpg","datePublished":"2025-11-05T09:33:00+00:00","dateModified":"2026-04-21T06:38:51+00:00","description":"La maquinaria autom\u00e1tica de procesamiento y encerado de mangos GELGOOG integra limpieza, secado, encerado y pulido. Ideal para l\u00edneas de procesamiento de frutas para extender la vida \u00fatil.","breadcrumb":{"@id":"https:\/\/www.gelgoogsort.com\/product\/mango-fruit-waxing-processing-machinery\/#breadcrumb"},"inLanguage":"es","potentialAction":[{"@type":"ReadAction","target":["https:\/\/www.gelgoogsort.com\/product\/mango-fruit-waxing-processing-machinery\/"]}]},{"@type":"ImageObject","inLanguage":"es","@id":"https:\/\/www.gelgoogsort.com\/product\/mango-fruit-waxing-processing-machinery\/#primaryimage","url":"https:\/\/www.gelgoogsort.com\/wp-content\/uploads\/2025\/11\/mango-fruit-waxing-processing-machinery.jpg","contentUrl":"https:\/\/www.gelgoogsort.com\/wp-content\/uploads\/2025\/11\/mango-fruit-waxing-processing-machinery.jpg","width":600,"height":600,"caption":"automatic mango waxing processing machine"},{"@type":"BreadcrumbList","@id":"https:\/\/www.gelgoogsort.com\/product\/mango-fruit-waxing-processing-machinery\/#breadcrumb","itemListElement":[{"@type":"ListItem","position":1,"name":"Home","item":"https:\/\/www.gelgoogsort.com\/"},{"@type":"ListItem","position":2,"name":"Product","item":"https:\/\/www.gelgoogsort.com\/product\/"},{"@type":"ListItem","position":3,"name":"GELGOOG Mango Fruit Waxing Processing Machinery"}]},{"@type":"WebSite","@id":"https:\/\/www.gelgoogsort.com\/#website","url":"https:\/\/www.gelgoogsort.com\/","name":"gelgoogsort","description":"","publisher":{"@id":"https:\/\/www.gelgoogsort.com\/#organization"},"potentialAction":[{"@type":"SearchAction","target":{"@type":"EntryPoint","urlTemplate":"https:\/\/www.gelgoogsort.com\/?s={search_term_string}"},"query-input":{"@type":"PropertyValueSpecification","valueRequired":true,"valueName":"search_term_string"}}],"inLanguage":"es"},{"@type":"Organization","@id":"https:\/\/www.gelgoogsort.com\/#organization","name":"gelgoogsort","url":"https:\/\/www.gelgoogsort.com\/","logo":{"@type":"ImageObject","inLanguage":"es","@id":"https:\/\/www.gelgoogsort.com\/#\/schema\/logo\/image\/","url":"https:\/\/www.gelgoogsort.com\/wp-content\/uploads\/2025\/11\/cropped-ff1a81696eef4f4590a809e30a6985e4.png","contentUrl":"https:\/\/www.gelgoogsort.com\/wp-content\/uploads\/2025\/11\/cropped-ff1a81696eef4f4590a809e30a6985e4.png","width":512,"height":512,"caption":"gelgoogsort"},"image":{"@id":"https:\/\/www.gelgoogsort.com\/#\/schema\/logo\/image\/"},"sameAs":["https:\/\/www.facebook.com\/profile.php?id=100095205040823"]}]}},"_links":{"self":[{"href":"https:\/\/www.gelgoogsort.com\/es\/wp-json\/wp\/v2\/product\/619","targetHints":{"allow":["GET"]}}],"collection":[{"href":"https:\/\/www.gelgoogsort.com\/es\/wp-json\/wp\/v2\/product"}],"about":[{"href":"https:\/\/www.gelgoogsort.com\/es\/wp-json\/wp\/v2\/types\/product"}],"replies":[{"embeddable":true,"href":"https:\/\/www.gelgoogsort.com\/es\/wp-json\/wp\/v2\/comments?post=619"}],"wp:featuredmedia":[{"embeddable":true,"href":"https:\/\/www.gelgoogsort.com\/es\/wp-json\/wp\/v2\/media\/624"}],"wp:attachment":[{"href":"https:\/\/www.gelgoogsort.com\/es\/wp-json\/wp\/v2\/media?parent=619"}],"wp:term":[{"taxonomy":"product_brand","embeddable":true,"href":"https:\/\/www.gelgoogsort.com\/es\/wp-json\/wp\/v2\/product_brand?post=619"},{"taxonomy":"product_cat","embeddable":true,"href":"https:\/\/www.gelgoogsort.com\/es\/wp-json\/wp\/v2\/product_cat?post=619"},{"taxonomy":"product_tag","embeddable":true,"href":"https:\/\/www.gelgoogsort.com\/es\/wp-json\/wp\/v2\/product_tag?post=619"}],"curies":[{"name":"wp","href":"https:\/\/api.w.org\/{rel}","templated":true}]}}